{"id":968,"date":"2021-12-02T10:35:22","date_gmt":"2021-12-02T10:35:22","guid":{"rendered":"https:\/\/semmelweis.hu\/etkfejlesztoiroda\/?page_id=968"},"modified":"2022-03-11T11:35:17","modified_gmt":"2022-03-11T11:35:17","slug":"szakmai-eloadasok","status":"publish","type":"page","link":"https:\/\/semmelweis.hu\/etkfejlesztoiroda\/szakmai-eloadasok\/","title":{"rendered":"Szakmai el\u0151ad\u00e1sok"},"content":{"rendered":"<p>Eg\u00e9szs\u00e9gtudom\u00e1nyi Karunkon szerte\u00e1gaz\u00f3 tudom\u00e1nyter\u00fcletek tal\u00e1lkoznak egym\u00e1ssal. Rendszeres egyetemi szakmai el\u0151ad\u00e1sok szervez\u00e9s\u00e9vel (aktualit\u00e1sok, tudom\u00e1nyos kutat\u00e1sok, \u00e9letp\u00e1lya modellek) lehet\u0151s\u00e9get ny\u00fajtunk a j\u00f6vend\u0151beli eg\u00e9szs\u00e9g\u00fcgyi szakembereknek, a hallgat\u00f3inknak megismerni egym\u00e1s tudom\u00e1nyter\u00fclet\u00e9t, melyek szorosan kapcsol\u00f3dnak egy komplex eg\u00e9szs\u00e9g\u00fcgyi ell\u00e1t\u00e1s sor\u00e1n. Ak\u00e1r kedvet is kaphatnak hallgat\u00f3ink, hogy p\u00e1rhuzamosan v\u00e9gezzenek 2 szakir\u00e1nyt vagy b\u0151vebb tud\u00e1st szerezzenek az adott tudom\u00e1ny\u00e1gb\u00f3l. Ezekkel a szakmai rendezv\u00e9nyekkel szeretn\u00e9nk megalapozni, hogy meg\u00e9rts\u00e9k hallgat\u00f3ink a team-munka \u00e9s r\u00e9sz-szakfeladatok fontoss\u00e1g\u00e1t az eg\u00e9szs\u00e9g\u00fcgyben.<\/p>\n<p>Eddigi szakmai el\u0151ad\u00e1sainkat el\u00e9rhetitek a baloldalon a linkre kattintva, illetve a h\u00edrek k\u00f6z\u00f6tt is l\u00e1thatj\u00e1tok \u0151ket.<\/p>\n<p><u>Mint p\u00e9ld\u00e1ul:<\/u><\/p>\n<ul>\n<li>HPV<\/li>\n<li>Szervdon\u00e1ci\u00f3<\/li>\n<li>T\u00e1pl\u00e1l\u00e1ster\u00e1pia \u00e9s mikrobiom<\/li>\n<\/ul>\n<p>&nbsp;<\/p>\n<p>&nbsp;<\/p>\n<p style=\"text-align: justify;padding-left: 40px\">\u00a0<\/p>\n","protected":false},"excerpt":{"rendered":"<p>Eg\u00e9szs\u00e9gtudom\u00e1nyi Karunkon szerte\u00e1gaz\u00f3 tudom\u00e1nyter\u00fcletek tal\u00e1lkoznak egym\u00e1ssal. Rendszeres egyetemi szakmai el\u0151ad\u00e1sok szervez\u00e9s\u00e9vel (aktualit\u00e1sok, tudom\u00e1nyos kutat\u00e1sok, \u00e9letp\u00e1lya modellek) lehet\u0151s\u00e9get ny\u00fajtunk a j\u00f6vend\u0151beli eg\u00e9szs\u00e9g\u00fcgyi szakembereknek, a hallgat\u00f3inknak megismerni egym\u00e1s tudom\u00e1nyter\u00fclet\u00e9t, melyek szorosan kapcsol\u00f3dnak egy komplex eg\u00e9szs\u00e9g\u00fcgyi ell\u00e1t\u00e1s sor\u00e1n. Ak\u00e1r kedvet is kaphatnak hallgat\u00f3ink, hogy p\u00e1rhuzamosan v\u00e9gezzenek 2 szakir\u00e1nyt vagy b\u0151vebb tud\u00e1st szerezzenek az adott tudom\u00e1ny\u00e1gb\u00f3l. Ezekkel a szakmai &hellip;<\/p>\n","protected":false},"author":101985,"featured_media":0,"parent":0,"menu_order":0,"comment_status":"closed","ping_status":"closed","template":"","meta":{"_acf_changed":false,"footnotes":""},"categories":[],"tags":[],"class_list":["post-968","page","type-page","status-publish","hentry"],"acf":[],"_links":{"self":[{"href":"https:\/\/semmelweis.hu\/etkfejlesztoiroda\/wp-json\/wp\/v2\/pages\/968","targetHints":{"allow":["GET"]}}],"collection":[{"href":"https:\/\/semmelweis.hu\/etkfejlesztoiroda\/wp-json\/wp\/v2\/pages"}],"about":[{"href":"https:\/\/semmelweis.hu\/etkfejlesztoiroda\/wp-json\/wp\/v2\/types\/page"}],"author":[{"embeddable":true,"href":"https:\/\/semmelweis.hu\/etkfejlesztoiroda\/wp-json\/wp\/v2\/users\/101985"}],"replies":[{"embeddable":true,"href":"https:\/\/semmelweis.hu\/etkfejlesztoiroda\/wp-json\/wp\/v2\/comments?post=968"}],"version-history":[{"count":10,"href":"https:\/\/semmelweis.hu\/etkfejlesztoiroda\/wp-json\/wp\/v2\/pages\/968\/revisions"}],"predecessor-version":[{"id":1070,"href":"https:\/\/semmelweis.hu\/etkfejlesztoiroda\/wp-json\/wp\/v2\/pages\/968\/revisions\/1070"}],"wp:attachment":[{"href":"https:\/\/semmelweis.hu\/etkfejlesztoiroda\/wp-json\/wp\/v2\/media?parent=968"}],"wp:term":[{"taxonomy":"category","embeddable":true,"href":"https:\/\/semmelweis.hu\/etkfejlesztoiroda\/wp-json\/wp\/v2\/categories?post=968"},{"taxonomy":"post_tag","embeddable":true,"href":"https:\/\/semmelweis.hu\/etkfejlesztoiroda\/wp-json\/wp\/v2\/tags?post=968"}],"curies":[{"name":"wp","href":"https:\/\/api.w.org\/{rel}","templated":true}]}}