{"id":933,"date":"2021-11-30T12:57:19","date_gmt":"2021-11-30T12:57:19","guid":{"rendered":"https:\/\/semmelweis.hu\/etkfejlesztoiroda\/?page_id=933"},"modified":"2024-02-13T16:20:54","modified_gmt":"2024-02-13T16:20:54","slug":"efop-3-4-3","status":"publish","type":"page","link":"https:\/\/semmelweis.hu\/etkfejlesztoiroda\/efop-3-4-3\/","title":{"rendered":"EFOP 3.4.3"},"content":{"rendered":"<p style=\"text-align: center\"><strong>Fels\u0151oktat\u00e1si int\u00e9zm\u00e9nyi fejleszt\u00e9sek a fels\u0151fok\u00fa oktat\u00e1s min\u0151s\u00e9g\u00e9nek \u00e9s hozz\u00e1f\u00e9rhet\u0151s\u00e9g\u00e9nek <\/strong><strong>egy\u00fcttes jav\u00edt\u00e1sa \u00e9rdek\u00e9ben<\/strong><\/p>\n<p>&nbsp;<\/p>\n<p style=\"text-align: justify\"><strong>Az EFOP-3.4.3-16 c\u00e9ljai<\/strong><br \/>\n\u00c1ltal\u00e1nos strat\u00e9giai c\u00e9l egy olyan fels\u0151oktat\u00e1si rendszer l\u00e9trehoz\u00e1sa, amiben a beavatkoz\u00e1sok eredm\u00e9nyek\u00e9ppen mind a hallgat\u00f3k, mind az oktat\u00f3k, mind az int\u00e9zm\u00e9nyek emelked\u0151 teljes\u00edtm\u00e9nnyel k\u00e9pesek reag\u00e1lni a munkaer\u0151-piaci kih\u00edv\u00e1sokra \u00e9s a nemzetk\u00f6zi versenyre is. A konstrukci\u00f3 c\u00e9lja a magyar fels\u0151oktat\u00e1si rendszer teljes\u00edtm\u00e9ny\u00e9nek fokoz\u00e1sa, \u00e9s hozz\u00e1f\u00e9rhet\u0151s\u00e9g\u00e9nek jav\u00edt\u00e1sa. Ezt az \u00f6sszetett c\u00e9lt, t\u00f6bb fontos r\u00e9szc\u00e9l el\u00e9r\u00e9s\u00e9n kereszt\u00fcl lehet el\u00e9rni.<\/p>\n<p style=\"text-align: justify\"><strong>Az EFOP-3.4.3-16 r\u00e9szc\u00e9ljai<\/strong><\/p>\n<ul>\n<li style=\"text-align: justify\">A fels\u0151fok\u00fa vagy annak megfelel\u0151 v\u00e9gzetts\u00e9ggel rendelkez\u0151k ar\u00e1ny\u00e1nak n\u00f6vel\u00e9se a t\u00e1rsadalomban.<\/li>\n<li style=\"text-align: justify\">A fels\u0151oktat\u00e1s \u2013 tehets\u00e9ge szerint tagolt form\u00e1ban \u2013 mindenki sz\u00e1m\u00e1ra el\u00e9rhet\u0151v\u00e9 t\u00e9tele.<\/li>\n<li style=\"text-align: justify\">A fels\u0151oktat\u00e1s teljes\u00edtm\u00e9ny k\u00f6zpont\u00fa \u00e1talak\u00edt\u00e1sa, \u00e9s az ehhez sz\u00fcks\u00e9ges, a k\u00fcls\u0151 elv\u00e1r\u00e1sokat becsatorn\u00e1zni k\u00e9pes szervezeti h\u00e1tt\u00e9r \u00e9s int\u00e9zm\u00e9nyi strukt\u00fara kialak\u00edt\u00e1sa, amely egyik alapfelt\u00e9tele a magyar fels\u0151oktat\u00e1s hat\u00e9kony m\u0171k\u00f6d\u00e9s\u00e9nek \u00e9s a fels\u0151fok\u00fa v\u00e9gzetts\u00e9ggel rendelkez\u0151k ar\u00e1ny\u00e1nak n\u00f6vel\u00e9s\u00e9nek.<\/li>\n<li style=\"text-align: justify\">A k\u00e9pz\u00e9si kimenetek \u00e9s a gazdas\u00e1gi ig\u00e9nyek k\u00f6z\u00f6tti \u00f6sszhang er\u0151s\u00edt\u00e9se, amely biztos\u00edthatja a gazdas\u00e1g megfelel\u0151 munkaer\u0151-ell\u00e1t\u00e1s\u00e1t, \u00e9s a v\u00e9gzettek megfelel\u0151 elhelyezked\u00e9s\u00e9t.<\/li>\n<li style=\"text-align: justify\">Az eg\u00e9sz \u00e9leten \u00e1t tart\u00f3 tanul\u00e1s felt\u00e9telrendszer\u00e9nek jav\u00edt\u00e1sa, a munkaer\u0151-piaci relevancia fokoz\u00e1sa, rugalmas kimenetek kialak\u00edt\u00e1sa, az elm\u00e9leti-gyakorlati k\u00e9pz\u00e9si elemek ar\u00e1nyainak racionaliz\u00e1l\u00e1sa.<\/li>\n<li style=\"text-align: justify\">A k\u00e9pz\u00e9si \u00e9s kimeneti k\u00f6vetelm\u00e9nyek alapj\u00e1n kidolgozand\u00f3 tantervi h\u00e1l\u00f3k, tantervek illeszked\u00e9s\u00e9nek jav\u00edt\u00e1sa a tanul\u00e1si eredm\u00e9ny alap\u00fa szeml\u00e9let k\u00f6vetelm\u00e9nyeihez.<\/li>\n<li style=\"text-align: justify\">Oktat\u00e1si innov\u00e1ci\u00f3 megval\u00f3s\u00edt\u00e1sa, mely a fels\u0151oktat\u00e1sban haszn\u00e1lt oktat\u00e1sm\u00f3dszertant gyakorlat- \u00e9s hallgat\u00f3i munkav\u00e9gz\u00e9s k\u00f6zpont\u00fav\u00e1 teszi.<\/li>\n<li style=\"text-align: justify\">Azon \u00e1ltal\u00e1nos k\u00e9pess\u00e9gek fejleszt\u00e9se, amelyek az eg\u00e9sz \u00e9leten \u00e1t tart\u00f3 tanul\u00e1si c\u00e9l el\u00e9r\u00e9s\u00e9hez j\u00e1rulnak hozz\u00e1.<\/li>\n<li style=\"text-align: justify\">A hallgat\u00f3k digit\u00e1lis kompetenci\u00e1inak \u00e9s inform\u00e1ci\u00f3szerz\u00e9si, kezel\u00e9si k\u00e9pess\u00e9g\u00e9nek fejleszt\u00e9se.<\/li>\n<li style=\"text-align: justify\">Tud\u00e1sb\u00e1zisok n\u00f6vel\u00e9se \u00e9s hozz\u00e1f\u00e9r\u00e9s\u00fck jav\u00edt\u00e1sa, a korszer\u0171, felhaszn\u00e1l\u00f3-k\u00f6zpont\u00fa, egyetemi \u00e9s f\u0151iskolai k\u00f6nyvt\u00e1ri \u00e9s egy\u00e9b inform\u00e1ci\u00f3s szolg\u00e1ltat\u00e1sokhoz sz\u00e9lesk\u00f6r\u0171 hozz\u00e1f\u00e9r\u00e9s biztos\u00edt\u00e1sa.<\/li>\n<li style=\"text-align: justify\">A fels\u0151oktat\u00e1si szolg\u00e1ltat\u00e1sok ter\u00fcleti lefedetts\u00e9g\u00e9nek n\u00f6vel\u00e9se:\u00a0 felz\u00e1rk\u00f3ztat\u00f3, kieg\u00e9sz\u00edt\u0151 k\u00e9pz\u00e9sek a komplex programmal fejlesztend\u0151\u00a0 j\u00e1r\u00e1sokb\u00f3l sz\u00e1rmaz\u00f3 hallgat\u00f3k sz\u00e1m\u00e1ra.<\/li>\n<li style=\"text-align: justify\">A hazai int\u00e9zm\u00e9nyek fokozottabb bekapcsol\u00f3d\u00e1sa az Eur\u00f3pai Fels\u0151oktat\u00e1si T\u00e9rs\u00e9gbe, valamint az int\u00e9zm\u00e9nyek fokozott nemzetk\u00f6zi hallgat\u00f3 vonz\u00f3 k\u00e9pess\u00e9g\u00e9nek el\u00e9r\u00e9se.<\/li>\n<li style=\"text-align: justify\">A t\u00e1rsadalmi aktivit\u00e1s \u00e9s szerepv\u00e1llal\u00e1s er\u0151s\u00edt\u00e9se a hallgat\u00f3k k\u00f6r\u00e9ben.<\/li>\n<li style=\"text-align: justify\">Az akt\u00edv testmozg\u00e1st v\u00e9gz\u0151 hallgat\u00f3k sz\u00e1m\u00e1nak n\u00f6vel\u00e9se.\n<p><strong>A fenti c\u00e9lokhoz kapcsol\u00f3d\u00f3an az al\u00e1bbi kiemelt k\u00e9pz\u00e9si ter\u00fcletcsoportokat <\/strong><strong>t\u00e1mogatja a konstrukci\u00f3<\/strong><\/li>\n<li style=\"text-align: justify\">Orvos-, eg\u00e9szs\u00e9g\u00fcgyi k\u00e9pz\u00e9s,<\/li>\n<li style=\"text-align: justify\">MTMI (matematikai, term\u00e9szettudom\u00e1nyos, m\u0171szaki, informatikai) k\u00e9pz\u00e9sek,<\/li>\n<li style=\"text-align: justify\">gazdas\u00e1gtudom\u00e1nyi-,agr\u00e1r- \u00e9s a pedag\u00f3gusk\u00e9pz\u00e9s k\u00e9pz\u00e9si ter\u00fcletek.<\/li>\n<\/ul>\n<p style=\"text-align: justify\"><strong>C\u00e9lok el\u00e9r\u00e9st szolg\u00e1l\u00f3 beavatkoz\u00e1si logika<\/strong><br \/>\nA Fokozatv\u00e1lt\u00e1s a fels\u0151oktat\u00e1sban strat\u00e9gia alapj\u00e1n a fels\u0151oktat\u00e1si hozz\u00e1f\u00e9r\u00e9s n\u00f6vel\u00e9s\u00e9t \u00e9s a munkaer\u0151piac sz\u00e1m\u00e1ra relev\u00e1ns k\u00e9pz\u00e9si strukt\u00fara el\u00e9r\u00e9st komplex programmal k\u00edv\u00e1nja megval\u00f3s\u00edtani. A c\u00e9l a k\u00e9pz\u00e9sek fejleszt\u00e9s\u00e9nek \u201e\u00e9rt\u00e9kl\u00e1nc-alap\u00fa\u201d megk\u00f6zel\u00edt\u00e9se, ennek keret\u00e9ben a hallgat\u00f3k sikeress\u00e9g\u00e9nek t\u00e1mogat\u00e1sa, munkaer\u0151-piaci kih\u00edv\u00e1soknak val\u00f3 megfelel\u00e9s\u00fck el\u0151seg\u00edt\u00e9se.<\/p>\n<p style=\"text-align: center\"><strong>\u00a0<\/strong><\/p>\n<p style=\"text-align: left\">\u00a0<\/p>\n","protected":false},"excerpt":{"rendered":"<p>Fels\u0151oktat\u00e1si int\u00e9zm\u00e9nyi fejleszt\u00e9sek a fels\u0151fok\u00fa oktat\u00e1s min\u0151s\u00e9g\u00e9nek \u00e9s hozz\u00e1f\u00e9rhet\u0151s\u00e9g\u00e9nek egy\u00fcttes jav\u00edt\u00e1sa \u00e9rdek\u00e9ben &nbsp; Az EFOP-3.4.3-16 c\u00e9ljai \u00c1ltal\u00e1nos strat\u00e9giai c\u00e9l egy olyan fels\u0151oktat\u00e1si rendszer l\u00e9trehoz\u00e1sa, amiben a beavatkoz\u00e1sok eredm\u00e9nyek\u00e9ppen mind a hallgat\u00f3k, mind az oktat\u00f3k, mind az int\u00e9zm\u00e9nyek emelked\u0151 teljes\u00edtm\u00e9nnyel k\u00e9pesek reag\u00e1lni a munkaer\u0151-piaci kih\u00edv\u00e1sokra \u00e9s a nemzetk\u00f6zi versenyre is. A konstrukci\u00f3 c\u00e9lja a magyar fels\u0151oktat\u00e1si &hellip;<\/p>\n","protected":false},"author":101812,"featured_media":0,"parent":0,"menu_order":0,"comment_status":"closed","ping_status":"closed","template":"","meta":{"_acf_changed":false,"footnotes":""},"categories":[],"tags":[],"class_list":["post-933","page","type-page","status-publish","hentry"],"acf":[],"_links":{"self":[{"href":"https:\/\/semmelweis.hu\/etkfejlesztoiroda\/wp-json\/wp\/v2\/pages\/933","targetHints":{"allow":["GET"]}}],"collection":[{"href":"https:\/\/semmelweis.hu\/etkfejlesztoiroda\/wp-json\/wp\/v2\/pages"}],"about":[{"href":"https:\/\/semmelweis.hu\/etkfejlesztoiroda\/wp-json\/wp\/v2\/types\/page"}],"author":[{"embeddable":true,"href":"https:\/\/semmelweis.hu\/etkfejlesztoiroda\/wp-json\/wp\/v2\/users\/101812"}],"replies":[{"embeddable":true,"href":"https:\/\/semmelweis.hu\/etkfejlesztoiroda\/wp-json\/wp\/v2\/comments?post=933"}],"version-history":[{"count":10,"href":"https:\/\/semmelweis.hu\/etkfejlesztoiroda\/wp-json\/wp\/v2\/pages\/933\/revisions"}],"predecessor-version":[{"id":1024,"href":"https:\/\/semmelweis.hu\/etkfejlesztoiroda\/wp-json\/wp\/v2\/pages\/933\/revisions\/1024"}],"wp:attachment":[{"href":"https:\/\/semmelweis.hu\/etkfejlesztoiroda\/wp-json\/wp\/v2\/media?parent=933"}],"wp:term":[{"taxonomy":"category","embeddable":true,"href":"https:\/\/semmelweis.hu\/etkfejlesztoiroda\/wp-json\/wp\/v2\/categories?post=933"},{"taxonomy":"post_tag","embeddable":true,"href":"https:\/\/semmelweis.hu\/etkfejlesztoiroda\/wp-json\/wp\/v2\/tags?post=933"}],"curies":[{"name":"wp","href":"https:\/\/api.w.org\/{rel}","templated":true}]}}