{"id":922,"date":"2021-11-30T12:55:31","date_gmt":"2021-11-30T12:55:31","guid":{"rendered":"https:\/\/semmelweis.hu\/etkfejlesztoiroda\/?page_id=922"},"modified":"2025-05-05T12:07:42","modified_gmt":"2025-05-05T12:07:42","slug":"ekop-egyetemi-kutatoi-osztondij-program","status":"publish","type":"page","link":"https:\/\/semmelweis.hu\/etkfejlesztoiroda\/ekop-egyetemi-kutatoi-osztondij-program\/","title":{"rendered":"EK\u00d6P &#8211; Egyetemi Kutat\u00f3i \u00d6szt\u00f6nd\u00edj Program"},"content":{"rendered":"<p class=\"\" style=\"text-align: center\" data-start=\"109\" data-end=\"168\"><strong data-start=\"109\" data-end=\"168\">Az Egyetemi Kutat\u00f3i \u00d6szt\u00f6nd\u00edj Program (EK\u00d6P) bemutat\u00e1sa<\/strong><\/p>\n<p class=\"\" data-start=\"170\" data-end=\"415\">Magyarorsz\u00e1g Korm\u00e1nya l\u00e9trehozta az Egyetemi Kutat\u00f3i \u00d6szt\u00f6nd\u00edj Programot (EK\u00d6P), amelynek r\u00e9szek\u00e9nt a Kooperat\u00edv Doktori Program (EK\u00d6P-KDP) is elindult. Ez a program a fels\u0151oktat\u00e1si int\u00e9zm\u00e9nyek \u00e1ltal ki\u00edrt \u00f6szt\u00f6nd\u00edjp\u00e1ly\u00e1zatokat foglalja mag\u00e1ban.<\/p>\n<p class=\"\" data-start=\"417\" data-end=\"436\"><strong data-start=\"417\" data-end=\"436\">A program c\u00e9lja<\/strong><\/p>\n<p class=\"\" data-start=\"438\" data-end=\"879\">Az EK\u00d6P c\u00e9lja, hogy elismerje a kutat\u00f3i kiv\u00e1l\u00f3s\u00e1got, \u00e9s t\u00e1mogassa a kiemelked\u0151 tehets\u00e9g\u0171 fiatalokat tudom\u00e1nyos p\u00e1ly\u00e1juk elind\u00edt\u00e1s\u00e1ban. A program keret\u00e9ben meghirdetett \u00f6szt\u00f6nd\u00edjp\u00e1ly\u00e1zatok azokat az alapk\u00e9pz\u00e9sben, mesterk\u00e9pz\u00e9sben vagy doktori k\u00e9pz\u00e9sben r\u00e9szt vev\u0151 hallgat\u00f3kat, doktoranduszokat, doktorjel\u00f6lteket, valamint fiatal oktat\u00f3kat \u00e9s kutat\u00f3kat t\u00e1mogatj\u00e1k, akik kimagasl\u00f3 kutat\u00e1si vagy alkot\u00f3i tev\u00e9kenys\u00e9get v\u00e9geznek a fels\u0151oktat\u00e1sban.<\/p>\n<p class=\"\" data-start=\"881\" data-end=\"1206\">Az EK\u00d6P tov\u00e1bbi c\u00e9lja, hogy el\u0151seg\u00edtse a fels\u0151oktat\u00e1si int\u00e9zm\u00e9nyekben dolgoz\u00f3 oktat\u00f3k \u00e9s kutat\u00f3k ut\u00e1np\u00f3tl\u00e1s\u00e1t, valamint t\u00e1mogassa az innovat\u00edv magyar v\u00e1llalkoz\u00e1sok kutat\u00e1s-fejleszt\u00e9si szakember\u00e1llom\u00e1ny\u00e1nak meg\u00fajul\u00e1s\u00e1t. A program egy\u00fattal hozz\u00e1j\u00e1rul a legtehets\u00e9gesebb hallgat\u00f3k bevon\u00e1s\u00e1hoz a fels\u0151oktat\u00e1si tehets\u00e9ggondoz\u00e1sba.<\/p>\n<p data-start=\"881\" data-end=\"1206\">Az ETK EK\u00d6P \u00fcgyint\u00e9z\u0151je: \u00c9li\u00e1s Anna J\u00falia, <a href=\"mailto:elias.anna.julia@semmelweis.hu\">elias.anna.julia@semmelweis.hu<\/a><\/p>\n<p data-start=\"881\" data-end=\"1206\">Minden r\u00e9szlet, a felh\u00edv\u00e1s, a mell\u00e9kletek \u00e9s a p\u00e1ly\u00e1zati fel\u00fclet linkje is megtal\u00e1lhat\u00f3 <a href=\"https:\/\/semmelweis.hu\/phd\/hallgatoknak\/palyazatok-osztondijak\/ekop\/?fbclid=IwY2xjawJtqy1leHRuA2FlbQIxMAABHm-ZmTkGo6w8KUe7puIiLtMA_iMZwOMbrm_B4i1OpnlVJmr6QwuPKOZRKmoa_aem_96gbvbvFoc2C7XweAvmziQ\">ezen a honlapon<\/a>.\u00a0<\/p>\n","protected":false},"excerpt":{"rendered":"<p>Az Egyetemi Kutat\u00f3i \u00d6szt\u00f6nd\u00edj Program (EK\u00d6P) bemutat\u00e1sa Magyarorsz\u00e1g Korm\u00e1nya l\u00e9trehozta az Egyetemi Kutat\u00f3i \u00d6szt\u00f6nd\u00edj Programot (EK\u00d6P), amelynek r\u00e9szek\u00e9nt a Kooperat\u00edv Doktori Program (EK\u00d6P-KDP) is elindult. Ez a program a fels\u0151oktat\u00e1si int\u00e9zm\u00e9nyek \u00e1ltal ki\u00edrt \u00f6szt\u00f6nd\u00edjp\u00e1ly\u00e1zatokat foglalja mag\u00e1ban. A program c\u00e9lja Az EK\u00d6P c\u00e9lja, hogy elismerje a kutat\u00f3i kiv\u00e1l\u00f3s\u00e1got, \u00e9s t\u00e1mogassa a kiemelked\u0151 tehets\u00e9g\u0171 fiatalokat tudom\u00e1nyos p\u00e1ly\u00e1juk &hellip;<\/p>\n","protected":false},"author":101985,"featured_media":0,"parent":0,"menu_order":0,"comment_status":"closed","ping_status":"closed","template":"","meta":{"_acf_changed":false,"footnotes":""},"categories":[],"tags":[],"class_list":["post-922","page","type-page","status-publish","hentry"],"acf":[],"_links":{"self":[{"href":"https:\/\/semmelweis.hu\/etkfejlesztoiroda\/wp-json\/wp\/v2\/pages\/922","targetHints":{"allow":["GET"]}}],"collection":[{"href":"https:\/\/semmelweis.hu\/etkfejlesztoiroda\/wp-json\/wp\/v2\/pages"}],"about":[{"href":"https:\/\/semmelweis.hu\/etkfejlesztoiroda\/wp-json\/wp\/v2\/types\/page"}],"author":[{"embeddable":true,"href":"https:\/\/semmelweis.hu\/etkfejlesztoiroda\/wp-json\/wp\/v2\/users\/101985"}],"replies":[{"embeddable":true,"href":"https:\/\/semmelweis.hu\/etkfejlesztoiroda\/wp-json\/wp\/v2\/comments?post=922"}],"version-history":[{"count":5,"href":"https:\/\/semmelweis.hu\/etkfejlesztoiroda\/wp-json\/wp\/v2\/pages\/922\/revisions"}],"predecessor-version":[{"id":1287,"href":"https:\/\/semmelweis.hu\/etkfejlesztoiroda\/wp-json\/wp\/v2\/pages\/922\/revisions\/1287"}],"wp:attachment":[{"href":"https:\/\/semmelweis.hu\/etkfejlesztoiroda\/wp-json\/wp\/v2\/media?parent=922"}],"wp:term":[{"taxonomy":"category","embeddable":true,"href":"https:\/\/semmelweis.hu\/etkfejlesztoiroda\/wp-json\/wp\/v2\/categories?post=922"},{"taxonomy":"post_tag","embeddable":true,"href":"https:\/\/semmelweis.hu\/etkfejlesztoiroda\/wp-json\/wp\/v2\/tags?post=922"}],"curies":[{"name":"wp","href":"https:\/\/api.w.org\/{rel}","templated":true}]}}