{"id":90,"date":"2018-11-21T12:36:11","date_gmt":"2018-11-21T12:36:11","guid":{"rendered":"http:\/\/semmelweis.hu\/kavicsmentorprogram\/?page_id=90"},"modified":"2024-02-13T10:07:09","modified_gmt":"2024-02-13T10:07:09","slug":"kapcsolat","status":"publish","type":"page","link":"https:\/\/semmelweis.hu\/etkfejlesztoiroda\/kapcsolat\/","title":{"rendered":"El\u00e9rhet\u0151s\u00e9g"},"content":{"rendered":"<p style=\"text-align: center\">Az iroda e-mail c\u00edme: <a href=\"mailto:fejlesztoiroda@se-etk.hu\">etk.fejlesztoiroda@semmelweis.hu<\/a><span style=\"font-weight: 400;font-size: 18pt\">\u00a0<\/span><\/p>\n<p style=\"text-align: center\"><span style=\"font-size: 18pt\"><b>SE-ETK Eg\u00e9szs\u00e9gtudom\u00e1nyi Programkoordin\u00e1ci\u00f3s \u00e9s Fejleszt\u00e9si Iroda<\/b><\/span><\/p>\n<p style=\"text-align: center\"><span style=\"font-size: 18pt\">Semmelweis Egyetem<\/span><\/p>\n<p style=\"text-align: center\"><span style=\"font-size: 18pt\">Eg\u00e9szs\u00e9gtudom\u00e1nyi Kar <\/span><\/p>\n<p style=\"text-align: center\"><span style=\"font-size: 18pt\">1088 Budapest, Vas utca 17. 515. iroda<\/span><\/p>\n<p style=\"text-align: center\"><span style=\"font-weight: 400;font-size: 18pt\">H-P 9:00-14:00<\/span><\/p>\n<p style=\"text-align: center\">\u00a0<\/p>\n<p>&nbsp;<\/p>\n","protected":false},"excerpt":{"rendered":"<p>Az iroda e-mail c\u00edme: <a href=\"mailto:fejlesztoiroda@se-etk.hu\">etk.fejlesztoiroda@semmelweis.hu<\/a>\u00a0<br \/>\nSE-ETK Eg\u00e9szs\u00e9gtudom\u00e1nyi Programkoordin\u00e1ci\u00f3s \u00e9s Fejleszt\u00e9si Iroda<br \/>\nSemmelweis Egyetem<br \/>\nEg\u00e9szs\u00e9gtudom\u00e1nyi Kar<br \/>\n1088 Budapest, Vas utca 17. 515. iroda<br \/>\nH-P 9:00-14:00<br \/>\n\u00a0<br \/>\n&nbsp;<\/p>\n","protected":false},"author":12,"featured_media":0,"parent":0,"menu_order":9,"comment_status":"closed","ping_status":"closed","template":"template-fullwidth.php","meta":{"_acf_changed":false,"footnotes":""},"categories":[],"tags":[],"class_list":["post-90","page","type-page","status-publish","hentry"],"acf":[],"_links":{"self":[{"href":"https:\/\/semmelweis.hu\/etkfejlesztoiroda\/wp-json\/wp\/v2\/pages\/90","targetHints":{"allow":["GET"]}}],"collection":[{"href":"https:\/\/semmelweis.hu\/etkfejlesztoiroda\/wp-json\/wp\/v2\/pages"}],"about":[{"href":"https:\/\/semmelweis.hu\/etkfejlesztoiroda\/wp-json\/wp\/v2\/types\/page"}],"author":[{"embeddable":true,"href":"https:\/\/semmelweis.hu\/etkfejlesztoiroda\/wp-json\/wp\/v2\/users\/12"}],"replies":[{"embeddable":true,"href":"https:\/\/semmelweis.hu\/etkfejlesztoiroda\/wp-json\/wp\/v2\/comments?post=90"}],"version-history":[{"count":12,"href":"https:\/\/semmelweis.hu\/etkfejlesztoiroda\/wp-json\/wp\/v2\/pages\/90\/revisions"}],"predecessor-version":[{"id":1194,"href":"https:\/\/semmelweis.hu\/etkfejlesztoiroda\/wp-json\/wp\/v2\/pages\/90\/revisions\/1194"}],"wp:attachment":[{"href":"https:\/\/semmelweis.hu\/etkfejlesztoiroda\/wp-json\/wp\/v2\/media?parent=90"}],"wp:term":[{"taxonomy":"category","embeddable":true,"href":"https:\/\/semmelweis.hu\/etkfejlesztoiroda\/wp-json\/wp\/v2\/categories?post=90"},{"taxonomy":"post_tag","embeddable":true,"href":"https:\/\/semmelweis.hu\/etkfejlesztoiroda\/wp-json\/wp\/v2\/tags?post=90"}],"curies":[{"name":"wp","href":"https:\/\/api.w.org\/{rel}","templated":true}]}}