{"id":892,"date":"2021-11-30T12:24:48","date_gmt":"2021-11-30T12:24:48","guid":{"rendered":"https:\/\/semmelweis.hu\/etkfejlesztoiroda\/?page_id=892"},"modified":"2024-02-12T11:03:10","modified_gmt":"2024-02-12T11:03:10","slug":"munkatarsak","status":"publish","type":"page","link":"https:\/\/semmelweis.hu\/etkfejlesztoiroda\/munkatarsak\/","title":{"rendered":"R\u00f3lunk"},"content":{"rendered":"<div class=\"lead\"><strong>Irodavezet\u0151:<\/strong><\/div>\n<div class=\"fontos_div\">\n<div class=\"w-100\"><strong>Matiscs\u00e1k Attila<\/strong><\/div>\n<div class=\"w-100\"><em>vezet\u0151i tan\u00e1csad\u00f3 szak\u00e9rt\u0151<\/em><\/div>\n<div class=\"w-100\">E-mail:\u00a0matiscsak.attila@semmelweis.hu<\/div>\n<div class=\"w-100\">Telefon: + 36 20 314 7822<\/div>\n<\/div>\n<p>&nbsp;<\/p>\n<div class=\"lead\"><strong>\u00dcgyint\u00e9z\u0151:<\/strong><\/div>\n<div class=\"fontos_div\">\n<p><strong>Bakosn\u00e9 Kiss Erzs\u00e9bet<\/strong><\/p>\n<p>E-mail: bakosne.kiss.erzsebet@semmelweis.hu<\/p>\n<p>Telefon: +36 1 486-5816<\/p>\n<\/div>\n<p>&nbsp;<\/p>\n<div class=\"lead\">P\u00e1ly\u00e1zati \u00e9s kutat\u00e1si koordin\u00e1torok:<\/div>\n<div>\u00a0<\/div>\n<div>\n<div>\n<div class=\"fontos_div\">\n<p><strong>\u00c9li\u00e1s Anna<\/strong><\/p>\n<p>E-mail: elias.anna.julia@semmelweis.hu\u00a0<\/p>\n<p>Telefon: +36 1 486-5820<\/p>\n<\/div>\n<\/div>\n<div>\n<div class=\"fontos_div\">\n<p><strong>Ambrus Andrea<\/strong><\/p>\n<p>E-mail: ambrus.andrea2@semmelweis.hu<\/p>\n<p>Telefon: +36 1 486-5822<\/p>\n<\/div>\n<\/div>\n<\/div>\n<div>\u00a0<\/div>\n<div class=\"lead\">Oktat\u00e1sszervez\u00e9si szak\u00e9rt\u0151:<\/div>\n<div class=\"fontos_div\">\n<div><strong>Gy\u0151rfi Judit<\/strong><\/div>\n<div>E-mail: gyorfi.judit@semmelweis.hu<\/div>\n<div>Telefon: +36 1 486 5901\u00a0<\/div>\n<\/div>\n<div>\u00a0<\/div>\n<div class=\"lead\">Pszichol\u00f3gusok:<\/div>\n<div>\n<div class=\"fontos_div\">\n<p><strong>Hepke Bori<\/strong>\u00a0<\/p>\n<p>Email: hborcsi@gmail.com\u00a0 \u00a0 \u00a0 \u00a0 \u00a0 \u00a0 \u00a0 \u00a0 \u00a0 \u00a0 \u00a0 \u00a0<\/p>\n<\/div>\n<\/div>\n<div>\n<div class=\"fontos_div\">\n<p><strong>Szeiler Zs\u00f3fia<\/strong><\/p>\n<p>Email:\u00a0zsofia.szeiler@gmail.com<\/p>\n<\/div>\n<\/div>\n","protected":false},"excerpt":{"rendered":"<p>Irodavezet\u0151: Matiscs\u00e1k Attila vezet\u0151i tan\u00e1csad\u00f3 szak\u00e9rt\u0151 E-mail:\u00a0matiscsak.attila@semmelweis.hu Telefon: + 36 20 314 7822 &nbsp; \u00dcgyint\u00e9z\u0151: Bakosn\u00e9 Kiss Erzs\u00e9bet E-mail: bakosne.kiss.erzsebet@semmelweis.hu Telefon: +36 1 486-5816 &nbsp; P\u00e1ly\u00e1zati \u00e9s kutat\u00e1si koordin\u00e1torok: \u00a0 \u00c9li\u00e1s Anna E-mail: elias.anna.julia@semmelweis.hu\u00a0 Telefon: +36 1 486-5820 Ambrus Andrea E-mail: ambrus.andrea2@semmelweis.hu Telefon: +36 1 486-5822 \u00a0 Oktat\u00e1sszervez\u00e9si szak\u00e9rt\u0151: Gy\u0151rfi Judit E-mail: gyorfi.judit@semmelweis.hu Telefon: +36 &hellip;<\/p>\n","protected":false},"author":101812,"featured_media":0,"parent":0,"menu_order":0,"comment_status":"closed","ping_status":"closed","template":"","meta":{"_acf_changed":false,"footnotes":""},"categories":[],"tags":[],"class_list":["post-892","page","type-page","status-publish","hentry"],"acf":[],"_links":{"self":[{"href":"https:\/\/semmelweis.hu\/etkfejlesztoiroda\/wp-json\/wp\/v2\/pages\/892","targetHints":{"allow":["GET"]}}],"collection":[{"href":"https:\/\/semmelweis.hu\/etkfejlesztoiroda\/wp-json\/wp\/v2\/pages"}],"about":[{"href":"https:\/\/semmelweis.hu\/etkfejlesztoiroda\/wp-json\/wp\/v2\/types\/page"}],"author":[{"embeddable":true,"href":"https:\/\/semmelweis.hu\/etkfejlesztoiroda\/wp-json\/wp\/v2\/users\/101812"}],"replies":[{"embeddable":true,"href":"https:\/\/semmelweis.hu\/etkfejlesztoiroda\/wp-json\/wp\/v2\/comments?post=892"}],"version-history":[{"count":10,"href":"https:\/\/semmelweis.hu\/etkfejlesztoiroda\/wp-json\/wp\/v2\/pages\/892\/revisions"}],"predecessor-version":[{"id":1188,"href":"https:\/\/semmelweis.hu\/etkfejlesztoiroda\/wp-json\/wp\/v2\/pages\/892\/revisions\/1188"}],"wp:attachment":[{"href":"https:\/\/semmelweis.hu\/etkfejlesztoiroda\/wp-json\/wp\/v2\/media?parent=892"}],"wp:term":[{"taxonomy":"category","embeddable":true,"href":"https:\/\/semmelweis.hu\/etkfejlesztoiroda\/wp-json\/wp\/v2\/categories?post=892"},{"taxonomy":"post_tag","embeddable":true,"href":"https:\/\/semmelweis.hu\/etkfejlesztoiroda\/wp-json\/wp\/v2\/tags?post=892"}],"curies":[{"name":"wp","href":"https:\/\/api.w.org\/{rel}","templated":true}]}}