{"id":891,"date":"2021-11-30T12:24:48","date_gmt":"2021-11-30T12:24:48","guid":{"rendered":"https:\/\/semmelweis.hu\/etkfejlesztoiroda\/?page_id=891"},"modified":"2024-02-20T12:33:29","modified_gmt":"2024-02-20T12:33:29","slug":"hallgatoi-szolgaltatasok","status":"publish","type":"page","link":"https:\/\/semmelweis.hu\/etkfejlesztoiroda\/hallgatoi-szolgaltatasok\/","title":{"rendered":"Hallgat\u00f3i szolg\u00e1ltat\u00e1sok"},"content":{"rendered":"<p>Az Iroda \u00e1ltal koordin\u00e1lt hallgat\u00f3i szolg\u00e1ltat\u00e1sok c\u00e9lja, hogy a lehet\u0151 legt\u00f6bb ter\u00fcleten seg\u00edts\u00e9get ny\u00fajtson a hallgat\u00f3k sz\u00e1m\u00e1ra. Az iroda m\u0171k\u00f6d\u00e9se \u00e9s szolg\u00e1ltat\u00e1sainak tartalma nem v\u00e1lik k\u00fcl\u00f6n. Szolg\u00e1ltat\u00e1saival egyszerre k\u00edv\u00e1n seg\u00edt\u0151 \u00e9s orient\u00e1l\u00f3 szerepet bet\u00f6lteni, ugyanakkor b\u00e1zisa, fejleszt\u0151 m\u0171helye is k\u00edv\u00e1n lenni azon hallgat\u00f3i kezdem\u00e9nyez\u00e9seknek, amelyekben kiemelt szerepet kap a tudatos szakmai- \u00e9s \u00e9letp\u00e1lya tervez\u00e9s. Hozz\u00e1j\u00e1rulunk ahhoz, hogy az itt v\u00e9gzett szakemberek a munkaer\u0151piacon versenyk\u00e9pesek legyenek \u00e9s mindazok, akik tudatosan \u00e9p\u00edtik j\u00f6v\u0151j\u00fcket, megtal\u00e1lj\u00e1k a sz\u00e1mukra legmegfelel\u0151bb munkahelyet.<\/p>\n<p>Szolg\u00e1ltat\u00e1saink:<\/p>\n<ul>\n<li>kutat\u00e1si tan\u00e1csad\u00e1s<\/li>\n<li>\u00e1ll\u00e1skeres\u00e9st seg\u00edt\u0151 tan\u00e1csad\u00e1s<\/li>\n<li>p\u00e1lyaorient\u00e1ci\u00f3s-, p\u00e1lyaszocializ\u00e1ci\u00f3s- \u00e9s p\u00e1lyakorrekci\u00f3s tan\u00e1csad\u00e1s<\/li>\n<li>szakmai m\u0171helyek szervez\u00e9se<\/li>\n<li>diplom\u00e1s munkaer\u0151piaci p\u00e1lyak\u00f6vet\u00e9s<\/li>\n<li>\u00e9letvezet\u00e9si tan\u00e1csad\u00e1s<\/li>\n<li>tr\u00e9ningek szervez\u00e9se<\/li>\n<\/ul>\n<p>Az iroda kiemelt szolg\u00e1ltat\u00e1sa a Kavics K\u00f6z\u00f6ss\u00e9g is, ahol szakir\u00e1ny specifikus hallgat\u00f3i kort\u00e1rs t\u00e1mogat\u00e1s ig\u00e9nyelhet\u0151, \u00e9s mentor\u00e1ljuk a p\u00e1ly\u00e1zati \u00e9s \u00f6szt\u00f6nd\u00edj programokban val\u00f3 hallgat\u00f3i r\u00e9szv\u00e9telt is. Igyeksz\u00fcnk seg\u00edts\u00e9get ny\u00fajtani minden kari hallgat\u00f3nak abban, hogy szakmai c\u00e9ljait ak\u00e1r a hazai, ak\u00e1r nemzetk\u00f6zi t\u00e1mogat\u00e1si programokkal (\u00f6szt\u00f6nd\u00edjak, hallgat\u00f3i-kutat\u00f3i t\u00e1mogat\u00e1sok, konferenci\u00e1kon val\u00f3 r\u00e9szv\u00e9tel, szakmai gyakorlat stb.) el\u00e9rhesse.<\/p>\n","protected":false},"excerpt":{"rendered":"<p>Az Iroda \u00e1ltal koordin\u00e1lt hallgat\u00f3i szolg\u00e1ltat\u00e1sok c\u00e9lja, hogy a lehet\u0151 legt\u00f6bb ter\u00fcleten seg\u00edts\u00e9get ny\u00fajtson a hallgat\u00f3k sz\u00e1m\u00e1ra. Az iroda m\u0171k\u00f6d\u00e9se \u00e9s szolg\u00e1ltat\u00e1sainak tartalma nem v\u00e1lik k\u00fcl\u00f6n. Szolg\u00e1ltat\u00e1saival egyszerre k\u00edv\u00e1n seg\u00edt\u0151 \u00e9s orient\u00e1l\u00f3 szerepet bet\u00f6lteni, ugyanakkor b\u00e1zisa, fejleszt\u0151 m\u0171helye is k\u00edv\u00e1n lenni azon hallgat\u00f3i kezdem\u00e9nyez\u00e9seknek, amelyekben kiemelt szerepet kap a tudatos szakmai- \u00e9s \u00e9letp\u00e1lya tervez\u00e9s. Hozz\u00e1j\u00e1rulunk &hellip;<\/p>\n","protected":false},"author":101812,"featured_media":0,"parent":0,"menu_order":0,"comment_status":"closed","ping_status":"closed","template":"","meta":{"_acf_changed":false,"footnotes":""},"categories":[],"tags":[],"class_list":["post-891","page","type-page","status-publish","hentry"],"acf":[],"_links":{"self":[{"href":"https:\/\/semmelweis.hu\/etkfejlesztoiroda\/wp-json\/wp\/v2\/pages\/891","targetHints":{"allow":["GET"]}}],"collection":[{"href":"https:\/\/semmelweis.hu\/etkfejlesztoiroda\/wp-json\/wp\/v2\/pages"}],"about":[{"href":"https:\/\/semmelweis.hu\/etkfejlesztoiroda\/wp-json\/wp\/v2\/types\/page"}],"author":[{"embeddable":true,"href":"https:\/\/semmelweis.hu\/etkfejlesztoiroda\/wp-json\/wp\/v2\/users\/101812"}],"replies":[{"embeddable":true,"href":"https:\/\/semmelweis.hu\/etkfejlesztoiroda\/wp-json\/wp\/v2\/comments?post=891"}],"version-history":[{"count":4,"href":"https:\/\/semmelweis.hu\/etkfejlesztoiroda\/wp-json\/wp\/v2\/pages\/891\/revisions"}],"predecessor-version":[{"id":1230,"href":"https:\/\/semmelweis.hu\/etkfejlesztoiroda\/wp-json\/wp\/v2\/pages\/891\/revisions\/1230"}],"wp:attachment":[{"href":"https:\/\/semmelweis.hu\/etkfejlesztoiroda\/wp-json\/wp\/v2\/media?parent=891"}],"wp:term":[{"taxonomy":"category","embeddable":true,"href":"https:\/\/semmelweis.hu\/etkfejlesztoiroda\/wp-json\/wp\/v2\/categories?post=891"},{"taxonomy":"post_tag","embeddable":true,"href":"https:\/\/semmelweis.hu\/etkfejlesztoiroda\/wp-json\/wp\/v2\/tags?post=891"}],"curies":[{"name":"wp","href":"https:\/\/api.w.org\/{rel}","templated":true}]}}