{"id":889,"date":"2021-11-30T12:24:48","date_gmt":"2021-11-30T12:24:48","guid":{"rendered":"https:\/\/semmelweis.hu\/etkfejlesztoiroda\/?page_id=889"},"modified":"2021-12-01T10:11:59","modified_gmt":"2021-12-01T10:11:59","slug":"palyazati-koordinacios-tevekenysegek","status":"publish","type":"page","link":"https:\/\/semmelweis.hu\/etkfejlesztoiroda\/palyazati-koordinacios-tevekenysegek\/","title":{"rendered":"P\u00e1ly\u00e1zati koordin\u00e1ci\u00f3s tev\u00e9kenys\u00e9gek"},"content":{"rendered":"<p>Az Eg\u00e9szs\u00e9gtudom\u00e1nyi Programkoordin\u00e1ci\u00f3s \u00e9s Fejleszt\u00e9si Iroda (ETK Fejleszt\u0151 Iroda) \u00f6sszefogja a kari kutat\u00e1sok rendszer\u00e9t, melynek k\u00f6sz\u00f6nhet\u0151en azok egym\u00e1shoz integr\u00e1ltan kapnak k\u00f6zvetlen technikai h\u00e1tteret, a fejleszt\u00e9sek pedig innov\u00e1ci\u00f3s platformot \u00e9s infrastruktur\u00e1lis t\u00e1mogat\u00e1st. Tev\u00e9kenys\u00e9g\u00fcnk c\u00e9lja, hogy az \u00f6tletekb\u0151l legyen realit\u00e1s \u00e9s a tervekb\u0151l val\u00f3s\u00e1g. Kiemelt feladat a tudom\u00e1nyos publik\u00e1ci\u00f3k, \u00e9s a kar doktori iskol\u00e1j\u00e1nak min\u0151s\u00e9gi szervezeti t\u00e1mogat\u00e1sa, a potenci\u00e1lis kutat\u00e1si- \u00e9s p\u00e1ly\u00e1zati c\u00e9l\u00fa programok gener\u00e1l\u00e1sa \u00e9s \u00f6sszek\u00f6t\u00e9se mind az egyetemi\/hazai int\u00e9zm\u00e9nyrendszerrel, mind pedig a nemzetk\u00f6zi tudom\u00e1nyos int\u00e9zm\u00e9nyi h\u00e1l\u00f3zattal. Seg\u00edt\u00fcnk a hallgat\u00f3k kutat\u00f3i\/oktat\u00f3i \u00e9letp\u00e1lya tervez\u00e9s\u00e9ben, a szakmai c\u00e9ljaik el\u00e9r\u00e9s\u00e9ben ak\u00e1r szakmai p\u00e1ly\u00e1zatokon, ak\u00e1r k\u00f6zvetlen gyakorlati \u00e9s tudom\u00e1nyos m\u00f3dszertani programokon kereszt\u00fcl. Tr\u00e9ningeken \u00e9s kihelyezett gyakorlati bemutat\u00f3kon kereszt\u00fcl fejlesztj\u00fck a hallgat\u00f3k munkaer\u0151piaci kompetenci\u00e1it is.<\/p>\n<p>F\u0151bb tev\u00e9kenys\u00e9gek, feladatok:<\/p>\n<p>1)\u00a0\u00a0\u00a0\u00a0\u00a0\u00a0\u00a0\u00a0\u00a0\u00a0 P\u00e1ly\u00e1zatok figyel\u00e9se, \u00edr\u00e1sa, szerkeszt\u00e9se<\/p>\n<p>2)\u00a0\u00a0\u00a0\u00a0\u00a0\u00a0\u00a0\u00a0\u00a0\u00a0 A kar kutat\u00e1si programjainak t\u00e1mogat\u00e1sa, \u00faj programok gener\u00e1l\u00e1sa, el\u0151seg\u00edt\u00e9se<\/p>\n<p>3)\u00a0\u00a0\u00a0\u00a0\u00a0\u00a0\u00a0\u00a0\u00a0\u00a0 \u00c9ves kutat\u00e1si portf\u00f3li\u00f3 gondoz\u00e1sa<\/p>\n<p>4)\u00a0\u00a0\u00a0\u00a0\u00a0\u00a0\u00a0\u00a0\u00a0\u00a0 Seg\u00edts\u00e9g az \u00faj kutat\u00e1sok\/vizsg\u00e1latok elind\u00edt\u00e1s\u00e1ban (projekttervez\u00e9s, etikai\/klinikai enged\u00e9lyeztet\u00e9s, stb.)<\/p>\n<p>5)\u00a0\u00a0\u00a0\u00a0\u00a0\u00a0\u00a0\u00a0\u00a0\u00a0 Kutat\u00e1si c\u00e9l\u00fa eszk\u00f6z- \u00e9s m\u00f3dszerfejleszt\u00e9s<\/p>\n<p>6)\u00a0\u00a0\u00a0\u00a0\u00a0\u00a0\u00a0\u00a0\u00a0\u00a0 Tudom\u00e1nyos rendezv\u00e9nyek szervez\u00e9se, seg\u00edt\u00e9se<\/p>\n<p>7)\u00a0\u00a0\u00a0\u00a0\u00a0\u00a0\u00a0\u00a0\u00a0\u00a0 \u00daj bionikai kutat\u00e1sok el\u0151mozd\u00edt\u00e1sa<\/p>\n<p>8)\u00a0\u00a0\u00a0\u00a0\u00a0\u00a0\u00a0\u00a0\u00a0\u00a0 Szabadalmi\/oltalmi\/tal\u00e1lm\u00e1nyi elj\u00e1r\u00e1sok el\u0151seg\u00edt\u00e9se<\/p>\n<p>9)\u00a0\u00a0\u00a0\u00a0\u00a0\u00a0\u00a0\u00a0\u00a0\u00a0 Javaslatok kidolgoz\u00e1sa a kutat\u00f3i \u00e1llom\u00e1ny b\u0151v\u00edt\u00e9s\u00e9hez<\/p>\n<p>10)\u00a0\u00a0\u00a0\u00a0\u00a0\u00a0\u00a0\u00a0 Kutat\u00f3i\/oktat\u00f3i \u00e9letp\u00e1lya-modell kialak\u00edt\u00e1s\u00e1ban val\u00f3 akt\u00edv r\u00e9szv\u00e9tel<\/p>\n<p>11)\u00a0\u00a0\u00a0\u00a0\u00a0\u00a0\u00a0\u00a0 Kutat\u00e1si asszisztencia \/adminisztr\u00e1ci\u00f3 fejleszt\u00e9se<\/p>\n<p>12)\u00a0\u00a0\u00a0\u00a0\u00a0\u00a0\u00a0\u00a0 Kutat\u00f3i Alumni b\u00e1zis fejleszt\u00e9se<\/p>\n<p>13)\u00a0\u00a0\u00a0\u00a0\u00a0\u00a0\u00a0\u00a0 K\u00f6z\u00f6s nemzetk\u00f6zi kutat\u00e1sok fejleszt\u00e9se, gener\u00e1l\u00e1sa<\/p>\n<p>14)\u00a0\u00a0\u00a0\u00a0\u00a0\u00a0\u00a0\u00a0 \u00d6n\u00e1ll\u00f3, a k\u00e9pz\u00e9shez nem integr\u00e1lt szakmai m\u0171helyek fejleszt\u00e9se<\/p>\n<p>15)\u00a0\u00a0\u00a0\u00a0\u00a0\u00a0\u00a0\u00a0 A kari TDK program t\u00e1mogat\u00e1sa<\/p>\n<ol>\n<li>a) Szakmai tanul\u00f3szob\u00e1k, tehets\u00e9gt\u00e1mogat\u00f3 m\u0171helyek szervez\u00e9se<\/li>\n<li>b) Kutat\u00f3i \u00e9letp\u00e1lya n\u00e9pszer\u0171s\u00edt\u00e9se a fiatalok k\u00f6r\u00e9ben<\/li>\n<\/ol>\n<p>16)\u00a0\u00a0\u00a0\u00a0\u00a0\u00a0\u00a0\u00a0 Du\u00e1lis k\u00e9pz\u00e9s el\u0151seg\u00edt\u00e9se<\/p>\n<p>17)\u00a0\u00a0\u00a0\u00a0\u00a0\u00a0\u00a0\u00a0 Szakmai fejleszt\u0151 m\u0171helyek ind\u00edt\u00e1sa. Lehets\u00e9ges tematika: kutat\u00e1sm\u00f3dszertan, tudom\u00e1nyos c\u00e9l\u00fa k\u00f6zlem\u00e9nyek \u00edr\u00e1sa, kutat\u00e1si prezent\u00e1ci\u00f3.<\/p>\n<p>18)\u00a0\u00a0\u00a0\u00a0\u00a0\u00a0\u00a0\u00a0 Digit\u00e1lis seg\u00e9danyagok m\u00f3dszertani\/technikai szerkeszt\u00e9se<\/p>\n<p>19)\u00a0\u00a0\u00a0\u00a0\u00a0\u00a0\u00a0\u00a0 Munkaer\u0151piaci felm\u00e9r\u00e9sek<\/p>\n<p>20)\u00a0\u00a0\u00a0\u00a0\u00a0\u00a0\u00a0\u00a0 Diplom\u00e1s p\u00e1lyak\u00f6vet\u00e9s<\/p>\n<p>21)\u00a0\u00a0\u00a0\u00a0\u00a0\u00a0\u00a0\u00a0 Hallgat\u00f3i vizsg\u00e1latok<\/p>\n<p>22)\u00a0\u00a0\u00a0\u00a0\u00a0\u00a0\u00a0\u00a0 Tudom\u00e1ny-n\u00e9pszer\u0171s\u00edt\u00e9s<\/p>\n<ol>\n<li>a) Prevenci\u00f3s programok szervez\u00e9se, t\u00e1mogat\u00e1sa<\/li>\n<li>b) MTMI szakok n\u00e9pszer\u0171s\u00edt\u00e9se<\/li>\n<li>c) Szakmai \u00f6nk\u00e9ntess\u00e9g fejleszt\u00e9se az eg\u00e9szs\u00e9g\u00fcgyben<\/li>\n<li>d) Int\u00e9zm\u00e9nyk\u00f6zi szakmai egy\u00fcttm\u0171k\u00f6d\u00e9sek kialak\u00edt\u00e1sa<\/li>\n<li>e) Gyakorlati k\u00e9pz\u00e9s fejleszt\u00e9s\u00e9nek el\u0151seg\u00edt\u00e9se<\/li>\n<\/ol>\n","protected":false},"excerpt":{"rendered":"<p>Az Eg\u00e9szs\u00e9gtudom\u00e1nyi Programkoordin\u00e1ci\u00f3s \u00e9s Fejleszt\u00e9si Iroda (ETK Fejleszt\u0151 Iroda) \u00f6sszefogja a kari kutat\u00e1sok rendszer\u00e9t, melynek k\u00f6sz\u00f6nhet\u0151en azok egym\u00e1shoz integr\u00e1ltan kapnak k\u00f6zvetlen technikai h\u00e1tteret, a fejleszt\u00e9sek pedig innov\u00e1ci\u00f3s platformot \u00e9s infrastruktur\u00e1lis t\u00e1mogat\u00e1st. Tev\u00e9kenys\u00e9g\u00fcnk c\u00e9lja, hogy az \u00f6tletekb\u0151l legyen realit\u00e1s \u00e9s a tervekb\u0151l val\u00f3s\u00e1g. Kiemelt feladat a tudom\u00e1nyos publik\u00e1ci\u00f3k, \u00e9s a kar doktori iskol\u00e1j\u00e1nak min\u0151s\u00e9gi szervezeti t\u00e1mogat\u00e1sa, &hellip;<\/p>\n","protected":false},"author":101812,"featured_media":0,"parent":0,"menu_order":0,"comment_status":"closed","ping_status":"closed","template":"","meta":{"_acf_changed":false,"footnotes":""},"categories":[],"tags":[],"class_list":["post-889","page","type-page","status-publish","hentry"],"acf":[],"_links":{"self":[{"href":"https:\/\/semmelweis.hu\/etkfejlesztoiroda\/wp-json\/wp\/v2\/pages\/889","targetHints":{"allow":["GET"]}}],"collection":[{"href":"https:\/\/semmelweis.hu\/etkfejlesztoiroda\/wp-json\/wp\/v2\/pages"}],"about":[{"href":"https:\/\/semmelweis.hu\/etkfejlesztoiroda\/wp-json\/wp\/v2\/types\/page"}],"author":[{"embeddable":true,"href":"https:\/\/semmelweis.hu\/etkfejlesztoiroda\/wp-json\/wp\/v2\/users\/101812"}],"replies":[{"embeddable":true,"href":"https:\/\/semmelweis.hu\/etkfejlesztoiroda\/wp-json\/wp\/v2\/comments?post=889"}],"version-history":[{"count":2,"href":"https:\/\/semmelweis.hu\/etkfejlesztoiroda\/wp-json\/wp\/v2\/pages\/889\/revisions"}],"predecessor-version":[{"id":947,"href":"https:\/\/semmelweis.hu\/etkfejlesztoiroda\/wp-json\/wp\/v2\/pages\/889\/revisions\/947"}],"wp:attachment":[{"href":"https:\/\/semmelweis.hu\/etkfejlesztoiroda\/wp-json\/wp\/v2\/media?parent=889"}],"wp:term":[{"taxonomy":"category","embeddable":true,"href":"https:\/\/semmelweis.hu\/etkfejlesztoiroda\/wp-json\/wp\/v2\/categories?post=889"},{"taxonomy":"post_tag","embeddable":true,"href":"https:\/\/semmelweis.hu\/etkfejlesztoiroda\/wp-json\/wp\/v2\/tags?post=889"}],"curies":[{"name":"wp","href":"https:\/\/api.w.org\/{rel}","templated":true}]}}