{"id":634,"date":"2020-07-02T15:10:36","date_gmt":"2020-07-02T15:10:36","guid":{"rendered":"https:\/\/semmelweis.hu\/kavicsmentorprogram\/?page_id=634"},"modified":"2025-04-01T08:36:19","modified_gmt":"2025-04-01T08:36:19","slug":"tanulasi-tippek","status":"publish","type":"page","link":"https:\/\/semmelweis.hu\/etkfejlesztoiroda\/tanulasi-tippek\/","title":{"rendered":"Tanul\u00e1si tippek"},"content":{"rendered":"<p>&nbsp;<\/p>\n<p>El\u0151fordult m\u00e1r veled, hogy csak \u00fclt\u00e9l a tananyag felett \u00e9s azon t\u0171n\u0151dt\u00e9l, hogy vajon hogyan fogod tudni ezt a rengeteg inform\u00e1ci\u00f3t belevar\u00e1zsolni a fejedbe? Vagy ak\u00e1r a t\u00f6bbsz\u00f6ri sikertelen vizsg\u00e1k ut\u00e1n nem tudod, hogy mi lehet a probl\u00e9ma, hiszen rengeteget k\u00e9sz\u00fclt\u00e9l \u00e9jt nappall\u00e1 t\u00e9ve? Ezen k\u00e9rd\u00e9sek megv\u00e1laszol\u00e1s\u00e1ban is seg\u00edts\u00e9gedre lehet a Kavics \u00e9s <strong>Mersdorf Anna<\/strong> tan\u00e1csad\u00f3 pszichol\u00f3gus \u00e1ltal elk\u00e9sz\u00edtett &#8222;<strong>A hat\u00e9kony tanul\u00e1s alapjai<\/strong>&#8221; c. oktat\u00f3anyag \u00e9s a hozz\u00e1 tartoz\u00f3 munkaf\u00fczet, amely ir\u00e1nymutat\u00e1st adhat, hogy hogyan tanulj meg hat\u00e9konyabban tanulni. \u00a0<a href=\"https:\/\/semmelweis.hu\/etkfejlesztoiroda\/files\/2020\/07\/Bulb2.png\"><img loading=\"lazy\" decoding=\"async\" class=\"alignright wp-image-646 size-medium\" src=\"https:\/\/semmelweis.hu\/etkfejlesztoiroda\/files\/2020\/07\/Bulb2-400x400.png\" alt=\"\" width=\"400\" height=\"400\" srcset=\"https:\/\/semmelweis.hu\/etkfejlesztoiroda\/files\/2020\/07\/Bulb2-400x400.png 400w, https:\/\/semmelweis.hu\/etkfejlesztoiroda\/files\/2020\/07\/Bulb2-150x150.png 150w, https:\/\/semmelweis.hu\/etkfejlesztoiroda\/files\/2020\/07\/Bulb2.png 500w\" sizes=\"auto, (max-width: 400px) 100vw, 400px\" \/><\/a><\/p>\n<div class=\"lead\" style=\"padding-left: 40px\">Az oktat\u00f3anyag\u00e9rt kattints <a href=\"https:\/\/semmelweis.hu\/etkfejlesztoiroda\/files\/2020\/06\/A_hatekony_tanulas-alapjai_segedanyag_F_vedett.pdf\"><strong><em><span style=\"text-decoration: underline\">ide<\/span>.<\/em><\/strong><\/a><\/div>\n<p>Az oktat\u00f3anyag \u00e1ttanulm\u00e1nyoz\u00e1sa mellett egy virtu\u00e1lis munkaf\u00fczet is seg\u00edts\u00e9gedre lesz abban, hogy min\u00e9l szem\u00e9lyre szabottabban tudd elsaj\u00e1t\u00edtani az olvasott \u00fatmutat\u00e1st. A benne tal\u00e1lhat\u00f3 feladatok megold\u00e1s\u00e1val egy saj\u00e1t seg\u00e9danyagra is szert tehetsz, melyet a k\u00e9s\u0151bbi felk\u00e9sz\u00fcl\u00e9sek sor\u00e1n is tudsz hasznos\u00edtani. \ud83d\ude09\u00a0<\/p>\n<div class=\"lead\" style=\"padding-left: 40px\">A munkaf\u00fczet\u00e9rt kattints <a href=\"https:\/\/semmelweis.hu\/etkfejlesztoiroda\/files\/2020\/06\/A_hatekony_tanulas-alapjai_munkaf\u00fczet_F_vedett.pdf\"><strong><em><span style=\"text-decoration: underline\">ide<\/span>.<\/em><\/strong><\/a><\/div>\n<div>\u00a0<\/div>\n<div><em>A seg\u00e9danyag \u00e9s a munkaf\u00fczet az <strong>EFOP-3.4.4-16-2017-00026<\/strong> azonos\u00edt\u00f3 sz\u00e1m\u00fa, \u201eA Semmelweis Egyetem \u00e9s a Kutat\u00f3 Di\u00e1kok\u00e9rt Alap\u00edtv\u00e1ny orsz\u00e1gos orvos- \u00e9s eg\u00e9szs\u00e9gtudom\u00e1nyi tehets\u00e9ggondoz\u00f3 programsorozata\u201d c\u00edm\u0171 projekt t\u00e1mogat\u00e1s\u00e1val k\u00e9sz\u00fclt. <\/em><\/div>\n","protected":false},"excerpt":{"rendered":"<p>&nbsp; El\u0151fordult m\u00e1r veled, hogy csak \u00fclt\u00e9l a tananyag felett \u00e9s azon t\u0171n\u0151dt\u00e9l, hogy vajon hogyan fogod tudni ezt a rengeteg inform\u00e1ci\u00f3t belevar\u00e1zsolni a fejedbe? Vagy ak\u00e1r a t\u00f6bbsz\u00f6ri sikertelen vizsg\u00e1k ut\u00e1n nem tudod, hogy mi lehet a probl\u00e9ma, hiszen rengeteget k\u00e9sz\u00fclt\u00e9l \u00e9jt nappall\u00e1 t\u00e9ve? Ezen k\u00e9rd\u00e9sek megv\u00e1laszol\u00e1s\u00e1ban is seg\u00edts\u00e9gedre lehet a Kavics \u00e9s Mersdorf &hellip;<\/p>\n","protected":false},"author":101609,"featured_media":0,"parent":0,"menu_order":0,"comment_status":"closed","ping_status":"closed","template":"","meta":{"_acf_changed":false,"footnotes":""},"categories":[],"tags":[],"class_list":["post-634","page","type-page","status-publish","hentry"],"acf":[],"_links":{"self":[{"href":"https:\/\/semmelweis.hu\/etkfejlesztoiroda\/wp-json\/wp\/v2\/pages\/634","targetHints":{"allow":["GET"]}}],"collection":[{"href":"https:\/\/semmelweis.hu\/etkfejlesztoiroda\/wp-json\/wp\/v2\/pages"}],"about":[{"href":"https:\/\/semmelweis.hu\/etkfejlesztoiroda\/wp-json\/wp\/v2\/types\/page"}],"author":[{"embeddable":true,"href":"https:\/\/semmelweis.hu\/etkfejlesztoiroda\/wp-json\/wp\/v2\/users\/101609"}],"replies":[{"embeddable":true,"href":"https:\/\/semmelweis.hu\/etkfejlesztoiroda\/wp-json\/wp\/v2\/comments?post=634"}],"version-history":[{"count":8,"href":"https:\/\/semmelweis.hu\/etkfejlesztoiroda\/wp-json\/wp\/v2\/pages\/634\/revisions"}],"predecessor-version":[{"id":1282,"href":"https:\/\/semmelweis.hu\/etkfejlesztoiroda\/wp-json\/wp\/v2\/pages\/634\/revisions\/1282"}],"wp:attachment":[{"href":"https:\/\/semmelweis.hu\/etkfejlesztoiroda\/wp-json\/wp\/v2\/media?parent=634"}],"wp:term":[{"taxonomy":"category","embeddable":true,"href":"https:\/\/semmelweis.hu\/etkfejlesztoiroda\/wp-json\/wp\/v2\/categories?post=634"},{"taxonomy":"post_tag","embeddable":true,"href":"https:\/\/semmelweis.hu\/etkfejlesztoiroda\/wp-json\/wp\/v2\/tags?post=634"}],"curies":[{"name":"wp","href":"https:\/\/api.w.org\/{rel}","templated":true}]}}