{"id":131,"date":"2018-12-04T12:30:48","date_gmt":"2018-12-04T12:30:48","guid":{"rendered":"http:\/\/semmelweis.hu\/kavicsmentorprogram\/?page_id=131"},"modified":"2020-01-14T23:57:15","modified_gmt":"2020-01-14T23:57:15","slug":"segitsegre-van-szukseged","status":"publish","type":"page","link":"https:\/\/semmelweis.hu\/etkfejlesztoiroda\/jelentkezes\/segitsegre-van-szukseged\/","title":{"rendered":"Seg\u00edts\u00e9gre van sz\u00fcks\u00e9ged?"},"content":{"rendered":"<p style=\"text-align: center\"><b><a href=\"https:\/\/semmelweis.hu\/etkfejlesztoiroda\/files\/2020\/01\/IMG_6831-2.jpg\"><img loading=\"lazy\" decoding=\"async\" class=\"alignleft size-medium wp-image-564\" src=\"https:\/\/semmelweis.hu\/etkfejlesztoiroda\/files\/2020\/01\/IMG_6831-2-400x225.jpg\" alt=\"\" width=\"400\" height=\"225\" \/><\/a>SEG\u00cdTS\u00c9GRE VAN SZ\u00dcKS\u00c9GED?<\/b><\/p>\n<p style=\"text-align: center\"><em><span style=\"font-weight: 400\">Miben tud seg\u00edteni a Kavics?<\/span><\/em><\/p>\n<p><span style=\"font-weight: 400\">&#8211; \u00a0\u00a0\u00a0\u00a0\u00a0\u00a0\u00a0\u00a0\u00a0<\/span><span style=\"font-weight: 400\">saj\u00e1t tapasztalatokon alapul\u00f3 tan\u00e1csokkal \u00e9s lelki t\u00e1masszal seg\u00edthet a nehezebb id\u0151szakban<\/span><\/p>\n<p><span style=\"font-weight: 400\">&#8211; \u00a0\u00a0\u00a0\u00a0\u00a0\u00a0\u00a0\u00a0\u00a0<\/span><span style=\"font-weight: 400\">egy eg\u00e9sz k\u00f6z\u00f6ss\u00e9g van melletted, akik pontosan tudj\u00e1k, min ment\u00e9l kereszt\u00fcl<\/span><\/p>\n<p><span style=\"font-weight: 400\">&#8211;\u00a0 \u00a0 \u00a0 \u00a0 \u00a0 seg\u00edt\u00fcnk<\/span><span style=\"font-weight: 400\"> hov\u00e1 menj az adott probl\u00e9m\u00e1kkal, \u00edgy nem kell felesleges k\u00f6r\u00f6ket j\u00e1rnod, legyen az TO, H\u00d6K vagy tansz\u00e9ki \u00fcgyint\u00e9z\u0151<\/span><\/p>\n<p><span style=\"font-weight: 400\">&#8211; \u00a0\u00a0\u00a0\u00a0\u00a0\u00a0\u00a0\u00a0 az aktu\u00e1lis lehet\u0151s\u00e9geket, programokat mindig \u00f6sszeszedj\u00fck nektek<\/span><\/p>\n<p><span style=\"font-weight: 400\">&#8211; \u00a0\u00a0\u00a0\u00a0\u00a0\u00a0\u00a0\u00a0 <\/span><span style=\"font-weight: 400\">fejleszt\u0151 kurzusokat, tr\u00e9ninget szervez\u00fcnk tagjaink r\u00e9sz\u00e9re<\/span><\/p>\n<p><span style=\"font-weight: 400\">&#8211; \u00a0\u00a0\u00a0\u00a0\u00a0\u00a0\u00a0\u00a0\u00a0<\/span><span style=\"font-weight: 400\">dinamikus fejl\u0151d\u00e9st biztos\u00edtunk, \u00faj k\u00e9pess\u00e9gek megszerz\u00e9s\u00e9ben seg\u00edt\u00fcnk neked<\/span><\/p>\n<p style=\"text-align: center\"><span style=\"font-weight: 400;font-size: 18pt\">K\u00e9szen \u00e1llsz, hogy kipr\u00f3b\u00e1ld \u00f6nmagad?<\/span><\/p>\n<h4 style=\"text-align: center\"><strong>Jelentkezni a <a href=\"mailto:kavics@se-etk.hu\">kavics@se-etk.hu<\/a> e-mail c\u00edmen tudsz.<\/strong><\/h4>\n<p style=\"text-align: center\">\u00a0<\/p>\n<p><span style=\"font-weight: 400\">Ezt k\u00f6vet\u0151en felvessz\u00fck veled a kapcsolatot \u00e9s kapsz egy mentort. Amennyiben csak egy probl\u00e9m\u00e1t szeretn\u00e9l megoldani, \u00e9s nem szeretn\u00e9l a k\u00f6z\u00f6ss\u00e9ghez csatlakozni (de mi\u00e9rt is ne tenn\u00e9d?), akkor abban is seg\u00edt\u00fcnk, \u00e9s ut\u00e1na sincsenek k\u00f6telezetts\u00e9geid!<\/span><\/p>\n<p>&nbsp;<\/p>\n","protected":false},"excerpt":{"rendered":"<p><a href=\"https:\/\/semmelweis.hu\/etkfejlesztoiroda\/files\/2020\/01\/IMG_6831-2.jpg\"><\/a> SEG\u00cdTS\u00c9GRE VAN SZ\u00dcKS\u00c9GED? Miben tud seg\u00edteni a Kavics? &#8211; \u00a0\u00a0\u00a0\u00a0\u00a0\u00a0\u00a0\u00a0\u00a0saj\u00e1t tapasztalatokon alapul\u00f3 tan\u00e1csokkal \u00e9s lelki t\u00e1masszal seg\u00edthet a nehezebb id\u0151szakban &#8211; \u00a0\u00a0\u00a0\u00a0\u00a0\u00a0\u00a0\u00a0\u00a0egy eg\u00e9sz k\u00f6z\u00f6ss\u00e9g van melletted, akik pontosan tudj\u00e1k, min ment\u00e9l kereszt\u00fcl &#8211;\u00a0 \u00a0 \u00a0 \u00a0 \u00a0 seg\u00edt\u00fcnk hov\u00e1 menj az adott probl\u00e9m\u00e1kkal, \u00edgy nem kell felesleges k\u00f6r\u00f6ket j\u00e1rnod, legyen az TO, H\u00d6K vagy tansz\u00e9ki &hellip;<\/p>\n","protected":false},"author":101524,"featured_media":0,"parent":128,"menu_order":2,"comment_status":"closed","ping_status":"closed","template":"template-fullwidth.php","meta":{"_acf_changed":false,"footnotes":""},"categories":[],"tags":[],"class_list":["post-131","page","type-page","status-publish","hentry"],"acf":[],"_links":{"self":[{"href":"https:\/\/semmelweis.hu\/etkfejlesztoiroda\/wp-json\/wp\/v2\/pages\/131","targetHints":{"allow":["GET"]}}],"collection":[{"href":"https:\/\/semmelweis.hu\/etkfejlesztoiroda\/wp-json\/wp\/v2\/pages"}],"about":[{"href":"https:\/\/semmelweis.hu\/etkfejlesztoiroda\/wp-json\/wp\/v2\/types\/page"}],"author":[{"embeddable":true,"href":"https:\/\/semmelweis.hu\/etkfejlesztoiroda\/wp-json\/wp\/v2\/users\/101524"}],"replies":[{"embeddable":true,"href":"https:\/\/semmelweis.hu\/etkfejlesztoiroda\/wp-json\/wp\/v2\/comments?post=131"}],"version-history":[{"count":12,"href":"https:\/\/semmelweis.hu\/etkfejlesztoiroda\/wp-json\/wp\/v2\/pages\/131\/revisions"}],"predecessor-version":[{"id":565,"href":"https:\/\/semmelweis.hu\/etkfejlesztoiroda\/wp-json\/wp\/v2\/pages\/131\/revisions\/565"}],"up":[{"embeddable":true,"href":"https:\/\/semmelweis.hu\/etkfejlesztoiroda\/wp-json\/wp\/v2\/pages\/128"}],"wp:attachment":[{"href":"https:\/\/semmelweis.hu\/etkfejlesztoiroda\/wp-json\/wp\/v2\/media?parent=131"}],"wp:term":[{"taxonomy":"category","embeddable":true,"href":"https:\/\/semmelweis.hu\/etkfejlesztoiroda\/wp-json\/wp\/v2\/categories?post=131"},{"taxonomy":"post_tag","embeddable":true,"href":"https:\/\/semmelweis.hu\/etkfejlesztoiroda\/wp-json\/wp\/v2\/tags?post=131"}],"curies":[{"name":"wp","href":"https:\/\/api.w.org\/{rel}","templated":true}]}}