{"id":1295,"date":"2026-02-19T15:12:38","date_gmt":"2026-02-19T15:12:38","guid":{"rendered":"https:\/\/semmelweis.hu\/etkfejlesztoiroda\/?page_id=1295"},"modified":"2026-02-20T09:26:12","modified_gmt":"2026-02-20T09:26:12","slug":"comparative-health-sciences-symposium","status":"publish","type":"page","link":"https:\/\/semmelweis.hu\/etkfejlesztoiroda\/comparative-health-sciences-symposium\/","title":{"rendered":"V. Comparative Health Sciences Symposium"},"content":{"rendered":"<div class=\"lead\" style=\"text-align: justify\" data-start=\"374\" data-end=\"1099\">A <em data-start=\"376\" data-end=\"431\">V. Comparative Health Sciences Symposium and Workshop<\/em> 2026. november 25\u201328. k\u00f6z\u00f6tt ker\u00fcl megrendez\u00e9sre a <strong data-start=\"483\" data-end=\"524\"><span class=\"hover:entity-accent entity-underline inline cursor-pointer align-baseline\"><span class=\"whitespace-normal\">Semmelweis Egyetem<\/span><\/span><\/strong> budapesti kampusz\u00e1n. A rendezv\u00e9ny mott\u00f3ja \u2013 <em data-start=\"569\" data-end=\"661\">Translational and methodological innovations in the prevention of diseases of civilization<\/em> \u2013 t\u00fckr\u00f6zi a szimp\u00f3zium k\u00fcldet\u00e9s\u00e9t: a civiliz\u00e1ci\u00f3s betegs\u00e9gek megel\u0151z\u00e9s\u00e9re ir\u00e1nyul\u00f3, tudom\u00e1nyosan megalapozott \u00e9s innovat\u00edv megk\u00f6zel\u00edt\u00e9sek bemutat\u00e1s\u00e1t. A program a plen\u00e1ris keynote el\u0151ad\u00e1sokt\u00f3l a fiatal kutat\u00f3kat megsz\u00f3l\u00edt\u00f3 lightning talk szekci\u00f3kig, valamint az interakt\u00edv, mentor\u00e1lt workshopokig \u00edvel, \u00edgy minden r\u00e9sztvev\u0151 sz\u00e1m\u00e1ra lehet\u0151s\u00e9get teremt a tudom\u00e1nyos inspir\u00e1ci\u00f3ra, a szakmai kapcsolatok m\u00e9ly\u00edt\u00e9s\u00e9re \u00e9s a k\u00f6z\u00f6s gondolkod\u00e1sra.<\/div>\n<div style=\"text-align: justify\" data-start=\"1101\" data-end=\"1509\">A rendezv\u00e9ny nemcsak konferencia, hanem intenz\u00edv szakmai k\u00f6zeg, ahol a nemzetk\u00f6zileg elismert el\u0151ad\u00f3k egyenrang\u00fa helyet kapnak a PhD-hallgat\u00f3k \u00e9s a p\u00e1lyakezd\u0151 kutat\u00f3k mellett. A r\u00e9sztvev\u0151k a h\u00e1rom nap sor\u00e1n olyan tematikus keretbe l\u00e9pnek be, ahol az eg\u00e9szs\u00e9gtudom\u00e1ny k\u00fcl\u00f6nb\u00f6z\u0151 ter\u00fcletei \u2013 a dietetik\u00e1t\u00f3l a mozg\u00e1ster\u00e1pi\u00e1n \u00e9s epidemiol\u00f3gi\u00e1n \u00e1t az eg\u00e9szs\u00e9gfejleszt\u00e9sig \u2013 egym\u00e1ssal \u00f6sszekapcsol\u00f3dva jelennek meg.<\/div>\n<div style=\"text-align: justify\" data-start=\"1101\" data-end=\"1509\">\u00a0<\/div>\n<div class=\"w-100\" style=\"text-align: justify\">\n<div class=\"fontos_div\">\n<p data-start=\"1101\" data-end=\"1509\">Misszi\u00f3<\/p>\n<\/div>\n<\/div>\n<p style=\"text-align: justify\" data-start=\"1570\" data-end=\"2157\">A rendezv\u00e9ny a Semmelweis Egyetemen Eg\u00e9szs\u00e9gtudom\u00e1nyi Kar\u00e1n kor\u00e1bban t\u00f6bb alkalommal megrendezett Komparat\u00edv Eg\u00e9szs\u00e9gtudom\u00e1nyi Szimp\u00f3zium hagyom\u00e1ny\u00e1ra \u00e9p\u00fcl. Az esem\u00e9ny most meg\u00fajulva, teljes eg\u00e9sz\u00e9ben angol nyelven ker\u00fcl megrendez\u00e9sre, meger\u0151s\u00edtett nemzetk\u00f6zi r\u00e9szv\u00e9tellel \u00e9s struktur\u00e1lt, m\u00f3dszertani \u00e9s piaci innov\u00e1ci\u00f3s f\u00f3kusz\u00fa workshop-programmal.\u00a0 A szimp\u00f3zium ezzel a prevenci\u00f3ra \u00e9p\u00fcl\u0151 eg\u00e9szs\u00e9gtudom\u00e1ny egyik legfontosabb hazai esem\u00e9ny\u00e9v\u00e9 k\u00edv\u00e1n v\u00e1lni, \u00e9s egy olyan nemzetk\u00f6zi tal\u00e1lkoz\u00f3helly\u00e9, ahol a tudom\u00e1nyos eredm\u00e9nyek nem elszigetelten jelennek meg, hanem egym\u00e1ssal \u00f6sszef\u00fcgg\u0151 narrat\u00edv\u00e1t alkotnak. A rendezv\u00e9ny k\u00fcldet\u00e9se, hogy a kardiometabolikus betegs\u00e9gek, az elh\u00edz\u00e1s, a 2-es t\u00edpus\u00fa diab\u00e9tesz \u00e9s a ment\u00e1lis eg\u00e9szs\u00e9gi probl\u00e9m\u00e1k megel\u0151z\u00e9s\u00e9nek korszer\u0171 kutat\u00e1si eredm\u00e9nyeit nemzetk\u00f6zi kontextusban mutassa be \u2013 mindezt olyan k\u00f6zegben, ahol a m\u00f3dszertani innov\u00e1ci\u00f3 \u00e9s az egy\u00fcttm\u0171k\u00f6d\u00e9s \u00e9pp annyira hangs\u00falyos, mint a tudom\u00e1nyos \u00fajdons\u00e1gok.<\/p>\n<div class=\"fontos_div\" style=\"text-align: justify\">\n<p data-start=\"2937\" data-end=\"3374\">Mire sz\u00e1m\u00edthatnak a r\u00e9sztvev\u0151k?<\/p>\n<\/div>\n<p style=\"text-align: justify\" data-start=\"3423\" data-end=\"3908\">A h\u00e1romnapos esem\u00e9ny minden reggel egy megh\u00edvott nemzetk\u00f6zi szakember keynote el\u0151ad\u00e1s\u00e1val indul, amely nemcsak inspir\u00e1ci\u00f3t ad, hanem kijel\u00f6li a nap tematikus kereteit is. Ezt k\u00f6vetik a r\u00f6vid, dinamikus lightning talkok, ahol a megh\u00edvott el\u0151ad\u00f3kon t\u00fal fiatal kutat\u00f3k \u00e9s PhD-hallgat\u00f3k is bemutathatj\u00e1k eredm\u00e9nyeiket.<\/p>\n<p style=\"text-align: justify\" data-start=\"3423\" data-end=\"3908\">A d\u00e9lut\u00e1nok a m\u00f3dszertani blokkok\u00e9, amelyek a klinikai vizsg\u00e1lattervez\u00e9st\u0151l a FAIR adatkezel\u00e9sen \u00e1t az Open Science gyakorlati k\u00e9rd\u00e9seiig terjednek, \u00e9s lehet\u0151s\u00e9get adnak az alaposabb elm\u00e9ly\u00fcl\u00e9sre.<\/p>\n<p data-start=\"3910\" data-end=\"4319\">A program egyik legk\u00fcl\u00f6nlegesebb eleme a \u201ehackathon\u201d-jelleg\u0171 mock project workshop, ahol a r\u00e9sztvev\u0151k nem csup\u00e1n elm\u00e9leti k\u00e9rd\u00e9sekkel foglalkoznak, hanem multidiszciplin\u00e1ris csapatokban dolgoznak v\u00e9gig egy prevent\u00edv f\u00f3kusz\u00fa kutat\u00e1si-innov\u00e1ci\u00f3s projekt teljes koncepci\u00f3j\u00e1n. A mentorokkal t\u00f6rt\u00e9n\u0151 egy\u00fcttm\u0171k\u00f6d\u00e9s r\u00e9v\u00e9n a fiatal kutat\u00f3k val\u00f3di gyakorlati tapasztalatot szerezhetnek, mik\u00f6zben val\u00f3s nemzetk\u00f6zi egy\u00fcttm\u0171k\u00f6d\u00e9sek is elindulhatnak. A projektkoncepci\u00f3kat a harmadik napon nemzetk\u00f6zi mentorok \u00e9rt\u00e9kelik \u00e9s d\u00edjazz\u00e1k.<\/p>\n<p style=\"text-align: justify\" data-start=\"3910\" data-end=\"4319\">A m\u0171helyekkel p\u00e1rhuzamosan fut\u00f3 matchmaking szekci\u00f3k moder\u00e1lt terepet biztos\u00edtanak a c\u00e9lzott szakmai p\u00e1rbesz\u00e9deknek.<\/p>\n<p style=\"text-align: justify\" data-start=\"3910\" data-end=\"4319\">A nap v\u00e9gi poszterszekci\u00f3k inform\u00e1lisabb, m\u00e9gis tudom\u00e1nyos ig\u00e9ny\u0171 keretet teremtenek az eszmecser\u00e9re. A legjobb munk\u00e1k d\u00edjaz\u00e1sban r\u00e9szes\u00fclnek.<\/p>\n<div class=\"fontos_div\" style=\"text-align: justify\">\n<p data-start=\"3910\" data-end=\"4319\">Program<\/p>\n<\/div>\n<p style=\"text-align: justify\" data-start=\"3910\" data-end=\"4319\"><em>A r\u00e9szletes program m\u00e9g kialak\u00edt\u00e1s alatt.<\/em><\/p>\n<div class=\"fontos_div\" style=\"text-align: justify\">\n<p data-start=\"3910\" data-end=\"4319\">Helysz\u00edn<\/p>\n<\/div>\n<p style=\"text-align: justify\" data-start=\"100\" data-end=\"150\"><em>A pontos helysz\u00edn v\u00e9gleges\u00edt\u00e9se folyamatban van.<\/em><\/p>\n","protected":false},"excerpt":{"rendered":"<p>A V. Comparative Health Sciences Symposium and Workshop 2026. november 25\u201328. k\u00f6z\u00f6tt ker\u00fcl megrendez\u00e9sre a Semmelweis Egyetem budapesti kampusz\u00e1n. A rendezv\u00e9ny mott\u00f3ja \u2013 Translational and methodological innovations in the prevention of diseases of civilization \u2013 t\u00fckr\u00f6zi a szimp\u00f3zium k\u00fcldet\u00e9s\u00e9t: a civiliz\u00e1ci\u00f3s betegs\u00e9gek megel\u0151z\u00e9s\u00e9re ir\u00e1nyul\u00f3, tudom\u00e1nyosan megalapozott \u00e9s innovat\u00edv megk\u00f6zel\u00edt\u00e9sek bemutat\u00e1s\u00e1t. A program a plen\u00e1ris keynote &hellip;<\/p>\n","protected":false},"author":102263,"featured_media":0,"parent":0,"menu_order":0,"comment_status":"closed","ping_status":"closed","template":"","meta":{"_acf_changed":false,"footnotes":""},"categories":[],"tags":[],"class_list":["post-1295","page","type-page","status-publish","hentry"],"acf":[],"_links":{"self":[{"href":"https:\/\/semmelweis.hu\/etkfejlesztoiroda\/wp-json\/wp\/v2\/pages\/1295","targetHints":{"allow":["GET"]}}],"collection":[{"href":"https:\/\/semmelweis.hu\/etkfejlesztoiroda\/wp-json\/wp\/v2\/pages"}],"about":[{"href":"https:\/\/semmelweis.hu\/etkfejlesztoiroda\/wp-json\/wp\/v2\/types\/page"}],"author":[{"embeddable":true,"href":"https:\/\/semmelweis.hu\/etkfejlesztoiroda\/wp-json\/wp\/v2\/users\/102263"}],"replies":[{"embeddable":true,"href":"https:\/\/semmelweis.hu\/etkfejlesztoiroda\/wp-json\/wp\/v2\/comments?post=1295"}],"version-history":[{"count":6,"href":"https:\/\/semmelweis.hu\/etkfejlesztoiroda\/wp-json\/wp\/v2\/pages\/1295\/revisions"}],"predecessor-version":[{"id":1309,"href":"https:\/\/semmelweis.hu\/etkfejlesztoiroda\/wp-json\/wp\/v2\/pages\/1295\/revisions\/1309"}],"wp:attachment":[{"href":"https:\/\/semmelweis.hu\/etkfejlesztoiroda\/wp-json\/wp\/v2\/media?parent=1295"}],"wp:term":[{"taxonomy":"category","embeddable":true,"href":"https:\/\/semmelweis.hu\/etkfejlesztoiroda\/wp-json\/wp\/v2\/categories?post=1295"},{"taxonomy":"post_tag","embeddable":true,"href":"https:\/\/semmelweis.hu\/etkfejlesztoiroda\/wp-json\/wp\/v2\/tags?post=1295"}],"curies":[{"name":"wp","href":"https:\/\/api.w.org\/{rel}","templated":true}]}}