{"id":128,"date":"2018-12-04T12:31:42","date_gmt":"2018-12-04T12:31:42","guid":{"rendered":"http:\/\/semmelweis.hu\/kavicsmentorprogram\/?page_id=128"},"modified":"2020-01-14T23:44:01","modified_gmt":"2020-01-14T23:44:01","slug":"jelentkezes","status":"publish","type":"page","link":"https:\/\/semmelweis.hu\/etkfejlesztoiroda\/jelentkezes\/","title":{"rendered":"Jelentkez\u00e9s"},"content":{"rendered":"<p>A KAVICS Mentorprogramba a SE-ETK hallgat\u00f3i jelentkez\u00e9s \u00fatj\u00e1n csatlakozhatnak.<\/p>\n<p>Amennyiben seg\u00edts\u00e9gre van sz\u00fcks\u00e9ged, <a href=\"https:\/\/semmelweis.hu\/etkfejlesztoiroda\/segitsegre-van-szukseged\/\">itt tudsz jelentkezni <\/a>(azonban felh\u00edvom a figyelmed, hogy emailban vagy szem\u00e9lyesen mindig gyorsabb a seg\u00edts\u00e9gny\u00fajt\u00e1s).<\/p>\n<p>Amennyiben seg\u00edten\u00e9l vagy csak a k\u00f6z\u00f6ss\u00e9g r\u00e9szese szeretn\u00e9l lenni, <a href=\"https:\/\/semmelweis.hu\/etkfejlesztoiroda\/segitenel\/\">itt tudsz jelentkezni<\/a>.<\/p>\n<p><a href=\"https:\/\/semmelweis.hu\/etkfejlesztoiroda\/files\/2020\/01\/67697569_394721314504285_7124078372887461888_n.jpg\"><img loading=\"lazy\" decoding=\"async\" class=\"wp-image-557 alignnone\" src=\"https:\/\/semmelweis.hu\/etkfejlesztoiroda\/files\/2020\/01\/67697569_394721314504285_7124078372887461888_n-283x400.jpg\" alt=\"\" width=\"446\" height=\"629\" \/><\/a><\/p>\n<h3 style=\"text-align: center\">\u00a0<\/h3>\n","protected":false},"excerpt":{"rendered":"<p>A KAVICS Mentorprogramba a SE-ETK hallgat\u00f3i jelentkez\u00e9s \u00fatj\u00e1n csatlakozhatnak.<br \/>\nAmennyiben seg\u00edts\u00e9gre van sz\u00fcks\u00e9ged, <a href=\"https:\/\/semmelweis.hu\/etkfejlesztoiroda\/segitsegre-van-szukseged\/\">itt tudsz jelentkezni <\/a>(azonban felh\u00edvom a figyelmed, hogy emailban vagy szem\u00e9lyesen mindig gyorsabb a seg\u00edts\u00e9gny\u00fajt\u00e1s).<br \/>\nAmennyiben seg\u00edten\u00e9l vagy csak a k\u00f6z\u00f6ss\u00e9g r\u00e9szese szeretn\u00e9l lenni, <a href=\"https:\/\/semmelweis.hu\/etkfejlesztoiroda\/segitenel\/\">itt tudsz jelentkezni<\/a>.<br \/>\n<a href=\"https:\/\/semmelweis.hu\/etkfejlesztoiroda\/files\/2020\/01\/67697569_394721314504285_7124078372887461888_n.jpg\"><\/a><br \/>\n\u00a0<\/p>\n","protected":false},"author":101524,"featured_media":0,"parent":0,"menu_order":3,"comment_status":"closed","ping_status":"closed","template":"","meta":{"_acf_changed":false,"footnotes":""},"categories":[],"tags":[],"class_list":["post-128","page","type-page","status-publish","hentry"],"acf":[],"_links":{"self":[{"href":"https:\/\/semmelweis.hu\/etkfejlesztoiroda\/wp-json\/wp\/v2\/pages\/128","targetHints":{"allow":["GET"]}}],"collection":[{"href":"https:\/\/semmelweis.hu\/etkfejlesztoiroda\/wp-json\/wp\/v2\/pages"}],"about":[{"href":"https:\/\/semmelweis.hu\/etkfejlesztoiroda\/wp-json\/wp\/v2\/types\/page"}],"author":[{"embeddable":true,"href":"https:\/\/semmelweis.hu\/etkfejlesztoiroda\/wp-json\/wp\/v2\/users\/101524"}],"replies":[{"embeddable":true,"href":"https:\/\/semmelweis.hu\/etkfejlesztoiroda\/wp-json\/wp\/v2\/comments?post=128"}],"version-history":[{"count":6,"href":"https:\/\/semmelweis.hu\/etkfejlesztoiroda\/wp-json\/wp\/v2\/pages\/128\/revisions"}],"predecessor-version":[{"id":1207,"href":"https:\/\/semmelweis.hu\/etkfejlesztoiroda\/wp-json\/wp\/v2\/pages\/128\/revisions\/1207"}],"wp:attachment":[{"href":"https:\/\/semmelweis.hu\/etkfejlesztoiroda\/wp-json\/wp\/v2\/media?parent=128"}],"wp:term":[{"taxonomy":"category","embeddable":true,"href":"https:\/\/semmelweis.hu\/etkfejlesztoiroda\/wp-json\/wp\/v2\/categories?post=128"},{"taxonomy":"post_tag","embeddable":true,"href":"https:\/\/semmelweis.hu\/etkfejlesztoiroda\/wp-json\/wp\/v2\/tags?post=128"}],"curies":[{"name":"wp","href":"https:\/\/api.w.org\/{rel}","templated":true}]}}