{"id":1240,"date":"2024-03-04T14:04:23","date_gmt":"2024-03-04T14:04:23","guid":{"rendered":"https:\/\/semmelweis.hu\/etkfejlesztoiroda\/?page_id=1240"},"modified":"2024-03-04T14:13:57","modified_gmt":"2024-03-04T14:13:57","slug":"vedonoi-tanuloszoba","status":"publish","type":"page","link":"https:\/\/semmelweis.hu\/etkfejlesztoiroda\/tanuloszoba\/vedonoi-tanuloszoba\/","title":{"rendered":"V\u00e9d\u0151n\u0151i tanul\u00f3szoba"},"content":{"rendered":"<div>V\u00e9d\u0151n\u0151 hallgat\u00f3inknak tanul\u00f3szob\u00e1t szervez\u00fcnk a gyermekek fejl\u0151d\u00e9se \u00e9s gondoz\u00e1sa valamint a n\u0151i eg\u00e9szs\u00e9gv\u00e9delem t\u00e9mak\u00f6r\u00f6kben.<\/div>\n<div>\u00a0<\/div>\n<div>A tematika:\u00a0<\/div>\n<div>\n<ul>\n<li>2024. m\u00e1rcius 13. &#8211; 15:00-16:30, 210. terem. <span style=\"font-size: 1rem\">T\u00e9m\u00e1k:\u00a0magzati v\u00e9rkering\u00e9s, <\/span>mozg\u00e1s \u00e9s besz\u00e9dfejl\u0151d\u00e9s, csontv\u00e1zrendszer.<\/li>\n<li>2024. m\u00e1rcius 19. &#8211; 15:00-16:30, f\u00e9lemelet 5. terem. <span style=\"font-size: 1rem\">T\u00e9m\u00e1k: <\/span>gyermek t\u00e1pl\u00e1lkoz\u00e1s, szoptat\u00e1s.<\/li>\n<li>2024. \u00e1prilis 2. &#8211; 15:00-16:30, f\u00e9lemelet 5. terem. <span style=\"font-size: 1rem\">T\u00e9m\u00e1k: <\/span>trimeszteri \u00e1ttekint\u00e9s, n\u0151v\u00e9delem, SZTB-k, csal\u00e1dtervez\u00e9s, gyermek\u00e1g.<\/li>\n<li>2024. \u00e1prilis 16. &#8211; 15:00-16:30, f\u00e9lemelet 10. terem. <span style=\"font-size: 1rem\">T\u00e9ma: <\/span>gyakorlati t\u00e9telek<\/li>\n<li>2024. \u00e1prilis 17 &#8211; 15:00-16:30, 210. terem. <span style=\"font-size: 1rem\">T\u00e9m\u00e1k: <\/span><span style=\"font-size: 1rem\">szitu\u00e1ci\u00f3s feladatok, <\/span><span style=\"font-size: 1rem\">sz\u0171r\u0151vizsg\u00e1latok.<\/span><\/li>\n<\/ul>\n<\/div>\n","protected":false},"excerpt":{"rendered":"<p>V\u00e9d\u0151n\u0151 hallgat\u00f3inknak tanul\u00f3szob\u00e1t szervez\u00fcnk a gyermekek fejl\u0151d\u00e9se \u00e9s gondoz\u00e1sa valamint a n\u0151i eg\u00e9szs\u00e9gv\u00e9delem t\u00e9mak\u00f6r\u00f6kben. \u00a0 A tematika:\u00a0 2024. m\u00e1rcius 13. &#8211; 15:00-16:30, 210. terem. T\u00e9m\u00e1k:\u00a0magzati v\u00e9rkering\u00e9s, mozg\u00e1s \u00e9s besz\u00e9dfejl\u0151d\u00e9s, csontv\u00e1zrendszer. 2024. m\u00e1rcius 19. &#8211; 15:00-16:30, f\u00e9lemelet 5. terem. T\u00e9m\u00e1k: gyermek t\u00e1pl\u00e1lkoz\u00e1s, szoptat\u00e1s. 2024. \u00e1prilis 2. &#8211; 15:00-16:30, f\u00e9lemelet 5. terem. T\u00e9m\u00e1k: trimeszteri \u00e1ttekint\u00e9s, n\u0151v\u00e9delem, SZTB-k, &hellip;<\/p>\n","protected":false},"author":102263,"featured_media":0,"parent":954,"menu_order":0,"comment_status":"closed","ping_status":"closed","template":"","meta":{"_acf_changed":false,"footnotes":""},"categories":[],"tags":[],"class_list":["post-1240","page","type-page","status-publish","hentry"],"acf":[],"_links":{"self":[{"href":"https:\/\/semmelweis.hu\/etkfejlesztoiroda\/wp-json\/wp\/v2\/pages\/1240","targetHints":{"allow":["GET"]}}],"collection":[{"href":"https:\/\/semmelweis.hu\/etkfejlesztoiroda\/wp-json\/wp\/v2\/pages"}],"about":[{"href":"https:\/\/semmelweis.hu\/etkfejlesztoiroda\/wp-json\/wp\/v2\/types\/page"}],"author":[{"embeddable":true,"href":"https:\/\/semmelweis.hu\/etkfejlesztoiroda\/wp-json\/wp\/v2\/users\/102263"}],"replies":[{"embeddable":true,"href":"https:\/\/semmelweis.hu\/etkfejlesztoiroda\/wp-json\/wp\/v2\/comments?post=1240"}],"version-history":[{"count":2,"href":"https:\/\/semmelweis.hu\/etkfejlesztoiroda\/wp-json\/wp\/v2\/pages\/1240\/revisions"}],"predecessor-version":[{"id":1242,"href":"https:\/\/semmelweis.hu\/etkfejlesztoiroda\/wp-json\/wp\/v2\/pages\/1240\/revisions\/1242"}],"up":[{"embeddable":true,"href":"https:\/\/semmelweis.hu\/etkfejlesztoiroda\/wp-json\/wp\/v2\/pages\/954"}],"wp:attachment":[{"href":"https:\/\/semmelweis.hu\/etkfejlesztoiroda\/wp-json\/wp\/v2\/media?parent=1240"}],"wp:term":[{"taxonomy":"category","embeddable":true,"href":"https:\/\/semmelweis.hu\/etkfejlesztoiroda\/wp-json\/wp\/v2\/categories?post=1240"},{"taxonomy":"post_tag","embeddable":true,"href":"https:\/\/semmelweis.hu\/etkfejlesztoiroda\/wp-json\/wp\/v2\/tags?post=1240"}],"curies":[{"name":"wp","href":"https:\/\/api.w.org\/{rel}","templated":true}]}}