{"id":115,"date":"2018-12-04T12:05:42","date_gmt":"2018-12-04T12:05:42","guid":{"rendered":"http:\/\/semmelweis.hu\/kavicsmentorprogram\/?page_id=115"},"modified":"2024-03-04T14:06:34","modified_gmt":"2024-03-04T14:06:34","slug":"segitokommunikacio_trening","status":"publish","type":"page","link":"https:\/\/semmelweis.hu\/etkfejlesztoiroda\/korabbi-programjaink\/segitokommunikacio_trening\/","title":{"rendered":"Seg\u00edt\u0151kommunik\u00e1ci\u00f3 tr\u00e9ning"},"content":{"rendered":"<p style=\"text-align: center\"><b>Seg\u00edt\u0151kommunik\u00e1ci\u00f3 tr\u00e9ning<br \/>\n<\/b><\/p>\n<p style=\"text-align: justify\"><span style=\"font-weight: 400\">Tr\u00e9ner: Mersdorf Anna, pszichol\u00f3gus<\/span><\/p>\n<p style=\"text-align: justify\"><b>A tr\u00e9ning c\u00e9ljai: <\/b><\/p>\n<p style=\"text-align: justify\"><span style=\"font-weight: 400\">Pszichol\u00f3giai szempont\u00fa felk\u00e9sz\u00edt\u00e9s a leend\u0151 mentorok sz\u00e1m\u00e1ra mentori munk\u00e1juk hat\u00e9konyabb, magabiztosabb, \u00e9s kiv\u00e1l\u00f3 szakmai szinten val\u00f3 ell\u00e1t\u00e1s\u00e1hoz.<\/span><\/p>\n<p style=\"text-align: justify\"><span style=\"font-weight: 400\">A mentorok a tr\u00e9ning sor\u00e1n elm\u00e9leti \u00e9s gyakorlati tud\u00e1sra tehettek szert a seg\u00edt\u0151 besz\u00e9lget\u00e9s alapelveivel-, seg\u00edt\u0151 kommunik\u00e1ci\u00f3val-, \u00e9s a mentor kompetenci\u00e1ival kapcsolatban.<\/span><\/p>\n<p><a href=\"https:\/\/semmelweis.hu\/etkfejlesztoiroda\/files\/2020\/01\/IMG_20190207_153050.jpg\"><img loading=\"lazy\" decoding=\"async\" class=\"size-medium wp-image-549\" src=\"https:\/\/semmelweis.hu\/etkfejlesztoiroda\/files\/2020\/01\/IMG_20190207_153050-300x400.jpg\" alt=\"\" width=\"300\" height=\"400\" srcset=\"https:\/\/semmelweis.hu\/etkfejlesztoiroda\/files\/2020\/01\/IMG_20190207_153050-300x400.jpg 300w, https:\/\/semmelweis.hu\/etkfejlesztoiroda\/files\/2020\/01\/IMG_20190207_153050-768x1024.jpg 768w, https:\/\/semmelweis.hu\/etkfejlesztoiroda\/files\/2020\/01\/IMG_20190207_153050-753x1004.jpg 753w\" sizes=\"auto, (max-width: 300px) 100vw, 300px\" \/><\/a><\/p>\n<p style=\"text-align: justify\"><span style=\"font-weight: 400\">Ezt a tud\u00e1st szitu\u00e1ci\u00f3s gyakorlatokkal \u00e9s azok elemz\u00e9s\u00e9vel m\u00e9ly\u00edtett\u00fck el, \u00e9s volt lehet\u0151s\u00e9g a szem\u00e9lyes visszajelz\u00e9sre, valamint azoknak a probl\u00e9m\u00e1knak a megbesz\u00e9l\u00e9s\u00e9re, amelyeket a mentorok vetettek fel a seg\u00edt\u0151 besz\u00e9lget\u00e9ssel kapcsolatban.<\/span><\/p>\n<p style=\"text-align: justify\"><span style=\"font-weight: 400\">A tr\u00e9ning tov\u00e1bbi c\u00e9ljai k\u00f6z\u00f6tt szerepelt az \u00f6nismeret fejleszt\u00e9se \u00e9s a csoportmunka hat\u00e9konys\u00e1g\u00e1nak n\u00f6vel\u00e9se, valamint a mentorprogramban r\u00e9szt vev\u0151 hallgat\u00f3k csoportk\u00e9nt val\u00f3 m\u0171k\u00f6d\u00e9s\u00e9nek el\u0151seg\u00edt\u00e9se.<\/span><\/p>\n<p style=\"text-align: justify\"><b>A tr\u00e9ning t\u00e9m\u00e1i:<\/b><\/p>\n<p style=\"text-align: justify\"><span style=\"font-weight: 400\">A tr\u00e9ning k\u00f6zponti t\u00e9m\u00e1ja a seg\u00edt\u0151 besz\u00e9lget\u00e9s alapelvei \u2013 \u00a0pl.: a megfelel\u0151 keretek biztos\u00edt\u00e1sa, az \u00e9rt\u0151 meghallgat\u00e1s, k\u00e9rdez\u00e9s \u00e9s tan\u00e1csad\u00e1s technik\u00e1ink a megismer\u00e9se \u2013 tiszt\u00e1z\u00e1sa.<\/span><\/p>\n<p style=\"text-align: justify\"><span style=\"font-weight: 400\">Emellett nagy hangs\u00falyt kap az a t\u00e9ma, hogy milyen fontos, hogy a \u00a0seg\u00edt\u0151 szem\u00e9ly tiszt\u00e1ban legyen a saj\u00e1t kompetenci\u00e1ival, \u00e9s fel tudja ismerni a kompetenciahat\u00e1rait.<\/span><\/p>\n<p style=\"text-align: justify\"><span style=\"font-weight: 400\">A mentori munk\u00e1t t\u00e1gabb kontextusba helyezve azt is megbesz\u00e9lj\u00fck, hogy azokat a klienseket, akik seg\u00edt\u00e9se t\u00falmutat a mentori kompetenci\u00e1kon, hova tudj\u00e1k elir\u00e1ny\u00edtani a mentorok.<\/span><\/p>\n","protected":false},"excerpt":{"rendered":"<p>Seg\u00edt\u0151kommunik\u00e1ci\u00f3 tr\u00e9ning Tr\u00e9ner: Mersdorf Anna, pszichol\u00f3gus A tr\u00e9ning c\u00e9ljai: Pszichol\u00f3giai szempont\u00fa felk\u00e9sz\u00edt\u00e9s a leend\u0151 mentorok sz\u00e1m\u00e1ra mentori munk\u00e1juk hat\u00e9konyabb, magabiztosabb, \u00e9s kiv\u00e1l\u00f3 szakmai szinten val\u00f3 ell\u00e1t\u00e1s\u00e1hoz. A mentorok a tr\u00e9ning sor\u00e1n elm\u00e9leti \u00e9s gyakorlati tud\u00e1sra tehettek szert a seg\u00edt\u0151 besz\u00e9lget\u00e9s alapelveivel-, seg\u00edt\u0151 kommunik\u00e1ci\u00f3val-, \u00e9s a mentor kompetenci\u00e1ival kapcsolatban. <a href=\"https:\/\/semmelweis.hu\/etkfejlesztoiroda\/files\/2020\/01\/IMG_20190207_153050.jpg\"><\/a> Ezt a tud\u00e1st szitu\u00e1ci\u00f3s gyakorlatokkal \u00e9s azok &hellip;<\/p>\n","protected":false},"author":101608,"featured_media":0,"parent":949,"menu_order":3,"comment_status":"closed","ping_status":"closed","template":"template-fullwidth.php","meta":{"_acf_changed":false,"footnotes":""},"categories":[],"tags":[],"class_list":["post-115","page","type-page","status-publish","hentry"],"acf":[],"_links":{"self":[{"href":"https:\/\/semmelweis.hu\/etkfejlesztoiroda\/wp-json\/wp\/v2\/pages\/115","targetHints":{"allow":["GET"]}}],"collection":[{"href":"https:\/\/semmelweis.hu\/etkfejlesztoiroda\/wp-json\/wp\/v2\/pages"}],"about":[{"href":"https:\/\/semmelweis.hu\/etkfejlesztoiroda\/wp-json\/wp\/v2\/types\/page"}],"author":[{"embeddable":true,"href":"https:\/\/semmelweis.hu\/etkfejlesztoiroda\/wp-json\/wp\/v2\/users\/101608"}],"replies":[{"embeddable":true,"href":"https:\/\/semmelweis.hu\/etkfejlesztoiroda\/wp-json\/wp\/v2\/comments?post=115"}],"version-history":[{"count":7,"href":"https:\/\/semmelweis.hu\/etkfejlesztoiroda\/wp-json\/wp\/v2\/pages\/115\/revisions"}],"predecessor-version":[{"id":1243,"href":"https:\/\/semmelweis.hu\/etkfejlesztoiroda\/wp-json\/wp\/v2\/pages\/115\/revisions\/1243"}],"up":[{"embeddable":true,"href":"https:\/\/semmelweis.hu\/etkfejlesztoiroda\/wp-json\/wp\/v2\/pages\/949"}],"wp:attachment":[{"href":"https:\/\/semmelweis.hu\/etkfejlesztoiroda\/wp-json\/wp\/v2\/media?parent=115"}],"wp:term":[{"taxonomy":"category","embeddable":true,"href":"https:\/\/semmelweis.hu\/etkfejlesztoiroda\/wp-json\/wp\/v2\/categories?post=115"},{"taxonomy":"post_tag","embeddable":true,"href":"https:\/\/semmelweis.hu\/etkfejlesztoiroda\/wp-json\/wp\/v2\/tags?post=115"}],"curies":[{"name":"wp","href":"https:\/\/api.w.org\/{rel}","templated":true}]}}