{"id":1124,"date":"2022-11-30T11:55:47","date_gmt":"2022-11-30T11:55:47","guid":{"rendered":"https:\/\/semmelweis.hu\/etkfejlesztoiroda\/?page_id=1124"},"modified":"2022-11-30T11:55:47","modified_gmt":"2022-11-30T11:55:47","slug":"termekenysegtudat-es-hormonmentes-fogamzasgatlas","status":"publish","type":"page","link":"https:\/\/semmelweis.hu\/etkfejlesztoiroda\/szakmai-eloadasok\/termekenysegtudat-es-hormonmentes-fogamzasgatlas\/","title":{"rendered":"Term\u00e9kenys\u00e9gtudat \u00e9s hormonmentes fogamz\u00e1sg\u00e1tl\u00e1s"},"content":{"rendered":"<p style=\"text-align: center\"><u>Cserh\u00e1ti-Herold Janka<\/u>\u00a0a\u00a0<strong>Hormonmentes<\/strong>\u00a0v\u00e1llalkoz\u00e1s alap\u00edt\u00f3ja el\u0151ad\u00e1st tartott az Eg\u00e9szs\u00e9gtudom\u00e1nyi Kar szervez\u00e9s\u00e9ben.\u00a0<\/p>\n<p style=\"text-align: right\"><img loading=\"lazy\" decoding=\"async\" class=\"size-medium wp-image-1125 aligncenter\" src=\"https:\/\/semmelweis.hu\/etkfejlesztoiroda\/files\/2022\/11\/IMG_3902-400x300.jpeg\" alt=\"\" width=\"400\" height=\"300\" srcset=\"https:\/\/semmelweis.hu\/etkfejlesztoiroda\/files\/2022\/11\/IMG_3902-400x300.jpeg 400w, https:\/\/semmelweis.hu\/etkfejlesztoiroda\/files\/2022\/11\/IMG_3902-1024x768.jpeg 1024w, https:\/\/semmelweis.hu\/etkfejlesztoiroda\/files\/2022\/11\/IMG_3902-768x576.jpeg 768w, https:\/\/semmelweis.hu\/etkfejlesztoiroda\/files\/2022\/11\/IMG_3902-1536x1152.jpeg 1536w, https:\/\/semmelweis.hu\/etkfejlesztoiroda\/files\/2022\/11\/IMG_3902-2048x1536.jpeg 2048w, https:\/\/semmelweis.hu\/etkfejlesztoiroda\/files\/2022\/11\/IMG_3902-753x565.jpeg 753w\" sizes=\"auto, (max-width: 400px) 100vw, 400px\" \/><span style=\"font-size: 8pt\">Forr\u00e1s: Majsai Vir\u00e1g\u00a0<\/span><\/p>\n<p style=\"text-align: justify\">&#8222;A gyeng\u00e9d fogamz\u00e1sg\u00e1tl\u00e1s \u00e9s a term\u00e9kenys\u00e9gtudat szak\u00e9rt\u0151je, v\u00e1llalkoz\u00f3 \u00e9s youtuber. Arra tan\u00edtja a n\u0151ket, hogyan ismerj\u00e9k meg a saj\u00e1t term\u00e9kenys\u00e9g\u00fck egyedi ritmus\u00e1t \u00e9s hogyan haszn\u00e1lhatj\u00e1k ezt a tud\u00e1st fogamz\u00e1sg\u00e1tl\u00e1sra vagy \u00e9pp babatervez\u00e9sre, valamint az eg\u00e9szs\u00e9ges testtudat kialak\u00edt\u00e1s\u00e1ra. K\u00fcldet\u00e9s\u00e9nek \u00e9rzi, hogy a val\u00f3di v\u00e1laszt\u00e1s lehet\u0151s\u00e9g\u00e9t ny\u00fajtsa a hormonmentes fogamz\u00e1sg\u00e1tl\u00e1si alternat\u00edv\u00e1k ter\u00e9n, fejlessze a szexu\u00e1lis kult\u00far\u00e1r\u00f3l sz\u00f3l\u00f3 k\u00f6zbesz\u00e9det \u00e9s a test\u00fcnkkel kapcsolatos tudatoss\u00e1got\u201d.<\/p>\n<p style=\"text-align: justify\">Az el\u0151ad\u00e1s k\u00fcl\u00f6nlegess\u00e9ge abban rejlett, hogy Janka sz\u00e1mtalan h\u00e9tk\u00f6znapi p\u00e9ld\u00e1t hozott a kutat\u00e1si ter\u00fclet\u00e9b\u0151l, amivel szeml\u00e9ltette a n\u0151k testtudat fejl\u0151d\u00e9s\u00e9t a kezdetekt\u0151l az \u00e1ltala tan\u00edtott m\u00f3dszerekkel. A hallgat\u00f3k k\u00f6tetlen\u00fcl k\u00e9rdezhettek az \u0151ket \u00e9rdekl\u0151 t\u00e9m\u00e1kban.<\/p>\n<p><img loading=\"lazy\" decoding=\"async\" class=\"size-medium wp-image-1126 aligncenter\" src=\"https:\/\/semmelweis.hu\/etkfejlesztoiroda\/files\/2022\/11\/IMG_3885-400x276.jpeg\" alt=\"\" width=\"400\" height=\"276\" srcset=\"https:\/\/semmelweis.hu\/etkfejlesztoiroda\/files\/2022\/11\/IMG_3885-400x276.jpeg 400w, https:\/\/semmelweis.hu\/etkfejlesztoiroda\/files\/2022\/11\/IMG_3885-1024x705.jpeg 1024w, https:\/\/semmelweis.hu\/etkfejlesztoiroda\/files\/2022\/11\/IMG_3885-768x529.jpeg 768w, https:\/\/semmelweis.hu\/etkfejlesztoiroda\/files\/2022\/11\/IMG_3885-1536x1058.jpeg 1536w, https:\/\/semmelweis.hu\/etkfejlesztoiroda\/files\/2022\/11\/IMG_3885-2048x1411.jpeg 2048w, https:\/\/semmelweis.hu\/etkfejlesztoiroda\/files\/2022\/11\/IMG_3885-175x120.jpeg 175w, https:\/\/semmelweis.hu\/etkfejlesztoiroda\/files\/2022\/11\/IMG_3885-753x519.jpeg 753w\" sizes=\"auto, (max-width: 400px) 100vw, 400px\" \/><\/p>\n<p style=\"text-align: right\"><span style=\"font-size: 8pt\">Forr\u00e1s: Majsai Vir\u00e1g<\/span><\/p>\n<p style=\"text-align: justify\">\u00a0<\/p>\n","protected":false},"excerpt":{"rendered":"<p>Cserh\u00e1ti-Herold Janka\u00a0a\u00a0Hormonmentes\u00a0v\u00e1llalkoz\u00e1s alap\u00edt\u00f3ja el\u0151ad\u00e1st tartott az Eg\u00e9szs\u00e9gtudom\u00e1nyi Kar szervez\u00e9s\u00e9ben.\u00a0 Forr\u00e1s: Majsai Vir\u00e1g\u00a0 &#8222;A gyeng\u00e9d fogamz\u00e1sg\u00e1tl\u00e1s \u00e9s a term\u00e9kenys\u00e9gtudat szak\u00e9rt\u0151je, v\u00e1llalkoz\u00f3 \u00e9s youtuber. Arra tan\u00edtja a n\u0151ket, hogyan ismerj\u00e9k meg a saj\u00e1t term\u00e9kenys\u00e9g\u00fck egyedi ritmus\u00e1t \u00e9s hogyan haszn\u00e1lhatj\u00e1k ezt a tud\u00e1st fogamz\u00e1sg\u00e1tl\u00e1sra vagy \u00e9pp babatervez\u00e9sre, valamint az eg\u00e9szs\u00e9ges testtudat kialak\u00edt\u00e1s\u00e1ra. K\u00fcldet\u00e9s\u00e9nek \u00e9rzi, hogy a val\u00f3di v\u00e1laszt\u00e1s &hellip;<\/p>\n","protected":false},"author":101985,"featured_media":1127,"parent":968,"menu_order":0,"comment_status":"closed","ping_status":"closed","template":"","meta":{"_acf_changed":false,"footnotes":""},"categories":[17,44],"tags":[],"class_list":["post-1124","page","type-page","status-publish","has-post-thumbnail","hentry","category-programajanlo","category-szakmai-eloadasok"],"acf":[],"_links":{"self":[{"href":"https:\/\/semmelweis.hu\/etkfejlesztoiroda\/wp-json\/wp\/v2\/pages\/1124","targetHints":{"allow":["GET"]}}],"collection":[{"href":"https:\/\/semmelweis.hu\/etkfejlesztoiroda\/wp-json\/wp\/v2\/pages"}],"about":[{"href":"https:\/\/semmelweis.hu\/etkfejlesztoiroda\/wp-json\/wp\/v2\/types\/page"}],"author":[{"embeddable":true,"href":"https:\/\/semmelweis.hu\/etkfejlesztoiroda\/wp-json\/wp\/v2\/users\/101985"}],"replies":[{"embeddable":true,"href":"https:\/\/semmelweis.hu\/etkfejlesztoiroda\/wp-json\/wp\/v2\/comments?post=1124"}],"version-history":[{"count":1,"href":"https:\/\/semmelweis.hu\/etkfejlesztoiroda\/wp-json\/wp\/v2\/pages\/1124\/revisions"}],"predecessor-version":[{"id":1128,"href":"https:\/\/semmelweis.hu\/etkfejlesztoiroda\/wp-json\/wp\/v2\/pages\/1124\/revisions\/1128"}],"up":[{"embeddable":true,"href":"https:\/\/semmelweis.hu\/etkfejlesztoiroda\/wp-json\/wp\/v2\/pages\/968"}],"wp:featuredmedia":[{"embeddable":true,"href":"https:\/\/semmelweis.hu\/etkfejlesztoiroda\/wp-json\/wp\/v2\/media\/1127"}],"wp:attachment":[{"href":"https:\/\/semmelweis.hu\/etkfejlesztoiroda\/wp-json\/wp\/v2\/media?parent=1124"}],"wp:term":[{"taxonomy":"category","embeddable":true,"href":"https:\/\/semmelweis.hu\/etkfejlesztoiroda\/wp-json\/wp\/v2\/categories?post=1124"},{"taxonomy":"post_tag","embeddable":true,"href":"https:\/\/semmelweis.hu\/etkfejlesztoiroda\/wp-json\/wp\/v2\/tags?post=1124"}],"curies":[{"name":"wp","href":"https:\/\/api.w.org\/{rel}","templated":true}]}}