{"id":1117,"date":"2022-10-26T10:02:56","date_gmt":"2022-10-26T10:02:56","guid":{"rendered":"https:\/\/semmelweis.hu\/etkfejlesztoiroda\/?page_id=1117"},"modified":"2022-10-26T10:04:26","modified_gmt":"2022-10-26T10:04:26","slug":"a-valogatossagtol-az-eveszavarig-gyermekkorban-mit-tehet-a-szekember","status":"publish","type":"page","link":"https:\/\/semmelweis.hu\/etkfejlesztoiroda\/szakmai-eloadasok\/a-valogatossagtol-az-eveszavarig-gyermekkorban-mit-tehet-a-szekember\/","title":{"rendered":"A v\u00e1logat\u00f3ss\u00e1gt\u00f3l az ev\u00e9szavarig gyermekkorban &#8211; Mit tehet a szekember?"},"content":{"rendered":"<p style=\"text-align: center\">A v\u00e1logat\u00f3ss\u00e1gt\u00f3l az ev\u00e9szavarig gyermekkorban &#8211; Mit tehet a szekember?<\/p>\n<p><img loading=\"lazy\" decoding=\"async\" class=\"size-medium wp-image-1120 aligncenter\" src=\"https:\/\/semmelweis.hu\/etkfejlesztoiroda\/files\/2022\/10\/Lukasz-Rebeka-400x300.jpg\" alt=\"\" width=\"400\" height=\"300\" srcset=\"https:\/\/semmelweis.hu\/etkfejlesztoiroda\/files\/2022\/10\/Lukasz-Rebeka-400x300.jpg 400w, https:\/\/semmelweis.hu\/etkfejlesztoiroda\/files\/2022\/10\/Lukasz-Rebeka-1024x768.jpg 1024w, https:\/\/semmelweis.hu\/etkfejlesztoiroda\/files\/2022\/10\/Lukasz-Rebeka-768x576.jpg 768w, https:\/\/semmelweis.hu\/etkfejlesztoiroda\/files\/2022\/10\/Lukasz-Rebeka-1536x1152.jpg 1536w, https:\/\/semmelweis.hu\/etkfejlesztoiroda\/files\/2022\/10\/Lukasz-Rebeka-753x565.jpg 753w, https:\/\/semmelweis.hu\/etkfejlesztoiroda\/files\/2022\/10\/Lukasz-Rebeka.jpg 2048w\" sizes=\"auto, (max-width: 400px) 100vw, 400px\" \/><\/p>\n<p style=\"text-align: right\">K\u00e9sz\u00edtette: \u00c9li\u00e1s Anna<\/p>\n<div class=\"xdj266r x11i5rnm xat24cr x1mh8g0r x1vvkbs x126k92a\">\n<div dir=\"auto\" style=\"text-align: justify\">EL\u0150AD\u00c1ST tartott a Semmelweis Egyetem Eg\u00e9szs\u00e9gtudom\u00e1nyi Kar\u00e1n <span style=\"font-size: 1rem\">Lukasz Rebeka k\u00f6zel 1OO hallgat\u00f3hoz besz\u00e9lt, k\u00f6zt\u00fck v\u00e9d\u0151n\u0151, dietetikus, sz\u00fcl\u00e9szn\u0151, \u00e9s hang-, besz\u00e9d- nyel\u00e9sterapeuta hallgat\u00f3khoz. A c\u00e9l az volt, hogy a leend\u0151 szakemberek k\u00fcl\u00f6nbs\u00e9get tudjanak tenni a v\u00e1logat\u00f3ss\u00e1g \u00e9s az ev\u00e9szavarok k\u00f6z\u00f6tt, fel tudj\u00e1k ismerni azokat a jeleket, amikor erre gondolni kell \u00e9s alapos seg\u00edts\u00e9get adni a csal\u00e1doknak.<\/span><\/div>\n<\/div>\n<div class=\"x11i5rnm xat24cr x1mh8g0r x1vvkbs xtlvy1s x126k92a\">\n<div dir=\"auto\" style=\"text-align: justify\">Az el\u0151ad\u00e1snak h\u00e1la t\u00f6bben kezdt\u00e9k el szakdolgozatukat a gyermekkori ev\u00e9szavarokr\u00f3l \u00edrni, ami k\u00fcl\u00f6n\u00f6sen nagy seg\u00edts\u00e9g lesz a kicsik sz\u00e1m\u00e1ra!<\/div>\n<div dir=\"auto\" style=\"text-align: justify\">A k\u00e9peken az el\u0151ad\u00e1s fontosabb kivonata, di\u00e1k, tal\u00e1ltok mellett\u00fck magyar\u00e1zatokat!<\/div>\n<div dir=\"auto\" style=\"text-align: justify\">Nagyon k\u00f6sz\u00f6nj\u00fck a megoszt\u00e1st, \u00e9s b\u00e1rmely hasonl\u00f3 felk\u00e9r\u00e9snek sz\u00edvesen tesz\u00fcnk eleget, hiszen ez a t\u00e9mak\u00f6r minden 3. gyereket \u00e9rinti, \u00e9s rendk\u00edv\u00fcl fontos!<\/div>\n<div dir=\"auto\"><img loading=\"lazy\" decoding=\"async\" class=\"size-medium wp-image-1119 aligncenter\" src=\"https:\/\/semmelweis.hu\/etkfejlesztoiroda\/files\/2022\/10\/ok-400x226.png\" alt=\"\" width=\"400\" height=\"226\" srcset=\"https:\/\/semmelweis.hu\/etkfejlesztoiroda\/files\/2022\/10\/ok-400x226.png 400w, https:\/\/semmelweis.hu\/etkfejlesztoiroda\/files\/2022\/10\/ok-1024x578.png 1024w, https:\/\/semmelweis.hu\/etkfejlesztoiroda\/files\/2022\/10\/ok-768x433.png 768w, https:\/\/semmelweis.hu\/etkfejlesztoiroda\/files\/2022\/10\/ok-753x425.png 753w, https:\/\/semmelweis.hu\/etkfejlesztoiroda\/files\/2022\/10\/ok.png 1482w\" sizes=\"auto, (max-width: 400px) 100vw, 400px\" \/><img loading=\"lazy\" decoding=\"async\" class=\"size-medium wp-image-1118 aligncenter\" src=\"https:\/\/semmelweis.hu\/etkfejlesztoiroda\/files\/2022\/10\/ygerekek-400x228.png\" alt=\"\" width=\"400\" height=\"228\" srcset=\"https:\/\/semmelweis.hu\/etkfejlesztoiroda\/files\/2022\/10\/ygerekek-400x228.png 400w, https:\/\/semmelweis.hu\/etkfejlesztoiroda\/files\/2022\/10\/ygerekek-1024x584.png 1024w, https:\/\/semmelweis.hu\/etkfejlesztoiroda\/files\/2022\/10\/ygerekek-768x438.png 768w, https:\/\/semmelweis.hu\/etkfejlesztoiroda\/files\/2022\/10\/ygerekek-753x430.png 753w, https:\/\/semmelweis.hu\/etkfejlesztoiroda\/files\/2022\/10\/ygerekek.png 1476w\" sizes=\"auto, (max-width: 400px) 100vw, 400px\" \/><\/div>\n<div dir=\"auto\" style=\"text-align: right\">Forr\u00e1s: Kiskan\u00e1l Kommand\u00f3, Lukasz Rebeka<\/div>\n<div dir=\"auto\" style=\"text-align: justify\">\u00a0<\/div>\n<\/div>\n","protected":false},"excerpt":{"rendered":"<p>A v\u00e1logat\u00f3ss\u00e1gt\u00f3l az ev\u00e9szavarig gyermekkorban &#8211; Mit tehet a szekember? K\u00e9sz\u00edtette: \u00c9li\u00e1s Anna EL\u0150AD\u00c1ST tartott a Semmelweis Egyetem Eg\u00e9szs\u00e9gtudom\u00e1nyi Kar\u00e1n Lukasz Rebeka k\u00f6zel 1OO hallgat\u00f3hoz besz\u00e9lt, k\u00f6zt\u00fck v\u00e9d\u0151n\u0151, dietetikus, sz\u00fcl\u00e9szn\u0151, \u00e9s hang-, besz\u00e9d- nyel\u00e9sterapeuta hallgat\u00f3khoz. A c\u00e9l az volt, hogy a leend\u0151 szakemberek k\u00fcl\u00f6nbs\u00e9get tudjanak tenni a v\u00e1logat\u00f3ss\u00e1g \u00e9s az ev\u00e9szavarok k\u00f6z\u00f6tt, fel tudj\u00e1k ismerni &hellip;<\/p>\n","protected":false},"author":101985,"featured_media":1120,"parent":968,"menu_order":0,"comment_status":"closed","ping_status":"closed","template":"","meta":{"_acf_changed":false,"footnotes":""},"categories":[44],"tags":[],"class_list":["post-1117","page","type-page","status-publish","has-post-thumbnail","hentry","category-szakmai-eloadasok"],"acf":[],"_links":{"self":[{"href":"https:\/\/semmelweis.hu\/etkfejlesztoiroda\/wp-json\/wp\/v2\/pages\/1117","targetHints":{"allow":["GET"]}}],"collection":[{"href":"https:\/\/semmelweis.hu\/etkfejlesztoiroda\/wp-json\/wp\/v2\/pages"}],"about":[{"href":"https:\/\/semmelweis.hu\/etkfejlesztoiroda\/wp-json\/wp\/v2\/types\/page"}],"author":[{"embeddable":true,"href":"https:\/\/semmelweis.hu\/etkfejlesztoiroda\/wp-json\/wp\/v2\/users\/101985"}],"replies":[{"embeddable":true,"href":"https:\/\/semmelweis.hu\/etkfejlesztoiroda\/wp-json\/wp\/v2\/comments?post=1117"}],"version-history":[{"count":2,"href":"https:\/\/semmelweis.hu\/etkfejlesztoiroda\/wp-json\/wp\/v2\/pages\/1117\/revisions"}],"predecessor-version":[{"id":1123,"href":"https:\/\/semmelweis.hu\/etkfejlesztoiroda\/wp-json\/wp\/v2\/pages\/1117\/revisions\/1123"}],"up":[{"embeddable":true,"href":"https:\/\/semmelweis.hu\/etkfejlesztoiroda\/wp-json\/wp\/v2\/pages\/968"}],"wp:featuredmedia":[{"embeddable":true,"href":"https:\/\/semmelweis.hu\/etkfejlesztoiroda\/wp-json\/wp\/v2\/media\/1120"}],"wp:attachment":[{"href":"https:\/\/semmelweis.hu\/etkfejlesztoiroda\/wp-json\/wp\/v2\/media?parent=1117"}],"wp:term":[{"taxonomy":"category","embeddable":true,"href":"https:\/\/semmelweis.hu\/etkfejlesztoiroda\/wp-json\/wp\/v2\/categories?post=1117"},{"taxonomy":"post_tag","embeddable":true,"href":"https:\/\/semmelweis.hu\/etkfejlesztoiroda\/wp-json\/wp\/v2\/tags?post=1117"}],"curies":[{"name":"wp","href":"https:\/\/api.w.org\/{rel}","templated":true}]}}