{"id":1097,"date":"2022-09-07T09:22:16","date_gmt":"2022-09-07T09:22:16","guid":{"rendered":"https:\/\/semmelweis.hu\/etkfejlesztoiroda\/?page_id=1097"},"modified":"2023-08-17T09:24:55","modified_gmt":"2023-08-17T09:24:55","slug":"mecena-tura","status":"publish","type":"page","link":"https:\/\/semmelweis.hu\/etkfejlesztoiroda\/mecena-tura\/","title":{"rendered":"Mecena-t\u00fara"},"content":{"rendered":"<p style=\"text-align: center\"><strong>2023 \u0151sz\u00e9n ism\u00e9t indul\u00f3 szabadon v\u00e1laszthat\u00f3 kurzusunkr\u00f3l b\u0151vebben az al\u00e1bbi bejegyz\u00e9sben olvashattok:<\/strong><\/p>\n<p>&nbsp;<\/p>\n<p><img loading=\"lazy\" decoding=\"async\" class=\"wp-image-1139  aligncenter\" src=\"https:\/\/semmelweis.hu\/etkfejlesztoiroda\/files\/2023\/08\/2_20230814_123839_0001-283x400.png\" alt=\"\" width=\"293\" height=\"414\" srcset=\"https:\/\/semmelweis.hu\/etkfejlesztoiroda\/files\/2023\/08\/2_20230814_123839_0001-283x400.png 283w, https:\/\/semmelweis.hu\/etkfejlesztoiroda\/files\/2023\/08\/2_20230814_123839_0001-724x1024.png 724w, https:\/\/semmelweis.hu\/etkfejlesztoiroda\/files\/2023\/08\/2_20230814_123839_0001-768x1086.png 768w, https:\/\/semmelweis.hu\/etkfejlesztoiroda\/files\/2023\/08\/2_20230814_123839_0001-1086x1536.png 1086w, https:\/\/semmelweis.hu\/etkfejlesztoiroda\/files\/2023\/08\/2_20230814_123839_0001-753x1065.png 753w, https:\/\/semmelweis.hu\/etkfejlesztoiroda\/files\/2023\/08\/2_20230814_123839_0001.png 1414w\" sizes=\"auto, (max-width: 293px) 100vw, 293px\" \/><\/p>\n<p>&nbsp;<\/p>\n<p style=\"text-align: center\"><strong><span style=\"color: #000080\">2023 \u0151sz\u00e9n t\u00f6bb mint 30 alkalomb\u00f3l v\u00e1laszthatnak az ETK g\u00f3ly\u00e1k a MECENAt\u00fara Program keret\u00e9n bel\u00fcl. Kedv szerint v\u00e1laszthat\u00f3 szabad foglalkoz\u00e1sok fej\u00e9ben a kurzusra regisztr\u00e1l\u00f3 hallgat\u00f3k m\u00e9g 1 kreditet is kapnak &#8222;aj\u00e1nd\u00e9kba&#8221;.\u00a0<\/span><\/strong><\/p>\n<p style=\"text-align: justify\"><strong>Els\u0151\u00e9veseknek:<\/strong> A program legfontosabb c\u00e9lja az els\u0151\u00e9ves hallgat\u00f3k kari szocializ\u00e1ci\u00f3j\u00e1nak, beilleszked\u00e9s\u00e9nek, tanulm\u00e1nyi el\u0151menetel\u00e9nek, szakmai p\u00e1lyaorient\u00e1ci\u00f3j\u00e1nak el\u0151seg\u00edt\u00e9se abb\u00f3l a c\u00e9lb\u00f3l, hogy seg\u00edts\u00fck a hallgat\u00f3k bennmarad\u00e1s\u00e1t, illetve hogy a szakmai p\u00e1lyav\u00e1laszt\u00e1sukban meger\u0151s\u00edts\u00fck a hallgat\u00f3t. A beiratkozott I. \u00e9ves hallgat\u00f3k el\u0151zetesen kapnak egy list\u00e1t arr\u00f3l, hogy ennek a v\u00e1laszthat\u00f3 kurzusnak a keret\u00e9ben, adott szemeszterben 1) milyen tematik\u00e1j\u00fa \u00f3r\u00e1kat, 2) mennyi tan\u00f3r\u00e1ban, 3) milyen id\u0151beoszt\u00e1sban (oktat\u00e1si h\u00e9t, nap, \u00f3ra), 4) milyen el\u0151zetes regisztr\u00e1ci\u00f3val tud felvenni. A kurzuson r\u00e9szt vev\u0151 hallgat\u00f3 \u00edgy maga alak\u00edtja ki, hogy a 12 jelenl\u00e9ti tan\u00f3r\u00e1s v\u00e1laszthat\u00f3 kurzus sor\u00e1n milyen foglalkoz\u00e1sokon vesz r\u00e9szt. A hallgat\u00f3 a neptun fel\u00fcleten a kurzuson bel\u00fcl a &#8222;Feladatok&#8221; men\u00fcpont alatt tal\u00e1lja meg azokat a programokat \u00e9s tudja felvenni, amelyeken sz\u00edvesen r\u00e9szt venne.\u00a0<\/p>\n<p style=\"text-align: center\"><strong><span style=\"color: #000080\">A MECENAt\u00fara Program keret\u00e9n bel\u00fcl elindult a fels\u0151bb\u00e9ves kort\u00e1rsoktat\u00f3k \u00e9s kort\u00e1rsseg\u00edt\u0151k k\u00e9pz\u00e9se is. Tetsz\u0151leges form\u00e1ban, ak\u00e1r saj\u00e1t \u00f6tletet hozva lehet\u0151s\u00e9g van seg\u00edteni az els\u0151\u00e9ves hallgat\u00f3kat, melynek fej\u00e9ben m\u00e9g 3 kredit is szerezhet\u0151.<\/span><\/strong><\/p>\n<p style=\"text-align: justify\"><strong>Fels\u0151bb\u00e9veseknek<\/strong>: A kurzus legfontosabb c\u00e9lja felk\u00e9sz\u00edteni a fels\u0151bb\u00e9ves hallgat\u00f3kat a kort\u00e1soktat\u00e1s, kort\u00e1rsseg\u00edt\u00e9s folyamat\u00e1ra olyan form\u00e1n, hogy a kurzus keret\u00e9ben k\u00e9pess\u00e9 v\u00e1ljanak az els\u0151\u00e9ves hallgat\u00f3k kari \u00e9s v\u00e1lasztott hivat\u00e1shoz kapcsol\u00f3d\u00f3 p\u00e1lyaszocializ\u00e1ci\u00f3j\u00e1t, beilleszked\u00e9s\u00e9t vagy tanulm\u00e1nyi el\u0151menetel\u00e9t el\u0151seg\u00edteni.\u00a0<\/p>\n<p><strong>K\u00e9rd\u00e9s eset\u00e9n<\/strong> keress\u00e9tek bizalommal az al\u00e1bbi el\u00e9rhet\u0151s\u00e9geken a program szervez\u0151it:<\/p>\n<p><em>\u00c1ltal\u00e1nos el\u00e9rhet\u0151s\u00e9g:<\/em><\/p>\n<p>etk.mecenatura@semmelweis.hu<\/p>\n<p><em>Feith Helga Judit<\/em> (T\u00e1rsadalomtudom\u00e1nyi Tansz\u00e9k, programvezet\u0151):<\/p>\n<p>feith.helga@semmelweis.hu<\/p>\n<p><em>Qinan Z\u00e1her<\/em> (T\u00e1rsadalomtudom\u00e1nyi Tansz\u00e9k, oktat\u00e1sszervez\u0151):<\/p>\n<p>qinan.zaher@semmelweis.hu<\/p>\n<p><em>Fejleszt\u0151iroda:<\/em><\/p>\n<p>etk.fejlesztoiroda@semmelweis.hu<\/p>\n<p><a href=\"https:\/\/semmelweis.hu\/etk\/az-egeszsegtudomanyi-karrol\/tanulmanyi-osztaly\/\"><em>Tanulm\u00e1nyi Oszt\u00e1ly<\/em><\/a><\/p>\n<p style=\"text-align: center\"><strong>MECENAt\u00fara a Normaf\u00e1n \ud83d\ude42<\/strong><\/p>\n<p><img loading=\"lazy\" decoding=\"async\" class=\"alignnone size-medium wp-image-1115 aligncenter\" src=\"https:\/\/semmelweis.hu\/etkfejlesztoiroda\/files\/2022\/10\/IMG-0129-300x400.jpg\" alt=\"\" width=\"300\" height=\"400\" srcset=\"https:\/\/semmelweis.hu\/etkfejlesztoiroda\/files\/2022\/10\/IMG-0129-300x400.jpg 300w, https:\/\/semmelweis.hu\/etkfejlesztoiroda\/files\/2022\/10\/IMG-0129-768x1024.jpg 768w, https:\/\/semmelweis.hu\/etkfejlesztoiroda\/files\/2022\/10\/IMG-0129-1152x1536.jpg 1152w, https:\/\/semmelweis.hu\/etkfejlesztoiroda\/files\/2022\/10\/IMG-0129-1536x2048.jpg 1536w, https:\/\/semmelweis.hu\/etkfejlesztoiroda\/files\/2022\/10\/IMG-0129-753x1004.jpg 753w, https:\/\/semmelweis.hu\/etkfejlesztoiroda\/files\/2022\/10\/IMG-0129-scaled.jpg 1920w\" sizes=\"auto, (max-width: 300px) 100vw, 300px\" \/><\/p>\n<p style=\"text-align: right\">\u00a0 K\u00e9sz\u00edtette: Feith Helga Judit<\/p>\n<p>&nbsp;<\/p>\n<p>&nbsp;<\/p>\n","protected":false},"excerpt":{"rendered":"<p>2023 \u0151sz\u00e9n ism\u00e9t indul\u00f3 szabadon v\u00e1laszthat\u00f3 kurzusunkr\u00f3l b\u0151vebben az al\u00e1bbi bejegyz\u00e9sben olvashattok: &nbsp; &nbsp; 2023 \u0151sz\u00e9n t\u00f6bb mint 30 alkalomb\u00f3l v\u00e1laszthatnak az ETK g\u00f3ly\u00e1k a MECENAt\u00fara Program keret\u00e9n bel\u00fcl. Kedv szerint v\u00e1laszthat\u00f3 szabad foglalkoz\u00e1sok fej\u00e9ben a kurzusra regisztr\u00e1l\u00f3 hallgat\u00f3k m\u00e9g 1 kreditet is kapnak &#8222;aj\u00e1nd\u00e9kba&#8221;.\u00a0 Els\u0151\u00e9veseknek: A program legfontosabb c\u00e9lja az els\u0151\u00e9ves hallgat\u00f3k kari szocializ\u00e1ci\u00f3j\u00e1nak, &hellip;<\/p>\n","protected":false},"author":101985,"featured_media":1115,"parent":0,"menu_order":0,"comment_status":"closed","ping_status":"closed","template":"","meta":{"_acf_changed":false,"footnotes":""},"categories":[17],"tags":[],"class_list":["post-1097","page","type-page","status-publish","has-post-thumbnail","hentry","category-programajanlo"],"acf":[],"_links":{"self":[{"href":"https:\/\/semmelweis.hu\/etkfejlesztoiroda\/wp-json\/wp\/v2\/pages\/1097","targetHints":{"allow":["GET"]}}],"collection":[{"href":"https:\/\/semmelweis.hu\/etkfejlesztoiroda\/wp-json\/wp\/v2\/pages"}],"about":[{"href":"https:\/\/semmelweis.hu\/etkfejlesztoiroda\/wp-json\/wp\/v2\/types\/page"}],"author":[{"embeddable":true,"href":"https:\/\/semmelweis.hu\/etkfejlesztoiroda\/wp-json\/wp\/v2\/users\/101985"}],"replies":[{"embeddable":true,"href":"https:\/\/semmelweis.hu\/etkfejlesztoiroda\/wp-json\/wp\/v2\/comments?post=1097"}],"version-history":[{"count":10,"href":"https:\/\/semmelweis.hu\/etkfejlesztoiroda\/wp-json\/wp\/v2\/pages\/1097\/revisions"}],"predecessor-version":[{"id":1141,"href":"https:\/\/semmelweis.hu\/etkfejlesztoiroda\/wp-json\/wp\/v2\/pages\/1097\/revisions\/1141"}],"wp:featuredmedia":[{"embeddable":true,"href":"https:\/\/semmelweis.hu\/etkfejlesztoiroda\/wp-json\/wp\/v2\/media\/1115"}],"wp:attachment":[{"href":"https:\/\/semmelweis.hu\/etkfejlesztoiroda\/wp-json\/wp\/v2\/media?parent=1097"}],"wp:term":[{"taxonomy":"category","embeddable":true,"href":"https:\/\/semmelweis.hu\/etkfejlesztoiroda\/wp-json\/wp\/v2\/categories?post=1097"},{"taxonomy":"post_tag","embeddable":true,"href":"https:\/\/semmelweis.hu\/etkfejlesztoiroda\/wp-json\/wp\/v2\/tags?post=1097"}],"curies":[{"name":"wp","href":"https:\/\/api.w.org\/{rel}","templated":true}]}}