{"id":1088,"date":"2022-05-04T09:38:20","date_gmt":"2022-05-04T09:38:20","guid":{"rendered":"https:\/\/semmelweis.hu\/etkfejlesztoiroda\/?page_id=1088"},"modified":"2022-05-04T09:38:20","modified_gmt":"2022-05-04T09:38:20","slug":"en-mi-mindenki-az-onmegvalositas-lehetosegei","status":"publish","type":"page","link":"https:\/\/semmelweis.hu\/etkfejlesztoiroda\/korabbi-programjaink\/en-mi-mindenki-az-onmegvalositas-lehetosegei\/","title":{"rendered":"\u00c9n-Mi-Mindenki-Az \u00f6nmegval\u00f3s\u00edt\u00e1s lehet\u0151s\u00e9gei"},"content":{"rendered":"<p style=\"text-align: center\"><strong>\u00c9n-Mi-Mindenki-Az \u00f6nmegval\u00f3s\u00edt\u00e1s lehet\u0151s\u00e9gei<\/strong><\/p>\n<p style=\"text-align: center\"><img loading=\"lazy\" decoding=\"async\" class=\"alignnone size-medium wp-image-1089\" src=\"https:\/\/semmelweis.hu\/etkfejlesztoiroda\/files\/2022\/05\/IMG_1873-1-400x270.jpg\" alt=\"\" width=\"400\" height=\"270\" srcset=\"https:\/\/semmelweis.hu\/etkfejlesztoiroda\/files\/2022\/05\/IMG_1873-1-400x270.jpg 400w, https:\/\/semmelweis.hu\/etkfejlesztoiroda\/files\/2022\/05\/IMG_1873-1-1024x692.jpg 1024w, https:\/\/semmelweis.hu\/etkfejlesztoiroda\/files\/2022\/05\/IMG_1873-1-768x519.jpg 768w, https:\/\/semmelweis.hu\/etkfejlesztoiroda\/files\/2022\/05\/IMG_1873-1-1536x1037.jpg 1536w, https:\/\/semmelweis.hu\/etkfejlesztoiroda\/files\/2022\/05\/IMG_1873-1-2048x1383.jpg 2048w, https:\/\/semmelweis.hu\/etkfejlesztoiroda\/files\/2022\/05\/IMG_1873-1-753x509.jpg 753w\" sizes=\"auto, (max-width: 400px) 100vw, 400px\" \/><\/p>\n<p>&nbsp;<\/p>\n<p style=\"text-align: justify\">P\u00e1l Feri Atya ment\u00e1lhigi\u00e9n\u00e9s szakember \u00e1prilis 29-\u00e9n, p\u00e9nteken d\u00e9lut\u00e1n el\u0151ad\u00e1st tartott az Eg\u00e9szs\u00e9gtudom\u00e1nyi Karon \u201e\u00c9n-Mi-Mindenki-Az \u00f6nmegval\u00f3s\u00edt\u00e1s lehet\u0151s\u00e9gei\u201d t\u00e9mak\u00f6r\u00e9ben.<\/p>\n<p style=\"text-align: justify\">Az Atya t\u00f6bb mint 20 \u00e9ve tart rendszeresen ment\u00e1lhigi\u00e9n\u00e9s el\u0151ad\u00e1sokat, j\u00e1rja az orsz\u00e1got \u00e9s t\u00f6bb k\u00f6nyvet is \u00edrt. Az el\u0151ad\u00e1st a 2019-ben megjelent \u201eAmi igaz\u00e1n sz\u00e1m\u00edt\u201d c\u00edm\u0171 k\u00f6nyv\u00e9nek egyik fejezet\u00e9b\u0151l kiragadott gondolatokkal tette eml\u00e9kezetess\u00e9 szem\u00e9lyesen az Eg\u00e9szs\u00e9gtudom\u00e1nyi Kar n\u00e9z\u0151k\u00f6z\u00f6ns\u00e9g\u00e9nek.<\/p>\n<p style=\"text-align: justify\"><u>Tanuls\u00e1g, amit \u00e9rdemes haza vinni:<\/u><\/p>\n<p style=\"text-align: justify\">R\u00e1vil\u00e1g\u00edtott az \u00f6nmegval\u00f3s\u00edt\u00e1s k\u00fcl\u00f6nb\u00f6z\u0151 dimenzi\u00f3ira egyedi t\u00f6rt\u00e9neteken, p\u00e9ld\u00e1kon, pszichol\u00f3giai kutat\u00e1sokon kereszt\u00fcl, t\u00f6bbek k\u00f6z\u00f6tt John M. Gottman pszichol\u00f3gus n\u00e9zeteit is ismertetve. Napjainkban sokan f\u00e9lre\u00e9rtelmezik az \u00f6nmegval\u00f3s\u00edt\u00e1s fogalm\u00e1t \u00e9s \u00f6nz\u0151 c\u00e9lokkal azonos\u00edtj\u00e1k, val\u00f3j\u00e1ban ez nem err\u0151l sz\u00f3l. Az emp\u00e1tia, egy\u00fctt\u00e9rz\u00e9s, elfogad\u00e1s \u00e9s \u00f6n\u00e1tad\u00e1s mind olyan t\u00e1rsas kapcsol\u00f3d\u00e1si pont, amely a val\u00f3di \u00f6nmegval\u00f3s\u00edt\u00e1shoz vezet. Ezen fel\u00fcl a Cs\u00edkszentmih\u00e1lyi Mih\u00e1ly nev\u00e9hez f\u0171z\u0151d\u0151 Flow \u00e9lmenyek megtal\u00e1l\u00e1sa is hozz\u00e1j\u00e1rul a kiteljesed\u00e9shez.<\/p>\n","protected":false},"excerpt":{"rendered":"<p>\u00c9n-Mi-Mindenki-Az \u00f6nmegval\u00f3s\u00edt\u00e1s lehet\u0151s\u00e9gei &nbsp; P\u00e1l Feri Atya ment\u00e1lhigi\u00e9n\u00e9s szakember \u00e1prilis 29-\u00e9n, p\u00e9nteken d\u00e9lut\u00e1n el\u0151ad\u00e1st tartott az Eg\u00e9szs\u00e9gtudom\u00e1nyi Karon \u201e\u00c9n-Mi-Mindenki-Az \u00f6nmegval\u00f3s\u00edt\u00e1s lehet\u0151s\u00e9gei\u201d t\u00e9mak\u00f6r\u00e9ben. Az Atya t\u00f6bb mint 20 \u00e9ve tart rendszeresen ment\u00e1lhigi\u00e9n\u00e9s el\u0151ad\u00e1sokat, j\u00e1rja az orsz\u00e1got \u00e9s t\u00f6bb k\u00f6nyvet is \u00edrt. Az el\u0151ad\u00e1st a 2019-ben megjelent \u201eAmi igaz\u00e1n sz\u00e1m\u00edt\u201d c\u00edm\u0171 k\u00f6nyv\u00e9nek egyik fejezet\u00e9b\u0151l kiragadott gondolatokkal tette &hellip;<\/p>\n","protected":false},"author":101985,"featured_media":1091,"parent":949,"menu_order":0,"comment_status":"closed","ping_status":"closed","template":"","meta":{"_acf_changed":false,"footnotes":""},"categories":[17],"tags":[],"class_list":["post-1088","page","type-page","status-publish","has-post-thumbnail","hentry","category-programajanlo"],"acf":[],"_links":{"self":[{"href":"https:\/\/semmelweis.hu\/etkfejlesztoiroda\/wp-json\/wp\/v2\/pages\/1088","targetHints":{"allow":["GET"]}}],"collection":[{"href":"https:\/\/semmelweis.hu\/etkfejlesztoiroda\/wp-json\/wp\/v2\/pages"}],"about":[{"href":"https:\/\/semmelweis.hu\/etkfejlesztoiroda\/wp-json\/wp\/v2\/types\/page"}],"author":[{"embeddable":true,"href":"https:\/\/semmelweis.hu\/etkfejlesztoiroda\/wp-json\/wp\/v2\/users\/101985"}],"replies":[{"embeddable":true,"href":"https:\/\/semmelweis.hu\/etkfejlesztoiroda\/wp-json\/wp\/v2\/comments?post=1088"}],"version-history":[{"count":1,"href":"https:\/\/semmelweis.hu\/etkfejlesztoiroda\/wp-json\/wp\/v2\/pages\/1088\/revisions"}],"predecessor-version":[{"id":1092,"href":"https:\/\/semmelweis.hu\/etkfejlesztoiroda\/wp-json\/wp\/v2\/pages\/1088\/revisions\/1092"}],"up":[{"embeddable":true,"href":"https:\/\/semmelweis.hu\/etkfejlesztoiroda\/wp-json\/wp\/v2\/pages\/949"}],"wp:featuredmedia":[{"embeddable":true,"href":"https:\/\/semmelweis.hu\/etkfejlesztoiroda\/wp-json\/wp\/v2\/media\/1091"}],"wp:attachment":[{"href":"https:\/\/semmelweis.hu\/etkfejlesztoiroda\/wp-json\/wp\/v2\/media?parent=1088"}],"wp:term":[{"taxonomy":"category","embeddable":true,"href":"https:\/\/semmelweis.hu\/etkfejlesztoiroda\/wp-json\/wp\/v2\/categories?post=1088"},{"taxonomy":"post_tag","embeddable":true,"href":"https:\/\/semmelweis.hu\/etkfejlesztoiroda\/wp-json\/wp\/v2\/tags?post=1088"}],"curies":[{"name":"wp","href":"https:\/\/api.w.org\/{rel}","templated":true}]}}