{"id":1084,"date":"2022-04-04T11:11:22","date_gmt":"2022-04-04T11:11:22","guid":{"rendered":"https:\/\/semmelweis.hu\/etkfejlesztoiroda\/?page_id=1084"},"modified":"2022-04-04T11:11:32","modified_gmt":"2022-04-04T11:11:32","slug":"muveszetterapia-osszefoglalo","status":"publish","type":"page","link":"https:\/\/semmelweis.hu\/etkfejlesztoiroda\/korabbi-programjaink\/muveszetterapia-osszefoglalo\/","title":{"rendered":"M\u0171v\u00e9szetter\u00e1pia \u00f6sszefoglal\u00f3"},"content":{"rendered":"<p><img loading=\"lazy\" decoding=\"async\" class=\"size-medium wp-image-1085 aligncenter\" src=\"https:\/\/semmelweis.hu\/etkfejlesztoiroda\/files\/2022\/04\/1.-alkalom-muveszetterapia-400x152.jpg\" alt=\"\" width=\"400\" height=\"152\" srcset=\"https:\/\/semmelweis.hu\/etkfejlesztoiroda\/files\/2022\/04\/1.-alkalom-muveszetterapia-400x152.jpg 400w, https:\/\/semmelweis.hu\/etkfejlesztoiroda\/files\/2022\/04\/1.-alkalom-muveszetterapia-1024x389.jpg 1024w, https:\/\/semmelweis.hu\/etkfejlesztoiroda\/files\/2022\/04\/1.-alkalom-muveszetterapia-768x292.jpg 768w, https:\/\/semmelweis.hu\/etkfejlesztoiroda\/files\/2022\/04\/1.-alkalom-muveszetterapia-1536x583.jpg 1536w, https:\/\/semmelweis.hu\/etkfejlesztoiroda\/files\/2022\/04\/1.-alkalom-muveszetterapia-2048x778.jpg 2048w, https:\/\/semmelweis.hu\/etkfejlesztoiroda\/files\/2022\/04\/1.-alkalom-muveszetterapia-753x286.jpg 753w\" sizes=\"auto, (max-width: 400px) 100vw, 400px\" \/>\u00a0<\/p>\n<p>A m\u0171v\u00e9szetter\u00e1pia az 1900-as \u00e9vekt\u0151l indult \u00e9s k\u00f3rh\u00e1zhoz kapcsol\u00f3dott els\u0151sorban. Ma m\u00e1r sz\u00e1mtalan m\u00e1s \u00e1gazat is haszn\u00e1lja a pszichol\u00f3gi\u00e1n \u00e9s az eg\u00e9szs\u00e9g\u00fcgy\u00f6n k\u00edv\u00fcl eml\u00edt\u00e9sre m\u00e9lt\u00f3 a pedag\u00f3gia, gy\u00f3gypedag\u00f3gia, sz\u00ednm\u0171v\u00e9szet egyar\u00e1nt. Nem kell messzire menn\u00fcnk, ahhoz, hogy l\u00e1ssuk p\u00e9ld\u00e1ul N\u00e9metorsz\u00e1gban, hogyan seg\u00edti a beteg lelki j\u00f3ll\u00e9t\u00e9t a gy\u00f3gyszeres ter\u00e1pia mellett ez a m\u00f3dszer.<\/p>\n<p>Tavasszal, m\u00e1rciusban k\u00e9t alkalommal rendezt\u00fck meg d\u00e9lut\u00e1ni M\u0171v\u00e9szetter\u00e1pia m\u0171hely\u00fcnket, ahol a hallgat\u00f3knak lehet\u0151s\u00e9g\u00fck ny\u00edlt betekint\u00e9st nyerni e tudom\u00e1nyba. Az interakt\u00edv foglalkoz\u00e1s sor\u00e1n a m\u00f3dszerek ismeret\u00e9vel, megtapasztalhatt\u00e1k a r\u00e9sztvev\u0151k az \u00f6nismereti munk\u00e1t \u00e9s, hogy hogyan tudj\u00e1k ezt kifejezni a m\u0171v\u00e9szet eszk\u00f6zeivel. Az intermod\u00e1lis m\u0171v\u00e9szetter\u00e1pia technik\u00e1i (k\u00f6lt\u00e9szet, fest\u00e9szet, t\u00e1nc, zene, dr\u00e1ma) hasznosak lehetnek a seg\u00edt\u0151 szakmai \u00e9let\u00fatjukon is. Gyakorlati p\u00e9ld\u00e1val esetismertet\u00e9ssel megl\u00e1thatt\u00e1k, milyen \u00f6sszetett is lehet egy probl\u00e9ma h\u00e1ttere. A holisztikus gy\u00f3gy\u00edt\u00e1s n\u00e9z\u0151pontj\u00e1val azonosul\u00f3 seg\u00edt\u0151k meger\u0151s\u00edt\u00e9st kaphattak a komplex ter\u00e1pia l\u00e9nyeg\u00e9re.<\/p>\n<p style=\"text-align: center\">\u201eA m\u0171v\u00e9szet c\u00e9lja nem a dolgok k\u00fclsej\u00e9nek, hanem a bels\u0151 jelent\u00e9s\u00fcknek \u00e1br\u00e1zol\u00e1sa\u201d<\/p>\n<p style=\"text-align: center\">(Arisztotel\u00e9sz)<\/p>\n<p><img loading=\"lazy\" decoding=\"async\" class=\"size-medium wp-image-1086 aligncenter\" src=\"https:\/\/semmelweis.hu\/etkfejlesztoiroda\/files\/2022\/04\/IMG_1676-400x213.jpg\" alt=\"\" width=\"400\" height=\"213\" srcset=\"https:\/\/semmelweis.hu\/etkfejlesztoiroda\/files\/2022\/04\/IMG_1676-400x213.jpg 400w, https:\/\/semmelweis.hu\/etkfejlesztoiroda\/files\/2022\/04\/IMG_1676-1024x546.jpg 1024w, https:\/\/semmelweis.hu\/etkfejlesztoiroda\/files\/2022\/04\/IMG_1676-768x409.jpg 768w, https:\/\/semmelweis.hu\/etkfejlesztoiroda\/files\/2022\/04\/IMG_1676-1536x819.jpg 1536w, https:\/\/semmelweis.hu\/etkfejlesztoiroda\/files\/2022\/04\/IMG_1676-2048x1091.jpg 2048w, https:\/\/semmelweis.hu\/etkfejlesztoiroda\/files\/2022\/04\/IMG_1676-753x401.jpg 753w\" sizes=\"auto, (max-width: 400px) 100vw, 400px\" \/><\/p>\n<p>&nbsp;<\/p>\n","protected":false},"excerpt":{"rendered":"<p>\u00a0 A m\u0171v\u00e9szetter\u00e1pia az 1900-as \u00e9vekt\u0151l indult \u00e9s k\u00f3rh\u00e1zhoz kapcsol\u00f3dott els\u0151sorban. Ma m\u00e1r sz\u00e1mtalan m\u00e1s \u00e1gazat is haszn\u00e1lja a pszichol\u00f3gi\u00e1n \u00e9s az eg\u00e9szs\u00e9g\u00fcgy\u00f6n k\u00edv\u00fcl eml\u00edt\u00e9sre m\u00e9lt\u00f3 a pedag\u00f3gia, gy\u00f3gypedag\u00f3gia, sz\u00ednm\u0171v\u00e9szet egyar\u00e1nt. Nem kell messzire menn\u00fcnk, ahhoz, hogy l\u00e1ssuk p\u00e9ld\u00e1ul N\u00e9metorsz\u00e1gban, hogyan seg\u00edti a beteg lelki j\u00f3ll\u00e9t\u00e9t a gy\u00f3gyszeres ter\u00e1pia mellett ez a m\u00f3dszer. Tavasszal, m\u00e1rciusban &hellip;<\/p>\n","protected":false},"author":101985,"featured_media":1085,"parent":949,"menu_order":0,"comment_status":"closed","ping_status":"closed","template":"","meta":{"_acf_changed":false,"footnotes":""},"categories":[17],"tags":[],"class_list":["post-1084","page","type-page","status-publish","has-post-thumbnail","hentry","category-programajanlo"],"acf":[],"_links":{"self":[{"href":"https:\/\/semmelweis.hu\/etkfejlesztoiroda\/wp-json\/wp\/v2\/pages\/1084","targetHints":{"allow":["GET"]}}],"collection":[{"href":"https:\/\/semmelweis.hu\/etkfejlesztoiroda\/wp-json\/wp\/v2\/pages"}],"about":[{"href":"https:\/\/semmelweis.hu\/etkfejlesztoiroda\/wp-json\/wp\/v2\/types\/page"}],"author":[{"embeddable":true,"href":"https:\/\/semmelweis.hu\/etkfejlesztoiroda\/wp-json\/wp\/v2\/users\/101985"}],"replies":[{"embeddable":true,"href":"https:\/\/semmelweis.hu\/etkfejlesztoiroda\/wp-json\/wp\/v2\/comments?post=1084"}],"version-history":[{"count":1,"href":"https:\/\/semmelweis.hu\/etkfejlesztoiroda\/wp-json\/wp\/v2\/pages\/1084\/revisions"}],"predecessor-version":[{"id":1087,"href":"https:\/\/semmelweis.hu\/etkfejlesztoiroda\/wp-json\/wp\/v2\/pages\/1084\/revisions\/1087"}],"up":[{"embeddable":true,"href":"https:\/\/semmelweis.hu\/etkfejlesztoiroda\/wp-json\/wp\/v2\/pages\/949"}],"wp:featuredmedia":[{"embeddable":true,"href":"https:\/\/semmelweis.hu\/etkfejlesztoiroda\/wp-json\/wp\/v2\/media\/1085"}],"wp:attachment":[{"href":"https:\/\/semmelweis.hu\/etkfejlesztoiroda\/wp-json\/wp\/v2\/media?parent=1084"}],"wp:term":[{"taxonomy":"category","embeddable":true,"href":"https:\/\/semmelweis.hu\/etkfejlesztoiroda\/wp-json\/wp\/v2\/categories?post=1084"},{"taxonomy":"post_tag","embeddable":true,"href":"https:\/\/semmelweis.hu\/etkfejlesztoiroda\/wp-json\/wp\/v2\/tags?post=1084"}],"curies":[{"name":"wp","href":"https:\/\/api.w.org\/{rel}","templated":true}]}}