{"id":1074,"date":"2022-03-16T11:01:35","date_gmt":"2022-03-16T11:01:35","guid":{"rendered":"https:\/\/semmelweis.hu\/etkfejlesztoiroda\/?page_id=1074"},"modified":"2022-03-16T11:04:07","modified_gmt":"2022-03-16T11:04:07","slug":"vizualis-alkotas-es-onkifejezes-muhely-resztvevoi-beszamolo","status":"publish","type":"page","link":"https:\/\/semmelweis.hu\/etkfejlesztoiroda\/korabbi-programjaink\/vizualis-alkotas-es-onkifejezes-muhely-resztvevoi-beszamolo\/","title":{"rendered":"Vizu\u00e1lis Alkot\u00e1s \u00e9s \u00d6nkifejez\u00e9s M\u0171hely &#8211; R\u00e9sztvev\u0151i besz\u00e1mol\u00f3"},"content":{"rendered":"<p>2021. \u0151szi f\u00e9l\u00e9v\u00e9ben a h\u00e1rom alkalmas kurzuson a vizu\u00e1lis alkot\u00e1s k\u00fcl\u00f6nb\u00f6z\u0151 \u00fatjait j\u00e1rtuk be, ahol nem csak \u00faj \u00e9s frapp\u00e1ns, hanem siker\u00e9lm\u00e9nyt ny\u00fajt\u00f3 alkot\u00f3i technik\u00e1kat is kipr\u00f3b\u00e1lhattunk, megismerhett\u00fcnk. Mindek\u00f6zben \u00f6nismereti szinten is sz\u00e1mos \u00faj \u00e9lm\u00e9nnyel gazdagodtunk: felmer\u00fcltek azok a k\u00e9rd\u00e9sek, hogy el\u00e9gedettek vagyunk -e az alkot\u00e1sainkkal az, hogy hasonl\u00edtjuk-e alkot\u00e1sunk, m\u00e1sok alkot\u00e1saival, vagy az, hogy hogyan \u00e9rezt\u00fck magunkat alkot\u00e1s el\u0151tt, k\u00f6zben \u00e9s ut\u00e1n\u2026<\/p>\n<p>&nbsp;<\/p>\n<p>Dr. Tam\u00e1s Katalin (ELTE B\u00e1rczi Guszt\u00e1v Gy\u00f3gypedag\u00f3giai Kar\u00e1r\u00f3l \u00e9rkez\u0151 kurzusvezet\u0151) minden alkalom elej\u00e9n feltette azt a k\u00e9rd\u00e9st is, hogy \u201cmilyen \u00e9rz\u00e9sekkel, \u201celv\u00e1r\u00e1sokkal \u00e9rkezt\u00fcnk\u201d. Az alkalom v\u00e9g\u00e9n megn\u00e9zt\u00fck az alkot\u00e1sokat k\u00f6z\u00f6sen \u00e9s megbesz\u00e9lt\u00fck, hogy ki milyen \u00e9lm\u00e9nnyel, megfigyel\u00e9ssel t\u00e9r haza.<\/p>\n<p><img loading=\"lazy\" decoding=\"async\" class=\"size-medium wp-image-1075 aligncenter\" src=\"https:\/\/semmelweis.hu\/etkfejlesztoiroda\/files\/2022\/03\/vizualis-alkotas-322x400.png\" alt=\"\" width=\"322\" height=\"400\" srcset=\"https:\/\/semmelweis.hu\/etkfejlesztoiroda\/files\/2022\/03\/vizualis-alkotas-322x400.png 322w, https:\/\/semmelweis.hu\/etkfejlesztoiroda\/files\/2022\/03\/vizualis-alkotas.png 539w\" sizes=\"auto, (max-width: 322px) 100vw, 322px\" \/><\/p>\n<p>Minden alkalmon nagyon izgalmas alkot\u00e1sok sz\u00fclettek. Volt olyan feladat, amikor a vizu\u00e1lis alkot\u00e1s k\u00f6zben zenei \u00e9lm\u00e9nyben is r\u00e9sz\u00fcnk lehetett, \u00edgy a zene hat\u00e1sa is megjelent a m\u0171veken.<\/p>\n<p>&nbsp;<\/p>\n<p><em>R.: \u201cSz\u00e1momra p\u00e9ld\u00e1ul a legizgalmasabb feladat az volt, amikor az eg\u00e9sz lapot befedt\u00fcnk tap\u00e9taragaszt\u00f3val, majd abba vihett\u00fck bele a sz\u00ednes fest\u00e9ket, m\u00e9ghozz\u00e1 k\u00e9zzel. \u00cdgy a sz\u00ednek egybe olvad\u00e1sait k\u00e9zzel ir\u00e1ny\u00edthattunk, ez a technika nem csak taktikilis \u00e9lm\u00e9nyt ny\u00fajtott, hanem a szabad alkot\u00e1s \u00e9rz\u00e9s\u00e9t is fokozta. \u201c<\/em><\/p>\n<p><em>\u00a0<\/em><\/p>\n<p><em>V.: \u201c<\/em><em>F\u00e9lve kezdtem el az els\u0151 fest\u0151 gyakorlatot, ahol a saj\u00e1t kezemet kellett haszn\u00e1lnom a hideg ragaszt\u00f3val bekent pap\u00edr v\u00e1sznon. Ahogyan a zene sz\u00f3lt a fest\u00e9s alatt, \u00fagy tudta feloldani az elv\u00e1r\u00e1saimat magam fel\u00e9 \u00e9s a k\u00e9sz\u00fclt k\u00e9p ir\u00e1ny\u00e1ba. Az idegen \u00e9rz\u00e9s lek\u00fczd\u00e9se ut\u00e1n a fest\u00e9sem egy \u00faj dimenzi\u00f3ba ker\u00fclt, az id\u0151t nem \u00e9rz\u00e9kelve. Egy m\u00e1sik kedvenc feladatom volt, ahol egy grafika kezdem\u00e9nyt, r\u00e9szletet kaptunk \u00e9s szint\u00e9n a saj\u00e1t fant\u00e1zi\u00e1nkkal fejezhett\u00fck be fest\u00e9kkel, majd \u00f6sszehasonl\u00edtva a fest\u0151k m\u0171v\u00e9vel megl\u00e1thattuk mennyire j\u00e1rtunk k\u00f6zel a fest\u0151 st\u00edlus\u00e1hoz, vagy \u00e9ppen a mi\u00e9nk lehetne az eredeti? Egyfajta letisztults\u00e1got kaptam a gondolataimba, egy bels\u0151 odafigyel\u00e9st, \u00e9n id\u0151t \u00e9s mindek\u00f6zben egy csoport\u00e9lm\u00e9nyt, ahol betekinthett\u00fcnk a fest\u00e9s kult\u00far\u00e1j\u00e1ba \u00e9s \u00fajat tanulhattunk.\u201d<\/em><\/p>\n<p>&nbsp;<\/p>\n<p>A h\u00e1rom alkalom egy\u00e9bk\u00e9nt nem \u00e9p\u00fclt egym\u00e1sra, \u00edgy a kar hallgat\u00f3i k\u00f6z\u00fcl t\u00f6bben is bele tudtak k\u00f3stolni a vizu\u00e1lis alkot\u00e1s rejtelmeibe, ahol egyszer sem sz\u00e1m\u00edtott ki mennyire \u00e9rzi mag\u00e1t profinak, mert minden alkalmon olyan feladatok ker\u00fcltek ter\u00edt\u00e9kre amikben mindenki ki tudott teljesedni \u00e9s amik mindenki sz\u00e1m\u00e1ra siker\u00e9lm\u00e9nyt ny\u00fajtottak.<\/p>\n<p>&nbsp;<\/p>\n<p>2022-ben Dr. Klein Izabella vezet\u00e9s\u00e9vel szervez\u00fcnk hasonl\u00f3 m\u0171v\u00e9szetter\u00e1pi\u00e1s lehet\u0151s\u00e9gekbe betekint\u0151 m\u0171helyfoglalkoz\u00e1sokat.<\/p>\n","protected":false},"excerpt":{"rendered":"<p>2021. \u0151szi f\u00e9l\u00e9v\u00e9ben a h\u00e1rom alkalmas kurzuson a vizu\u00e1lis alkot\u00e1s k\u00fcl\u00f6nb\u00f6z\u0151 \u00fatjait j\u00e1rtuk be, ahol nem csak \u00faj \u00e9s frapp\u00e1ns, hanem siker\u00e9lm\u00e9nyt ny\u00fajt\u00f3 alkot\u00f3i technik\u00e1kat is kipr\u00f3b\u00e1lhattunk, megismerhett\u00fcnk. Mindek\u00f6zben \u00f6nismereti szinten is sz\u00e1mos \u00faj \u00e9lm\u00e9nnyel gazdagodtunk: felmer\u00fcltek azok a k\u00e9rd\u00e9sek, hogy el\u00e9gedettek vagyunk -e az alkot\u00e1sainkkal az, hogy hasonl\u00edtjuk-e alkot\u00e1sunk, m\u00e1sok alkot\u00e1saival, vagy az, hogy &hellip;<\/p>\n","protected":false},"author":101985,"featured_media":1075,"parent":949,"menu_order":0,"comment_status":"closed","ping_status":"closed","template":"","meta":{"_acf_changed":false,"footnotes":""},"categories":[17],"tags":[],"class_list":["post-1074","page","type-page","status-publish","has-post-thumbnail","hentry","category-programajanlo"],"acf":[],"_links":{"self":[{"href":"https:\/\/semmelweis.hu\/etkfejlesztoiroda\/wp-json\/wp\/v2\/pages\/1074","targetHints":{"allow":["GET"]}}],"collection":[{"href":"https:\/\/semmelweis.hu\/etkfejlesztoiroda\/wp-json\/wp\/v2\/pages"}],"about":[{"href":"https:\/\/semmelweis.hu\/etkfejlesztoiroda\/wp-json\/wp\/v2\/types\/page"}],"author":[{"embeddable":true,"href":"https:\/\/semmelweis.hu\/etkfejlesztoiroda\/wp-json\/wp\/v2\/users\/101985"}],"replies":[{"embeddable":true,"href":"https:\/\/semmelweis.hu\/etkfejlesztoiroda\/wp-json\/wp\/v2\/comments?post=1074"}],"version-history":[{"count":3,"href":"https:\/\/semmelweis.hu\/etkfejlesztoiroda\/wp-json\/wp\/v2\/pages\/1074\/revisions"}],"predecessor-version":[{"id":1078,"href":"https:\/\/semmelweis.hu\/etkfejlesztoiroda\/wp-json\/wp\/v2\/pages\/1074\/revisions\/1078"}],"up":[{"embeddable":true,"href":"https:\/\/semmelweis.hu\/etkfejlesztoiroda\/wp-json\/wp\/v2\/pages\/949"}],"wp:featuredmedia":[{"embeddable":true,"href":"https:\/\/semmelweis.hu\/etkfejlesztoiroda\/wp-json\/wp\/v2\/media\/1075"}],"wp:attachment":[{"href":"https:\/\/semmelweis.hu\/etkfejlesztoiroda\/wp-json\/wp\/v2\/media?parent=1074"}],"wp:term":[{"taxonomy":"category","embeddable":true,"href":"https:\/\/semmelweis.hu\/etkfejlesztoiroda\/wp-json\/wp\/v2\/categories?post=1074"},{"taxonomy":"post_tag","embeddable":true,"href":"https:\/\/semmelweis.hu\/etkfejlesztoiroda\/wp-json\/wp\/v2\/tags?post=1074"}],"curies":[{"name":"wp","href":"https:\/\/api.w.org\/{rel}","templated":true}]}}