{"id":1051,"date":"2022-02-09T13:25:32","date_gmt":"2022-02-09T13:25:32","guid":{"rendered":"https:\/\/semmelweis.hu\/etkfejlesztoiroda\/?page_id=1051"},"modified":"2022-02-09T13:34:03","modified_gmt":"2022-02-09T13:34:03","slug":"mi-van-ha-te-is-erintett-vagy","status":"publish","type":"page","link":"https:\/\/semmelweis.hu\/etkfejlesztoiroda\/szakmai-eloadasok\/mi-van-ha-te-is-erintett-vagy\/","title":{"rendered":"Mi van, ha Te is \u00e9rintett vagy?"},"content":{"rendered":"<p style=\"text-align: center\">El\u0151ad\u00e1s \u00e9s besz\u00e9lget\u00e9s a HPV-r\u0151l megel\u0151z\u00e9sr\u0151l, sz\u0171r\u00e9sekr\u0151l \u2013 Besz\u00e1mol\u00f3<\/p>\n<p><img loading=\"lazy\" decoding=\"async\" class=\"size-medium wp-image-1043 aligncenter\" src=\"https:\/\/semmelweis.hu\/etkfejlesztoiroda\/files\/2022\/02\/hpvkep2-400x300.jpg\" alt=\"\" width=\"400\" height=\"300\" srcset=\"https:\/\/semmelweis.hu\/etkfejlesztoiroda\/files\/2022\/02\/hpvkep2-400x300.jpg 400w, https:\/\/semmelweis.hu\/etkfejlesztoiroda\/files\/2022\/02\/hpvkep2-768x576.jpg 768w, https:\/\/semmelweis.hu\/etkfejlesztoiroda\/files\/2022\/02\/hpvkep2-753x565.jpg 753w, https:\/\/semmelweis.hu\/etkfejlesztoiroda\/files\/2022\/02\/hpvkep2.jpg 960w\" sizes=\"auto, (max-width: 400px) 100vw, 400px\" \/><\/p>\n<ol start=\"2022\">\n<li>febru\u00e1r els\u0151 het\u00e9ben az Eg\u00e9szs\u00e9gtudom\u00e1nyi Kar hallgat\u00f3i sz\u00e1m\u00e1ra megval\u00f3sult egy hi\u00e1nyp\u00f3tl\u00f3 program: el\u0151ad\u00e1s \u00e9s besz\u00e9lget\u00e9s egy sokakat \u00e9rint\u0151, \u00e1m keveset emlegetett t\u00e9m\u00e1r\u00f3l, a HPV-r\u0151l.\u00a0 A program aprop\u00f3j\u00e1t er\u0151s\u00edtette az, hogy minden \u00e9v janu\u00e1r harmadik hete az Eur\u00f3pai M\u00e9hnyakr\u00e1k Megel\u0151z\u00e9si H\u00e9t, \u00edgy ehhez csatlakozva a vizsgaid\u0151szak ut\u00e1nra szervezt\u00fck az alkalmat, hogy min\u00e9l t\u00f6bb hallgat\u00f3 el tudjon j\u00f6nni.<\/li>\n<\/ol>\n<p>Kezd\u00e9sk\u00e9pp minden r\u00e9sztvev\u0151 felt\u0171zhetett mag\u00e1nak egy kiv\u00e1lasztott horgolt m\u00e1lyvavir\u00e1got. A programon 25 lelkes hallgat\u00f3 vett r\u00e9szt, akik hasznos hozz\u00e1sz\u00f3l\u00e1sokkal is gazdag\u00edtott\u00e1k az alkalmat. A m\u00e1lyvavir\u00e1g kit\u0171z\u0151 \u00e9s a r\u00f3zsasz\u00edn p\u00f3l\u00f3 is fontos \u00fczenetet hordozott: \u201ea m\u00e9hnyakr\u00e1kos n\u0151k gy\u00f3gyul\u00e1s\u00e1\u00e9rt \u00e9s a megel\u0151z\u00e9s\u00e9rt\u201d sz\u00f3laltunk fel szimb\u00f3likusan.<\/p>\n<p>Az elm\u00e9leti bevezet\u0151vel folytattuk a programot, a t\u00e9m\u00e1kat a legfrissebb szakmai aj\u00e1nl\u00e1sok \u00e9s eredm\u00e9nyek szintj\u00e9n j\u00e1rta k\u00f6r\u00fcl az el\u0151ad\u00f3 Dr. Fogarasi-Grenczer Andrea.\u00a0\u00a0<\/p>\n<ul>\n<li>A Hum\u00e1n Papill\u00f3mav\u00edrusr\u00f3l r\u00f6viden<\/li>\n<li>A HPV fert\u0151z\u00e9s saj\u00e1toss\u00e1gai<\/li>\n<li>Mit kezdj\u00fcnk az eredm\u00e9nnyel? Kell-e v\u00e1ltoztatnom valamin?<\/li>\n<li>Mi van a sz\u00e1j\u00fcreggel-garattal? Ott is megtelepedhet a v\u00edrus?<\/li>\n<li>Mi\u00e9rt kell sz\u0171r\u0151vizsg\u00e1latra j\u00e1rni?<\/li>\n<li>Szexualit\u00e1s \u00e9s intim higi\u00e9ne, megel\u0151z\u00e9s<\/li>\n<li>M\u00e1lyvavir\u00e1g Alap\u00edtv\u00e1ny m\u0171k\u00f6d\u00e9se<\/li>\n<\/ul>\n<p>Az el\u0151ad\u00e1s k\u00f6zben \u00e9s ut\u00e1n mindenki f\u0171zhetett gy\u00f6ngy\u00f6kb\u0151l kark\u00f6t\u0151ket, daganatban \u00e9rintett h\u00f6lgyek sz\u00e1m\u00e1ra, hogy megaj\u00e1nd\u00e9kozhassunk \u0150t a rem\u00e9ny gy\u00f6ngyeivel.<\/p>\n<p>A programon val\u00f3 r\u00e9szv\u00e9telnek k\u00f6sz\u00f6nhet\u0151en a hallgat\u00f3k M\u00e1lyvavir\u00e1g Nagyk\u00f6vett\u00e9 v\u00e1ltak, \u00edgy a m\u00e9hnyakr\u00e1k megel\u0151z\u00e9s\u00e9ben fontos szerepet t\u00f6lhetnek be a j\u00f6v\u0151ben, tov\u00e1bbadhatj\u00e1k a HPV elleni v\u00e9d\u0151olt\u00e1sr\u00f3l \u00e9s a rendszeres sz\u0171r\u0151vizsg\u00e1latok fontoss\u00e1g\u00e1r\u00f3l tanultakat.<\/p>\n<p>A visszajelz\u00e9sek alapj\u00e1n mindenki nagyon j\u00f3l \u00e9rezte mag\u00e1t, \u00e9s sok hasznos tud\u00e1ssal b\u0151v\u00edtette j\u00f6v\u0151beli eg\u00e9szs\u00e9g\u00fcgyi szakdolgoz\u00f3i kompetenci\u00e1it.<\/p>\n<p><img loading=\"lazy\" decoding=\"async\" class=\"size-medium wp-image-1042 aligncenter\" src=\"https:\/\/semmelweis.hu\/etkfejlesztoiroda\/files\/2022\/02\/hpvkep3-300x400.jpg\" alt=\"\" width=\"300\" height=\"400\" srcset=\"https:\/\/semmelweis.hu\/etkfejlesztoiroda\/files\/2022\/02\/hpvkep3-300x400.jpg 300w, https:\/\/semmelweis.hu\/etkfejlesztoiroda\/files\/2022\/02\/hpvkep3.jpg 720w\" sizes=\"auto, (max-width: 300px) 100vw, 300px\" \/><\/p>\n<p>&nbsp;<\/p>\n","protected":false},"excerpt":{"rendered":"<p>El\u0151ad\u00e1s \u00e9s besz\u00e9lget\u00e9s a HPV-r\u0151l megel\u0151z\u00e9sr\u0151l, sz\u0171r\u00e9sekr\u0151l \u2013 Besz\u00e1mol\u00f3 febru\u00e1r els\u0151 het\u00e9ben az Eg\u00e9szs\u00e9gtudom\u00e1nyi Kar hallgat\u00f3i sz\u00e1m\u00e1ra megval\u00f3sult egy hi\u00e1nyp\u00f3tl\u00f3 program: el\u0151ad\u00e1s \u00e9s besz\u00e9lget\u00e9s egy sokakat \u00e9rint\u0151, \u00e1m keveset emlegetett t\u00e9m\u00e1r\u00f3l, a HPV-r\u0151l.\u00a0 A program aprop\u00f3j\u00e1t er\u0151s\u00edtette az, hogy minden \u00e9v janu\u00e1r harmadik hete az Eur\u00f3pai M\u00e9hnyakr\u00e1k Megel\u0151z\u00e9si H\u00e9t, \u00edgy ehhez csatlakozva a vizsgaid\u0151szak ut\u00e1nra &hellip;<\/p>\n","protected":false},"author":101985,"featured_media":1044,"parent":968,"menu_order":0,"comment_status":"closed","ping_status":"closed","template":"","meta":{"_acf_changed":false,"footnotes":""},"categories":[17],"tags":[],"class_list":["post-1051","page","type-page","status-publish","has-post-thumbnail","hentry","category-programajanlo"],"acf":[],"_links":{"self":[{"href":"https:\/\/semmelweis.hu\/etkfejlesztoiroda\/wp-json\/wp\/v2\/pages\/1051","targetHints":{"allow":["GET"]}}],"collection":[{"href":"https:\/\/semmelweis.hu\/etkfejlesztoiroda\/wp-json\/wp\/v2\/pages"}],"about":[{"href":"https:\/\/semmelweis.hu\/etkfejlesztoiroda\/wp-json\/wp\/v2\/types\/page"}],"author":[{"embeddable":true,"href":"https:\/\/semmelweis.hu\/etkfejlesztoiroda\/wp-json\/wp\/v2\/users\/101985"}],"replies":[{"embeddable":true,"href":"https:\/\/semmelweis.hu\/etkfejlesztoiroda\/wp-json\/wp\/v2\/comments?post=1051"}],"version-history":[{"count":1,"href":"https:\/\/semmelweis.hu\/etkfejlesztoiroda\/wp-json\/wp\/v2\/pages\/1051\/revisions"}],"predecessor-version":[{"id":1052,"href":"https:\/\/semmelweis.hu\/etkfejlesztoiroda\/wp-json\/wp\/v2\/pages\/1051\/revisions\/1052"}],"up":[{"embeddable":true,"href":"https:\/\/semmelweis.hu\/etkfejlesztoiroda\/wp-json\/wp\/v2\/pages\/968"}],"wp:featuredmedia":[{"embeddable":true,"href":"https:\/\/semmelweis.hu\/etkfejlesztoiroda\/wp-json\/wp\/v2\/media\/1044"}],"wp:attachment":[{"href":"https:\/\/semmelweis.hu\/etkfejlesztoiroda\/wp-json\/wp\/v2\/media?parent=1051"}],"wp:term":[{"taxonomy":"category","embeddable":true,"href":"https:\/\/semmelweis.hu\/etkfejlesztoiroda\/wp-json\/wp\/v2\/categories?post=1051"},{"taxonomy":"post_tag","embeddable":true,"href":"https:\/\/semmelweis.hu\/etkfejlesztoiroda\/wp-json\/wp\/v2\/tags?post=1051"}],"curies":[{"name":"wp","href":"https:\/\/api.w.org\/{rel}","templated":true}]}}