{"id":94,"date":"2020-03-23T12:41:05","date_gmt":"2020-03-23T11:41:05","guid":{"rendered":"http:\/\/semmelweis.hu\/etk\/?page_id=94"},"modified":"2026-01-27T16:32:49","modified_gmt":"2026-01-27T15:32:49","slug":"szuleszeti-es-nogyogyaszati-klinikai-ismeretek-tanszek","status":"publish","type":"page","link":"https:\/\/semmelweis.hu\/etk\/tanszekek\/szuleszeti-es-nogyogyaszati-klinikai-ismeretek-tanszek\/","title":{"rendered":"Sz\u00fcl\u00e9szeti \u00e9s N\u0151gy\u00f3gy\u00e1szati Klinikai Ismeretek Tansz\u00e9k"},"content":{"rendered":"<div class=\"responsive-tabs\">\n<h2 class=\"tabtitle\">Bemutat\u00e1s<\/h2>\n<div class=\"tabcontent\">\n\n<h2 style=\"text-align: justify\">Sz\u00fcl\u00e9szeti \u00e9s N\u0151gy\u00f3gy\u00e1szati Klinikai Ismeretek Tansz\u00e9k<\/h2>\n<div class=\"keretes\">\n<p><strong>El\u00e9rhet\u0151s\u00e9gek:<\/strong><br \/>\nTel.: +36 1 486 4890<br \/>\nEmail: <a href=\"mailto:etk.szuleszeti@semmelweis.hu\">etk.szuleszeti@semmelweis.hu<\/a><br \/>\nIroda: 144<\/p>\n<\/div>\n<h6><strong>A Sz\u00fcl\u00e9szeti \u00e9s N\u0151gy\u00f3gy\u00e1szati Klinikai Ismeretek Tansz\u00e9k feladata<\/strong><\/h6>\n<p style=\"text-align: justify\">A<strong> Sz\u00fcl\u00e9szeti \u00e9s N\u0151gy\u00f3gy\u00e1szati Klinikai Ismeretek Tansz\u00e9k<\/strong> <strong>c\u00e9lja<\/strong>, hogy olyan <a href=\"https:\/\/semmelweis.hu\/etk\/oktatas\/alapkepzesek-bsc\/apolas-es-betegellatas-szak\/szuleszno-szakirany\/\">sz\u00fcl\u00e9szn\u0151ket k\u00e9pezzen<\/a>, akik megfelelnek az Eur\u00f3pai Uni\u00f3 szakk\u00e9pz\u00e9si direkt\u00edv\u00e1j\u00e1nak, a hazai jogszab\u00e1lyoknak \u00e9s a munkaer\u0151piaci elv\u00e1r\u00e1soknak. <strong>Feladata<\/strong>, hogy a sz\u00fcl\u00e9szn\u0151 szakir\u00e1nyon kidolgozza \u00e9s fejlessze az oktat\u00e1ssal kapcsolatos k\u00f6vetelm\u00e9nyeket, a k\u00e9pz\u00e9sek tanterveit, tant\u00e1rgyi programjait.<\/p>\n<h6 style=\"text-align: justify\"><strong>Oktat\u00e1si \u00e9s szakmai profilok<\/strong><\/h6>\n<p style=\"text-align: justify\">A Tansz\u00e9k munkat\u00e1rsai felel\u0151sek a sz\u00fcl\u00e9szn\u0151 szakir\u00e1nyon foly\u00f3 k\u00e9pz\u00e9s szakmai t\u00e1rgyainak koordin\u00e1l\u00e1s\u00e1\u00e9rt, vizsg\u00e1ztat\u00e1s\u00e1\u00e9rt, valamint a hallgat\u00f3k hivat\u00e1studat\u00e1nak kialak\u00edt\u00e1s\u00e1\u00e9rt. A\u00a0korszer\u0171 elm\u00e9leti oktat\u00e1s mellett nagy hangs\u00falyt fektetnek arra, hogy hallgat\u00f3ik gyakorlati ismereteket szerezzenek. Kiemelt szerepet kapnak a tan\u00f3r\u00e1n k\u00edv\u00fcli klinikai, szakmai gyakorlatok, melyek szoros egy\u00fcttm\u0171k\u00f6d\u00e9sben zajlanak a Semmelweis Egyetem Sz\u00fcl\u00e9szeti \u00e9s N\u0151gy\u00f3gy\u00e1szati Klinik\u00e1ival, valamint budapesti \u00e9s vid\u00e9ki oktat\u00f3 k\u00f3rh\u00e1zak sz\u00fcl\u00e9szeti \u00e9s n\u0151gy\u00f3gy\u00e1szati oszt\u00e1lyaival. Az oktat\u00f3k a felsorolt feladatok mellett az Eg\u00e9szs\u00e9gtudom\u00e1nyi Kar m\u00e1s \u2013 v\u00e9d\u0151n\u0151i, \u00e1pol\u00f3i \u2013 k\u00e9pz\u00e9si programjaiban is r\u00e9szt vesznek. Szemeszterenk\u00e9nt sz\u00e1mos szabadon v\u00e1laszthat\u00f3 tant\u00e1rgy ker\u00fcl meghirdet\u00e9sre.<\/p>\n<p style=\"text-align: justify\">A 2011\/2012-es tan\u00e9vt\u0151l angol nyelv\u0171 sz\u00fcl\u00e9szn\u0151 szakir\u00e1ny indult a Karon, mely k\u00e9pz\u00e9s koordin\u00e1l\u00e1sa, folyamatos fejleszt\u00e9se is a Tansz\u00e9k feladata. Az angol nyelv\u0171 \u00e1pol\u00f3k\u00e9pz\u00e9sben \u2013 a Sz\u00fcl\u00e9szet-n\u0151gy\u00f3gy\u00e1szat \u00e9s szak\u00e1pol\u00e1stan tant\u00e1rgy oktat\u00e1s\u00e1ban \u2013 is r\u00e9szt vesznek az oktat\u00f3k.<\/p>\n<p style=\"text-align: justify\">A Tansz\u00e9k munkat\u00e1rsai sz\u00e1mos szakmai tudom\u00e1nyos \u00e9s t\u00e1rsadalmi szervezet munk\u00e1j\u00e1ban, vezet\u00e9s\u00e9ben is r\u00e9szt vesznek.<\/p>\n<p style=\"text-align: justify\">A Tansz\u00e9k kiemelten foglalkozik posztgradu\u00e1lis k\u00e9pz\u00e9ssel is, ezen bel\u00fcl a k\u00f6telez\u0151 szakmacsoportos tov\u00e1bbk\u00e9pz\u00e9sek szervez\u00e9s\u00e9vel.<\/p>\n\n<\/div><h2 class=\"tabtitle\">Munkat\u00e1rsak<\/h2>\n<div class=\"tabcontent\">\n\n<p><a href=\"https:\/\/semmelweis.hu\/etk\/files\/2025\/03\/Rigo_Janos_HU_CV.pdf\">Dr. Rig\u00f3 J\u00e1nos<\/a><\/p>\n<p style=\"padding-left: 40px\"><em>egyetemi tan\u00e1r, tansz\u00e9kvezet\u0151<\/em><\/p>\n<p><a href=\"https:\/\/semmelweis.hu\/etk\/files\/2025\/03\/Borjan_Eszter_HU_CV.pdf\">Dr. Borj\u00e1n Eszter Gy\u00f6ngyi<\/a><\/p>\n<p style=\"padding-left: 40px\"><em>adjunktus<\/em><\/p>\n<p><a href=\"https:\/\/semmelweis.hu\/etk\/files\/2025\/04\/Lipienne_Kremer_Ibolya_HU_CV.pdf\">Lipienn\u00e9 dr. Kr\u00e9mer Ibolya<\/a><\/p>\n<p style=\"padding-left: 40px\"><em>adjunktus<\/em><\/p>\n<p><a href=\"https:\/\/semmelweis.hu\/etk\/files\/2023\/06\/Vilcherresne_Peto_Erika_HU_CV.pdf\">Vilcherresn\u00e9 Pet\u0151 Erika<\/a><\/p>\n<p style=\"padding-left: 40px\"><em>mestertan\u00e1r<\/em><\/p>\n\r\n<div id=\"telefonkonyv\">\r\n  <div class=\"tel-results col-12 px-0\">\r\n      <p class=\"desc mb-1\"><span>Ha hib\u00e1s, vagy hi\u00e1nyz\u00f3 adatot tal\u00e1l, k\u00e9rj\u00fck jelezze szervezeti egys\u00e9g\u00fcnk titk\u00e1rs\u00e1g\u00e1n.<\/span><\/p>\r\n      <p class=\"desc\"><em>A telefonk\u00f6nyvben tal\u00e1lhat\u00f3 adatok nem haszn\u00e1lhat\u00f3k fel az 1995. \u00e9vi CXIX. t\u00f6rv\u00e9ny szerinti kutat\u00e1s \u00e9s k\u00f6zvetlen \u00fczletszerz\u00e9s c\u00e9lj\u00e1ra.<\/em><\/p>\r\n                <div class=\"row mx-0 mt-3 mb-3 subunit-line text-uppercase font-weight-bold \r\n                    status-SZE\">\r\n                    <div class=\"col col-12 col-md-10 pl-2 pr-0\">\r\n                        <span>Sz\u00fcl\u00e9szeti \u00e9s N\u0151gy\u00f3gy\u00e1szati Klinikai Ismeretek Tansz\u00e9k<\/span>\r\n                    <\/div>\r\n                <\/div> \r\n          <div class=\"row mx-0 py-2 result-line emp-leader\">\r\n            <div class=\"col col-12 px-0 \"><div class=\"row mx-0 pr-2 result-line-content align-items-center\">\r\n                        <div class=\"col-12 col-md-6 px-0 \">\r\n                            <a class=\"emp-name\" href=\"https:\/\/semmelweis.hu\/telefonkonyv?emp_id=9431\">Dr. Rig\u00f3 J\u00e1nos <\/a>\r\n                            <br \/><span class=\"emp-phone\">egyetemi tan\u00e1r, tansz\u00e9kvezet\u0151<\/span><\/div>\r\n                        <div class=\"col-12 col-md-6 px-0\"><span class=\"emp-phone\"><i class=\"fa fa-phone\" aria-hidden=\"true\"><\/i>48-64892, <\/span><span class=\"emp-email\"><i class=\"fa fa-envelope-o\" aria-hidden=\"true\"><\/i>rigo.janos<i class=\"fa fa-at m-0 text-body\"><\/i>semmelweis.hu<\/span>\r\n                        <\/div>\r\n                    <\/div>\r\n                \r\n            <\/div>\r\n\r\n                <div class=\"col-12 col-md-6 px-0 d-none\"><span class=\"emp-phone\"><i class=\"fa fa-phone\" aria-hidden=\"true\"><\/i>48-64892, <\/span><span class=\"emp-email\"><i class=\"fa fa-envelope-o\" aria-hidden=\"true\"><\/i>rigo.janos<i class=\"fa fa-at m-0 text-body\"><\/i>semmelweis.hu<\/span>\r\n                <\/div>\r\n\r\n\r\n        <\/div>\r\n          <div class=\"row mx-0 py-2 result-line \">\r\n            <div class=\"col col-12 px-0 \"><div class=\"row mx-0 pr-2 result-line-content align-items-center\">\r\n                        <div class=\"col-12 col-md-6 px-0 \">\r\n                            <a class=\"emp-name\" href=\"https:\/\/semmelweis.hu\/telefonkonyv?emp_id=9425\">Dr. Borj\u00e1n Eszter Gy\u00f6ngyi <\/a>\r\n                            <br \/><span class=\"emp-phone\">adjunktus<\/span><\/div>\r\n                        <div class=\"col-12 col-md-6 px-0\"><span class=\"emp-phone\"><i class=\"fa fa-phone\" aria-hidden=\"true\"><\/i>48-64893, <\/span><span class=\"emp-email\"><i class=\"fa fa-envelope-o\" aria-hidden=\"true\"><\/i>borjan.eszter<i class=\"fa fa-at m-0 text-body\"><\/i>semmelweis.hu<\/span>\r\n                        <\/div>\r\n                    <\/div>\r\n                \r\n            <\/div>\r\n\r\n                <div class=\"col-12 col-md-6 px-0 d-none\"><span class=\"emp-phone\"><i class=\"fa fa-phone\" aria-hidden=\"true\"><\/i>48-64893, <\/span><span class=\"emp-email\"><i class=\"fa fa-envelope-o\" aria-hidden=\"true\"><\/i>borjan.eszter<i class=\"fa fa-at m-0 text-body\"><\/i>semmelweis.hu<\/span>\r\n                <\/div>\r\n\r\n\r\n        <\/div>\r\n          <div class=\"row mx-0 py-2 result-line \">\r\n            <div class=\"col col-12 px-0 \"><div class=\"row mx-0 pr-2 result-line-content align-items-center\">\r\n                        <div class=\"col-12 col-md-6 px-0 \">\r\n                            <a class=\"emp-name\" href=\"https:\/\/semmelweis.hu\/telefonkonyv?emp_id=25744\"> D\u00e1n Be\u00e1ta <\/a>\r\n                            <br \/><span class=\"emp-phone\">oktat\u00e1sszervez\u00e9si szak\u00e9rt\u0151<\/span><\/div>\r\n                        <div class=\"col-12 col-md-6 px-0\"><span class=\"emp-phone\"><i class=\"fa fa-phone\" aria-hidden=\"true\"><\/i>48-64893, <\/span><span class=\"emp-email\"><i class=\"fa fa-envelope-o\" aria-hidden=\"true\"><\/i>dan.beata<i class=\"fa fa-at m-0 text-body\"><\/i>semmelweis.hu<\/span>\r\n                        <\/div>\r\n                    <\/div>\r\n                \r\n            <\/div>\r\n\r\n                <div class=\"col-12 col-md-6 px-0 d-none\"><span class=\"emp-phone\"><i class=\"fa fa-phone\" aria-hidden=\"true\"><\/i>48-64893, <\/span><span class=\"emp-email\"><i class=\"fa fa-envelope-o\" aria-hidden=\"true\"><\/i>dan.beata<i class=\"fa fa-at m-0 text-body\"><\/i>semmelweis.hu<\/span>\r\n                <\/div>\r\n\r\n\r\n        <\/div>\r\n          <div class=\"row mx-0 py-2 result-line \">\r\n            <div class=\"col col-12 px-0 \"><div class=\"row mx-0 pr-2 result-line-content align-items-center\">\r\n                        <div class=\"col-12 col-md-6 px-0 \">\r\n                            <a class=\"emp-name\" href=\"https:\/\/semmelweis.hu\/telefonkonyv?emp_id=9603\"> Lipienn\u00e9 Dr. Kr\u00e9mer Ibolya <\/a>\r\n                            <br \/><span class=\"emp-phone\">adjunktus<\/span><\/div>\r\n                        <div class=\"col-12 col-md-6 px-0\"><span class=\"emp-phone\"><i class=\"fa fa-phone\" aria-hidden=\"true\"><\/i>48-64890, <\/span><span class=\"emp-email\"><i class=\"fa fa-envelope-o\" aria-hidden=\"true\"><\/i>lipienne.kremer.ibolya<i class=\"fa fa-at m-0 text-body\"><\/i>semmelweis.hu<\/span>\r\n                        <\/div>\r\n                    <\/div>\r\n                \r\n            <\/div>\r\n\r\n                <div class=\"col-12 col-md-6 px-0 d-none\"><span class=\"emp-phone\"><i class=\"fa fa-phone\" aria-hidden=\"true\"><\/i>48-64890, <\/span><span class=\"emp-email\"><i class=\"fa fa-envelope-o\" aria-hidden=\"true\"><\/i>lipienne.kremer.ibolya<i class=\"fa fa-at m-0 text-body\"><\/i>semmelweis.hu<\/span>\r\n                <\/div>\r\n\r\n\r\n        <\/div>\r\n          <div class=\"row mx-0 py-2 result-line \">\r\n            <div class=\"col col-12 px-0 \"><div class=\"row mx-0 pr-2 result-line-content align-items-center\">\r\n                        <div class=\"col-12 col-md-6 px-0 \">\r\n                            <a class=\"emp-name\" href=\"https:\/\/semmelweis.hu\/telefonkonyv?emp_id=14691\"> Tam\u00e1si Nat\u00e1lia Katalin <\/a>\r\n                            <br \/><span class=\"emp-phone\">oktat\u00e1sszervez\u00e9si szak\u00e9rt\u0151<\/span><\/div>\r\n                        <div class=\"col-12 col-md-6 px-0\"><span class=\"emp-phone\"><i class=\"fa fa-phone\" aria-hidden=\"true\"><\/i>48-64890, <\/span><span class=\"emp-email\"><i class=\"fa fa-envelope-o\" aria-hidden=\"true\"><\/i>tamasi.natalia<i class=\"fa fa-at m-0 text-body\"><\/i>semmelweis.hu<\/span>\r\n                        <\/div>\r\n                    <\/div>\r\n                \r\n            <\/div>\r\n\r\n                <div class=\"col-12 col-md-6 px-0 d-none\"><span class=\"emp-phone\"><i class=\"fa fa-phone\" aria-hidden=\"true\"><\/i>48-64890, <\/span><span class=\"emp-email\"><i class=\"fa fa-envelope-o\" aria-hidden=\"true\"><\/i>tamasi.natalia<i class=\"fa fa-at m-0 text-body\"><\/i>semmelweis.hu<\/span>\r\n                <\/div>\r\n\r\n\r\n        <\/div>\r\n          <div class=\"row mx-0 py-2 result-line \">\r\n            <div class=\"col col-12 px-0 \"><div class=\"row mx-0 pr-2 result-line-content align-items-center\">\r\n                        <div class=\"col-12 col-md-6 px-0 \">\r\n                            <a class=\"emp-name\" href=\"https:\/\/semmelweis.hu\/telefonkonyv?emp_id=9604\"> Vilcherresn\u00e9 Pet\u0151 Erika <\/a>\r\n                            <br \/><span class=\"emp-phone\">mestertan\u00e1r<\/span><\/div>\r\n                        <div class=\"col-12 col-md-6 px-0\"><span class=\"emp-phone\"><i class=\"fa fa-phone\" aria-hidden=\"true\"><\/i>48-64893, <\/span><span class=\"emp-email\"><i class=\"fa fa-envelope-o\" aria-hidden=\"true\"><\/i>vilcherresne.peto.erika<i class=\"fa fa-at m-0 text-body\"><\/i>semmelweis.hu<\/span>\r\n                        <\/div>\r\n                    <\/div>\r\n                \r\n            <\/div>\r\n\r\n                <div class=\"col-12 col-md-6 px-0 d-none\"><span class=\"emp-phone\"><i class=\"fa fa-phone\" aria-hidden=\"true\"><\/i>48-64893, <\/span><span class=\"emp-email\"><i class=\"fa fa-envelope-o\" aria-hidden=\"true\"><\/i>vilcherresne.peto.erika<i class=\"fa fa-at m-0 text-body\"><\/i>semmelweis.hu<\/span>\r\n                <\/div>\r\n\r\n\r\n        <\/div><\/div><\/div>\n\n<\/div><h2 class=\"tabtitle\">Hirdet\u0151t\u00e1bla<\/h2>\n<div class=\"tabcontent\">\n\n<p style=\"text-align: center\"><strong>Oktat\u00f3k konzult\u00e1ci\u00f3s id\u0151pontjai<\/strong><br \/>\n<strong>2025\/2026. tan\u00e9v tavaszi f\u00e9l\u00e9v<br \/>\nszorgalmi id\u0151szak\u00e1ban<\/strong><\/p>\n<p><strong>Dr. Rig\u00f3 J\u00e1nos<\/strong><\/p>\n<p style=\"padding-left: 40px\">p\u00e9ntek 12.30-13.30, 145. iroda (el\u0151zetes egyeztet\u00e9s sz\u00fcks\u00e9ges)<\/p>\n<p><strong>Lipienn\u00e9 dr. Kr\u00e9mer Ibolya<\/strong><\/p>\n<p style=\"padding-left: 40px\">szerda 11.00-12.00, 144. iroda<\/p>\n<p><strong>Vilcherresn\u00e9 Pet\u0151 Erika<\/strong><\/p>\n<p style=\"padding-left: 40px\">kedd 13.00-14.00, 143. iroda (e-mailen el\u0151re egyeztetve)<\/p>\n<p><strong>Dr. Borj\u00e1n Eszter<\/strong><\/p>\n<p style=\"padding-left: 40px\">h\u00e9tf\u0151 14.00-15.00, 143. iroda<\/p>\n<\/div><\/div>\n","protected":false},"excerpt":{"rendered":"<p>Sz\u00fcl\u00e9szeti \u00e9s N\u0151gy\u00f3gy\u00e1szati Klinikai Ismeretek Tansz\u00e9k El\u00e9rhet\u0151s\u00e9gek: Tel.: +36 1 486 4890 Email: <a href=\"mailto:etk.szuleszeti@semmelweis.hu\">etk.szuleszeti@semmelweis.hu<\/a> Iroda: 144 A Sz\u00fcl\u00e9szeti \u00e9s N\u0151gy\u00f3gy\u00e1szati Klinikai Ismeretek Tansz\u00e9k feladata A Sz\u00fcl\u00e9szeti \u00e9s N\u0151gy\u00f3gy\u00e1szati Klinikai Ismeretek Tansz\u00e9k c\u00e9lja, hogy olyan <a href=\"https:\/\/semmelweis.hu\/etk\/oktatas\/alapkepzesek-bsc\/apolas-es-betegellatas-szak\/szuleszno-szakirany\/\">sz\u00fcl\u00e9szn\u0151ket k\u00e9pezzen<\/a> , akik megfelelnek az Eur\u00f3pai Uni\u00f3 szakk\u00e9pz\u00e9si direkt\u00edv\u00e1j\u00e1nak, a hazai jogszab\u00e1lyoknak \u00e9s a munkaer\u0151piaci elv\u00e1r\u00e1soknak. Feladata, hogy a sz\u00fcl\u00e9szn\u0151 szakir\u00e1nyon kidolgozza \u00e9s &hellip;<\/p>\n","protected":false},"author":101729,"featured_media":0,"parent":59,"menu_order":0,"comment_status":"closed","ping_status":"closed","template":"","meta":{"_acf_changed":false,"footnotes":""},"categories":[],"tags":[],"class_list":["post-94","page","type-page","status-publish","hentry"],"acf":[],"_links":{"self":[{"href":"https:\/\/semmelweis.hu\/etk\/wp-json\/wp\/v2\/pages\/94","targetHints":{"allow":["GET"]}}],"collection":[{"href":"https:\/\/semmelweis.hu\/etk\/wp-json\/wp\/v2\/pages"}],"about":[{"href":"https:\/\/semmelweis.hu\/etk\/wp-json\/wp\/v2\/types\/page"}],"author":[{"embeddable":true,"href":"https:\/\/semmelweis.hu\/etk\/wp-json\/wp\/v2\/users\/101729"}],"replies":[{"embeddable":true,"href":"https:\/\/semmelweis.hu\/etk\/wp-json\/wp\/v2\/comments?post=94"}],"version-history":[{"count":11,"href":"https:\/\/semmelweis.hu\/etk\/wp-json\/wp\/v2\/pages\/94\/revisions"}],"predecessor-version":[{"id":19429,"href":"https:\/\/semmelweis.hu\/etk\/wp-json\/wp\/v2\/pages\/94\/revisions\/19429"}],"up":[{"embeddable":true,"href":"https:\/\/semmelweis.hu\/etk\/wp-json\/wp\/v2\/pages\/59"}],"wp:attachment":[{"href":"https:\/\/semmelweis.hu\/etk\/wp-json\/wp\/v2\/media?parent=94"}],"wp:term":[{"taxonomy":"category","embeddable":true,"href":"https:\/\/semmelweis.hu\/etk\/wp-json\/wp\/v2\/categories?post=94"},{"taxonomy":"post_tag","embeddable":true,"href":"https:\/\/semmelweis.hu\/etk\/wp-json\/wp\/v2\/tags?post=94"}],"curies":[{"name":"wp","href":"https:\/\/api.w.org\/{rel}","templated":true}]}}