{"id":92,"date":"2020-03-23T12:40:07","date_gmt":"2020-03-23T11:40:07","guid":{"rendered":"http:\/\/semmelweis.hu\/etk\/?page_id=92"},"modified":"2026-02-10T13:10:51","modified_gmt":"2026-02-10T12:10:51","slug":"szemeszeti-klinikai-ismeretek-tanszek","status":"publish","type":"page","link":"https:\/\/semmelweis.hu\/etk\/tanszekek\/szemeszeti-klinikai-ismeretek-tanszek\/","title":{"rendered":"Szem\u00e9szeti Klinikai Ismeretek Tansz\u00e9k"},"content":{"rendered":"<div class=\"responsive-tabs\">\n<h2 class=\"tabtitle\">Bemutat\u00e1s<\/h2>\n<div class=\"tabcontent\">\n\n<h2 style=\"text-align: justify\">Szem\u00e9szeti Klinikai Ismeretek Tansz\u00e9k<\/h2>\n<div class=\"keretes\">\n<p><strong>El\u00e9rhet\u0151s\u00e9gek:<\/strong><br \/>\nTel.: +36 1 486 5855<br \/>\nEmail: <a href=\"mailto:etk.szemeszeti@semmelweis.hu\">etk.szemeszeti@semmelweis.hu<\/a><br \/>\nIroda: 20<\/p>\n<\/div>\n<h6 style=\"text-align: justify\"><strong>A Szem\u00e9szeti Klinikai Ismeretek Tansz\u00e9k feladata<\/strong><\/h6>\n<p style=\"text-align: justify\">Az orvosi diagnosztikai analitikus szak <a href=\"https:\/\/semmelweis.hu\/etk\/oktatas\/alapkepzesek-bsc\/orvosi-diagnosztikai-analitikus-szak\/optometria-specializacio\/\">optometria specializ\u00e1ci\u00f3j\u00e1n<\/a> tanul\u00f3 hallgat\u00f3k elm\u00e9leti, valamint gyakorlati oktat\u00e1s\u00e1nak teljes k\u00f6r\u0171 megszervez\u00e9se, koordin\u00e1l\u00e1sa.<\/p>\n<h6 style=\"text-align: justify\"><strong>Oktat\u00e1si \u00e9s szakmai profilok<\/strong><\/h6>\n<p style=\"text-align: justify\">Az elm\u00e9leti oktat\u00e1s magas sz\u00ednvonal\u00e1t a m\u00e1r megl\u00e9v\u0151 tematik\u00e1k mellett a folyamatos tananyagfejleszt\u00e9s biztos\u00edtja.<\/p>\n<p style=\"text-align: justify\">A <strong>gyakorlati oktat\u00e1s<\/strong> sor\u00e1n a Tansz\u00e9k nagy hangs\u00falyt fektet az optometria k\u00e9pz\u00e9sben r\u00e9sztvev\u0151k szakmai gyakorlatainak megszervez\u00e9s\u00e9re \u2013 mind a bels\u0151, mind a k\u00fcls\u0151 gyakorlatok sor\u00e1n \u2013, mivel gyakorlati szakm\u00e1r\u00f3l van sz\u00f3. A\u00a0bels\u0151 gyakorlatok sor\u00e1n a megfelel\u0151 min\u0151s\u00e9g\u0171 gyakorlati h\u00e1tt\u00e9r biztos\u00edt\u00e1s\u00e1nak \u00e9rdek\u00e9ben folyamatos a demonstr\u00e1ci\u00f3s tantermek eszk\u00f6z\u00e1llom\u00e1ny\u00e1nak fejleszt\u00e9se. Az eszk\u00f6zbeszerz\u00e9sek sor\u00e1n olyan c\u00e9gek t\u00e1mogat\u00e1s\u00e1t tudhatjuk magunk\u00e9nak, mint a Carl Zeiss Hungaria, a Hoya Lens Hungary Zrt., Alcon Hungary Ltd, Cooper Vision Kft, Johnson &amp; Johnson Vision Care Hungary, Argusoptik Kft.<\/p>\n<p style=\"text-align: justify\">A hallgat\u00f3k<strong> tan\u00f3r\u00e1n k\u00edv\u00fcli szakmai gyakorlatainak <\/strong>megszervez\u00e9se is fontos, mivel a gyakorlatok az orsz\u00e1g eg\u00e9sz ter\u00fclet\u00e9n zajlanak, ez\u00e9rt kiemelt hangs\u00falyt kap a gyakorlati vezet\u0151kkel val\u00f3 folyamatos kapcsolattart\u00e1s. A k\u00fcls\u0151 gyakorlatok sor\u00e1n olyan szakmailag kiemelked\u0151 szem\u00e9szeti oszt\u00e1lyokon v\u00e9gzik gyakorlataikat a hallgat\u00f3ink, mint p\u00e9ld\u00e1ul a Semmelweis Egyetem \u00c1OK Szemklinika, a Magyar Honv\u00e9ds\u00e9g Eg\u00e9szs\u00e9g\u00fcgyi K\u00f6zpont, a Miskolc Eg\u00e9szs\u00e9g\u00fcgyi K\u00f6zpont Semmelweis K\u00f3rh\u00e1z, a F\u0151v\u00e1rosi \u00d6nkorm\u00e1nyzat Szent Imre K\u00f3rh\u00e1za, a Ken\u00e9zy Gyula K\u00f3rh\u00e1z Rendel\u0151int\u00e9zet Eg\u00e9szs\u00e9g\u00fcgyi Szolg\u00e1ltat\u00f3 Kft., a Szent J\u00e1nos K\u00f3rh\u00e1z \u00e9s \u00c9szak-budai Egyes\u00edtett K\u00f3rh\u00e1zak.<\/p>\n<p style=\"text-align: justify\">A Tansz\u00e9k <strong>oktat\u00f3i \u00e1llom\u00e1nya<\/strong> f\u0151leg k\u00fcls\u0151s oktat\u00f3kb\u00f3l (szem\u00e9szek, optometrist\u00e1k) tev\u0151dik \u00f6ssze, akik igen kiv\u00e1l\u00f3 eredm\u00e9nyeket tudhatnak maguk\u00e9nak a szem\u00e9szet, valamint az optometria ter\u00fclet\u00e9n, illetve orsz\u00e1gos \u00e9s nemzetk\u00f6zi konferenci\u00e1k akt\u00edv r\u00e9sztvev\u0151i, tov\u00e1bbk\u00e9pz\u00e9sek szervez\u0151i, rangos szakmai t\u00e1rsas\u00e1gok tagjai. A tansz\u00e9k ez\u00e1ltal kapcsolatban \u00e1ll t\u00f6bbek k\u00f6z\u00f6tt p\u00e9ld\u00e1ul a Magyar Szemorvos T\u00e1rsas\u00e1ggal, a Magyar Kontak\u00adto\u00adl\u00f3giai T\u00e1rsas\u00e1ggal, a\u00a0 Magyar Optikus Ipartest\u00fclettel.<\/p>\n<p style=\"text-align: justify\">Az <strong>oktat\u00e1si feladatok ell\u00e1t\u00e1sa mellett <\/strong>zajlik az optometria k\u00e9pz\u00e9shez sz\u00fcks\u00e9ges szem\u00e9szeti, illetve optometriai t\u00e9m\u00e1kban, ter\u00fcleteken betegvizsg\u00e1latok szervez\u00e9se, valamint egyed\u00fcl\u00e1ll\u00f3 tev\u00e9kenys\u00e9gk\u00e9nt kell megeml\u00edteni, hogy a tansz\u00e9k feladata az optometria szakos hallgat\u00f3k \u00edr\u00e1sbeli z\u00e1r\u00f3vizsga teszt adatbankj\u00e1nak l\u00e9trehoz\u00e1sa \u00e9s gondoz\u00e1sa.<\/p>\n\n<\/div><h2 class=\"tabtitle\">Munkat\u00e1rsak<\/h2>\n<div class=\"tabcontent\">\n\n<p>Dr. Kov\u00e1cs Ill\u00e9s<\/p>\n<p style=\"padding-left: 40px\"><em>egyetemi docens, tansz\u00e9kvezet\u0151<\/em><\/p>\n<p><a href=\"https:\/\/semmelweis.hu\/etk\/files\/2025\/03\/Kugelmann_David_HU_CV.pdf\">Kugelmann D\u00e1vid<\/a><\/p>\n<p>\u00a0\u00a0\u00a0\u00a0\u00a0\u00a0 <em><span class=\"emp-phone\">mesteroktat\u00f3<\/span><\/em><\/p>\n<p><a href=\"https:\/\/semmelweis.hu\/etk\/files\/2025\/03\/Rez_Kata_HU_CV.pdf\">R\u00e9z Kata<\/a><\/p>\n<p style=\"padding-left: 40px\"><em>mestertan\u00e1r<\/em><\/p>\n<p><a href=\"https:\/\/semmelweis.hu\/etk\/files\/2025\/03\/Tapaszto_Beata_HU_CV.pdf\">Dr. Tapaszt\u00f3 Be\u00e1ta Krisztina<\/a><\/p>\n<p style=\"padding-left: 40px\"><em>mestertan\u00e1r<\/em><\/p>\n\r\n<div id=\"telefonkonyv\">\r\n  <div class=\"tel-results col-12 px-0\">\r\n      <p class=\"desc mb-1\"><span>Ha hib\u00e1s, vagy hi\u00e1nyz\u00f3 adatot tal\u00e1l, k\u00e9rj\u00fck jelezze szervezeti egys\u00e9g\u00fcnk titk\u00e1rs\u00e1g\u00e1n.<\/span><\/p>\r\n      <p class=\"desc\"><em>A telefonk\u00f6nyvben tal\u00e1lhat\u00f3 adatok nem haszn\u00e1lhat\u00f3k fel az 1995. \u00e9vi CXIX. t\u00f6rv\u00e9ny szerinti kutat\u00e1s \u00e9s k\u00f6zvetlen \u00fczletszerz\u00e9s c\u00e9lj\u00e1ra.<\/em><\/p>\r\n                <div class=\"row mx-0 mt-3 mb-3 subunit-line text-uppercase font-weight-bold \r\n                    status-SZE\">\r\n                    <div class=\"col col-12 col-md-10 pl-2 pr-0\">\r\n                        <span>Szem\u00e9szeti Klinikai Ismeretek Tansz\u00e9k<\/span>\r\n                    <\/div>\r\n                <\/div> \r\n          <div class=\"row mx-0 py-2 result-line emp-leader\">\r\n            <div class=\"col col-12 px-0 \"><div class=\"row mx-0 pr-2 result-line-content align-items-center\">\r\n                        <div class=\"col-12 col-md-6 px-0 \">\r\n                            <a class=\"emp-name\" href=\"https:\/\/semmelweis.hu\/telefonkonyv?emp_id=11028\">Dr. Kov\u00e1cs Ill\u00e9s <\/a>\r\n                            <br \/><span class=\"emp-phone\">egyetemi docens, tansz\u00e9kvezet\u0151<\/span><\/div>\r\n                        <div class=\"col-12 col-md-6 px-0\"><span class=\"emp-phone\"><i class=\"fa fa-phone\" aria-hidden=\"true\"><\/i>48-65858, <\/span><span class=\"emp-email\"><i class=\"fa fa-envelope-o\" aria-hidden=\"true\"><\/i>kovacs.illes<i class=\"fa fa-at m-0 text-body\"><\/i>semmelweis.hu<\/span>\r\n                        <\/div>\r\n                    <\/div>\r\n                \r\n            <\/div>\r\n\r\n                <div class=\"col-12 col-md-6 px-0 d-none\"><span class=\"emp-phone\"><i class=\"fa fa-phone\" aria-hidden=\"true\"><\/i>48-65858, <\/span><span class=\"emp-email\"><i class=\"fa fa-envelope-o\" aria-hidden=\"true\"><\/i>kovacs.illes<i class=\"fa fa-at m-0 text-body\"><\/i>semmelweis.hu<\/span>\r\n                <\/div>\r\n\r\n\r\n        <\/div>\r\n          <div class=\"row mx-0 py-2 result-line \">\r\n            <div class=\"col col-12 px-0 \"><div class=\"row mx-0 pr-2 result-line-content align-items-center\">\r\n                        <div class=\"col-12 col-md-6 px-0 \">\r\n                            <a class=\"emp-name\" href=\"https:\/\/semmelweis.hu\/telefonkonyv?emp_id=19388\"> Csomor Enik\u0151 <\/a>\r\n                            <br \/><span class=\"emp-phone\">oktat\u00e1sszervez\u0151<\/span><\/div>\r\n                        <div class=\"col-12 col-md-6 px-0\"><span class=\"emp-phone\"><i class=\"fa fa-phone\" aria-hidden=\"true\"><\/i>48-65855, <\/span><span class=\"emp-email\"><i class=\"fa fa-envelope-o\" aria-hidden=\"true\"><\/i>csomor.eniko<i class=\"fa fa-at m-0 text-body\"><\/i>semmelweis.hu<\/span>\r\n                        <\/div>\r\n                    <\/div>\r\n                \r\n            <\/div>\r\n\r\n                <div class=\"col-12 col-md-6 px-0 d-none\"><span class=\"emp-phone\"><i class=\"fa fa-phone\" aria-hidden=\"true\"><\/i>48-65855, <\/span><span class=\"emp-email\"><i class=\"fa fa-envelope-o\" aria-hidden=\"true\"><\/i>csomor.eniko<i class=\"fa fa-at m-0 text-body\"><\/i>semmelweis.hu<\/span>\r\n                <\/div>\r\n\r\n\r\n        <\/div>\r\n          <div class=\"row mx-0 py-2 result-line \">\r\n            <div class=\"col col-12 px-0 \"><div class=\"row mx-0 pr-2 result-line-content align-items-center\">\r\n                        <div class=\"col-12 col-md-6 px-0 \">\r\n                            <a class=\"emp-name\" href=\"https:\/\/semmelweis.hu\/telefonkonyv?emp_id=22046\"> Kugelmann D\u00e1vid <\/a>\r\n                            <br \/><span class=\"emp-phone\">tan\u00e1rseg\u00e9d<\/span><\/div>\r\n                        <div class=\"col-12 col-md-6 px-0\"><span class=\"emp-phone\"><i class=\"fa fa-phone\" aria-hidden=\"true\"><\/i>48-65856, <\/span><span class=\"emp-email\"><i class=\"fa fa-envelope-o\" aria-hidden=\"true\"><\/i>kugelmann.david<i class=\"fa fa-at m-0 text-body\"><\/i>semmelweis.hu<\/span>\r\n                        <\/div>\r\n                    <\/div>\r\n                \r\n            <\/div>\r\n\r\n                <div class=\"col-12 col-md-6 px-0 d-none\"><span class=\"emp-phone\"><i class=\"fa fa-phone\" aria-hidden=\"true\"><\/i>48-65856, <\/span><span class=\"emp-email\"><i class=\"fa fa-envelope-o\" aria-hidden=\"true\"><\/i>kugelmann.david<i class=\"fa fa-at m-0 text-body\"><\/i>semmelweis.hu<\/span>\r\n                <\/div>\r\n\r\n\r\n        <\/div>\r\n          <div class=\"row mx-0 py-2 result-line \">\r\n            <div class=\"col col-12 px-0 \"><div class=\"row mx-0 pr-2 result-line-content align-items-center\">\r\n                        <div class=\"col-12 col-md-6 px-0 \">\r\n                            <a class=\"emp-name\" href=\"https:\/\/semmelweis.hu\/telefonkonyv?emp_id=9600\"> R\u00e9z Kata <\/a>\r\n                            <br \/><span class=\"emp-phone\">mestertan\u00e1r<\/span><\/div>\r\n                        <div class=\"col-12 col-md-6 px-0\"><span class=\"emp-phone\"><i class=\"fa fa-phone\" aria-hidden=\"true\"><\/i>48-65858, <\/span><span class=\"emp-email\"><i class=\"fa fa-envelope-o\" aria-hidden=\"true\"><\/i>rez.kata<i class=\"fa fa-at m-0 text-body\"><\/i>semmelweis.hu<\/span>\r\n                        <\/div>\r\n                    <\/div>\r\n                \r\n            <\/div>\r\n\r\n                <div class=\"col-12 col-md-6 px-0 d-none\"><span class=\"emp-phone\"><i class=\"fa fa-phone\" aria-hidden=\"true\"><\/i>48-65858, <\/span><span class=\"emp-email\"><i class=\"fa fa-envelope-o\" aria-hidden=\"true\"><\/i>rez.kata<i class=\"fa fa-at m-0 text-body\"><\/i>semmelweis.hu<\/span>\r\n                <\/div>\r\n\r\n\r\n        <\/div>\r\n          <div class=\"row mx-0 py-2 result-line \">\r\n            <div class=\"col col-12 px-0 \"><div class=\"row mx-0 pr-2 result-line-content align-items-center\">\r\n                        <div class=\"col-12 col-md-6 px-0 \">\r\n                            <a class=\"emp-name\" href=\"https:\/\/semmelweis.hu\/telefonkonyv?emp_id=12449\">Dr. Tapaszt\u00f3 Be\u00e1ta Krisztina <\/a>\r\n                            <br \/><span class=\"emp-phone\">mestertan\u00e1r<\/span><\/div>\r\n                        <div class=\"col-12 col-md-6 px-0\"><span class=\"emp-phone\"><i class=\"fa fa-phone\" aria-hidden=\"true\"><\/i>48-65858, <\/span><span class=\"emp-email\"><i class=\"fa fa-envelope-o\" aria-hidden=\"true\"><\/i>tapaszto.beata<i class=\"fa fa-at m-0 text-body\"><\/i>semmelweis.hu<\/span>\r\n                        <\/div>\r\n                    <\/div>\r\n                \r\n            <\/div>\r\n\r\n                <div class=\"col-12 col-md-6 px-0 d-none\"><span class=\"emp-phone\"><i class=\"fa fa-phone\" aria-hidden=\"true\"><\/i>48-65858, <\/span><span class=\"emp-email\"><i class=\"fa fa-envelope-o\" aria-hidden=\"true\"><\/i>tapaszto.beata<i class=\"fa fa-at m-0 text-body\"><\/i>semmelweis.hu<\/span>\r\n                <\/div>\r\n\r\n\r\n        <\/div><\/div><\/div>\n\n<\/div><h2 class=\"tabtitle\">Hirdet\u0151t\u00e1bla<\/h2>\n<div class=\"tabcontent\">\n\n<p style=\"text-align: center\"><strong>Oktat\u00f3k konzult\u00e1ci\u00f3s id\u0151pontjai<\/strong><br \/>\n<strong>2025\/2026. tan\u00e9v tavaszi f\u00e9l\u00e9v<br \/>\nszorgalmi id\u0151szak\u00e1ban<\/strong><\/p>\n<p><strong>Dr. Tapaszt\u00f3 Be\u00e1ta<\/strong><\/p>\n<p style=\"padding-left: 40px\">emailen el\u0151zetesen egyeztetett id\u0151pontban<\/p>\n<p><strong>R\u00e9z Kata<\/strong><\/p>\n<p style=\"padding-left: 40px\">szerda 15.00-18.00<br \/>\nett\u0151l elt\u00e9r\u0151 id\u0151pont e-mailen el\u0151re egyeztetve<\/p>\n<p><strong>Kugelmann D\u00e1vid<\/strong><\/p>\n<p style=\"padding-left: 40px\">h\u00e9tf\u0151 9.00-11.00 e-mailen el\u0151re egyeztetve<\/p>\n<p style=\"padding-left: 40px\">\u00a0<\/p>\n<\/div><\/div>\n","protected":false},"excerpt":{"rendered":"<p>Szem\u00e9szeti Klinikai Ismeretek Tansz\u00e9k El\u00e9rhet\u0151s\u00e9gek: Tel.: +36 1 486 5855 Email: <a href=\"mailto:etk.szemeszeti@semmelweis.hu\">etk.szemeszeti@semmelweis.hu<\/a> Iroda: 20 A Szem\u00e9szeti Klinikai Ismeretek Tansz\u00e9k feladata Az orvosi diagnosztikai analitikus szak <a href=\"https:\/\/semmelweis.hu\/etk\/oktatas\/alapkepzesek-bsc\/orvosi-diagnosztikai-analitikus-szak\/optometria-specializacio\/\">optometria specializ\u00e1ci\u00f3j\u00e1n<\/a> tanul\u00f3 hallgat\u00f3k elm\u00e9leti, valamint gyakorlati oktat\u00e1s\u00e1nak teljes k\u00f6r\u0171 megszervez\u00e9se, koordin\u00e1l\u00e1sa. Oktat\u00e1si \u00e9s szakmai profilok Az elm\u00e9leti oktat\u00e1s magas sz\u00ednvonal\u00e1t a m\u00e1r megl\u00e9v\u0151 tematik\u00e1k mellett a folyamatos tananyagfejleszt\u00e9s biztos\u00edtja. A gyakorlati oktat\u00e1s &hellip;<\/p>\n","protected":false},"author":101729,"featured_media":0,"parent":59,"menu_order":0,"comment_status":"closed","ping_status":"closed","template":"","meta":{"_acf_changed":false,"footnotes":""},"categories":[],"tags":[],"class_list":["post-92","page","type-page","status-publish","hentry"],"acf":[],"_links":{"self":[{"href":"https:\/\/semmelweis.hu\/etk\/wp-json\/wp\/v2\/pages\/92","targetHints":{"allow":["GET"]}}],"collection":[{"href":"https:\/\/semmelweis.hu\/etk\/wp-json\/wp\/v2\/pages"}],"about":[{"href":"https:\/\/semmelweis.hu\/etk\/wp-json\/wp\/v2\/types\/page"}],"author":[{"embeddable":true,"href":"https:\/\/semmelweis.hu\/etk\/wp-json\/wp\/v2\/users\/101729"}],"replies":[{"embeddable":true,"href":"https:\/\/semmelweis.hu\/etk\/wp-json\/wp\/v2\/comments?post=92"}],"version-history":[{"count":11,"href":"https:\/\/semmelweis.hu\/etk\/wp-json\/wp\/v2\/pages\/92\/revisions"}],"predecessor-version":[{"id":19518,"href":"https:\/\/semmelweis.hu\/etk\/wp-json\/wp\/v2\/pages\/92\/revisions\/19518"}],"up":[{"embeddable":true,"href":"https:\/\/semmelweis.hu\/etk\/wp-json\/wp\/v2\/pages\/59"}],"wp:attachment":[{"href":"https:\/\/semmelweis.hu\/etk\/wp-json\/wp\/v2\/media?parent=92"}],"wp:term":[{"taxonomy":"category","embeddable":true,"href":"https:\/\/semmelweis.hu\/etk\/wp-json\/wp\/v2\/categories?post=92"},{"taxonomy":"post_tag","embeddable":true,"href":"https:\/\/semmelweis.hu\/etk\/wp-json\/wp\/v2\/tags?post=92"}],"curies":[{"name":"wp","href":"https:\/\/api.w.org\/{rel}","templated":true}]}}