{"id":88,"date":"2020-03-23T12:38:14","date_gmt":"2020-03-23T11:38:14","guid":{"rendered":"http:\/\/semmelweis.hu\/etk\/?page_id=88"},"modified":"2026-02-11T14:47:04","modified_gmt":"2026-02-11T13:47:04","slug":"oxiologia-es-surgossegi-ellatas-tanszek","status":"publish","type":"page","link":"https:\/\/semmelweis.hu\/etk\/tanszekek\/oxiologia-es-surgossegi-ellatas-tanszek\/","title":{"rendered":"Oxiol\u00f3gia \u00e9s S\u00fcrg\u0151ss\u00e9gi Ell\u00e1t\u00e1s Tansz\u00e9k"},"content":{"rendered":"<div class=\"responsive-tabs\">\n<h2 class=\"tabtitle\">Bemutat\u00e1s<\/h2>\n<div class=\"tabcontent\">\n\n<h2 style=\"text-align: justify\">Oxiol\u00f3gia \u00e9s S\u00fcrg\u0151ss\u00e9gi Ell\u00e1t\u00e1s Tansz\u00e9k<\/h2>\n<div class=\"keretes\">\n<p><strong>El\u00e9rhet\u0151s\u00e9gek:<\/strong><br \/>\nTel.: +36 1 486 5840<br \/>\nEmail: <a href=\"mailto:etk.oxiologia@semmelweis.hu\">etk.oxiologia@semmelweis.hu<\/a><br \/>\nIroda: 145<\/p>\n<\/div>\n<p style=\"text-align: justify\">Az <strong>Oxiol\u00f3gia \u00e9s S\u00fcrg\u0151ss\u00e9gi Ell\u00e1t\u00e1s Tansz\u00e9k <\/strong>1975 \u00f3ta a fels\u0151fok\u00fa szakemberk\u00e9pz\u00e9s egyik meghat\u00e1roz\u00f3 szervezeti egys\u00e9ge a Karon: f\u0151\u00e1ll\u00e1s\u00fa munkat\u00e1rsaival \u00e9s sz\u00e1mos magasan k\u00e9pzett k\u00fcls\u0151s oktat\u00f3val oldja meg feladatait.<\/p>\n<h6 style=\"text-align: justify\"><strong>Oktat\u00e1si \u00e9s szakmai profilok<\/strong><\/h6>\n<p style=\"text-align: justify\">Profilja napjaink elv\u00e1r\u00e1saihoz alkalmazkodva b\u0151v\u00fclt, \u00e9s m\u00e1r nemcsak a prehospitalis akut betegell\u00e1t\u00e1st oktatja (<a href=\"https:\/\/semmelweis.hu\/etk\/oktatas\/alapkepzesek-bsc\/apolas-es-betegellatas-szak\/mentotiszt-szakirany\/\">ment\u0151tiszt k\u00e9pz\u00e9s<\/a>, valamint els\u0151seg\u00e9lyny\u00fajt\u00e1s oktat\u00e1sa a Kar \u00e9s a Fogorvostudom\u00e1nyi Kar hallgat\u00f3i r\u00e9sz\u00e9re), hanem vezet\u0151 szerepet t\u00f6lt be a k\u00f3rh\u00e1zi s\u00fcrg\u0151ss\u00e9gi ell\u00e1t\u00e1s oktat\u00e1sa ter\u00e9n is (s\u00fcrg\u0151ss\u00e9gi, intenz\u00edv \u00e9s perioperat\u00edv betegell\u00e1t\u00e1s, toxikol\u00f3gia). Az elm\u00e9leti \u00e9s gyakorlati BSc k\u00e9pz\u00e9sek mellett szakir\u00e1ny\u00fa tov\u00e1bbk\u00e9pz\u00e9si lehet\u0151s\u00e9get k\u00edn\u00e1lunk \u00e1pol\u00f3k \u00e9s ment\u0151tisztek sz\u00e1m\u00e1ra, valamint rendszeresen tart akkredit\u00e1lt tanfolyamokat az akut betegell\u00e1t\u00e1s k\u00fcl\u00f6nb\u00f6z\u0151 ter\u00fcleteir\u0151l \u00e1pol\u00f3k \u00e9s orvosok r\u00e9sz\u00e9re.<\/p>\n<p style=\"text-align: justify\">R\u00e9szt vesz\u00fcnk a s\u00fcrg\u0151ss\u00e9gi APN k\u00e9pz\u00e9sben, illetve a Klinikai K\u00f6zpont S\u00fcrg\u0151ss\u00e9gi Betegell\u00e1t\u00f3 Oszt\u00e1ly\u00e1nak oktat\u00f3ival kooper\u00e1lva az APN gyakorlati k\u00e9pz\u00e9sben is.<\/p>\n<p style=\"text-align: justify\">A k\u00fcl\u00f6nb\u00f6z\u0151 szakt\u00e1rgyaknak elm\u00e9leti anyag\u00e1hoz \u2013 a tantervi programnak megfelel\u0151en \u2013 szakmai gyakorlatok kapcsol\u00f3dnak. A tan\u00f3r\u00e1n k\u00edv\u00fcli szakmai gyakorlatok c\u00e9lja a klinikai szeml\u00e9let elsaj\u00e1t\u00edt\u00e1sa, a s\u00fcrg\u0151ss\u00e9gi ell\u00e1t\u00e1s fontoss\u00e1g\u00e1nak \u00e9s hely\u00e9nek, illetve korl\u00e1tainak megismer\u00e9se, valamint a gyakorlat t\u00e1rgy\u00e1nak megfelel\u0151 vizsg\u00e1l\u00f3 \u00e9s kezel\u00e9si elj\u00e1r\u00e1sok gyakorl\u00e1sa (nagy tapasztalattal rendelkez\u0151 szakorvosok ir\u00e1ny\u00edt\u00e1sa mellett). A gyakorlatok egyr\u00e9szt az Orsz\u00e1gos Ment\u0151szolg\u00e1lat eset- vagy rohamkocsijain, m\u00e1sr\u00e9szt s\u00fcrg\u0151ss\u00e9gi, klinikai oszt\u00e1lyokon t\u00f6rt\u00e9nnek.<\/p>\n<p style=\"text-align: justify\">Hallgat\u00f3ink rendszeresen szerepelnek hazai \u00e9s nemzetk\u00f6zi megm\u00e9rettet\u00e9seken, kiv\u00e1l\u00f3 eredm\u00e9nnyel.<\/p>\n<p style=\"text-align: justify\"><strong>A Tansz\u00e9k<\/strong><\/p>\n<ul style=\"text-align: justify\">\n<li>gondoskodik a v\u00e9gzett ment\u0151tisztek rendszeres tov\u00e1bbk\u00e9pz\u00e9s\u00e9r\u0151l;<\/li>\n<li>munkat\u00e1rsai r\u00e9szt vesznek \u00e9s felel\u0151s funkci\u00f3kat l\u00e1tnak el sz\u00e1mos, az akut betegell\u00e1t\u00e1shoz kapcsol\u00f3d\u00f3 szakmai \u00e9s t\u00e1rsadalmi szervezet munk\u00e1j\u00e1ban;<\/li>\n<li>c\u00e9ljai k\u00f6z\u00f6tt szerepel a szimul\u00e1ci\u00f3s oktat\u00e1s \u00faj form\u00e1j\u00e1nak, az \u00fan. \u201elive patient simulation\u201d-nak tov\u00e1bbi kiterjeszt\u00e9se, valamint t\u00e1vlati c\u00e9ljaink k\u00f6zt szerepel MSc k\u00e9pz\u00e9s beind\u00edt\u00e1sa, melynek sor\u00e1n meghat\u00e1rozott bel\u00e9p\u00e9si krit\u00e9riumoknak megfelel\u0151en olyan szakembereket k\u00edv\u00e1nunk k\u00e9pezni, akik mind a prehopsit\u00e1lis, mind pedig az intrahospit\u00e1lis s\u00fcrg\u0151ss\u00e9gi ell\u00e1t\u00e1sban kaphatnak meghat\u00e1roz\u00f3 szerepet.<\/li>\n<\/ul>\n\n<\/div><h2 class=\"tabtitle\">Munkat\u00e1rsak<\/h2>\n<div class=\"tabcontent\">\n\n<p><a href=\"https:\/\/semmelweis.hu\/etk\/files\/2025\/04\/Szekely_Andrea_HU_CV.pdf\">Dr. Sz\u00e9kely Andrea<\/a><\/p>\n<p style=\"padding-left: 40px\"><em>egyetemi tan\u00e1r, tansz\u00e9kvezet\u0151<\/em><\/p>\n<p>Dr. Holl\u00f3s S\u00e1ndor<\/p>\n<p><em><span class=\"emp-phone\">\u00a0 \u00a0 \u00a0 \u00a0f\u0151iskolai tan\u00e1r, professor emeritus<br \/>\n<\/span><\/em><\/p>\n<p>Dr. Horny\u00e1k Istv\u00e1n<\/p>\n<p style=\"padding-left: 40px\"><em>f\u0151iskolai docens<\/em><\/p>\n<p><a href=\"https:\/\/semmelweis.hu\/etk\/files\/2023\/06\/Moskola_Vladimir_HU_CV.pdf\">Dr. Moskola Vladim\u00edr<\/a><\/p>\n<p style=\"padding-left: 40px\"><em>adjunktus<\/em><\/p>\n<p>Nagy Tam\u00e1s<\/p>\n<p><em><span class=\"emp-phone\">\u00a0 \u00a0 \u00a0 \u00a0 tan\u00e1rseg\u00e9d<\/span><\/em><\/p>\n<p><a href=\"https:\/\/semmelweis.hu\/etk\/files\/2023\/06\/OzsvartBarbara_CV_HU-1.pdf\">Ozsv\u00e1rt Barbara<\/a><\/p>\n<p><em><span class=\"emp-phone\">\u00a0 \u00a0 \u00a0 \u00a0tan\u00e1rseg\u00e9d<\/span><\/em><\/p>\n\r\n<div id=\"telefonkonyv\">\r\n  <div class=\"tel-results col-12 px-0\">\r\n      <p class=\"desc mb-1\"><span>Ha hib\u00e1s, vagy hi\u00e1nyz\u00f3 adatot tal\u00e1l, k\u00e9rj\u00fck jelezze szervezeti egys\u00e9g\u00fcnk titk\u00e1rs\u00e1g\u00e1n.<\/span><\/p>\r\n      <p class=\"desc\"><em>A telefonk\u00f6nyvben tal\u00e1lhat\u00f3 adatok nem haszn\u00e1lhat\u00f3k fel az 1995. \u00e9vi CXIX. t\u00f6rv\u00e9ny szerinti kutat\u00e1s \u00e9s k\u00f6zvetlen \u00fczletszerz\u00e9s c\u00e9lj\u00e1ra.<\/em><\/p>\r\n                <div class=\"row mx-0 mt-3 mb-3 subunit-line text-uppercase font-weight-bold \r\n                    status-SZE\">\r\n                    <div class=\"col col-12 col-md-10 pl-2 pr-0\">\r\n                        <span>Oxiol\u00f3gia \u00e9s S\u00fcrg\u0151ss\u00e9gi Ell\u00e1t\u00e1s Tansz\u00e9k<\/span>\r\n                    <\/div>\r\n                <\/div> \r\n          <div class=\"row mx-0 py-2 result-line emp-leader\">\r\n            <div class=\"col col-12 px-0 \"><div class=\"row mx-0 pr-2 result-line-content align-items-center\">\r\n                        <div class=\"col-12 col-md-6 px-0 \">\r\n                            <a class=\"emp-name\" href=\"https:\/\/semmelweis.hu\/telefonkonyv?emp_id=15312\">Dr. Sz\u00e9kely Andrea PhD<\/a>\r\n                            <br \/><span class=\"emp-phone\">egyetemi tan\u00e1r,tansz\u00e9kvezet\u0151<\/span><\/div>\r\n                        <div class=\"col-12 col-md-6 px-0\"><span class=\"emp-phone\"><i class=\"fa fa-phone\" aria-hidden=\"true\"><\/i>48-65843, <\/span><span class=\"emp-email\"><i class=\"fa fa-envelope-o\" aria-hidden=\"true\"><\/i>szekely.andrea1<i class=\"fa fa-at m-0 text-body\"><\/i>semmelweis.hu<\/span>\r\n                        <\/div>\r\n                    <\/div>\r\n                \r\n            <\/div>\r\n\r\n                <div class=\"col-12 col-md-6 px-0 d-none\"><span class=\"emp-phone\"><i class=\"fa fa-phone\" aria-hidden=\"true\"><\/i>48-65843, <\/span><span class=\"emp-email\"><i class=\"fa fa-envelope-o\" aria-hidden=\"true\"><\/i>szekely.andrea1<i class=\"fa fa-at m-0 text-body\"><\/i>semmelweis.hu<\/span>\r\n                <\/div>\r\n\r\n\r\n        <\/div>\r\n          <div class=\"row mx-0 py-2 result-line \">\r\n            <div class=\"col col-12 px-0 \"><div class=\"row mx-0 pr-2 result-line-content align-items-center\">\r\n                        <div class=\"col-12 col-md-6 px-0 \">\r\n                            <a class=\"emp-name\" href=\"https:\/\/semmelweis.hu\/telefonkonyv?emp_id=9575\"> H\u00e1zi Katalin <\/a>\r\n                            <br \/><span class=\"emp-phone\">oktat\u00e1sszervez\u00e9si szak\u00e9rt\u0151<\/span><\/div>\r\n                        <div class=\"col-12 col-md-6 px-0\"><span class=\"emp-phone\"><i class=\"fa fa-phone\" aria-hidden=\"true\"><\/i>48-65844, <\/span><span class=\"emp-email\"><i class=\"fa fa-envelope-o\" aria-hidden=\"true\"><\/i>hazi.katalin<i class=\"fa fa-at m-0 text-body\"><\/i>semmelweis.hu<\/span>\r\n                        <\/div>\r\n                    <\/div>\r\n                \r\n            <\/div>\r\n\r\n                <div class=\"col-12 col-md-6 px-0 d-none\"><span class=\"emp-phone\"><i class=\"fa fa-phone\" aria-hidden=\"true\"><\/i>48-65844, <\/span><span class=\"emp-email\"><i class=\"fa fa-envelope-o\" aria-hidden=\"true\"><\/i>hazi.katalin<i class=\"fa fa-at m-0 text-body\"><\/i>semmelweis.hu<\/span>\r\n                <\/div>\r\n\r\n\r\n        <\/div>\r\n          <div class=\"row mx-0 py-2 result-line \">\r\n            <div class=\"col col-12 px-0 \"><div class=\"row mx-0 pr-2 result-line-content align-items-center\">\r\n                        <div class=\"col-12 col-md-6 px-0 \">\r\n                            <a class=\"emp-name\" href=\"https:\/\/semmelweis.hu\/telefonkonyv?emp_id=9571\">Dr. Holl\u00f3s S\u00e1ndor <\/a>\r\n                            <br \/><span class=\"emp-phone\">f\u0151iskolai tan\u00e1r, professzor emeritus<\/span><\/div>\r\n                        <div class=\"col-12 col-md-6 px-0\"><span class=\"emp-phone\"><i class=\"fa fa-phone\" aria-hidden=\"true\"><\/i>48-65972, <\/span><span class=\"emp-email\"><i class=\"fa fa-envelope-o\" aria-hidden=\"true\"><\/i>hollos.sandor<i class=\"fa fa-at m-0 text-body\"><\/i>semmelweis.hu<\/span>\r\n                        <\/div>\r\n                    <\/div>\r\n                \r\n            <\/div>\r\n\r\n                <div class=\"col-12 col-md-6 px-0 d-none\"><span class=\"emp-phone\"><i class=\"fa fa-phone\" aria-hidden=\"true\"><\/i>48-65972, <\/span><span class=\"emp-email\"><i class=\"fa fa-envelope-o\" aria-hidden=\"true\"><\/i>hollos.sandor<i class=\"fa fa-at m-0 text-body\"><\/i>semmelweis.hu<\/span>\r\n                <\/div>\r\n\r\n\r\n        <\/div>\r\n          <div class=\"row mx-0 py-2 result-line \">\r\n            <div class=\"col col-12 px-0 \"><div class=\"row mx-0 pr-2 result-line-content align-items-center\">\r\n                        <div class=\"col-12 col-md-6 px-0 \">\r\n                            <a class=\"emp-name\" href=\"https:\/\/semmelweis.hu\/telefonkonyv?emp_id=9572\">Dr. Horny\u00e1k Istv\u00e1n <\/a>\r\n                            <br \/><span class=\"emp-phone\">f\u0151iskolai docens<\/span><\/div>\r\n                        <div class=\"col-12 col-md-6 px-0\"><span class=\"emp-phone\"><i class=\"fa fa-phone\" aria-hidden=\"true\"><\/i>48-65842, <\/span><span class=\"emp-email\"><i class=\"fa fa-envelope-o\" aria-hidden=\"true\"><\/i>hornyak.istvan1<i class=\"fa fa-at m-0 text-body\"><\/i>semmelweis.hu<\/span>\r\n                        <\/div>\r\n                    <\/div>\r\n                \r\n            <\/div>\r\n\r\n                <div class=\"col-12 col-md-6 px-0 d-none\"><span class=\"emp-phone\"><i class=\"fa fa-phone\" aria-hidden=\"true\"><\/i>48-65842, <\/span><span class=\"emp-email\"><i class=\"fa fa-envelope-o\" aria-hidden=\"true\"><\/i>hornyak.istvan1<i class=\"fa fa-at m-0 text-body\"><\/i>semmelweis.hu<\/span>\r\n                <\/div>\r\n\r\n\r\n        <\/div>\r\n          <div class=\"row mx-0 py-2 result-line \">\r\n            <div class=\"col col-12 px-0 \"><div class=\"row mx-0 pr-2 result-line-content align-items-center\">\r\n                        <div class=\"col-12 col-md-6 px-0 \">\r\n                            <a class=\"emp-name\" href=\"https:\/\/semmelweis.hu\/telefonkonyv?emp_id=9573\">Dr. Moskola Vladim\u00edr <\/a>\r\n                            <br \/><span class=\"emp-phone\">adjunktus<\/span><\/div>\r\n                        <div class=\"col-12 col-md-6 px-0\"><span class=\"emp-phone\"><i class=\"fa fa-phone\" aria-hidden=\"true\"><\/i>48-65842, <\/span><span class=\"emp-email\"><i class=\"fa fa-envelope-o\" aria-hidden=\"true\"><\/i>moskola.vladimir<i class=\"fa fa-at m-0 text-body\"><\/i>semmelweis.hu<\/span>\r\n                        <\/div>\r\n                    <\/div>\r\n                \r\n            <\/div>\r\n\r\n                <div class=\"col-12 col-md-6 px-0 d-none\"><span class=\"emp-phone\"><i class=\"fa fa-phone\" aria-hidden=\"true\"><\/i>48-65842, <\/span><span class=\"emp-email\"><i class=\"fa fa-envelope-o\" aria-hidden=\"true\"><\/i>moskola.vladimir<i class=\"fa fa-at m-0 text-body\"><\/i>semmelweis.hu<\/span>\r\n                <\/div>\r\n\r\n\r\n        <\/div>\r\n          <div class=\"row mx-0 py-2 result-line \">\r\n            <div class=\"col col-12 px-0 \"><div class=\"row mx-0 pr-2 result-line-content align-items-center\">\r\n                        <div class=\"col-12 col-md-6 px-0 \">\r\n                            <a class=\"emp-name\" href=\"https:\/\/semmelweis.hu\/telefonkonyv?emp_id=20068\"> Nagy Tam\u00e1s <\/a>\r\n                            <br \/><span class=\"emp-phone\">tan\u00e1rseg\u00e9d<\/span><\/div>\r\n                        <div class=\"col-12 col-md-6 px-0\"><span class=\"emp-phone\"><i class=\"fa fa-phone\" aria-hidden=\"true\"><\/i>48-65844, <\/span><span class=\"emp-email\"><i class=\"fa fa-envelope-o\" aria-hidden=\"true\"><\/i>nagy.tamas1<i class=\"fa fa-at m-0 text-body\"><\/i>semmelweis.hu<\/span>\r\n                        <\/div>\r\n                    <\/div>\r\n                \r\n            <\/div>\r\n\r\n                <div class=\"col-12 col-md-6 px-0 d-none\"><span class=\"emp-phone\"><i class=\"fa fa-phone\" aria-hidden=\"true\"><\/i>48-65844, <\/span><span class=\"emp-email\"><i class=\"fa fa-envelope-o\" aria-hidden=\"true\"><\/i>nagy.tamas1<i class=\"fa fa-at m-0 text-body\"><\/i>semmelweis.hu<\/span>\r\n                <\/div>\r\n\r\n\r\n        <\/div>\r\n          <div class=\"row mx-0 py-2 result-line \">\r\n            <div class=\"col col-12 px-0 \"><div class=\"row mx-0 pr-2 result-line-content align-items-center\">\r\n                        <div class=\"col-12 col-md-6 px-0 \">\r\n                            <a class=\"emp-name\" href=\"https:\/\/semmelweis.hu\/telefonkonyv?emp_id=9574\"> Ozsv\u00e1rt Barbara <\/a>\r\n                            <br \/><span class=\"emp-phone\">tan\u00e1rseg\u00e9d<\/span><\/div>\r\n                        <div class=\"col-12 col-md-6 px-0\"><span class=\"emp-phone\"><i class=\"fa fa-phone\" aria-hidden=\"true\"><\/i>48-65842, <\/span><span class=\"emp-email\"><i class=\"fa fa-envelope-o\" aria-hidden=\"true\"><\/i>ozsvart.barbara<i class=\"fa fa-at m-0 text-body\"><\/i>semmelweis.hu<\/span>\r\n                        <\/div>\r\n                    <\/div>\r\n                \r\n            <\/div>\r\n\r\n                <div class=\"col-12 col-md-6 px-0 d-none\"><span class=\"emp-phone\"><i class=\"fa fa-phone\" aria-hidden=\"true\"><\/i>48-65842, <\/span><span class=\"emp-email\"><i class=\"fa fa-envelope-o\" aria-hidden=\"true\"><\/i>ozsvart.barbara<i class=\"fa fa-at m-0 text-body\"><\/i>semmelweis.hu<\/span>\r\n                <\/div>\r\n\r\n\r\n        <\/div><\/div><\/div>\n\n<\/div><h2 class=\"tabtitle\">Hirdet\u0151t\u00e1bla<\/h2>\n<div class=\"tabcontent\">\n\n<p style=\"text-align: center\"><strong>Oktat\u00f3k konzult\u00e1ci\u00f3s id\u0151pontjai<\/strong><br \/>\n<strong>2025\/2026. tan\u00e9v tavaszi f\u00e9l\u00e9v<br \/>\nszorgalmi id\u0151szak\u00e1ban<\/strong><\/p>\n<p><strong>Prof. Dr. Sz\u00e9kely Andrea<\/strong><\/p>\n<p style=\"padding-left: 40px\">cs\u00fct\u00f6rt\u00f6k 12:15-13:15, Vas utca 147. iroda<\/p>\n<p><strong>Ozsv\u00e1rt Barbara<\/strong><\/p>\n<p style=\"padding-left: 40px\">szerda 12:00- 14:00, Vas utca 148. iroda<\/p>\n<p><strong>Dr. Horny\u00e1k Istv\u00e1n<\/strong><\/p>\n<p style=\"padding-left: 40px\">cs\u00fct\u00f6rt\u00f6k 12:00-13:00, Erkel utca alagsor<\/p>\n<p><strong>Dr. Moskola Vladim\u00edr<\/strong><\/p>\n<p style=\"padding-left: 40px\">cs\u00fct\u00f6rt\u00f6k 13:00-14:00, Erkel utca alagsor<\/p>\n<\/div><\/div>\n","protected":false},"excerpt":{"rendered":"<p>Oxiol\u00f3gia \u00e9s S\u00fcrg\u0151ss\u00e9gi Ell\u00e1t\u00e1s Tansz\u00e9k El\u00e9rhet\u0151s\u00e9gek: Tel.: +36 1 486 5840 Email: <a href=\"mailto:etk.oxiologia@semmelweis.hu\">etk.oxiologia@semmelweis.hu<\/a> Iroda: 145 Az Oxiol\u00f3gia \u00e9s S\u00fcrg\u0151ss\u00e9gi Ell\u00e1t\u00e1s Tansz\u00e9k 1975 \u00f3ta a fels\u0151fok\u00fa szakemberk\u00e9pz\u00e9s egyik meghat\u00e1roz\u00f3 szervezeti egys\u00e9ge a Karon: f\u0151\u00e1ll\u00e1s\u00fa munkat\u00e1rsaival \u00e9s sz\u00e1mos magasan k\u00e9pzett k\u00fcls\u0151s oktat\u00f3val oldja meg feladatait. Oktat\u00e1si \u00e9s szakmai profilok Profilja napjaink elv\u00e1r\u00e1saihoz alkalmazkodva b\u0151v\u00fclt, \u00e9s m\u00e1r nemcsak a &hellip;<\/p>\n","protected":false},"author":101729,"featured_media":0,"parent":59,"menu_order":0,"comment_status":"closed","ping_status":"closed","template":"","meta":{"_acf_changed":false,"footnotes":""},"categories":[],"tags":[],"class_list":["post-88","page","type-page","status-publish","hentry"],"acf":[],"_links":{"self":[{"href":"https:\/\/semmelweis.hu\/etk\/wp-json\/wp\/v2\/pages\/88","targetHints":{"allow":["GET"]}}],"collection":[{"href":"https:\/\/semmelweis.hu\/etk\/wp-json\/wp\/v2\/pages"}],"about":[{"href":"https:\/\/semmelweis.hu\/etk\/wp-json\/wp\/v2\/types\/page"}],"author":[{"embeddable":true,"href":"https:\/\/semmelweis.hu\/etk\/wp-json\/wp\/v2\/users\/101729"}],"replies":[{"embeddable":true,"href":"https:\/\/semmelweis.hu\/etk\/wp-json\/wp\/v2\/comments?post=88"}],"version-history":[{"count":11,"href":"https:\/\/semmelweis.hu\/etk\/wp-json\/wp\/v2\/pages\/88\/revisions"}],"predecessor-version":[{"id":19524,"href":"https:\/\/semmelweis.hu\/etk\/wp-json\/wp\/v2\/pages\/88\/revisions\/19524"}],"up":[{"embeddable":true,"href":"https:\/\/semmelweis.hu\/etk\/wp-json\/wp\/v2\/pages\/59"}],"wp:attachment":[{"href":"https:\/\/semmelweis.hu\/etk\/wp-json\/wp\/v2\/media?parent=88"}],"wp:term":[{"taxonomy":"category","embeddable":true,"href":"https:\/\/semmelweis.hu\/etk\/wp-json\/wp\/v2\/categories?post=88"},{"taxonomy":"post_tag","embeddable":true,"href":"https:\/\/semmelweis.hu\/etk\/wp-json\/wp\/v2\/tags?post=88"}],"curies":[{"name":"wp","href":"https:\/\/api.w.org\/{rel}","templated":true}]}}