{"id":8626,"date":"2021-10-28T12:01:19","date_gmt":"2021-10-28T10:01:19","guid":{"rendered":"https:\/\/semmelweis.hu\/etk\/?page_id=8626"},"modified":"2025-02-04T09:10:13","modified_gmt":"2025-02-04T08:10:13","slug":"kari-kutatasi-portfolio","status":"publish","type":"page","link":"https:\/\/semmelweis.hu\/etk\/tudomany\/kari-kutatasi-portfolio\/","title":{"rendered":"Kari Kutat\u00e1si Portf\u00f3li\u00f3"},"content":{"rendered":"<p>Az SE Eg\u00e9szs\u00e9gtudom\u00e1nyi Kar 2024. \u00e9vi<a href=\"https:\/\/semmelweis.hu\/etk\/files\/2025\/02\/ETK_kut_portf_2024_03.pdf\">\u00a0<strong>kutat\u00e1si portf\u00f3li\u00f3ja<\/strong><\/a>\u00a0(pdf)<\/p>\n<h4 style=\"text-align: justify\"><strong>Kutat\u00e1si t\u00e9m\u00e1k:<\/strong><\/h4>\n<ul>\n<li style=\"text-align: justify\">A beavatkoz\u00f3 \u00e1llom\u00e1ny kondicion\u00e1lis k\u00e9pess\u00e9gei fejleszt\u00e9s\u00e9nek \u00faj ir\u00e1nyai, k\u00fcl\u00f6n\u00f6s tekintettel a katasztr\u00f3f\u00e1k felsz\u00e1ml\u00e1s\u00e1n\u00e1l jelentkez\u0151 extr\u00e9m hat\u00e1sok kezel\u00e9s\u00e9re<\/li>\n<li style=\"text-align: justify\">A de quervain-f\u00e9le tendinop\u00e1tia kezel\u00e9se excentrikus tr\u00e9ninggel<\/li>\n<li style=\"text-align: justify\">A d\u00edjugrat\u00e1s teljes\u00edtm\u00e9ny\u00e9t befoly\u00e1sol\u00f3 izomdiszbalanszok \u00e9s aszimmetri\u00e1k felt\u00e9rk\u00e9pez\u00e9se<\/li>\n<li style=\"text-align: justify\">A dysphagia t\u00e1pl\u00e1l\u00e1ster\u00e1pi\u00e1ja, k\u00fcl\u00f6n\u00f6s tekintettel a stroke betegekre<\/li>\n<li style=\"text-align: justify\">A fizikai aktivit\u00e1s (\u201esportol\u00e1s\u201d) szerepe az \u00f6reged\u00e9s sor\u00e1n bek\u00f6vetkez\u0151 agyi vasomotor \u00e9s kognit\u00edv funkci\u00f3k cs\u00f6kkent\u00e9s\u00e9nek megel\u0151z\u00e9s\u00e9ben<\/li>\n<li style=\"text-align: justify\">A hallgat\u00f3i attit\u0171dform\u00e1l\u00e1s lehet\u0151s\u00e9gei a \u201epszichi\u00e1tria \u00e9s \u00e1pol\u00e1stana\u201d tant\u00e1rgy oktat\u00e1s\u00e1nak keret\u00e9ben<\/li>\n<li style=\"text-align: justify\">A hallgat\u00f3i teljes\u00edtm\u00e9ny \u00e9rt\u00e9kel\u00e9se a sz\u00fcl\u00e9szeti szimul\u00e1ci\u00f3s gyakorlatok sor\u00e1n<\/li>\n<li style=\"text-align: justify\">A homeoszt\u00e1zis mint eg\u00e9szs\u00e9g-rendszer vizsg\u00e1lata<\/li>\n<li style=\"text-align: justify\">A hum\u00e1n t\u00e1pl\u00e1lkoz\u00e1s \u00e9s t\u00e1rs\u00e1llat t\u00e1pl\u00e1l\u00e1s \u00f6sszef\u00fcgg\u00e9seinek vizsg\u00e1lata<\/li>\n<li style=\"text-align: justify\">A korai fejl\u0151d\u00e9si id\u0151szak mozg\u00e1szavarainak lehets\u00e9ges ter\u00e1pi\u00e1ja eg\u00e9sztest vibr\u00e1ci\u00f3s kezel\u00e9ssel<\/li>\n<li style=\"text-align: justify\">A k\u00f3rh\u00e1zi s\u00fcrg\u0151ss\u00e9gi ell\u00e1t\u00e1sban dolgoz\u00f3 eg\u00e9szs\u00e9g\u00fcgyi dolgoz\u00f3k hal\u00e1llal kapcsolatos attit\u0171dj\u00e9nek, valamint az azt befoly\u00e1sol\u00f3 t\u00e9nyez\u0151inek vizsg\u00e1lata<\/li>\n<li style=\"text-align: justify\">A k\u00f6z\u00e9tkeztet\u00e9s &#8211; mint a t\u00e1pl\u00e1lkoz\u00e1si magatart\u00e1snevel\u00e9s egyik form\u00e1j\u00e1nak &#8211; szerepe a t\u00e1pl\u00e1lkoz\u00e1si attit\u0171d\u00f6k kialakul\u00e1s\u00e1ban<\/li>\n<li style=\"text-align: justify\">A magyar kivonul\u00f3 ment\u0151dolgoz\u00f3k \u201esemleges elfogad\u00e1s\u201d hal\u00e1lattit\u0171dje h\u00e1tter\u00e9nek felt\u00e1r\u00e1s\u00e1ra ir\u00e1nyul\u00f3 kutat\u00e1s<\/li>\n<li style=\"text-align: justify\">A magyar mint idegen nyelv m\u00f3dszertan\u00e1nak alkalmaz\u00e1si lehet\u0151s\u00e9gei az aphasia ter\u00e1pi\u00e1ban<\/li>\n<li style=\"text-align: justify\">A ment\u0151tiszt hallgat\u00f3k hal\u00e1lattit\u0171dj\u00e9nek felt\u00e1r\u00e1s\u00e1ra ir\u00e1nyul\u00f3 orsz\u00e1gos kutat\u00e1s<\/li>\n<li style=\"text-align: justify\">A r\u00f6gz\u00edtett fels\u0151 v\u00e9gtag hat\u00e1sa a j\u00e1r\u00e1sra \u00e9s az egyens\u00falyoz\u00e1sra<\/li>\n<li style=\"text-align: justify\">A stresszkezel\u00e9s felm\u00e9r\u00e9se a fels\u0151oktat\u00e1sban<\/li>\n<li style=\"text-align: justify\">A sz\u00e9ls\u0151s\u00e9gesen depriv\u00e1lt \u00e9lethelyzet szociol\u00f3giai-pszichol\u00f3giai-egzisztencialista csapd\u00e1ja: a jelenorient\u00e1ci\u00f3 \u00e9s a pszichoakt\u00edv anyag-haszn\u00e1lat<\/li>\n<li style=\"text-align: justify\">A t\u00e1pl\u00e1lts\u00e1gi \u00e1llapot \u00e9s t\u00e1panyag-beviteli \u00e9rt\u00e9k monitoroz\u00e1sa k\u00fcl\u00f6nb\u00f6z\u0151 \u00e9letkorokban, az eg\u00e9szs\u00e9gmeg\u0151rz\u00e9s \u00e9s a t\u00e1pl\u00e1lkoz\u00e1sf\u00fcgg\u0151 betegs\u00e9gek t\u00e1pl\u00e1lkoz\u00e1si rizik\u00f3 t\u00e9nyez\u0151inek azonos\u00edt\u00e1sa \u00e9rdek\u00e9ben<\/li>\n<li style=\"text-align: justify\">A t\u00e1pszerkonyh\u00e1k higi\u00e9n\u00e9je, tev\u00e9kenys\u00e9gi folyamatainak szervez\u00e9se \u00e9s inform\u00e1ci\u00f3s rendszere<\/li>\n<li style=\"text-align: justify\">A technikai \u00e9s nem technikai k\u00e9szs\u00e9gek szerepe a diagnosztikus \u00e9s ter\u00e1pi\u00e1s folyamatokban s\u00fcrg\u0151ss\u00e9gi ell\u00e1t\u00e1s sor\u00e1n<\/li>\n<li style=\"text-align: justify\">A technikai \u00e9s nem-technikai k\u00e9szs\u00e9gek szerepe a s\u00fcrg\u0151ss\u00e9gi ell\u00e1t\u00e1sban<\/li>\n<li style=\"text-align: justify\">A teljes test vibr\u00e1ci\u00f3 szerepe a sarcop\u00e9nia kezel\u00e9s\u00e9ben<\/li>\n<li style=\"text-align: justify\">A v\u00e1rand\u00f3s n\u0151k t\u00e1pl\u00e1lkoz\u00e1s\u00e1nak \u00e9s a magzatv\u00e9d\u0151 vitamink\u00e9sz\u00edtm\u00e9nyek fogyaszt\u00e1si gyakoris\u00e1g\u00e1nak meg\u00edt\u00e9l\u00e9se a ment\u00e1lis eg\u00e9szs\u00e9g\u00fck t\u00fckr\u00e9ben<\/li>\n<li style=\"text-align: justify\">A v\u00e9n\u00e1s varikozit\u00e1s egy lehets\u00e9ges modellje patk\u00e1nyban<\/li>\n<li style=\"text-align: justify\">A virtu\u00e1lis val\u00f3s\u00e1g alkalmaz\u00e1sa a j\u00e1r\u00f3kel\u0151-hat\u00e1s cs\u00f6kkent\u00e9s\u00e9ben egy ghb-val elk\u00f6vetett szexu\u00e1lis vissza\u00e9l\u00e9s kontextus\u00e1ban<\/li>\n<li style=\"text-align: justify\">\u00c1pol\u00f3k ment\u00e1lis eg\u00e9szs\u00e9g\u00e9nek \u00e9s megbirk\u00f3z\u00e1si k\u00e9pess\u00e9g\u00e9nek vizsg\u00e1lata<\/li>\n<li style=\"text-align: justify\">\u00c1pol\u00f3k szocio\u00f6kon\u00f3miai st\u00e1tusza<\/li>\n<li style=\"text-align: justify\">\u00c1pol\u00f3k tud\u00e1smenedzsment \u00e9s tud\u00e1s-rekonverzi\u00f3s strat\u00e9gi\u00e1i<\/li>\n<li style=\"text-align: justify\">Autizmussal \u00e9l\u0151 gyermeket nevel\u0151 csal\u00e1dok tapasztalatai \u00e9s \u00e9rtelmez\u00e9sei a befogad\u00e1sr\u00f3l a helyi t\u00e1rsadalom kontextus\u00e1ban<\/li>\n<li style=\"text-align: justify\">Az eg\u00e9szs\u00e9gtudom\u00e1ny a sikeres id\u0151s\u00f6d\u00e9s\u00e9rt<\/li>\n<li style=\"text-align: justify\">Az eg\u00e9szs\u00e9g\u00fcgyi ell\u00e1t\u00e1ssal \u00f6sszef\u00fcgg\u0151 fert\u0151z\u00e9sek megel\u0151z\u00e9s\u00e9nek komplex, rendszerszint\u0171 vizsg\u00e1lata<\/li>\n<li style=\"text-align: justify\">Az eg\u00e9szs\u00e9g\u00fcgyi szakdolgoz\u00f3k gondolkod\u00e1s\u00e1nak, tev\u00e9kenys\u00e9g\u00e9nek \u00e9s kompetenci\u00e1inak szociokultur\u00e1lis mint\u00e1zatai speci\u00e1lis \u00e9lethelyzetben l\u00e9v\u0151 betegek eg\u00e9szs\u00e9g\u00fcgyi ell\u00e1t\u00e1s\u00e1ban<\/li>\n<li style=\"text-align: justify\">Az \u00e9lm\u00e9nypedag\u00f3gia m\u00f3dszerek szerepe az \u00fajra\u00e9leszt\u00e9s oktat\u00e1s\u00e1ban<\/li>\n<li style=\"text-align: justify\">Az endometri\u00f3zis \u00e9letmin\u0151s\u00e9gre gyakorolt hat\u00e1sai<\/li>\n<li style=\"text-align: justify\">Az id\u0151s\u00f6d\u00e9s sor\u00e1n jellemz\u0151 genetikai, epigenetikai, valamint sejtszint\u0171 funkcion\u00e1lis v\u00e1ltoz\u00e1sok \u00e9s a gammop\u00e1ti\u00e1k progresszi\u00f3ja<\/li>\n<li style=\"text-align: justify\">Az intelligenciaszintet befoly\u00e1sol\u00f3 t\u00e9nyez\u0151i, k\u00fcl\u00f6n\u00f6s tekintettel a t\u00e1pl\u00e1lkoz\u00e1sra<\/li>\n<li style=\"text-align: justify\">Az interkulturalit\u00e1s filoz\u00f3fiai hermeneutikai olvasata \u00e9s eg\u00e9szs\u00e9g\u00fcgyi vonatkoz\u00e1sai<\/li>\n<li style=\"text-align: justify\">Az olvas\u00e1s komprehenz\u00edv kezel\u00e9se aphasi\u00e1ban<\/li>\n<li style=\"text-align: justify\">Belt\u00e9ri allerg\u00e9nek szerepe az allergi\u00e1k kialakul\u00e1s\u00e1ban gyermekkort\u00f3l<\/li>\n<li style=\"text-align: justify\">Belt\u00e9ri k\u00f6rnyezetmin\u0151s\u00e9g eg\u00e9szs\u00e9gkock\u00e1zata \u00e9s munkahigi\u00e9n\u00e9s aspektusai a betegell\u00e1t\u00e1s \u00e9s betegbiztons\u00e1g t\u00fckr\u00e9ben<\/li>\n<li style=\"text-align: justify\">Betegbiztons\u00e1g a transzfuziol\u00f3gi\u00e1ban &#8211; adal\u00e9kok a transzf\u00fazi\u00f3s ter\u00e1pia \u00e1pol\u00f3i, szakdolgoz\u00f3i vonatkoz\u00e1saihoz<\/li>\n<li style=\"text-align: justify\">Betegbiztons\u00e1gos kommunik\u00e1ci\u00f3 multikultur\u00e1lis \u00e9s t\u00f6bbnyelv\u0171 eg\u00e9szs\u00e9g\u00fcgyi int\u00e9zm\u00e9nyekben \u2013 nagyobb eg\u00e9szs\u00e9g\u00fcgyi rendszerek \u00e1ttekint\u00e9se Eur\u00f3p\u00e1ban<\/li>\n<li style=\"text-align: justify\">Bioetikai dilemm\u00e1k az orvos-beteg kapcsolatban<\/li>\n<li style=\"text-align: justify\">Biol\u00f3giailag akt\u00edv komponensek vizsg\u00e1lata \u00e9lelmiszerekben<\/li>\n<li style=\"text-align: justify\">Biolumineszcens monitoring eszk\u00f6z\u00f6k alkalmazhat\u00f3s\u00e1ga az \u00e1pol\u00f3i gyakorlatban<\/li>\n<li style=\"text-align: justify\">Blended learning m\u00f3dszertan alkalmaz\u00e1sa a digit\u00e1lis eg\u00e9szs\u00e9g t\u00e9mater\u00fclet oktat\u00e1s\u00e1ban<\/li>\n<li style=\"text-align: justify\">Covid-19 j\u00e1rv\u00e1ny hat\u00e1sa a szimul\u00e1ci\u00f3s oktat\u00e1si m\u00f3dszerek fejl\u0151d\u00e9s\u00e9re<\/li>\n<li style=\"text-align: justify\">Demenci\u00e1val \u00e9l\u0151 szem\u00e9lyek j\u00f3l-l\u00e9t vizsg\u00e1lata Magyarorsz\u00e1gon \u00e9s Sv\u00e9dorsz\u00e1gban: kvalitat\u00edv interj\u00fakutat\u00e1s a hozz\u00e1tartoz\u00f3k perspekt\u00edv\u00e1j\u00e1b\u00f3l<\/li>\n<li style=\"text-align: justify\">Diabeteses betegek dietoter\u00e1pi\u00e1j\u00e1nak t\u00e1mogat\u00e1sa mobil applik\u00e1ci\u00f3s program haszn\u00e1lat\u00e1val<\/li>\n<li style=\"text-align: justify\">Divatos \u00e9trendek, alternat\u00edv di\u00e9t\u00e1k vizsg\u00e1lata a XXI. sz\u00e1zadban<\/li>\n<li style=\"text-align: justify\">Eduk\u00e1ci\u00f3s program kidolgoz\u00e1sa a megr\u00e1zott gyerek szindr\u00f3ma megel\u0151z\u00e9s\u00e9re<\/li>\n<li style=\"text-align: justify\">Eg\u00e9szs\u00e9gc\u00e9l\u00fa mesters\u00e9ges intelligencia alkalmaz\u00e1sokat t\u00e1mogat\u00f3 ontol\u00f3giai \u00e9s terminol\u00f3giai kutat\u00e1sok<\/li>\n<li style=\"text-align: justify\">Eg\u00e9szs\u00e9gtudatos j\u00f6v\u0151 \u2013 fenntarthat\u00f3s\u00e1g a k\u00f6z\u00e9tkeztet\u00e9sben<\/li>\n<li style=\"text-align: justify\">Egynapos seb\u00e9szettel kapcsolatos gazdas\u00e1goss\u00e1gi, betegbiztons\u00e1gi k\u00e9rd\u00e9sek<\/li>\n<li style=\"text-align: justify\">\u00c9lethosszig tart\u00f3 di\u00e9t\u00e1val j\u00e1r\u00f3 gasztrointesztin\u00e1lis betegs\u00e9gben szenved\u0151k di\u00e9tah\u0171s\u00e9ge \u00e9s kapcsolata az eg\u00e9szs\u00e9g\u00e9rt\u00e9ssel, valamint a t\u00e1pl\u00e1lts\u00e1gi \u00e1llapottal<\/li>\n<li style=\"text-align: justify\">Endokannabinoid jel\u00e1tvitel hat\u00e1sa az \u00e9rfal funkcion\u00e1lis m\u0171k\u00f6d\u00e9s\u00e9re \u00e9s remodeling folyamataira<\/li>\n<li style=\"text-align: justify\">Eszk\u00f6zhaszn\u00e1lattal \u00f6sszef\u00fcgg\u0151 eg\u00e9szs\u00e9g\u00fcgyi ell\u00e1tt\u00e1ssal \u00f6sszef\u00fcgg\u0151 fert\u0151z\u00e9sek monitoroz\u00e1si lehet\u0151s\u00e9g\u00e9nek vizsg\u00e1lata nem intenz\u00edv ell\u00e1t\u00e1st ny\u00fajt\u00f3 fekv\u0151beteg-ell\u00e1t\u00f3 r\u00e9szlegeken<\/li>\n<li style=\"text-align: justify\">Felm\u00e9r\u00e9s az antibiotikum- kezel\u00e9s gasztrointesztin\u00e1lis mell\u00e9khat\u00e1sair\u00f3l gyermekkorban, a megel\u0151z\u00e9s korszer\u0171 lehet\u0151s\u00e9gei<\/li>\n<li style=\"text-align: justify\">Funkcion\u00e1lis \u00e9lelmiszerek fejleszt\u00e9se dietetikai szempontok alapj\u00e1n<\/li>\n<li style=\"text-align: justify\">Gasztrointesztin\u00e1lis rendszer vizsg\u00e1lata<\/li>\n<li style=\"text-align: justify\">HIV \/ AIDS az \u00e1pol\u00f3i \u00e9s a sz\u00fcl\u00e9szn\u0151i gyakorlatban<\/li>\n<li style=\"text-align: justify\">Id\u0151s betegek t\u00e1pl\u00e1lts\u00e1gi \u00e1llapot\u00e1nak vizsg\u00e1lata<\/li>\n<li style=\"text-align: justify\">Id\u0151s betegek thrombosis kock\u00e1zat\u00e1nak vizsg\u00e1lata<\/li>\n<li style=\"text-align: justify\">Id\u0151sek funkcion\u00e1lis k\u00e9pess\u00e9geinek meg\u0151rz\u00e9se \u00e9s es\u00e9smegel\u0151z\u00e9s<\/li>\n<li style=\"text-align: justify\">Id\u0151sek t\u00e1pl\u00e1lts\u00e1gi \u00e1llapot\u00e1nak \u00e9s t\u00e1panyag-beviteli \u00e9rt\u00e9keinek monitoroz\u00e1sa; id\u0151soktat\u00e1s a t\u00e1pl\u00e1lkoz\u00e1si attit\u0171d befoly\u00e1sol\u00e1s\u00e1\u00e9rt<\/li>\n<li style=\"text-align: justify\">Iskolai eg\u00e9szs\u00e9gfejleszt\u00e9s<\/li>\n<li style=\"text-align: justify\">Kognit\u00edv diszfunkci\u00f3k \u00e9s aspir\u00e1ci\u00f3s kock\u00e1zat egy\u00fctt j\u00e1r\u00e1s\u00e1nak vizsg\u00e1lata neurog\u00e9n alapon megjelen\u0151 diszf\u00e1gi\u00e1s kliensek eset\u00e9n<\/li>\n<li style=\"text-align: justify\">Kognit\u00edv funkci\u00f3k vizsg\u00e1lata k\u00fcl\u00f6nb\u00f6z\u0151 \u00e1llapotokban<\/li>\n<li style=\"text-align: justify\">Korasz\u00fcl\u00e9s\/ kiss\u00faly\u00fa sz\u00fclet\u00e9s\/ fejl\u0151d\u00e9si rendelleness\u00e9gek kialakul\u00e1s\u00e1nak okait vizsg\u00e1l\u00f3 felm\u00e9r\u00e9s<\/li>\n<li style=\"text-align: justify\">K\u00f6rnyezeti eredet\u0171 eg\u00e9szs\u00e9gkock\u00e1zat \u00e9rz\u00e9kel\u00e9s vizsg\u00e1lata<\/li>\n<li style=\"text-align: justify\">K\u00f6rnyezeti eredet\u0171 megbeteged\u00e9sek eg\u00e9szs\u00e9gkock\u00e1zat\u00e1nak vizsg\u00e1lata<\/li>\n<li style=\"text-align: justify\">K\u00f6z\u00f6ss\u00e9gi eg\u00e9szs\u00e9gkutat\u00e1sok a digit\u00e1lis bennsz\u00fcl\u00f6ttek k\u00f6r\u00e9ben<\/li>\n<li style=\"text-align: justify\">K\u00fcl\u00f6nb\u00f6z\u0151 \u00e9lelmi rostok szerepe a policiszt\u00e1s ov\u00e1rium szindr\u00f3m\u00e1ban szenved\u0151 n\u0151k k\u00f6r\u00e9ben<\/li>\n<li style=\"text-align: justify\">K\u00fcl\u00f6nb\u00f6z\u0151 \u00f6sszet\u00e9tel\u0171 parenter\u00e1lis t\u00e1pl\u00e1l\u00f3 kever\u00e9kinf\u00fazi\u00f3k stabilit\u00e1s\u00e1nak vizsg\u00e1lata. Mesters\u00e9ges t\u00e1pl\u00e1l\u00e1s gyakorlata.<\/li>\n<li style=\"text-align: justify\">K\u00f3rh\u00e1zi, klinikai t\u00e1pl\u00e1l\u00e1si teamek gyakorlat\u00e1nak elemz\u00e9se<\/li>\n<li style=\"text-align: justify\">Lakoss\u00e1gi k\u00f6z\u00f6ss\u00e9gi eg\u00e9szs\u00e9gkutat\u00e1sok<\/li>\n<li style=\"text-align: justify\">Mechanikus \u00e9s elektrom\u00e1gneses kezel\u00e9si m\u00f3dszer alkalmaz\u00e1sa \u00e9s hat\u00e1selemz\u00e9se a gyermekkori cerebr\u00e1lis paresis (CP) vonatkoz\u00e1s\u00e1ban<\/li>\n<li style=\"text-align: justify\">Medence stabilit\u00e1s hat\u00e1sa az als\u00f3 v\u00e9gtag sz\u00f6gelt\u00e9r\u00e9seire<\/li>\n<li style=\"text-align: justify\">Ment\u00e1lis zavarok neuropszicholingvisztikai vizsg\u00e1lata<\/li>\n<li style=\"text-align: justify\">Morfin alkalmaz\u00e1sa myocardialis infarktusos betegek prehospit\u00e1lis ell\u00e1t\u00e1sa sor\u00e1n<\/li>\n<li style=\"text-align: justify\">Mozg\u00e1sszervi prevenci\u00f3 parasportol\u00f3k k\u00f6r\u00e9ben<\/li>\n<li style=\"text-align: justify\">N\u0151i fertilit\u00e1si probl\u00e9m\u00e1k \u00e9trendi kezel\u00e9si lehet\u0151s\u00e9gei<\/li>\n<li style=\"text-align: justify\">Or\u00e1lis antikoagul\u00e1ns kezel\u00e9sben r\u00e9szes\u00fcl\u0151 betegek ter\u00e1pi\u00e1s adherenci\u00e1ja<\/li>\n<li style=\"text-align: justify\">Orthokeratol\u00f3gia szerepe a myopia progresszi\u00f3ban<\/li>\n<li style=\"text-align: justify\">Orvosi d\u00f6nt\u00e9shozatal vizsg\u00e1lata az eml\u00e9kez\u00e9s pszichol\u00f3giai jellegzetess\u00e9gei szerint<\/li>\n<li style=\"text-align: justify\">Perif\u00e9ri\u00e1k eg\u00e9szs\u00e9ge &#8211; az eg\u00e9szs\u00e9g perif\u00e9ri\u00e1i: kora gyermekkori eg\u00e9szs\u00e9g-egyenl\u0151tlens\u00e9gek a bels\u0151-csereh\u00e1tban<\/li>\n<li style=\"text-align: justify\">Perinat\u00e1lis centrumokban dolgoz\u00f3 orvosok \u00e9s eg\u00e9szs\u00e9g\u00fcgyi szakdolgoz\u00f3k szakmai feladataihoz k\u00f6t\u0151d\u0151, valamint a betegek t\u00f6rv\u00e9nyes k\u00e9pvisel\u0151ihez kapcsol\u00f3d\u00f3 etikai \u00e9s jogi k\u00e9rd\u00e9sek vizsg\u00e1lata az \u00e9let elej\u00e9hez \u00e9s v\u00e9g\u00e9hez kapcsol\u00f3d\u00f3 dilemm\u00e1k \u00e9rt\u00e9kel\u00e9se szempontj\u00e1b\u00f3l<\/li>\n<li style=\"text-align: justify\">Posztpartum n\u0151i szexu\u00e1lis funkci\u00f3k prospekt\u00edv vizsg\u00e1lata<\/li>\n<li style=\"text-align: justify\">Sarcopenia vizsg\u00e1lata id\u0151skorban<\/li>\n<li style=\"text-align: justify\">Serd\u00fcl\u0151kor\u00faak fejleszt\u00e9se a testnevel\u00e9s \u00f3r\u00e1k keretein bel\u00fcl<\/li>\n<li style=\"text-align: justify\">Sz\u00e1m\u00edt\u00f3g\u00e9p-alap\u00fa modern testk\u00e9pvizsg\u00e1l\u00f3 eszk\u00f6z\u00f6k valid\u00e1l\u00e1sa<\/li>\n<li style=\"text-align: justify\">Szaruh\u00e1rtya disztr\u00f3fi\u00e1k diagnosztik\u00e1ja \u00e9s kezel\u00e9si lehet\u0151s\u00e9gei<\/li>\n<li style=\"text-align: justify\">Terhess\u00e9gmegszak\u00edt\u00e1sok alakul\u00e1sa, k\u00e9relmez\u0151k jellemz\u0151i Magyarorsz\u00e1gon<\/li>\n<li style=\"text-align: justify\">Testk\u00e9p \u00e9s testtudatoss\u00e1g az addikci\u00f3kkal \u00f6sszef\u00fcgg\u00e9sben<\/li>\n<li style=\"text-align: justify\">Thrombocyta retractio vizsg\u00e1lata antifoszfolipid szindr\u00f3m\u00e1ban szenved\u0151 betegeken<\/li>\n<li style=\"text-align: justify\">T\u00f6nk\u00f6lyb\u00faza \u00e9s az alacsony FODMAP di\u00e9ta hat\u00e1sainak vizsg\u00e1lata irrit\u00e1bilis b\u00e9l szindr\u00f3m\u00e1ban szenved\u0151, valamint remisszi\u00f3ban l\u00e9v\u0151 gyullad\u00e1sos b\u00e9lbetegek k\u00f6r\u00e9ben<\/li>\n<li style=\"text-align: justify\">Tudom\u00e1ny- kutat\u00e1s- \u00e9s innov\u00e1ci\u00f3politika \u00e9s menedzsment, valamint ezek gyakorlati alkalmaz\u00e1sai<\/li>\n<li style=\"text-align: justify\">T\u0171sz\u00far\u00e1sos balesetek hazai alakul\u00e1s\u00e1nak vizsg\u00e1lata 2006-2023 k\u00f6z\u00f6tt<\/li>\n<li style=\"text-align: justify\">\u00daj k\u00f6rnyezeti szennyez\u0151k (nanoanyagok, gy\u00f3gyszermaradv\u00e1nyok, hormonrendszert befoly\u00e1sol\u00f3 anyagok) eg\u00e9szs\u00e9gkock\u00e1zat\u00e1nak vizsg\u00e1lata<\/li>\n<li style=\"text-align: justify\">\u00daj lehet\u0151s\u00e9gek a keratoconus korai form\u00e1inak diagnosztik\u00e1j\u00e1ban<\/li>\n<li style=\"text-align: justify\">\u00daj lehet\u0151s\u00e9gek a keratoconus ter\u00e1pi\u00e1j\u00e1ban<\/li>\n<li style=\"text-align: justify\">\u00daj pszichoakt\u00edv szerek haszn\u00e1l\u00f3i pszichoszoci\u00e1lis jellemz\u0151inek vizsg\u00e1lata<\/li>\n<li style=\"text-align: justify\">Veg\u00e1n \u00e9s hagyom\u00e1nyos \u00e9trendet k\u00f6vet\u0151 csoportok t\u00e1pl\u00e1lkoz\u00e1s\u00e1nak \u00f6sszehasonl\u00edt\u00e1sa az id\u00e9nyszer\u0171s\u00e9g f\u00fcggv\u00e9ny\u00e9ben<\/li>\n<li style=\"text-align: justify\">Virtu\u00e1lis eg\u00e9szs\u00e9gasszisztens alkalmaz\u00e1sok szerepe a p\u00e1ciensek t\u00e1mogat\u00e1s\u00e1ban<\/li>\n<li style=\"text-align: justify\">Visszaseg\u00edt\u00e9s a teljes \u00e9rt\u00e9k\u0171 \u00e9letbe: kommunik\u00e1ci\u00f3s kompetencia fejleszt\u00e9se aphasi\u00e1s betegek ter\u00e1pi\u00e1j\u00e1ban<\/li>\n<li style=\"text-align: justify\">Vizelettart\u00e1si \u00e9s \u00fcr\u00edt\u00e9si probl\u00e9m\u00e1k vizsg\u00e1lata<\/li>\n<\/ul>\n","protected":false},"excerpt":{"rendered":"<p>Az SE Eg\u00e9szs\u00e9gtudom\u00e1nyi Kar 2024. \u00e9vi <a href=\"https:\/\/semmelweis.hu\/etk\/files\/2025\/02\/ETK_kut_portf_2024_03.pdf\">\u00a0kutat\u00e1si portf\u00f3li\u00f3ja<\/a> \u00a0(pdf) Kutat\u00e1si t\u00e9m\u00e1k: A beavatkoz\u00f3 \u00e1llom\u00e1ny kondicion\u00e1lis k\u00e9pess\u00e9gei fejleszt\u00e9s\u00e9nek \u00faj ir\u00e1nyai, k\u00fcl\u00f6n\u00f6s tekintettel a katasztr\u00f3f\u00e1k felsz\u00e1ml\u00e1s\u00e1n\u00e1l jelentkez\u0151 extr\u00e9m hat\u00e1sok kezel\u00e9s\u00e9re A de quervain-f\u00e9le tendinop\u00e1tia kezel\u00e9se excentrikus tr\u00e9ninggel A d\u00edjugrat\u00e1s teljes\u00edtm\u00e9ny\u00e9t befoly\u00e1sol\u00f3 izomdiszbalanszok \u00e9s aszimmetri\u00e1k felt\u00e9rk\u00e9pez\u00e9se A dysphagia t\u00e1pl\u00e1l\u00e1ster\u00e1pi\u00e1ja, k\u00fcl\u00f6n\u00f6s tekintettel a stroke betegekre A fizikai aktivit\u00e1s (\u201esportol\u00e1s\u201d) szerepe az &hellip;<\/p>\n","protected":false},"author":101796,"featured_media":0,"parent":22,"menu_order":1,"comment_status":"closed","ping_status":"closed","template":"","meta":{"_acf_changed":false,"footnotes":""},"categories":[],"tags":[],"class_list":["post-8626","page","type-page","status-publish","hentry"],"acf":[],"_links":{"self":[{"href":"https:\/\/semmelweis.hu\/etk\/wp-json\/wp\/v2\/pages\/8626","targetHints":{"allow":["GET"]}}],"collection":[{"href":"https:\/\/semmelweis.hu\/etk\/wp-json\/wp\/v2\/pages"}],"about":[{"href":"https:\/\/semmelweis.hu\/etk\/wp-json\/wp\/v2\/types\/page"}],"author":[{"embeddable":true,"href":"https:\/\/semmelweis.hu\/etk\/wp-json\/wp\/v2\/users\/101796"}],"replies":[{"embeddable":true,"href":"https:\/\/semmelweis.hu\/etk\/wp-json\/wp\/v2\/comments?post=8626"}],"version-history":[{"count":9,"href":"https:\/\/semmelweis.hu\/etk\/wp-json\/wp\/v2\/pages\/8626\/revisions"}],"predecessor-version":[{"id":17119,"href":"https:\/\/semmelweis.hu\/etk\/wp-json\/wp\/v2\/pages\/8626\/revisions\/17119"}],"up":[{"embeddable":true,"href":"https:\/\/semmelweis.hu\/etk\/wp-json\/wp\/v2\/pages\/22"}],"wp:attachment":[{"href":"https:\/\/semmelweis.hu\/etk\/wp-json\/wp\/v2\/media?parent=8626"}],"wp:term":[{"taxonomy":"category","embeddable":true,"href":"https:\/\/semmelweis.hu\/etk\/wp-json\/wp\/v2\/categories?post=8626"},{"taxonomy":"post_tag","embeddable":true,"href":"https:\/\/semmelweis.hu\/etk\/wp-json\/wp\/v2\/tags?post=8626"}],"curies":[{"name":"wp","href":"https:\/\/api.w.org\/{rel}","templated":true}]}}