{"id":8624,"date":"2021-10-28T11:57:53","date_gmt":"2021-10-28T09:57:53","guid":{"rendered":"https:\/\/semmelweis.hu\/etk\/?page_id=8624"},"modified":"2021-10-28T11:57:53","modified_gmt":"2021-10-28T09:57:53","slug":"eduvital","status":"publish","type":"page","link":"https:\/\/semmelweis.hu\/etk\/tudomany\/eduvital\/","title":{"rendered":"Eduvital"},"content":{"rendered":"<h2>ETK-Eduvital<\/h2>\n<p style=\"text-align: justify\"><strong>Az ETK-Eduvital el\u0151ad\u00e1ssorozat<\/strong> az eg\u00e9szs\u00e9ggel kapcsolatos t\u00e9m\u00e1kat az adott ter\u00fclet elismert szakembereinek seg\u00edts\u00e9g\u00e9vel k\u00f6z\u00e9rthet\u0151 m\u00f3don mutatja be. A sz\u00ednes programsorozatot az Eg\u00e9szs\u00e9gtudom\u00e1nyi Kar \u00e9s az Eduvital Nonprofit Eg\u00e9szs\u00e9gnevel\u00e9si T\u00e1rsas\u00e1g egy\u00fcttm\u0171k\u00f6d\u00e9se h\u00edvta \u00e9letre 2012-ben. <strong>C\u00e9lja, hogy a Kar hallgat\u00f3i \u00e9s oktat\u00f3i, illetve a k\u00fcls\u0151s \u00e9rdekl\u0151d\u0151k is haszonnal mer\u00edthessenek az eg\u00e9szs\u00e9g meg\u0151rz\u00e9s\u00e9vel \u00e9s fejleszt\u00e9s\u00e9vel kapcsolatos tud\u00e1sb\u00f3l, ak\u00e1r a szem\u00e9lyes, ak\u00e1r a szakmai \u00e9lete sor\u00e1n.<\/strong> Az \u00f6sszes elhangzott el\u0151ad\u00e1sok sz\u00e1ma k\u00f6zel\u00edti a sz\u00e1zat, a legut\u00f3bbi el\u0151ad\u00e1sok m\u00e1r r\u00f6gz\u00edt\u00e9sre is ker\u00fcltek. <a href=\"https:\/\/kaltura.semmelweis.hu\/playlist\/dedicated\/1_6d8bxwl0\/\"><strong>Ezeket ut\u00f3lagos megtekint\u00e9sre<\/strong><\/a> is j\u00f3 sz\u00edvvel aj\u00e1nljuk, ugyanakkor szeretettel v\u00e1runk mindenkit val\u00f3s id\u0151ben is. Az \u00e9l\u0151 el\u0151ad\u00e1sok k\u00fcl\u00f6n \u00e9rt\u00e9ke, hogy az el\u0151ad\u00f3kt\u00f3l k\u00e9rdezni lehet, ak\u00e1r hossz\u00fa besz\u00e9lget\u00e9sekre is van id\u0151. Az el\u0151ad\u00e1sok l\u00e1togat\u00e1s\u00e1ra vonatkoz\u00f3 inform\u00e1ci\u00f3kat (k\u00fcls\u0151 \u00e9rdekl\u0151d\u0151knek egyel\u0151re ez egy Zoom link) szint\u00e9n a Kar honlapj\u00e1n kereszt\u00fcl jelentetj\u00fck meg.<\/p>\n","protected":false},"excerpt":{"rendered":"<p>ETK-Eduvital Az ETK-Eduvital el\u0151ad\u00e1ssorozat az eg\u00e9szs\u00e9ggel kapcsolatos t\u00e9m\u00e1kat az adott ter\u00fclet elismert szakembereinek seg\u00edts\u00e9g\u00e9vel k\u00f6z\u00e9rthet\u0151 m\u00f3don mutatja be. A sz\u00ednes programsorozatot az Eg\u00e9szs\u00e9gtudom\u00e1nyi Kar \u00e9s az Eduvital Nonprofit Eg\u00e9szs\u00e9gnevel\u00e9si T\u00e1rsas\u00e1g egy\u00fcttm\u0171k\u00f6d\u00e9se h\u00edvta \u00e9letre 2012-ben. C\u00e9lja, hogy a Kar hallgat\u00f3i \u00e9s oktat\u00f3i, illetve a k\u00fcls\u0151s \u00e9rdekl\u0151d\u0151k is haszonnal mer\u00edthessenek az eg\u00e9szs\u00e9g meg\u0151rz\u00e9s\u00e9vel \u00e9s fejleszt\u00e9s\u00e9vel kapcsolatos tud\u00e1sb\u00f3l, &hellip;<\/p>\n","protected":false},"author":101796,"featured_media":0,"parent":22,"menu_order":1,"comment_status":"closed","ping_status":"closed","template":"","meta":{"_acf_changed":false,"footnotes":""},"categories":[],"tags":[],"class_list":["post-8624","page","type-page","status-publish","hentry"],"acf":[],"_links":{"self":[{"href":"https:\/\/semmelweis.hu\/etk\/wp-json\/wp\/v2\/pages\/8624","targetHints":{"allow":["GET"]}}],"collection":[{"href":"https:\/\/semmelweis.hu\/etk\/wp-json\/wp\/v2\/pages"}],"about":[{"href":"https:\/\/semmelweis.hu\/etk\/wp-json\/wp\/v2\/types\/page"}],"author":[{"embeddable":true,"href":"https:\/\/semmelweis.hu\/etk\/wp-json\/wp\/v2\/users\/101796"}],"replies":[{"embeddable":true,"href":"https:\/\/semmelweis.hu\/etk\/wp-json\/wp\/v2\/comments?post=8624"}],"version-history":[{"count":1,"href":"https:\/\/semmelweis.hu\/etk\/wp-json\/wp\/v2\/pages\/8624\/revisions"}],"predecessor-version":[{"id":8625,"href":"https:\/\/semmelweis.hu\/etk\/wp-json\/wp\/v2\/pages\/8624\/revisions\/8625"}],"up":[{"embeddable":true,"href":"https:\/\/semmelweis.hu\/etk\/wp-json\/wp\/v2\/pages\/22"}],"wp:attachment":[{"href":"https:\/\/semmelweis.hu\/etk\/wp-json\/wp\/v2\/media?parent=8624"}],"wp:term":[{"taxonomy":"category","embeddable":true,"href":"https:\/\/semmelweis.hu\/etk\/wp-json\/wp\/v2\/categories?post=8624"},{"taxonomy":"post_tag","embeddable":true,"href":"https:\/\/semmelweis.hu\/etk\/wp-json\/wp\/v2\/tags?post=8624"}],"curies":[{"name":"wp","href":"https:\/\/api.w.org\/{rel}","templated":true}]}}