{"id":86,"date":"2020-03-23T12:37:28","date_gmt":"2020-03-23T11:37:28","guid":{"rendered":"http:\/\/semmelweis.hu\/etk\/?page_id=86"},"modified":"2026-02-12T09:00:35","modified_gmt":"2026-02-12T08:00:35","slug":"kepalkoto-diagnosztikai-analitikus-es-orvostechnikai-tanszek","status":"publish","type":"page","link":"https:\/\/semmelweis.hu\/etk\/tanszekek\/kepalkoto-diagnosztikai-analitikus-es-orvostechnikai-tanszek\/","title":{"rendered":"K\u00e9palkot\u00f3 Diagnosztikai Analitikus \u00e9s Orvostechnikai Tansz\u00e9k"},"content":{"rendered":"<div class=\"responsive-tabs\">\n<h2 class=\"tabtitle\">Bemutat\u00e1s<\/h2>\n<div class=\"tabcontent\">\n\n<h2>K\u00e9palkot\u00f3 Diagnosztikai Analitikus \u00e9s Orvostechnikai Tansz\u00e9k<\/h2>\n<div class=\"keretes\">\n<p><strong>El\u00e9rhet\u0151s\u00e9gek:<\/strong><br \/>\nTel.: +36 1 486 5960<br \/>\nEmail: <a href=\"mailto:etk.kepalkoto@semmelweis.hu\">etk.kepalkoto@semmelweis.hu<\/a><br \/>\nIroda: 348<\/p>\n<\/div>\n<h6 style=\"text-align: justify\"><strong>Oktat\u00e1si \u00e9s szakmai profilok<\/strong><\/h6>\n<p style=\"text-align: justify\">A Tansz\u00e9k felel\u0151s a <a href=\"https:\/\/semmelweis.hu\/etk\/oktatas\/alapkepzesek-bsc\/orvosi-diagnosztikai-analitikus-szak\/radiografia-specializacio\/\">radiogr\u00e1fia<\/a> k\u00e9pz\u00e9s\u00e9rt, melynek feladata a modern k\u00e9palkot\u00f3 diagnosztika valamennyi ter\u00fclet\u00e9n j\u00e1rtas, magas szinten k\u00e9pzett radiogr\u00e1fusok k\u00e9pz\u00e9se.<\/p>\n<p style=\"text-align: justify\">A n\u00e9gy \u00e9ves, jelenleg levelez\u0151 tagozaton zajl\u00f3 BSc szint\u0171 k\u00e9pz\u00e9sben az alapoz\u00f3 k\u00e9pz\u00e9s els\u0151 2 szemeszter\u00e9t k\u00f6vet\u0151en ker\u00fcl sor, egym\u00e1sra \u00e9p\u00fcl\u0151en a differenci\u00e1lt szakmai t\u00e1rgyak (hagyom\u00e1nyos radiol\u00f3gia, ultrahang, CT, MR, nukle\u00e1ris medicina, intervenci\u00f3, sug\u00e1rter\u00e1pia stb.) r\u00e9szletes gyakorlati \u00e9s elm\u00e9leti oktat\u00e1s\u00e1ra.<\/p>\n<p style=\"text-align: justify\">A szakot elv\u00e9gz\u0151 hallgat\u00f3k alkalmasak a k\u00e9palkot\u00f3 berendez\u00e9sek \u00fczemeltet\u00e9s\u00e9re, a radiol\u00f3giai vizsg\u00e1latok \u00f6n\u00e1ll\u00f3 megtervez\u00e9s\u00e9re \u00e9s kivitelez\u00e9s\u00e9re, az inform\u00e1ci\u00f3k k\u00e9pi feldolgoz\u00e1s\u00e1ra \u00e9s alkalmaz\u00e1s\u00e1ra.<\/p>\n<p style=\"text-align: justify\">Az oktat\u00e1sban r\u00e9szt vev\u0151 elm\u00e9leti \u00e9s gyakorlati oktat\u00f3k r\u00e9szben a Semmelweis Egyetem vezet\u0151 radiol\u00f3gusai, r\u00e9szben nagy forgalm\u00fa oktat\u00f3k\u00f3rh\u00e1zak radiol\u00f3gusai \u00e9s vezet\u0151 radiogr\u00e1fusai. Az eml\u00edtett int\u00e9zm\u00e9nyekben zajlanak a k\u00e9pz\u00e9s gyakorlati \u00f3r\u00e1i is.<\/p>\n<p style=\"text-align: justify\">A Tansz\u00e9k fontos feladata a radiogr\u00e1fus oktat\u00e1shoz sz\u00fcks\u00e9ges tank\u00f6nyvek, k\u00e9panyagok folyamatos l\u00e9trehoz\u00e1sa \u00e9s fejleszt\u00e9se. A Tansz\u00e9k kiemelt feladata a folyamatos radiogr\u00e1fus-tov\u00e1bbk\u00e9pz\u00e9sben t\u00f6rt\u00e9n\u0151 r\u00e9szv\u00e9tel, els\u0151sorban k\u00f6telez\u0151 szakmacsoportos tov\u00e1bbk\u00e9pz\u0151 tanfolyamok szervez\u00e9se.<\/p>\n<p style=\"text-align: justify\">A Tansz\u00e9ken bel\u00fcl \u00f6n\u00e1ll\u00f3an dolgoz\u00f3 Orvostechnikai csoport az Eg\u00e9szs\u00e9gtudom\u00e1nyi Kar valamennyi szak\u00e1n, szakir\u00e1ny\u00e1n oktat; kurzusokat tart a magyar \u00e9s angol nyelv\u0171 BSc k\u00e9pz\u00e9s keret\u00e9ben, szerepet j\u00e1tszik a T\u00e1pl\u00e1lkoz\u00e1studom\u00e1nyi \u00e9s \u00c1pol\u00f3 MSc k\u00e9pz\u00e9sben, valamint sz\u00e1mos szabadon v\u00e1laszthat\u00f3 kurzust k\u00edn\u00e1l az \u00e9rdekl\u0151d\u0151 hallgat\u00f3knak.<\/p>\n<p style=\"text-align: justify\">Az orvostechnikai kurzusokon multim\u00e9di\u00e1s eszk\u00f6z\u00f6k felhaszn\u00e1l\u00e1s\u00e1val mutatj\u00e1k be a leg\u00fajabb diagnosztikus \u00e9s ter\u00e1pi\u00e1s orvostechnikai eszk\u00f6z\u00f6k m\u0171k\u00f6d\u00e9si elveit, megb\u00edzhat\u00f3, pontos \u00e9s biztons\u00e1gos haszn\u00e1lat\u00e1t. A Tansz\u00e9k munkat\u00e1rsai m\u00e9r\u00e9si adatok biostatisztikai feldolgoz\u00e1s\u00e1hoz, valamint infokommunik\u00e1ci\u00f3s- \u00e9s orvostechnikai eszk\u00f6z\u00f6k haszn\u00e1lat\u00e1val kapcsolatos probl\u00e9m\u00e1k megold\u00e1s\u00e1hoz ny\u00fajtanak konzult\u00e1ci\u00f3s seg\u00edts\u00e9get. Kutat\u00e1sokat folytatnak a klinikai d\u00f6nt\u00e9st\u00e1mogat\u00f3 rendszerek komplex elemz\u00e9se \u00e9s az innovat\u00edv eg\u00e9szs\u00e9g\u00fcgyi oktat\u00e1si k\u00f6rnyezet kialak\u00edt\u00e1sa ter\u00fclet\u00e9n.<\/p>\n<p style=\"text-align: justify\">A Tansz\u00e9k oktat\u00f3i r\u00e9szt vesznek \u00e9s t\u00f6bb felel\u0151s vezet\u0151i funkci\u00f3t l\u00e1tnak el a radiol\u00f3gi\u00e1hoz \u00e9s az orvostechnik\u00e1hoz kapcsol\u00f3d\u00f3 hazai \u00e9s nemzetk\u00f6zi szakmai szervezetek munk\u00e1j\u00e1ban. Szerepet v\u00e1llalnak k\u00fcl\u00f6nb\u00f6z\u0151 szakmai foly\u00f3iratok szerkeszt\u00e9s\u00e9ben, illetve szakmai anyagok elk\u00e9sz\u00fclt\u00e9n\u00e9l lektori feladatokat l\u00e1tnak el.<\/p>\n<p style=\"text-align: justify\">A Tansz\u00e9k tagja az Eur\u00f3pai Radiogr\u00e1fusok Sz\u00f6vets\u00e9g\u00e9nek (EFRS) tov\u00e1bbk\u00e9pz\u00e9ssel foglalkoz\u00f3 tagozat\u00e1nak.<\/p>\n\n<\/div><h2 class=\"tabtitle\">Munkat\u00e1rsak<\/h2>\n<div class=\"tabcontent\">\n\n<p><a href=\"https:\/\/semmelweis.hu\/etk\/files\/2026\/02\/Lenard_Zsuzsanna_HU_CV.pdf\">Dr. L\u00e9n\u00e1rd Zsuzsanna<\/a><\/p>\n<p style=\"padding-left: 40px\"><em>egyetemi docens, tansz\u00e9kvezet\u0151<\/em><\/p>\n<p><a href=\"https:\/\/semmelweis.hu\/etk\/files\/2025\/03\/Dio_Mihaly_HU_CV.pdf\">Dr. Di\u00f3 Mih\u00e1ly<\/a><\/p>\n<p style=\"padding-left: 40px\"><em>adjunktus<\/em><\/p>\n<p><a href=\"https:\/\/semmelweis.hu\/etk\/files\/2025\/03\/Kovacs_Norbert_HU_CV.pdf\">Kov\u00e1cs Norbert<\/a><\/p>\n<p style=\"padding-left: 40px\"><em>mestertan\u00e1r<\/em><\/p>\n<p><a href=\"https:\/\/semmelweis.hu\/etk\/files\/2025\/03\/Szekrenyesi_Csaba_HU_CV.pdf\">Dr. Szekr\u00e9nyesi Csaba<\/a><\/p>\n<p style=\"padding-left: 40px\"><em>adjunktus<\/em><\/p>\n\r\n<div id=\"telefonkonyv\">\r\n  <div class=\"tel-results col-12 px-0\">\r\n      <p class=\"desc mb-1\"><span>Ha hib\u00e1s, vagy hi\u00e1nyz\u00f3 adatot tal\u00e1l, k\u00e9rj\u00fck jelezze szervezeti egys\u00e9g\u00fcnk titk\u00e1rs\u00e1g\u00e1n.<\/span><\/p>\r\n      <p class=\"desc\"><em>A telefonk\u00f6nyvben tal\u00e1lhat\u00f3 adatok nem haszn\u00e1lhat\u00f3k fel az 1995. \u00e9vi CXIX. t\u00f6rv\u00e9ny szerinti kutat\u00e1s \u00e9s k\u00f6zvetlen \u00fczletszerz\u00e9s c\u00e9lj\u00e1ra.<\/em><\/p>\r\n                <div class=\"row mx-0 mt-3 mb-3 subunit-line text-uppercase font-weight-bold \r\n                    status-SZE\">\r\n                    <div class=\"col col-12 col-md-10 pl-2 pr-0\">\r\n                        <span>K\u00e9palkot\u00f3 Diagnosztikai Analitikus \u00e9s Orvostechnikai Tansz\u00e9k<\/span>\r\n                    <\/div>\r\n                <\/div> \r\n          <div class=\"row mx-0 py-2 result-line \">\r\n            <div class=\"col col-12 px-0 \"><div class=\"row mx-0 pr-2 result-line-content align-items-center\">\r\n                        <div class=\"col-12 col-md-6 px-0 \">\r\n                            <a class=\"emp-name\" href=\"https:\/\/semmelweis.hu\/telefonkonyv?emp_id=19206\"> Burkus Syntia <\/a>\r\n                            <br \/><span class=\"emp-phone\">oktat\u00e1sszervez\u0151<\/span><\/div>\r\n                        <div class=\"col-12 col-md-6 px-0\"><span class=\"emp-phone\"><i class=\"fa fa-phone\" aria-hidden=\"true\"><\/i>48-65960, <\/span><span class=\"emp-email\"><i class=\"fa fa-envelope-o\" aria-hidden=\"true\"><\/i>burkus.syntia<i class=\"fa fa-at m-0 text-body\"><\/i>semmelweis.hu<\/span>\r\n                        <\/div>\r\n                    <\/div>\r\n                \r\n            <\/div>\r\n\r\n                <div class=\"col-12 col-md-6 px-0 d-none\"><span class=\"emp-phone\"><i class=\"fa fa-phone\" aria-hidden=\"true\"><\/i>48-65960, <\/span><span class=\"emp-email\"><i class=\"fa fa-envelope-o\" aria-hidden=\"true\"><\/i>burkus.syntia<i class=\"fa fa-at m-0 text-body\"><\/i>semmelweis.hu<\/span>\r\n                <\/div>\r\n\r\n\r\n        <\/div>\r\n          <div class=\"row mx-0 py-2 result-line \">\r\n            <div class=\"col col-12 px-0 \"><div class=\"row mx-0 pr-2 result-line-content align-items-center\">\r\n                        <div class=\"col-12 col-md-6 px-0 \">\r\n                            <a class=\"emp-name\" href=\"https:\/\/semmelweis.hu\/telefonkonyv?emp_id=9531\">Dr. Di\u00f3 Mih\u00e1ly <\/a>\r\n                            <br \/><span class=\"emp-phone\">adjunktus<\/span><\/div>\r\n                        <div class=\"col-12 col-md-6 px-0\"><span class=\"emp-phone\"><i class=\"fa fa-phone\" aria-hidden=\"true\"><\/i>48-65965, <\/span><span class=\"emp-email\"><i class=\"fa fa-envelope-o\" aria-hidden=\"true\"><\/i>dio.mihaly<i class=\"fa fa-at m-0 text-body\"><\/i>semmelweis.hu<\/span>\r\n                        <\/div>\r\n                    <\/div>\r\n                \r\n            <\/div>\r\n\r\n                <div class=\"col-12 col-md-6 px-0 d-none\"><span class=\"emp-phone\"><i class=\"fa fa-phone\" aria-hidden=\"true\"><\/i>48-65965, <\/span><span class=\"emp-email\"><i class=\"fa fa-envelope-o\" aria-hidden=\"true\"><\/i>dio.mihaly<i class=\"fa fa-at m-0 text-body\"><\/i>semmelweis.hu<\/span>\r\n                <\/div>\r\n\r\n\r\n        <\/div>\r\n          <div class=\"row mx-0 py-2 result-line \">\r\n            <div class=\"col col-12 px-0 \"><div class=\"row mx-0 pr-2 result-line-content align-items-center\">\r\n                        <div class=\"col-12 col-md-6 px-0 \">\r\n                            <a class=\"emp-name\" href=\"https:\/\/semmelweis.hu\/telefonkonyv?emp_id=9534\"> Kov\u00e1cs Norbert <\/a>\r\n                            <br \/><span class=\"emp-phone\">mestertan\u00e1r<\/span><\/div>\r\n                        <div class=\"col-12 col-md-6 px-0\"><span class=\"emp-phone\"><i class=\"fa fa-phone\" aria-hidden=\"true\"><\/i>48-65965, <\/span><span class=\"emp-email\"><i class=\"fa fa-envelope-o\" aria-hidden=\"true\"><\/i>kovacs.norbert<i class=\"fa fa-at m-0 text-body\"><\/i>semmelweis.hu<\/span>\r\n                        <\/div>\r\n                    <\/div>\r\n                \r\n            <\/div>\r\n\r\n                <div class=\"col-12 col-md-6 px-0 d-none\"><span class=\"emp-phone\"><i class=\"fa fa-phone\" aria-hidden=\"true\"><\/i>48-65965, <\/span><span class=\"emp-email\"><i class=\"fa fa-envelope-o\" aria-hidden=\"true\"><\/i>kovacs.norbert<i class=\"fa fa-at m-0 text-body\"><\/i>semmelweis.hu<\/span>\r\n                <\/div>\r\n\r\n\r\n        <\/div>\r\n          <div class=\"row mx-0 py-2 result-line \">\r\n            <div class=\"col col-12 px-0 \"><div class=\"row mx-0 pr-2 result-line-content align-items-center\">\r\n                        <div class=\"col-12 col-md-6 px-0 \">\r\n                            <a class=\"emp-name\" href=\"https:\/\/semmelweis.hu\/telefonkonyv?emp_id=26481\">Dr. L\u00e9n\u00e1rd Zsuzsanna PhD<\/a>\r\n                            <br \/><span class=\"emp-phone\">egyetemi docens, tansz\u00e9kvezet\u0151<\/span><\/div>\r\n                        <div class=\"col-12 col-md-6 px-0\"><span class=\"emp-phone\"><i class=\"fa fa-phone\" aria-hidden=\"true\"><\/i>48-65960, <\/span><span class=\"emp-email\"><i class=\"fa fa-envelope-o\" aria-hidden=\"true\"><\/i>lenard.zsuzsanna<i class=\"fa fa-at m-0 text-body\"><\/i>semmelweis.hu<\/span>\r\n                        <\/div>\r\n                    <\/div>\r\n                \r\n            <\/div>\r\n\r\n                <div class=\"col-12 col-md-6 px-0 d-none\"><span class=\"emp-phone\"><i class=\"fa fa-phone\" aria-hidden=\"true\"><\/i>48-65960, <\/span><span class=\"emp-email\"><i class=\"fa fa-envelope-o\" aria-hidden=\"true\"><\/i>lenard.zsuzsanna<i class=\"fa fa-at m-0 text-body\"><\/i>semmelweis.hu<\/span>\r\n                <\/div>\r\n\r\n\r\n        <\/div>\r\n          <div class=\"row mx-0 py-2 result-line \">\r\n            <div class=\"col col-12 px-0 \"><div class=\"row mx-0 pr-2 result-line-content align-items-center\">\r\n                        <div class=\"col-12 col-md-6 px-0 \">\r\n                            <a class=\"emp-name\" href=\"https:\/\/semmelweis.hu\/telefonkonyv?emp_id=9537\">Dr. Szekr\u00e9nyesi Csaba <\/a>\r\n                            <br \/><span class=\"emp-phone\">adjunktus<\/span><\/div>\r\n                        <div class=\"col-12 col-md-6 px-0\"><span class=\"emp-phone\"><i class=\"fa fa-phone\" aria-hidden=\"true\"><\/i>48-65965, <\/span><span class=\"emp-email\"><i class=\"fa fa-envelope-o\" aria-hidden=\"true\"><\/i>szekrenyesi.csaba<i class=\"fa fa-at m-0 text-body\"><\/i>semmelweis.hu<\/span>\r\n                        <\/div>\r\n                    <\/div>\r\n                \r\n            <\/div>\r\n\r\n                <div class=\"col-12 col-md-6 px-0 d-none\"><span class=\"emp-phone\"><i class=\"fa fa-phone\" aria-hidden=\"true\"><\/i>48-65965, <\/span><span class=\"emp-email\"><i class=\"fa fa-envelope-o\" aria-hidden=\"true\"><\/i>szekrenyesi.csaba<i class=\"fa fa-at m-0 text-body\"><\/i>semmelweis.hu<\/span>\r\n                <\/div>\r\n\r\n\r\n        <\/div><\/div><\/div>\n\n<\/div><h2 class=\"tabtitle\">Hirdet\u0151t\u00e1bla<\/h2>\n<div class=\"tabcontent\">\n\n<p style=\"text-align: center\"><strong>Oktat\u00f3k konzult\u00e1ci\u00f3s id\u0151pontjai<\/strong><br \/>\n<strong>2025\/2026. tan\u00e9v tavaszi f\u00e9l\u00e9v<br \/>\nszorgalmi id\u0151szak\u00e1ban<\/strong><\/p>\n<p><strong>Dr. Di\u00f3 Mih\u00e1ly<\/strong><\/p>\n<p style=\"padding-left: 40px\">kedd: 9.45-11.15 Erkel utcai \u00e9p\u00fclet, szoba: 117<br \/>\nszerda: 15.00-16.30 Vas utcai \u00e9p\u00fclet, szoba: 341<\/p>\n<p><strong>Dr. Szekr\u00e9nyesi Csaba<\/strong><\/p>\n<p style=\"padding-left: 40px\">kedd: 9.45-11.15 Erkel utcai \u00e9p\u00fclet, szoba: 117<br \/>\nszerda: 15.00-16.30 Vas utcai \u00e9p\u00fclet, szoba: 341<\/p>\n<\/div><\/div>\n","protected":false},"excerpt":{"rendered":"<p>K\u00e9palkot\u00f3 Diagnosztikai Analitikus \u00e9s Orvostechnikai Tansz\u00e9k El\u00e9rhet\u0151s\u00e9gek: Tel.: +36 1 486 5960 Email: <a href=\"mailto:etk.kepalkoto@semmelweis.hu\">etk.kepalkoto@semmelweis.hu<\/a> Iroda: 348 Oktat\u00e1si \u00e9s szakmai profilok A Tansz\u00e9k felel\u0151s a <a href=\"https:\/\/semmelweis.hu\/etk\/oktatas\/alapkepzesek-bsc\/orvosi-diagnosztikai-analitikus-szak\/radiografia-specializacio\/\">radiogr\u00e1fia<\/a> k\u00e9pz\u00e9s\u00e9rt, melynek feladata a modern k\u00e9palkot\u00f3 diagnosztika valamennyi ter\u00fclet\u00e9n j\u00e1rtas, magas szinten k\u00e9pzett radiogr\u00e1fusok k\u00e9pz\u00e9se. A n\u00e9gy \u00e9ves, jelenleg levelez\u0151 tagozaton zajl\u00f3 BSc szint\u0171 k\u00e9pz\u00e9sben az alapoz\u00f3 k\u00e9pz\u00e9s els\u0151 2 szemeszter\u00e9t k\u00f6vet\u0151en &hellip;<\/p>\n","protected":false},"author":101729,"featured_media":0,"parent":59,"menu_order":0,"comment_status":"closed","ping_status":"closed","template":"","meta":{"_acf_changed":false,"footnotes":""},"categories":[],"tags":[],"class_list":["post-86","page","type-page","status-publish","hentry"],"acf":[],"_links":{"self":[{"href":"https:\/\/semmelweis.hu\/etk\/wp-json\/wp\/v2\/pages\/86","targetHints":{"allow":["GET"]}}],"collection":[{"href":"https:\/\/semmelweis.hu\/etk\/wp-json\/wp\/v2\/pages"}],"about":[{"href":"https:\/\/semmelweis.hu\/etk\/wp-json\/wp\/v2\/types\/page"}],"author":[{"embeddable":true,"href":"https:\/\/semmelweis.hu\/etk\/wp-json\/wp\/v2\/users\/101729"}],"replies":[{"embeddable":true,"href":"https:\/\/semmelweis.hu\/etk\/wp-json\/wp\/v2\/comments?post=86"}],"version-history":[{"count":10,"href":"https:\/\/semmelweis.hu\/etk\/wp-json\/wp\/v2\/pages\/86\/revisions"}],"predecessor-version":[{"id":19526,"href":"https:\/\/semmelweis.hu\/etk\/wp-json\/wp\/v2\/pages\/86\/revisions\/19526"}],"up":[{"embeddable":true,"href":"https:\/\/semmelweis.hu\/etk\/wp-json\/wp\/v2\/pages\/59"}],"wp:attachment":[{"href":"https:\/\/semmelweis.hu\/etk\/wp-json\/wp\/v2\/media?parent=86"}],"wp:term":[{"taxonomy":"category","embeddable":true,"href":"https:\/\/semmelweis.hu\/etk\/wp-json\/wp\/v2\/categories?post=86"},{"taxonomy":"post_tag","embeddable":true,"href":"https:\/\/semmelweis.hu\/etk\/wp-json\/wp\/v2\/tags?post=86"}],"curies":[{"name":"wp","href":"https:\/\/api.w.org\/{rel}","templated":true}]}}