{"id":8539,"date":"2021-10-22T11:40:56","date_gmt":"2021-10-22T09:40:56","guid":{"rendered":"https:\/\/semmelweis.hu\/etk\/?page_id=8539"},"modified":"2023-12-06T13:04:08","modified_gmt":"2023-12-06T12:04:08","slug":"vice-dean-for-academic-affairs","status":"publish","type":"page","link":"https:\/\/semmelweis.hu\/etk\/en\/about-the-faculty\/leaders-of-the-faculty\/vice-dean-for-academic-affairs\/","title":{"rendered":"Vice-Dean for Academic Affairs"},"content":{"rendered":"<p><span style=\"font-size: 24pt\"><strong>Dr. Istv\u00e1n Vingender habil.<img loading=\"lazy\" decoding=\"async\" class=\"size-medium wp-image-1600 alignright\" src=\"https:\/\/semmelweis.hu\/etk\/files\/2020\/07\/Vingender_Istv\u00e1n-276x400.jpg\" alt=\"\" width=\"276\" height=\"400\" srcset=\"https:\/\/semmelweis.hu\/etk\/files\/2020\/07\/Vingender_Istv\u00e1n-276x400.jpg 276w, https:\/\/semmelweis.hu\/etk\/files\/2020\/07\/Vingender_Istv\u00e1n.jpg 337w\" sizes=\"auto, (max-width: 276px) 100vw, 276px\" \/><\/strong><\/span><\/p>\n<p><strong>College Professor<\/strong><\/p>\n<p><strong>Contact:<\/strong><\/p>\n<p><strong>Tel.: 00 36 1 486 4911<\/strong><br \/>\n<strong>E-mail: <\/strong><a href=\"mailto:vingender.istvan@semmelweis.hu\"><strong>vingender.istvan@semmelweis.hu<\/strong><\/a><\/p>\n<p><strong>Year of birth:<\/strong> 1959<\/p>\n<p><strong>Education, professional qualification:<\/strong><\/p>\n<p>1988 sociologist &#8211; ELTE BTK<\/p>\n<p>1983 philosopher, teacher of philosophy &#8211; Rostov State University<\/p>\n<p><strong>Scientific degree (s):<\/strong><\/p>\n<p>2000, PhD<\/p>\n<p>Doctoral dissertation topic: Predictive and protective factors of sport<\/p>\n<p><strong>Professional-scientific career:<\/strong><\/p>\n<ul>\n<li>1990 &#8211; Semmelweis University, Faculty of Health Sciences, Institute of Foundation Health Sciences, Department of Social Sciences<\/li>\n<li>1993-2005 Corvinus (Budapest University of Economics), Kir\u00e1lyhelmec department<\/li>\n<li>1991 Semmelweis University, Faculty of Physical Education and Sports Science<\/li>\n<li>1989-1990 National Institute of Health, Drug Program<\/li>\n<li>1983-1989 Mikl\u00f3s Zr\u00ednyi Military Academy, Department of Sociology<\/li>\n<\/ul>\n<p><strong>Subjects taught:<\/strong><\/p>\n<p>Health and society<\/p>\n<p>Organizational sociology<\/p>\n<p>Sociology of health<\/p>\n<p><strong>The most important recent publications:<\/strong><\/p>\n<ul>\n<li>Deviances of late-modern and postmodern society, deviance of Hungarian society in: Eg\u00e9szs\u00e9g \u00e9s t\u00e1rsadalom, Budapest, Semmelweis University, Faculty of Health Sciences, 2013. 62-85.<\/li>\n<li>System of health care institutions in: Eg\u00e9szs\u00e9g \u00e9s t\u00e1rsadalom, Budapest, Semmelweis University, Faculty of Health Sciences, 2013. 139-204.<\/li>\n<li>Istv\u00e1n Vingender, Judit M\u00e9sz\u00e1ros, J\u00falia Kis: Migration Potential of Hungarian Healthcare Professionals. Dynamics of Attraction and Repulsion in: European Journal of Mental Health. 4.2009: 2.3 195-219.<\/li>\n<li>Migration tendencies and perspectives in Hungary among health care professionals. Mobility of Health Workers in Europe Cesi Europe Academy.16.-18. June 2010. Riga<\/li>\n<li>Marcel Pop, S\u00e1ndor Holl\u00f3s, Istv\u00e1n Vingender, Judit M\u00e9sz\u00e1ros: New ways of higher education in nursing: globalization of nursing leadership and its teaching-dual degree in nursing, Orvosi hetilap 2009. 150 (10) 437-421.<\/li>\n<\/ul>\n<p><strong>The 5 most important publications \/ scientific results related to professional interest:<\/strong><\/p>\n<ul>\n<li>The social context of drug use, Semmelweis University EFK, Budapest, 2003. 270.<\/li>\n<li>Basics of Sociology, Semmelweis University EFK. Budapest, 2003. 448.<\/li>\n<li>Istv\u00e1n Vingender, Korn\u00e9l Sipos: Social integration &#8211; deviancies &#8211; drug consumption (with due regard to the potential protective and predictive factors of sports) in: Kalokagathia 2000. 75th Anniversary Special Issue 66-78.<\/li>\n<li>Vingender, P. Szalay, Gy.Csap\u00f3, K. Sipos: Self-efficacy towards temptation to smoking, and regular physical exercise at secondary school students, and medical personals. An analysis of background-lifestyle characteristics, 25th International Conference of Stress and Anxiety Research Society Amsterdam, The Netherlands, 8-10 July, 2004<\/li>\n<li>Cultural representation of the social body, and its relation to physical activitiy and drug consumption, based on an empirical survey among Polish, Ukrainian and Hungarian youngsters New Medicine, 2007; 231-36.<\/li>\n<\/ul>\n<p><strong>Public activity:<\/strong><\/p>\n<ul>\n<li>2007 &#8211; Member of the Senate of Semmelweis University<\/li>\n<li>2007 &#8211; Member of the Quality Management Committee of Semmelweis University<\/li>\n<li>2007- Chairman of the Study and Examination Committee of Semmelweis University, Faculty of Health Sciences<\/li>\n<li>2007 &#8211; Member of the Credit Transfer Committee of Semmelweis University<\/li>\n<li>1994 &#8211; Member of the Council of the Faculty of Health Sciences of Semmelweis University<\/li>\n<\/ul>\n<p><strong>Participation in doctoral training:<\/strong><\/p>\n<ul>\n<li>2007 &#8211; Doctoral Course Announcer: Deviant Behaviors and Social Pathology<\/li>\n<li>2007 &#8211; Supervisor<\/li>\n<li>2004 &#8211; Opponent of doctoral dissertations<\/li>\n<\/ul>\n","protected":false},"excerpt":{"rendered":"<p>Dr. Istv\u00e1n Vingender habil. College Professor Contact: Tel.: 00 36 1 486 4911 E-mail: <a href=\"mailto:vingender.istvan@semmelweis.hu\">vingender.istvan@semmelweis.hu<\/a> Year of birth: 1959 Education, professional qualification: 1988 sociologist &#8211; ELTE BTK 1983 philosopher, teacher of philosophy &#8211; Rostov State University Scientific degree (s): 2000, PhD Doctoral dissertation topic: Predictive and protective factors of sport Professional-scientific career: 1990 &#8211; Semmelweis University, &hellip;<\/p>\n","protected":false},"author":101733,"featured_media":0,"parent":803,"menu_order":3,"comment_status":"closed","ping_status":"closed","template":"","meta":{"_acf_changed":false,"footnotes":""},"categories":[],"tags":[],"class_list":["post-8539","page","type-page","status-publish","hentry"],"acf":[],"_links":{"self":[{"href":"https:\/\/semmelweis.hu\/etk\/wp-json\/wp\/v2\/pages\/8539","targetHints":{"allow":["GET"]}}],"collection":[{"href":"https:\/\/semmelweis.hu\/etk\/wp-json\/wp\/v2\/pages"}],"about":[{"href":"https:\/\/semmelweis.hu\/etk\/wp-json\/wp\/v2\/types\/page"}],"author":[{"embeddable":true,"href":"https:\/\/semmelweis.hu\/etk\/wp-json\/wp\/v2\/users\/101733"}],"replies":[{"embeddable":true,"href":"https:\/\/semmelweis.hu\/etk\/wp-json\/wp\/v2\/comments?post=8539"}],"version-history":[{"count":8,"href":"https:\/\/semmelweis.hu\/etk\/wp-json\/wp\/v2\/pages\/8539\/revisions"}],"predecessor-version":[{"id":14451,"href":"https:\/\/semmelweis.hu\/etk\/wp-json\/wp\/v2\/pages\/8539\/revisions\/14451"}],"up":[{"embeddable":true,"href":"https:\/\/semmelweis.hu\/etk\/wp-json\/wp\/v2\/pages\/803"}],"wp:attachment":[{"href":"https:\/\/semmelweis.hu\/etk\/wp-json\/wp\/v2\/media?parent=8539"}],"wp:term":[{"taxonomy":"category","embeddable":true,"href":"https:\/\/semmelweis.hu\/etk\/wp-json\/wp\/v2\/categories?post=8539"},{"taxonomy":"post_tag","embeddable":true,"href":"https:\/\/semmelweis.hu\/etk\/wp-json\/wp\/v2\/tags?post=8539"}],"curies":[{"name":"wp","href":"https:\/\/api.w.org\/{rel}","templated":true}]}}