{"id":8536,"date":"2021-10-22T11:23:49","date_gmt":"2021-10-22T09:23:49","guid":{"rendered":"https:\/\/semmelweis.hu\/etk\/?page_id=8536"},"modified":"2023-12-06T13:04:25","modified_gmt":"2023-12-06T12:04:25","slug":"vice-dean-for-clinical-relations","status":"publish","type":"page","link":"https:\/\/semmelweis.hu\/etk\/en\/about-the-faculty\/leaders-of-the-faculty\/vice-dean-for-clinical-relations\/","title":{"rendered":"Vice-Dean for Clinical Relations"},"content":{"rendered":"<p><strong><img loading=\"lazy\" decoding=\"async\" class=\"size-full wp-image-1872 alignright\" src=\"https:\/\/semmelweis.hu\/etk\/files\/2020\/07\/images.jpg\" alt=\"\" width=\"183\" height=\"275\" \/><\/strong><\/p>\n<p><span style=\"font-size: 24pt\"><strong>Dr. Zolt\u00e1n Balogh<\/strong><\/span><\/p>\n<p><strong>College Professor<\/strong><\/p>\n<p>&nbsp;<\/p>\n<p><strong>Contact<\/strong><\/p>\n<p><strong>Tel .: 00 36 1 486 5936<\/strong><\/p>\n<p><strong>E-mail: <a href=\"mailto:balogh.zoltan@semmelweis.hu\">balogh.zoltan@semmelweis.hu<\/a><\/strong><\/p>\n<p>&nbsp;<\/p>\n<p><strong>Year of birth<\/strong>: 1969<\/p>\n<p><strong>Education and training:<\/strong><\/p>\n<ul>\n<li>1994 bachelor&#8217;s degree \/ nurse \/ Imre Haynal University of Health Sciences Faculty of Health<\/li>\n<li>1995 bachelor&#8217;s degree \/ physiotherapist \/ Haynal Imre University of Health Sciences Faculty of Health<\/li>\n<li>1997 MSc in Health Care: professional education \/ University of Exeter \/ UK<\/li>\n<\/ul>\n<p><strong>Scientific degree (s):<\/strong><\/p>\n<p>2008 PhD<\/p>\n<p>Doctoral dissertation topic: Development of nursing education in the field of community nursing<\/p>\n<p><strong>Professional-scientific career:<\/strong><\/p>\n<ul>\n<li>2010.03.01.- SE ETK Head of Department of Nursing<\/li>\n<li>2009.07.01.- SE ETK Department of Nursing, Acting Head of Department, Associate Professor<\/li>\n<li>1998-2009 HIETE EFK \/ SE EFK \/ SE ETK Institute of Nursing Science and Health Pedagogy, assistant professor<\/li>\n<li>1997-1998 Department of Nursing and Health Vocational Training, Ministry of Welfare, external development officer<\/li>\n<li>1995-1996 Herbarium Foundation Home Nursing Service Pest County Center, Chief Nurse<\/li>\n<li>1995-1996 Ministry of Welfare PHARE Program Office Primary care training, further training and development, external expert<\/li>\n<li>1995-1996 J\u00f3zsefv\u00e1ros Health Service Home Care Program, physiotherapist<\/li>\n<li>1994-1996 Department of Psychiatric Admission, Jahn Ferenc Hospital and Clinic, South Pest, graduate nurse<\/li>\n<li>1994-1998 HIETE EFK Institute of Nursing Science and Health Pedagogy, assistant professor<\/li>\n<li>1991-1994 HEITE EFK Institute of Morphology and Physiology, demonstrator<\/li>\n<li>1989-1990 P\u00e1l Heim Children&#8217;s Hospital, Department of Nephrology and Gastroenterology, Department of Nursing<\/li>\n<li>1988-1989 Department of Psychiatric Admission, Jahn Ferenc Hospital and Clinic, South Pest, auxiliary nurse<\/li>\n<\/ul>\n<p><strong>Subjects taught:<\/strong><\/p>\n<ul>\n<li>Primary care, community care<\/li>\n<li>Neurology and nursing<\/li>\n<li>Psychiatry and nursing<\/li>\n<li>Basics of health sciences<\/li>\n<li>Nursing research<\/li>\n<li>Nursing management and control<\/li>\n<li>Transcultural nursing and care<\/li>\n<li>Practice guidance<\/li>\n<\/ul>\n<p><strong>The most important recent publications:<\/strong><\/p>\n<ul>\n<li>Zolt\u00e1n Balogh: Different culture, different patient care? \u00c9LET \u00c9S TUDOM\u00c1NY (2014) 1 16-18<\/li>\n<li>Eszter Borjan, Zoltan Balogh, Judit M\u00e9sz\u00e1ros: Evaluating the effectiveness of two simulation courses for midwifery students. NEW MEDICINE (2013) 17: (2) 55-61<\/li>\n<li>Papastavrou E, Efstathiou G, Tsangari H, Suhonen R, Leino-Kilpi H, Patiraki E, Karlou C, Balogh Z, Palese A, Tomietto M, Jarosova D, Merkouris A: A cross-cultural study of the concept of caring through behaviors: patients &#8216;and nurses&#8217; perspectives in six different EU countries. JOURNAL OF ADVANCED NURSING (2012) 68: (5) 1026-1037<\/li>\n<li>Papastavrou E, Efstathiou G, Tsangari H, Suhonen R, Leino-Kilpi H, Patiraki E, Karlou C, Balogh Z, Palese A, Tomietto M, Jarosova D, Merkouris A: Patients &#8216;and nurses&#8217; perceptions of respect and human presence through caring behaviors: A comparative study. NURSING ETHICS (2012) 19: (3) 369-379<\/li>\n<li>Suhonen R, Papastavrou E, Efstathiou G, Tsangari H, Jarosova D, Leino-Kilpi H, Patiraki E, Karlou C, Balogh Z, Merkouris A: Patient satisfaction as an outcome of individualized nursing care. SCANDINAVIAN JOURNAL OF CARING SCIENCES (2012) 26: (2) 372-380<\/li>\n<\/ul>\n<p><strong>The 5 most important publications \/ scientific results related to professional interest:<\/strong><\/p>\n<ul>\n<li>\u00c9va Henriett Hirdi, M\u00e1ria T\u00e9gl\u00e1syn\u00e9 B\u00e1csi, Zolt\u00e1n Balogh: The situation of those working in occupational health services today according to the national survey of MESZK. FOGLALKOZ\u00c1SEG\u00c9STS\u00c9G\u00dcGY (2013) 17: (1) 42-50.<\/li>\n<li>\u00c9va Henriett Hirdi, M\u00e1ria K\u00e1lm\u00e1nn\u00e9 Simon, Zolt\u00e1n Balogh: Working conditions of general practitioners, pediatricians and mixed-use health professionals in Hungary N\u0150V\u00c9R (2012) 25: (4) 11-27.<\/li>\n<li>Suhonen R, Efstathiou G, Tsangari H, Jarosova D, Leino-Kilpi H, Patiraki E, Karlou C, Balogh Z, Papastavrou E: Patients \u2019and nurses\u2019 perceptions of individualized care: an international comparative study. JOURNAL OF CLINICAL NURSING (2012) 21: (7-8) 1155-1167<\/li>\n<li>Zolt\u00e1n Balogh (ed.) Lists of competencies in the field of health professionals. MESZK, 2011, Bp., ISBN 978-963-08-2611-2<\/li>\n<li>Zolt\u00e1n Balogh, Mariann Raskovicsn\u00e9 Csernus, Judit M\u00e9sz\u00e1ros: Measuring the quality of long-term care in the European Union. NURSE (2011) 24: (1) 30-36<\/li>\n<\/ul>\n<p><strong>Participation in doctoral training:<\/strong><\/p>\n<p>Supervisor since 2012<\/p>\n<p><strong>Participation in TDK work:<\/strong><\/p>\n<ul>\n<li>1999 &#8211; supervisor<\/li>\n<li>2000 &#8211; Faculty TDK Jury Member<\/li>\n<li>2013 OTDK jury member<\/li>\n<\/ul>\n<p>&nbsp;<\/p>\n","protected":false},"excerpt":{"rendered":"<p>Dr. Zolt\u00e1n Balogh College Professor &nbsp; Contact Tel .: 00 36 1 486 5936 E-mail: <a href=\"mailto:balogh.zoltan@semmelweis.hu\">balogh.zoltan@semmelweis.hu<\/a> &nbsp; Year of birth: 1969 Education and training: 1994 bachelor&#8217;s degree \/ nurse \/ Imre Haynal University of Health Sciences Faculty of Health 1995 bachelor&#8217;s degree \/ physiotherapist \/ Haynal Imre University of Health Sciences Faculty of Health 1997 MSc &hellip;<\/p>\n","protected":false},"author":101733,"featured_media":0,"parent":803,"menu_order":4,"comment_status":"closed","ping_status":"closed","template":"","meta":{"_acf_changed":false,"footnotes":""},"categories":[],"tags":[],"class_list":["post-8536","page","type-page","status-publish","hentry"],"acf":[],"_links":{"self":[{"href":"https:\/\/semmelweis.hu\/etk\/wp-json\/wp\/v2\/pages\/8536","targetHints":{"allow":["GET"]}}],"collection":[{"href":"https:\/\/semmelweis.hu\/etk\/wp-json\/wp\/v2\/pages"}],"about":[{"href":"https:\/\/semmelweis.hu\/etk\/wp-json\/wp\/v2\/types\/page"}],"author":[{"embeddable":true,"href":"https:\/\/semmelweis.hu\/etk\/wp-json\/wp\/v2\/users\/101733"}],"replies":[{"embeddable":true,"href":"https:\/\/semmelweis.hu\/etk\/wp-json\/wp\/v2\/comments?post=8536"}],"version-history":[{"count":9,"href":"https:\/\/semmelweis.hu\/etk\/wp-json\/wp\/v2\/pages\/8536\/revisions"}],"predecessor-version":[{"id":14452,"href":"https:\/\/semmelweis.hu\/etk\/wp-json\/wp\/v2\/pages\/8536\/revisions\/14452"}],"up":[{"embeddable":true,"href":"https:\/\/semmelweis.hu\/etk\/wp-json\/wp\/v2\/pages\/803"}],"wp:attachment":[{"href":"https:\/\/semmelweis.hu\/etk\/wp-json\/wp\/v2\/media?parent=8536"}],"wp:term":[{"taxonomy":"category","embeddable":true,"href":"https:\/\/semmelweis.hu\/etk\/wp-json\/wp\/v2\/categories?post=8536"},{"taxonomy":"post_tag","embeddable":true,"href":"https:\/\/semmelweis.hu\/etk\/wp-json\/wp\/v2\/tags?post=8536"}],"curies":[{"name":"wp","href":"https:\/\/api.w.org\/{rel}","templated":true}]}}