{"id":8517,"date":"2021-10-22T11:53:26","date_gmt":"2021-10-22T09:53:26","guid":{"rendered":"https:\/\/semmelweis.hu\/etk\/?page_id=8517"},"modified":"2023-12-06T13:03:52","modified_gmt":"2023-12-06T12:03:52","slug":"deputy-general-dean","status":"publish","type":"page","link":"https:\/\/semmelweis.hu\/etk\/en\/about-the-faculty\/leaders-of-the-faculty\/deputy-general-dean\/","title":{"rendered":"Vice-Dean for General Affairs"},"content":{"rendered":"<p style=\"text-align: left\"><strong><span style=\"font-size: 24pt\">Dr. Kl\u00e1ra Gad\u00f3<\/span><img loading=\"lazy\" decoding=\"async\" class=\"size-medium wp-image-8453 alignright\" src=\"https:\/\/semmelweis.hu\/etk\/files\/2021\/01\/GK-400x298.png\" alt=\"\" width=\"400\" height=\"298\" srcset=\"https:\/\/semmelweis.hu\/etk\/files\/2021\/01\/GK-400x298.png 400w, https:\/\/semmelweis.hu\/etk\/files\/2021\/01\/GK.png 526w\" sizes=\"auto, (max-width: 400px) 100vw, 400px\" \/><\/strong><\/p>\n<p><strong>College Professor<\/strong><\/p>\n<p><strong>Contact<\/strong><\/p>\n<p><strong>Tel.: 00 36 1 486 5970 <\/strong><br \/>\n<strong>E-mail: <a href=\"mailto:gado.klara@semmelweis.hu\">gado.klara@semmelweis.hu<\/a><\/strong><\/p>\n<p><strong>Education and training:<\/strong><\/p>\n<ul>\n<li>SOTE Faculty of Medicine clinical pharmacologist<\/li>\n<li>internal medicine<\/li>\n<li>clinical immunologist<\/li>\n<li>hematologist<\/li>\n<\/ul>\n<p><strong>Scientific degree(s):<\/strong><\/p>\n<p>PhD, Topic of PhD doctoral dissertation: The role of prolactin in multiple myeloma<\/p>\n<p><strong>Professional-scientific career:<\/strong><\/p>\n<ul>\n<li>EGIS Pharmaceuticals, research pharmacologist<\/li>\n<li>HIETE, Department of Internal Medicine I<\/li>\n<li>National Institute of Hematology and Blood Transfusion<\/li>\n<li>St. Rokus Hospital, Department of Immunology, Internal Medicine I &#8211; Chief Physician<\/li>\n<li>currently: St. Rokus Hospital, Department of Internal Medicine Rehabilitation &#8211; Chief Physician<\/li>\n<li>currently: Semmelweis University, Faculty of Health Sciences, Department of Clinical Studies &#8211; College professor.<\/li>\n<\/ul>\n<p><strong>Subjects taught:<\/strong><\/p>\n<p>Fundamentals of clinical sciences<\/p>\n<p>Internal medicine<\/p>\n<p><strong>The 5 most important recent publications:<\/strong><\/p>\n<ul>\n<li>Kad\u00f3 K.: Our expanding knowledge about the genetic background of a malignant hematopoietic organ disease, multiple myeloma. Magyar Tudom\u00e1ny, 2010; 171 (5) 558-562.<\/li>\n<li>Gad\u00f3 K, Demeter J, V\u00e1rnai K, Kicsi D, Nagy Zs, Bek \u00f5 G, S\u00e1tori A, Domj\u00e1n Gy .: Investigation of blood coagulation in multiple myeloma. Magyar Belorvosi Arch\u00edvum, 2010; 63 (5) 322-325.<\/li>\n<li>Losonczy H, Tar A, Domj\u00e1n Gy, Gad\u00f3 K, Gy\u00e1ni \u00c9, Szaliszny\u00f3 I, Kecsk\u00e9s G, Wrana G, Lakatos J, Barber C, Ledniczki I, Al-Absi S, Mayer K, J\u00f3j\u00e1rt I, Ruzsa C, Bern\u00e1th B , Zeher M, Kerekes G: Results of the ENDORSE study in Hungary: International cross-sectional survey of the risk and prophylaxis of venous thromboembolism in acute hospital patients. Orvosi Hetilap, 2008; 149 (44) 2069-2076<\/li>\n<li>Gad\u00f3 K; Small D; Menyhart O; Konyar E; Domjan Gy. Plasmocytomas of the skull base &#8211; three case reports. Blood Reviews, 2007; 21 128-S128.<\/li>\n<li>Gad\u00f3 K. Myelodysplasia syndromes: new therapeutic options. 2007; 17 (12) 43-851<\/li>\n<\/ul>\n<p><strong>The 5 most important publications \/ scientific results closely related to professional interest:<\/strong><\/p>\n<ul>\n<li>Gad\u00f3 K, Domj\u00e1n G, Kormos L, Falus A.: Functional significance of genetic abnormalities in multiple myeloma. Hematology, 2002; 32 (3): 191-208<\/li>\n<li>Gad\u00f3 K, Nagy G, Hasitz A, Toth BE, Rimanoczi E, Domjan G. Evidence of prolactin immunoreactivity in the bone marrow of untreated multiple myeloma patients. Neuroimmunomodulation, 2001; 9 (2) 95-102.<\/li>\n<li>Gad\u00f3 K, Pallinger E, Kovacs P, Takacs E, Szilvasi I, Toth BE, Nagy G, Domjan G, Falus A .: Prolactin influences proliferation and apoptosis of a human IgE secreting myeloma cell line, U266. Immunology Letters, 2002; 82 (3) 91-6.<\/li>\n<li>Gad\u00f3 K, Rimanoczi E, Hasitz A, Gigler G, Toth BE, Nagy GM, Paloczi K, Domjan Gy .: Elevated levels of serum prolactin in patients with advanced multiple myeloma. Neuroimmunomodulation, 2001; 9 (4): 231-6.<\/li>\n<li>Gad\u00f3 K, Silva S, Paloczi K, Domjan G, Falus A .: Mouse plasmacytoma: an experimental model of human multiple myeloma. Haematologica, 2001; 86 (3) 227-36.<\/li>\n<\/ul>\n<p><strong>Public activity:<\/strong><\/p>\n<ul>\n<li>Hungarian Society of Internal Medicine<\/li>\n<li>Hungarian Society of Thrombosis and Hemostasis<\/li>\n<li>Hungarian Hematology and Blood Transfusion Society<\/li>\n<\/ul>\n<p><strong>Participation in doctoral training:<\/strong><\/p>\n<p>Opponent: Semmelweis University, Fundamentals of Human Molecular Genetics and Genetic Diagnostics<\/p>\n<p><strong>Participation in TDK work:<\/strong><\/p>\n<p>Supervisor of 2 TDK works<\/p>\n","protected":false},"excerpt":{"rendered":"<p>Dr. Kl\u00e1ra Gad\u00f3 College Professor Contact Tel.: 00 36 1 486 5970 E-mail: <a href=\"mailto:gado.klara@semmelweis.hu\">gado.klara@semmelweis.hu<\/a> Education and training: SOTE Faculty of Medicine clinical pharmacologist internal medicine clinical immunologist hematologist Scientific degree(s): PhD, Topic of PhD doctoral dissertation: The role of prolactin in multiple myeloma Professional-scientific career: EGIS Pharmaceuticals, research pharmacologist HIETE, Department of Internal Medicine I National &hellip;<\/p>\n","protected":false},"author":101733,"featured_media":0,"parent":803,"menu_order":2,"comment_status":"closed","ping_status":"closed","template":"","meta":{"_acf_changed":false,"footnotes":""},"categories":[],"tags":[],"class_list":["post-8517","page","type-page","status-publish","hentry"],"acf":[],"_links":{"self":[{"href":"https:\/\/semmelweis.hu\/etk\/wp-json\/wp\/v2\/pages\/8517","targetHints":{"allow":["GET"]}}],"collection":[{"href":"https:\/\/semmelweis.hu\/etk\/wp-json\/wp\/v2\/pages"}],"about":[{"href":"https:\/\/semmelweis.hu\/etk\/wp-json\/wp\/v2\/types\/page"}],"author":[{"embeddable":true,"href":"https:\/\/semmelweis.hu\/etk\/wp-json\/wp\/v2\/users\/101733"}],"replies":[{"embeddable":true,"href":"https:\/\/semmelweis.hu\/etk\/wp-json\/wp\/v2\/comments?post=8517"}],"version-history":[{"count":7,"href":"https:\/\/semmelweis.hu\/etk\/wp-json\/wp\/v2\/pages\/8517\/revisions"}],"predecessor-version":[{"id":14450,"href":"https:\/\/semmelweis.hu\/etk\/wp-json\/wp\/v2\/pages\/8517\/revisions\/14450"}],"up":[{"embeddable":true,"href":"https:\/\/semmelweis.hu\/etk\/wp-json\/wp\/v2\/pages\/803"}],"wp:attachment":[{"href":"https:\/\/semmelweis.hu\/etk\/wp-json\/wp\/v2\/media?parent=8517"}],"wp:term":[{"taxonomy":"category","embeddable":true,"href":"https:\/\/semmelweis.hu\/etk\/wp-json\/wp\/v2\/categories?post=8517"},{"taxonomy":"post_tag","embeddable":true,"href":"https:\/\/semmelweis.hu\/etk\/wp-json\/wp\/v2\/tags?post=8517"}],"curies":[{"name":"wp","href":"https:\/\/api.w.org\/{rel}","templated":true}]}}