{"id":8464,"date":"2021-10-15T12:58:42","date_gmt":"2021-10-15T10:58:42","guid":{"rendered":"https:\/\/semmelweis.hu\/etk\/?page_id=8464"},"modified":"2021-10-15T13:02:55","modified_gmt":"2021-10-15T11:02:55","slug":"dokumentumok","status":"publish","type":"page","link":"https:\/\/semmelweis.hu\/etk\/dokumentumok\/","title":{"rendered":"Dokumentumok"},"content":{"rendered":"<p>Tov\u00e1bb a\u00a0<a href=\"https:\/\/semmelweis.hu\/etk\/szabalyzatok-utasitasok\/\"><strong>Szab\u00e1lyzatok, utas\u00edt\u00e1sok<\/strong><\/a> men\u00fcpontra<\/p>\n<p>Tov\u00e1bb a\u00a0<strong><a href=\"https:\/\/semmelweis.hu\/etk\/nyomtatvanyok\/\">Nyomtatv\u00e1nyok<\/a><\/strong> men\u00fcpontra<\/p>\n","protected":false},"excerpt":{"rendered":"<p>Tov\u00e1bb a\u00a0<a href=\"https:\/\/semmelweis.hu\/etk\/szabalyzatok-utasitasok\/\">Szab\u00e1lyzatok, utas\u00edt\u00e1sok<\/a> men\u00fcpontra<br \/>\nTov\u00e1bb a\u00a0<a href=\"https:\/\/semmelweis.hu\/etk\/nyomtatvanyok\/\">Nyomtatv\u00e1nyok<\/a> men\u00fcpontra<\/p>\n","protected":false},"author":101796,"featured_media":0,"parent":0,"menu_order":0,"comment_status":"closed","ping_status":"closed","template":"","meta":{"_acf_changed":false,"footnotes":""},"categories":[],"tags":[],"class_list":["post-8464","page","type-page","status-publish","hentry"],"acf":[],"_links":{"self":[{"href":"https:\/\/semmelweis.hu\/etk\/wp-json\/wp\/v2\/pages\/8464","targetHints":{"allow":["GET"]}}],"collection":[{"href":"https:\/\/semmelweis.hu\/etk\/wp-json\/wp\/v2\/pages"}],"about":[{"href":"https:\/\/semmelweis.hu\/etk\/wp-json\/wp\/v2\/types\/page"}],"author":[{"embeddable":true,"href":"https:\/\/semmelweis.hu\/etk\/wp-json\/wp\/v2\/users\/101796"}],"replies":[{"embeddable":true,"href":"https:\/\/semmelweis.hu\/etk\/wp-json\/wp\/v2\/comments?post=8464"}],"version-history":[{"count":3,"href":"https:\/\/semmelweis.hu\/etk\/wp-json\/wp\/v2\/pages\/8464\/revisions"}],"predecessor-version":[{"id":8467,"href":"https:\/\/semmelweis.hu\/etk\/wp-json\/wp\/v2\/pages\/8464\/revisions\/8467"}],"wp:attachment":[{"href":"https:\/\/semmelweis.hu\/etk\/wp-json\/wp\/v2\/media?parent=8464"}],"wp:term":[{"taxonomy":"category","embeddable":true,"href":"https:\/\/semmelweis.hu\/etk\/wp-json\/wp\/v2\/categories?post=8464"},{"taxonomy":"post_tag","embeddable":true,"href":"https:\/\/semmelweis.hu\/etk\/wp-json\/wp\/v2\/tags?post=8464"}],"curies":[{"name":"wp","href":"https:\/\/api.w.org\/{rel}","templated":true}]}}