{"id":84,"date":"2020-03-23T12:36:47","date_gmt":"2020-03-23T11:36:47","guid":{"rendered":"http:\/\/semmelweis.hu\/etk\/?page_id=84"},"modified":"2026-01-27T11:52:56","modified_gmt":"2026-01-27T10:52:56","slug":"hang-beszed-es-nyelesterapeuta-tanszek","status":"publish","type":"page","link":"https:\/\/semmelweis.hu\/etk\/tanszekek\/hang-beszed-es-nyelesterapeuta-tanszek\/","title":{"rendered":"Hang-, besz\u00e9d- \u00e9s nyel\u00e9ster\u00e1pia Tansz\u00e9k"},"content":{"rendered":"<div class=\"responsive-tabs\">\n<h2 class=\"tabtitle\">Bemutat\u00e1s<\/h2>\n<div class=\"tabcontent\">\n\n<h2>Hang-, besz\u00e9d- \u00e9s nyel\u00e9ster\u00e1pia Tansz\u00e9k<\/h2>\n<div class=\"keretes\">\n<p><strong>El\u00e9rhet\u0151s\u00e9gek:<\/strong><br \/>\nTel.: +36 1 486 4981<br \/>\nEmail: <a href=\"mailto:etk.hbnyt@semmelweis.hu\">etk.hbnyt@semmelweis.hu<\/a><br \/>\nIroda: F\u00e9lemelet 9<\/p>\n<\/div>\n<h6 style=\"text-align: justify\"><strong>A Hang-, besz\u00e9d- \u00e9s nyel\u00e9ster\u00e1pia Tansz\u00e9k feladata<\/strong><\/h6>\n<p style=\"text-align: justify\">A tansz\u00e9k feladata els\u0151sorban a <a href=\"https:\/\/semmelweis.hu\/etk\/oktatas\/alapkepzesek-bsc\/apolas-es-betegellatas-szak\/hang-beszed-es-nyelesterapeuta-szakirany\/\">hang-, besz\u00e9d- \u00e9s nyel\u00e9sterapeuta szakir\u00e1ny<\/a> hallgat\u00f3inak k\u00e9pz\u00e9se, a k\u00e9pz\u00e9shez kapcsol\u00f3d\u00f3 szakmai tant\u00e1rgyak oktat\u00e1sa, tant\u00e1rgyi programok kidolgoz\u00e1sa \u00e9s fejleszt\u00e9se, az elm\u00e9leti \u00e9s gyakorlati oktat\u00e1ssal kapcsolatos szervez\u00e9si munk\u00e1k ell\u00e1t\u00e1sa.<\/p>\n<p style=\"text-align: justify\">Hallgat\u00f3ink szakmai fejl\u0151d\u00e9se \u00e9rdek\u00e9ben feladatunk a hang-, besz\u00e9d- \u00e9s nyel\u00e9sterapeuta hallgat\u00f3k k\u00e9pz\u00e9s\u00e9ben r\u00e9szt vev\u0151 minden szervezeti egys\u00e9ggel \u00e9s a szakmai gyakorl\u00f3helyekkel t\u00f6rt\u00e9n\u0151 folyamatos kapcsolattart\u00e1s, egy\u00fcttm\u0171k\u00f6d\u00e9s \u00e9s az oktat\u00e1s koordin\u00e1ci\u00f3ja.<\/p>\n<p style=\"text-align: justify\">A szakmai gyakorlatot vezet\u0151 terapeut\u00e1k, mesteroktat\u00f3k r\u00e9sz\u00e9re rendszeresen tov\u00e1bbk\u00e9pz\u0151 \u00e9s felk\u00e9sz\u00edt\u0151 konzult\u00e1ci\u00f3kat, workshopokat, szakmai tov\u00e1bbk\u00e9pz\u00e9seket tartunk.<\/p>\n<h6 style=\"text-align: justify\"><strong>Oktat\u00e1si \u00e9s szakmai profilok<\/strong><\/h6>\n<p style=\"text-align: justify\">A tansz\u00e9ken a hang-, besz\u00e9d- \u00e9s nyel\u00e9sterapeuta szakma fejleszt\u00e9s\u00e9t c\u00e9lz\u00f3 kutat\u00e1sokat v\u00e9gz\u00fcnk, a kutat\u00e1sok eredm\u00e9nyeit hazai \u00e9s k\u00fclf\u00f6ldi lapokban publik\u00e1ljuk.<\/p>\n<p style=\"text-align: justify\">Lehet\u0151s\u00e9get biztos\u00edtunk a hallgat\u00f3k kutat\u00f3munk\u00e1ba t\u00f6rt\u00e9n\u0151 bekapcsol\u00f3d\u00e1s\u00e1hoz, a Tudom\u00e1nyos Di\u00e1kk\u00f6ri Munk\u00e1jukat (TDK) \u00e9s szakdolgozatuk elk\u00e9sz\u00edt\u00e9s\u00e9t t\u00e9mavezet\u0151k\u00e9nt seg\u00edtj\u00fck.<\/p>\n<p style=\"text-align: justify\">A f\u00fcl-, orr-, g\u00e9gegy\u00f3gy\u00e1szat, foni\u00e1tria, neurol\u00f3gia, rehabilit\u00e1ci\u00f3, gyermekrehabilit\u00e1ci\u00f3, gy\u00f3gypedag\u00f3gia szakmai orsz\u00e1gos \u00e9s nemzetk\u00f6zi konferenci\u00e1in, hazai tov\u00e1bbk\u00e9pz\u00e9sein el\u0151ad\u00f3k\u00e9nt r\u00e9szt vesz\u00fcnk.<\/p>\n<p style=\"text-align: justify\">Az oktat\u00f3k a k\u00fcl\u00f6nb\u00f6z\u0151 orsz\u00e1gos szakmai \u00e9s t\u00e1rsadalmi szervezetek vezet\u0151s\u00e9g\u00e9nek tagjai \u00e9s szakmai t\u00e1mogat\u00f3i.<\/p>\n\n<\/div><h2 class=\"tabtitle\">Munkat\u00e1rsak<\/h2>\n<div class=\"tabcontent\">\n\n<p>Prof. Tam\u00e1s L\u00e1szl\u00f3<\/p>\n<p><em>\u00a0\u00a0\u00a0\u00a0\u00a0 egyetemi tan\u00e1r, tansz\u00e9kvezet\u0151<\/em><\/p>\n<p>Dr. Fab\u00f3 D\u00e1niel<\/p>\n<p style=\"padding-left: 40px\"><em>adjunktus<\/em><\/p>\n<p><a href=\"https:\/\/semmelweis.hu\/etk\/files\/2025\/03\/Hacki_Tamas_HU_CV.pdf\">Prof. Dr. Hacki Tam\u00e1s<\/a><\/p>\n<p><em>\u00a0\u00a0\u00a0\u00a0\u00a0 c\u00edmzetes egyetemi tan\u00e1r<\/em><\/p>\n<p>N\u00e9meth Mariann <br \/>\n<em><span class=\"emp-phone\">\u00a0\u00a0\u00a0\u00a0\u00a0\u00a0 tan\u00e1rseg\u00e9d<\/span><\/em><\/p>\n<p><a href=\"https:\/\/semmelweis.hu\/etk\/files\/2023\/06\/Szabo_Edina_HU_CV.pdf\">Dr. Szab\u00f3 Edina<\/a><\/p>\n<p><em>\u00a0\u00a0\u00a0\u00a0\u00a0 f\u0151iskolai docens<\/em><\/p>\n<p><a href=\"https:\/\/semmelweis.hu\/etk\/files\/2025\/03\/Vasvari_Gergely_HU_CV.pdf\">Dr. Vasv\u00e1ri Gergely P\u00e1l<\/a><\/p>\n<p style=\"padding-left: 40px\"><em>tan\u00e1rseg\u00e9d<\/em><\/p>\n<p style=\"padding-left: 40px\">\u00a0<\/p>\n\r\n<div id=\"telefonkonyv\">\r\n  <div class=\"tel-results col-12 px-0\">\r\n      <p class=\"desc mb-1\"><span>Ha hib\u00e1s, vagy hi\u00e1nyz\u00f3 adatot tal\u00e1l, k\u00e9rj\u00fck jelezze szervezeti egys\u00e9g\u00fcnk titk\u00e1rs\u00e1g\u00e1n.<\/span><\/p>\r\n      <p class=\"desc\"><em>A telefonk\u00f6nyvben tal\u00e1lhat\u00f3 adatok nem haszn\u00e1lhat\u00f3k fel az 1995. \u00e9vi CXIX. t\u00f6rv\u00e9ny szerinti kutat\u00e1s \u00e9s k\u00f6zvetlen \u00fczletszerz\u00e9s c\u00e9lj\u00e1ra.<\/em><\/p>\r\n                <div class=\"row mx-0 mt-3 mb-3 subunit-line text-uppercase font-weight-bold \r\n                    status-SZE\">\r\n                    <div class=\"col col-12 col-md-10 pl-2 pr-0\">\r\n                        <span>Hang-, Besz\u00e9d- \u00e9s Nyel\u00e9ster\u00e1pia Tansz\u00e9k<\/span>\r\n                    <\/div>\r\n                <\/div> \r\n          <div class=\"row mx-0 py-2 result-line emp-leader\">\r\n            <div class=\"col col-12 px-0 \"><div class=\"row mx-0 pr-2 result-line-content align-items-center\">\r\n                        <div class=\"col-12 col-md-6 px-0 \">\r\n                            <a class=\"emp-name\" href=\"https:\/\/semmelweis.hu\/telefonkonyv?emp_id=17044\">Prof. Tam\u00e1s L\u00e1szl\u00f3 <\/a>\r\n                            <br \/><span class=\"emp-phone\">egyetemi tan\u00e1r, tansz\u00e9kvezet\u0151<\/span><\/div>\r\n                        <div class=\"col-12 col-md-6 px-0\"><span class=\"emp-phone\"><i class=\"fa fa-phone\" aria-hidden=\"true\"><\/i>48-64980, <\/span><span class=\"emp-email\"><i class=\"fa fa-envelope-o\" aria-hidden=\"true\"><\/i>tamas.laszlo<i class=\"fa fa-at m-0 text-body\"><\/i>semmelweis.hu<\/span>\r\n                        <\/div>\r\n                    <\/div>\r\n                \r\n            <\/div>\r\n\r\n                <div class=\"col-12 col-md-6 px-0 d-none\"><span class=\"emp-phone\"><i class=\"fa fa-phone\" aria-hidden=\"true\"><\/i>48-64980, <\/span><span class=\"emp-email\"><i class=\"fa fa-envelope-o\" aria-hidden=\"true\"><\/i>tamas.laszlo<i class=\"fa fa-at m-0 text-body\"><\/i>semmelweis.hu<\/span>\r\n                <\/div>\r\n\r\n\r\n        <\/div>\r\n          <div class=\"row mx-0 py-2 result-line \">\r\n            <div class=\"col col-12 px-0 \"><div class=\"row mx-0 pr-2 result-line-content align-items-center\">\r\n                        <div class=\"col-12 col-md-6 px-0 \">\r\n                            <a class=\"emp-name\" href=\"https:\/\/semmelweis.hu\/telefonkonyv?emp_id=24576\">Dr. Fab\u00f3 D\u00e1niel <\/a>\r\n                            <br \/><span class=\"emp-phone\">adjunktus<\/span><\/div>\r\n                        <div class=\"col-12 col-md-6 px-0\"><span class=\"emp-email\"><i class=\"fa fa-envelope-o\" aria-hidden=\"true\"><\/i>fabo.daniel<i class=\"fa fa-at m-0 text-body\"><\/i>semmelweis.hu<\/span>\r\n                        <\/div>\r\n                    <\/div>\r\n                \r\n            <\/div>\r\n\r\n                <div class=\"col-12 col-md-6 px-0 d-none\"><span class=\"emp-email\"><i class=\"fa fa-envelope-o\" aria-hidden=\"true\"><\/i>fabo.daniel<i class=\"fa fa-at m-0 text-body\"><\/i>semmelweis.hu<\/span>\r\n                <\/div>\r\n\r\n\r\n        <\/div>\r\n          <div class=\"row mx-0 py-2 result-line \">\r\n            <div class=\"col col-12 px-0 \"><div class=\"row mx-0 pr-2 result-line-content align-items-center\">\r\n                        <div class=\"col-12 col-md-6 px-0 \">\r\n                            <a class=\"emp-name\" href=\"https:\/\/semmelweis.hu\/telefonkonyv?emp_id=17046\">Prof. Hacki Tam\u00e1s <\/a>\r\n                            <br \/><span class=\"emp-phone\">c\u00edmzetes egyetemi tan\u00e1r<\/span><\/div>\r\n                        <div class=\"col-12 col-md-6 px-0\"><span class=\"emp-phone\"><i class=\"fa fa-phone\" aria-hidden=\"true\"><\/i>48-64981, <\/span>\r\n                        <\/div>\r\n                    <\/div>\r\n                \r\n            <\/div>\r\n\r\n                <div class=\"col-12 col-md-6 px-0 d-none\"><span class=\"emp-phone\"><i class=\"fa fa-phone\" aria-hidden=\"true\"><\/i>48-64981, <\/span>\r\n                <\/div>\r\n\r\n\r\n        <\/div>\r\n          <div class=\"row mx-0 py-2 result-line \">\r\n            <div class=\"col col-12 px-0 \"><div class=\"row mx-0 pr-2 result-line-content align-items-center\">\r\n                        <div class=\"col-12 col-md-6 px-0 \">\r\n                            <a class=\"emp-name\" href=\"https:\/\/semmelweis.hu\/telefonkonyv?emp_id=26762\"> Havadi-Nagy Mariann <\/a>\r\n                            <br \/><span class=\"emp-phone\">tan\u00e1rseg\u00e9d<\/span><\/div>\r\n                        <div class=\"col-12 col-md-6 px-0\"><span class=\"emp-phone\"><i class=\"fa fa-phone\" aria-hidden=\"true\"><\/i>48-64981, <\/span><span class=\"emp-email\"><i class=\"fa fa-envelope-o\" aria-hidden=\"true\"><\/i>havadi.nagy.mariann<i class=\"fa fa-at m-0 text-body\"><\/i>semmelweis.hu<\/span>\r\n                        <\/div>\r\n                    <\/div>\r\n                \r\n            <\/div>\r\n\r\n                <div class=\"col-12 col-md-6 px-0 d-none\"><span class=\"emp-phone\"><i class=\"fa fa-phone\" aria-hidden=\"true\"><\/i>48-64981, <\/span><span class=\"emp-email\"><i class=\"fa fa-envelope-o\" aria-hidden=\"true\"><\/i>havadi.nagy.mariann<i class=\"fa fa-at m-0 text-body\"><\/i>semmelweis.hu<\/span>\r\n                <\/div>\r\n\r\n\r\n        <\/div>\r\n          <div class=\"row mx-0 py-2 result-line \">\r\n            <div class=\"col col-12 px-0 \"><div class=\"row mx-0 pr-2 result-line-content align-items-center\">\r\n                        <div class=\"col-12 col-md-6 px-0 \">\r\n                            <a class=\"emp-name\" href=\"https:\/\/semmelweis.hu\/telefonkonyv?emp_id=24575\"> Kor\u00e9nyin\u00e9 T\u0151k\u00e9s \u00c9va <\/a>\r\n                            <br \/><span class=\"emp-phone\">oktat\u00e1sszervez\u0151<\/span><\/div>\r\n                        <div class=\"col-12 col-md-6 px-0\"><span class=\"emp-phone\"><i class=\"fa fa-phone\" aria-hidden=\"true\"><\/i>48-64981, <\/span><span class=\"emp-email\"><i class=\"fa fa-envelope-o\" aria-hidden=\"true\"><\/i>korenyine.tokes.eva<i class=\"fa fa-at m-0 text-body\"><\/i>semmelweis.hu<\/span>\r\n                        <\/div>\r\n                    <\/div>\r\n                \r\n            <\/div>\r\n\r\n                <div class=\"col-12 col-md-6 px-0 d-none\"><span class=\"emp-phone\"><i class=\"fa fa-phone\" aria-hidden=\"true\"><\/i>48-64981, <\/span><span class=\"emp-email\"><i class=\"fa fa-envelope-o\" aria-hidden=\"true\"><\/i>korenyine.tokes.eva<i class=\"fa fa-at m-0 text-body\"><\/i>semmelweis.hu<\/span>\r\n                <\/div>\r\n\r\n\r\n        <\/div>\r\n          <div class=\"row mx-0 py-2 result-line \">\r\n            <div class=\"col col-12 px-0 \"><div class=\"row mx-0 pr-2 result-line-content align-items-center\">\r\n                        <div class=\"col-12 col-md-6 px-0 \">\r\n                            <a class=\"emp-name\" href=\"https:\/\/semmelweis.hu\/telefonkonyv?emp_id=20009\"> N\u00e9meth Mariann <\/a>\r\n                            <br \/><span class=\"emp-phone\">tan\u00e1rseg\u00e9d<\/span><\/div>\r\n                        <div class=\"col-12 col-md-6 px-0\"><span class=\"emp-phone\"><i class=\"fa fa-phone\" aria-hidden=\"true\"><\/i>48-64981, <\/span><span class=\"emp-email\"><i class=\"fa fa-envelope-o\" aria-hidden=\"true\"><\/i>nemeth.mariann<i class=\"fa fa-at m-0 text-body\"><\/i>semmelweis.hu<\/span>\r\n                        <\/div>\r\n                    <\/div>\r\n                \r\n            <\/div>\r\n\r\n                <div class=\"col-12 col-md-6 px-0 d-none\"><span class=\"emp-phone\"><i class=\"fa fa-phone\" aria-hidden=\"true\"><\/i>48-64981, <\/span><span class=\"emp-email\"><i class=\"fa fa-envelope-o\" aria-hidden=\"true\"><\/i>nemeth.mariann<i class=\"fa fa-at m-0 text-body\"><\/i>semmelweis.hu<\/span>\r\n                <\/div>\r\n\r\n\r\n        <\/div>\r\n          <div class=\"row mx-0 py-2 result-line \">\r\n            <div class=\"col col-12 px-0 \"><div class=\"row mx-0 pr-2 result-line-content align-items-center\">\r\n                        <div class=\"col-12 col-md-6 px-0 \">\r\n                            <a class=\"emp-name\" href=\"https:\/\/semmelweis.hu\/telefonkonyv?emp_id=17045\">Dr. Szab\u00f3 Edina <\/a>\r\n                            <br \/><span class=\"emp-phone\">f\u0151iskolai docens<\/span><\/div>\r\n                        <div class=\"col-12 col-md-6 px-0\"><span class=\"emp-phone\"><i class=\"fa fa-phone\" aria-hidden=\"true\"><\/i>48-64981, <\/span><span class=\"emp-email\"><i class=\"fa fa-envelope-o\" aria-hidden=\"true\"><\/i>szabo.edina3<i class=\"fa fa-at m-0 text-body\"><\/i>semmelweis.hu<\/span>\r\n                        <\/div>\r\n                    <\/div>\r\n                \r\n            <\/div>\r\n\r\n                <div class=\"col-12 col-md-6 px-0 d-none\"><span class=\"emp-phone\"><i class=\"fa fa-phone\" aria-hidden=\"true\"><\/i>48-64981, <\/span><span class=\"emp-email\"><i class=\"fa fa-envelope-o\" aria-hidden=\"true\"><\/i>szabo.edina3<i class=\"fa fa-at m-0 text-body\"><\/i>semmelweis.hu<\/span>\r\n                <\/div>\r\n\r\n\r\n        <\/div>\r\n          <div class=\"row mx-0 py-2 result-line \">\r\n            <div class=\"col col-12 px-0 \"><div class=\"row mx-0 pr-2 result-line-content align-items-center\">\r\n                        <div class=\"col-12 col-md-6 px-0 \">\r\n                            <a class=\"emp-name\" href=\"https:\/\/semmelweis.hu\/telefonkonyv?emp_id=22091\">Dr. Vasv\u00e1ri Gergely P\u00e1l <\/a>\r\n                            <br \/><span class=\"emp-phone\">tan\u00e1rseg\u00e9d<\/span><\/div>\r\n                        <div class=\"col-12 col-md-6 px-0\"><span class=\"emp-phone\"><i class=\"fa fa-phone\" aria-hidden=\"true\"><\/i>48-64981, <\/span><span class=\"emp-email\"><i class=\"fa fa-envelope-o\" aria-hidden=\"true\"><\/i>vasvari.gergely.pal<i class=\"fa fa-at m-0 text-body\"><\/i>semmelweis.hu<\/span>\r\n                        <\/div>\r\n                    <\/div>\r\n                \r\n            <\/div>\r\n\r\n                <div class=\"col-12 col-md-6 px-0 d-none\"><span class=\"emp-phone\"><i class=\"fa fa-phone\" aria-hidden=\"true\"><\/i>48-64981, <\/span><span class=\"emp-email\"><i class=\"fa fa-envelope-o\" aria-hidden=\"true\"><\/i>vasvari.gergely.pal<i class=\"fa fa-at m-0 text-body\"><\/i>semmelweis.hu<\/span>\r\n                <\/div>\r\n\r\n\r\n        <\/div><\/div><\/div>\n\n<\/div><h2 class=\"tabtitle\">Hirdet\u0151t\u00e1bla<\/h2>\n<div class=\"tabcontent\">\n\n<p style=\"text-align: center\"><strong>Oktat\u00f3k konzult\u00e1ci\u00f3s id\u0151pontjai<\/strong><br \/>\n<strong>2025\/2026. tan\u00e9v tavaszi f\u00e9l\u00e9v<br \/>\nszorgalmi id\u0151szak\u00e1ban<\/strong><\/p>\n<p><strong>Dr. Szab\u00f3 Edina<\/strong><\/p>\n<p style=\"padding-left: 40px\">h\u00e9tf\u0151 13:00-14:30<\/p>\n<p><strong>Dr. Fab\u00f3 D\u00e1niel<\/strong><\/p>\n<p style=\"padding-left: 40px\">cs\u00fct\u00f6rt\u00f6k 15:30-17:00<\/p>\n<p><strong>N\u00e9meth Mariann<\/strong><\/p>\n<p style=\"padding-left: 40px\">p\u00e9ntek 13:00-14:30<\/p>\n<p><strong>Dr. Havadi-Nagy Marian<\/strong><\/p>\n<p style=\"padding-left: 40px\">p\u00e9ntek 8:00-9:30<\/p>\n<p><strong>Vasv\u00e1ri Gergely<\/strong><\/p>\n<p style=\"padding-left: 40px\">szerda 14:30-16:00<\/p>\n<p><strong>\u00a0<\/strong><\/div><\/div><\/p>\n","protected":false},"excerpt":{"rendered":"<p>Hang-, besz\u00e9d- \u00e9s nyel\u00e9ster\u00e1pia Tansz\u00e9k El\u00e9rhet\u0151s\u00e9gek: Tel.: +36 1 486 4981 Email: <a href=\"mailto:etk.hbnyt@semmelweis.hu\">etk.hbnyt@semmelweis.hu<\/a> Iroda: F\u00e9lemelet 9 A Hang-, besz\u00e9d- \u00e9s nyel\u00e9ster\u00e1pia Tansz\u00e9k feladata A tansz\u00e9k feladata els\u0151sorban a <a href=\"https:\/\/semmelweis.hu\/etk\/oktatas\/alapkepzesek-bsc\/apolas-es-betegellatas-szak\/hang-beszed-es-nyelesterapeuta-szakirany\/\">hang-, besz\u00e9d- \u00e9s nyel\u00e9sterapeuta szakir\u00e1ny<\/a> hallgat\u00f3inak k\u00e9pz\u00e9se, a k\u00e9pz\u00e9shez kapcsol\u00f3d\u00f3 szakmai tant\u00e1rgyak oktat\u00e1sa, tant\u00e1rgyi programok kidolgoz\u00e1sa \u00e9s fejleszt\u00e9se, az elm\u00e9leti \u00e9s gyakorlati oktat\u00e1ssal kapcsolatos szervez\u00e9si munk\u00e1k ell\u00e1t\u00e1sa. Hallgat\u00f3ink szakmai fejl\u0151d\u00e9se \u00e9rdek\u00e9ben feladatunk a &hellip;<\/p>\n","protected":false},"author":101729,"featured_media":0,"parent":59,"menu_order":0,"comment_status":"closed","ping_status":"closed","template":"","meta":{"_acf_changed":false,"footnotes":""},"categories":[],"tags":[],"class_list":["post-84","page","type-page","status-publish","hentry"],"acf":[],"_links":{"self":[{"href":"https:\/\/semmelweis.hu\/etk\/wp-json\/wp\/v2\/pages\/84","targetHints":{"allow":["GET"]}}],"collection":[{"href":"https:\/\/semmelweis.hu\/etk\/wp-json\/wp\/v2\/pages"}],"about":[{"href":"https:\/\/semmelweis.hu\/etk\/wp-json\/wp\/v2\/types\/page"}],"author":[{"embeddable":true,"href":"https:\/\/semmelweis.hu\/etk\/wp-json\/wp\/v2\/users\/101729"}],"replies":[{"embeddable":true,"href":"https:\/\/semmelweis.hu\/etk\/wp-json\/wp\/v2\/comments?post=84"}],"version-history":[{"count":11,"href":"https:\/\/semmelweis.hu\/etk\/wp-json\/wp\/v2\/pages\/84\/revisions"}],"predecessor-version":[{"id":19428,"href":"https:\/\/semmelweis.hu\/etk\/wp-json\/wp\/v2\/pages\/84\/revisions\/19428"}],"up":[{"embeddable":true,"href":"https:\/\/semmelweis.hu\/etk\/wp-json\/wp\/v2\/pages\/59"}],"wp:attachment":[{"href":"https:\/\/semmelweis.hu\/etk\/wp-json\/wp\/v2\/media?parent=84"}],"wp:term":[{"taxonomy":"category","embeddable":true,"href":"https:\/\/semmelweis.hu\/etk\/wp-json\/wp\/v2\/categories?post=84"},{"taxonomy":"post_tag","embeddable":true,"href":"https:\/\/semmelweis.hu\/etk\/wp-json\/wp\/v2\/tags?post=84"}],"curies":[{"name":"wp","href":"https:\/\/api.w.org\/{rel}","templated":true}]}}