{"id":7619,"date":"2021-07-23T13:41:21","date_gmt":"2021-07-23T11:41:21","guid":{"rendered":"https:\/\/semmelweis.hu\/etk\/?page_id=7619"},"modified":"2025-09-09T10:36:57","modified_gmt":"2025-09-09T08:36:57","slug":"department-of-voice-speech-and-swallowing-therapy","status":"publish","type":"page","link":"https:\/\/semmelweis.hu\/etk\/en\/departments\/department-of-voice-speech-and-swallowing-therapy\/","title":{"rendered":"Department of Voice, Speech and Swallowing Therapy"},"content":{"rendered":"<div class=\"responsive-tabs\">\n<h2 class=\"tabtitle\">Introduction<\/h2>\n<div class=\"tabcontent\">\n\n<div class=\"keretes\">\n<p><strong>Phone<\/strong> +36 1 486 4981<br \/>\n<strong>Email <\/strong><a href=\"mailto:etk.hbnyt@semmelweis.hu\">etk.hbnyt@semmelweis.hu<\/a><br \/>\n<strong>Head of the Department<\/strong> Professor L\u00e1szl\u00f3 Tam\u00e1s MD, PhD<\/p>\n<\/div>\n<p>The task of the Department of Voice, Speech and Swallowing Therapy is primarily to train its students, to teach professional subjects related to the program, to elaborate and develop subject programs, and to perform organizational work related to theoretical and practical education.<\/p>\n<p>In order to ensure the professional development of our students, our task is to maintain continuous contact, cooperation and coordination with all organizational units and professional practice venues involved in the training of voice, speech and swallowing therapist students.<\/p>\n<p>We regularly hold further training and preparation consultations, workshops and professional trainings for the therapists and master instructors conducting internships.<\/p>\n<p><strong>EDUCATIONAL AND PROFESSIONAL PROFILE<\/strong><\/p>\n<p>At the department, we carry out research aimed at the development of the profession of voice, speech and swallowing therapist, and publish the results of the research in domestic and foreign journals.<\/p>\n<p>We provide an opportunity for students to get involved in research work, we help their Students\u2019 Scientific Association (TDK) and the preparation of their dissertation as a supervisor.<\/p>\n<p>We participate as a lecturer in professional national and international conferences and domestic trainings in the fields of ear, nose, laryngology, phoniatrics, neurology, rehabilitation, child rehabilitation, special education.<\/p>\n<p>The instructors are members of the management and are professional supporters of various national professional and social organizations.<\/p>\n\n<\/div><h2 class=\"tabtitle\">Teaching staff<\/h2>\n<div class=\"tabcontent\">\n\n<p>Prof. TAM\u00c1S L\u00e1szl\u00f3<\/p>\n<p><em>\u00a0\u00a0\u00a0\u00a0\u00a0\u00a0\u00a0 University professor, Head of department<br \/>\n<\/em><\/p>\n<p>Dr. FAB\u00d3 D\u00e1niel<\/p>\n<p style=\"padding-left: 40px\"><em>Senior lecturer<\/em><\/p>\n<p><a href=\"https:\/\/semmelweis.hu\/etk\/files\/2025\/03\/Hacki_Tamas_EN_CV.pdf\">Prof. Dr. HACKI Tam\u00e1s<\/a><\/p>\n<p><em>\u00a0\u00a0\u00a0\u00a0\u00a0 Honorary university professor<\/em><\/p>\n<p>N\u00c9METH Mariann<\/p>\n<p><span class=\"emp-phone\">\u00a0\u00a0\u00a0\u00a0\u00a0 <em>Assistant lecturer<\/em><br \/>\n<\/span><\/p>\n<p><a href=\"https:\/\/semmelweis.hu\/etk\/files\/2023\/06\/Szabo_Edina_EN_CV.pdf\">Dr. SZAB\u00d3 Edina<\/a><\/p>\n<p><em>\u00a0\u00a0\u00a0\u00a0\u00a0 College associate lecturer<br \/>\n<\/em><\/p>\n<div class=\"col-12 col-md-6 px-0 \">\n<p><a href=\"https:\/\/semmelweis.hu\/etk\/files\/2025\/03\/Vasvari_Gergely_EN_CV.pdf\">Dr. VASV\u00c1RI Gergely P\u00e1l<\/a><\/p>\n<\/div>\n<div class=\"col-12 col-md-6 px-0 \">\u00a0\u00a0\u00a0\u00a0\u00a0<em> Assistant lecturer<\/em><\/div>\n<p>&nbsp;<\/p>\n<\/div><\/div>\n","protected":false},"excerpt":{"rendered":"<p>Phone +36 1 486 4981 Email <a href=\"mailto:etk.hbnyt@semmelweis.hu\">etk.hbnyt@semmelweis.hu<\/a> Head of the Department Professor L\u00e1szl\u00f3 Tam\u00e1s MD, PhD The task of the Department of Voice, Speech and Swallowing Therapy is primarily to train its students, to teach professional subjects related to the program, to elaborate and develop subject programs, and to perform organizational work related to theoretical and &hellip;<\/p>\n","protected":false},"author":101733,"featured_media":0,"parent":348,"menu_order":15,"comment_status":"closed","ping_status":"closed","template":"","meta":{"_acf_changed":false,"footnotes":""},"categories":[],"tags":[],"class_list":["post-7619","page","type-page","status-publish","hentry"],"acf":[],"_links":{"self":[{"href":"https:\/\/semmelweis.hu\/etk\/wp-json\/wp\/v2\/pages\/7619","targetHints":{"allow":["GET"]}}],"collection":[{"href":"https:\/\/semmelweis.hu\/etk\/wp-json\/wp\/v2\/pages"}],"about":[{"href":"https:\/\/semmelweis.hu\/etk\/wp-json\/wp\/v2\/types\/page"}],"author":[{"embeddable":true,"href":"https:\/\/semmelweis.hu\/etk\/wp-json\/wp\/v2\/users\/101733"}],"replies":[{"embeddable":true,"href":"https:\/\/semmelweis.hu\/etk\/wp-json\/wp\/v2\/comments?post=7619"}],"version-history":[{"count":10,"href":"https:\/\/semmelweis.hu\/etk\/wp-json\/wp\/v2\/pages\/7619\/revisions"}],"predecessor-version":[{"id":18590,"href":"https:\/\/semmelweis.hu\/etk\/wp-json\/wp\/v2\/pages\/7619\/revisions\/18590"}],"up":[{"embeddable":true,"href":"https:\/\/semmelweis.hu\/etk\/wp-json\/wp\/v2\/pages\/348"}],"wp:attachment":[{"href":"https:\/\/semmelweis.hu\/etk\/wp-json\/wp\/v2\/media?parent=7619"}],"wp:term":[{"taxonomy":"category","embeddable":true,"href":"https:\/\/semmelweis.hu\/etk\/wp-json\/wp\/v2\/categories?post=7619"},{"taxonomy":"post_tag","embeddable":true,"href":"https:\/\/semmelweis.hu\/etk\/wp-json\/wp\/v2\/tags?post=7619"}],"curies":[{"name":"wp","href":"https:\/\/api.w.org\/{rel}","templated":true}]}}