{"id":76,"date":"2020-03-23T12:32:25","date_gmt":"2020-03-23T11:32:25","guid":{"rendered":"http:\/\/semmelweis.hu\/etk\/?page_id=76"},"modified":"2026-02-11T09:58:27","modified_gmt":"2026-02-11T08:58:27","slug":"egeszsegtudomanyi-klinikai-tanszek","status":"publish","type":"page","link":"https:\/\/semmelweis.hu\/etk\/tanszekek\/egeszsegtudomanyi-klinikai-tanszek\/","title":{"rendered":"Eg\u00e9szs\u00e9gtudom\u00e1nyi Klinikai Tansz\u00e9k"},"content":{"rendered":"<div class=\"responsive-tabs\">\n<h2 class=\"tabtitle\">Bemutat\u00e1s<\/h2>\n<div class=\"tabcontent\">\n\n<h2>Eg\u00e9szs\u00e9gtudom\u00e1nyi Klinikai Tansz\u00e9k<\/h2>\n<div class=\"keretes\">\n<p><strong>El\u00e9rhet\u0151s\u00e9gek:<\/strong><br \/>\nTel.: +36 1 486 4850<br \/>\nEmail: <a href=\"mailto:etk.egtud.klinikai@semmelweis.hu\">etk.egtud.klinikai@semmelweis.hu<\/a><br \/>\nIroda: 239<\/p>\n<\/div>\n<h6><strong>Az Eg\u00e9szs\u00e9gtudom\u00e1nyi Klinikai Tansz\u00e9k feladata<\/strong><\/h6>\n<p style=\"text-align: justify\">Az Eg\u00e9szs\u00e9gtudom\u00e1nyi Karon foly\u00f3 <strong>alapk\u00e9pz\u00e9sek (BSc \u2013 Bachelor of Sciences) <\/strong>\u00e9s <strong>mesterk\u00e9pz\u00e9sek (MSc \u2013 Master of Sciences)<\/strong> \u00e9s szakir\u00e1ny\u00fa tov\u00e1bbk\u00e9pz\u00e9sek keret\u00e9ben t\u00f6rt\u00e9n\u0151 klinikai \u00e9s prevenci\u00f3s ismeretek oktat\u00e1sa, tov\u00e1bb\u00e1 a Semmelweis Egyetem Eg\u00e9szs\u00e9gtudom\u00e1nyi Kar Doktori programj\u00e1ban (PhD &#8211; Doctor of Philosophy) egyes, eg\u00e9szs\u00e9gtudom\u00e1nyi t\u00e9m\u00e1j\u00fa programok konzulensi \u00e9s opponensi feladatainak ell\u00e1t\u00e1sa, szigorlati bizotts\u00e1gi tags\u00e1g.<\/p>\n<h6 style=\"text-align: justify\"><strong>Oktat\u00e1si \u00e9s szakmai profilok<\/strong><\/h6>\n<p style=\"text-align: justify\">A Tansz\u00e9k \u00e1ltal oktatott klinikai ismereti szaktant\u00e1rgyak tartalmi c\u00e9lkit\u0171z\u00e9sei:<\/p>\n<ul style=\"text-align: justify\">\n<li>az evidenci\u00e1kon alapul\u00f3, korszer\u0171 orvosi &#8211; klinikai ismeretek k\u00f6zvet\u00edt\u00e9se,<\/li>\n<li>megismertetni a k\u00fcl\u00f6nb\u00f6z\u0151 k\u00f3rk\u00e9pek etiol\u00f3gi\u00e1j\u00e1t, patomechanizmus\u00e1t,<\/li>\n<li>k\u00e9pess\u00e9 tenni a hallgat\u00f3t a kliensek megbeteged\u00e9sekre utal\u00f3 probl\u00e9m\u00e1inak felismer\u00e9s\u00e9re, a t\u00fcnetek \u00e9rt\u00e9kel\u00e9s\u00e9re, \u00e9s az adekv\u00e1t betegell\u00e1t\u00e1s kompetenci\u00e1k szerinti v\u00e9gz\u00e9s\u00e9re,<\/li>\n<li>felk\u00e9sz\u00edteni a legkorszer\u0171bb diagnosztikus \u00e9s ter\u00e1pi\u00e1s elj\u00e1r\u00e1sokban val\u00f3 k\u00f6zrem\u0171k\u00f6d\u00e9s\u00fckre, az \u00fajabb orvostudom\u00e1nyi ismeretek meg\u00e9rt\u00e9s\u00e9re, \u00e9s a szakma gyakorl\u00e1s\u00e1hoz sz\u00fcks\u00e9ges k\u00e9szs\u00e9gek elsaj\u00e1t\u00edt\u00e1s\u00e1ra,<\/li>\n<li>kialak\u00edtani a prevenci\u00f3-orvosl\u00e1s-\u00e1pol\u00e1s-gondoz\u00e1s-rehabilit\u00e1ci\u00f3 egys\u00e9ges szeml\u00e9let\u00e9t a hallgat\u00f3kban.<\/li>\n<\/ul>\n<p style=\"text-align: justify\">Az oktat\u00e1sfejleszt\u00e9s ter\u00e9n r\u00e9szt vesz\u00a0 tanul\u00f3 k\u00f6zpont\u00fa didaktikai strat\u00e9gi\u00e1k kidolgoz\u00e1s\u00e1ban.<\/p>\n<p style=\"text-align: justify\">\u00daj tant\u00e1rgyi \u00e9s k\u00e9pz\u00e9si programokat fejleszt. Tank\u00f6nyveket, jegyzeteket k\u00e9sz\u00edt. K\u00f6zrem\u0171k\u00f6dik a speci\u00e1lis didaktikai \u00e9s alkalmazott klinikai kutat\u00e1sokban, az eredm\u00e9nyeket hazai \u00e9s nemzetk\u00f6zi tudom\u00e1nyos foly\u00f3iratokban k\u00f6zli.<\/p>\n<p style=\"text-align: justify\">Szakmai \u00fcgyekben v\u00e9lem\u00e9nyez, \u00e9s \u00e1ll\u00e1st foglal.<\/p>\n\n<\/div><h2 class=\"tabtitle\">Munkat\u00e1rsak<\/h2>\n<div class=\"tabcontent\">\n\n<p><a href=\"https:\/\/semmelweis.hu\/etk\/files\/2025\/03\/Gado_Klara_HU_CV.pdf\">Dr. Gad\u00f3 Kl\u00e1ra<\/a><\/p>\n<p style=\"padding-left: 40px\"><em>f\u0151iskolai tan\u00e1r, tansz\u00e9kvezet\u0151, \u00e1ltal\u00e1nos d\u00e9k\u00e1nhelyettes<\/em><\/p>\n<p>Dr. Domj\u00e1n Gyula<\/p>\n<p style=\"padding-left: 40px\"><em>egyetemi tan\u00e1r, professor emeritus<br \/>\n<\/em><\/p>\n<div>\n<div class=\"col-12 col-md-6 px-0 \">\u00a0<\/div>\n<\/div>\n<div>\n<div><span style=\"font-size: 1rem\">Dr. Hagy\u00f3n\u00e9 Dr. Ag\u00f3cs-Sisenszky Katalin <\/span><\/div>\n<div>\u00a0<\/div>\n<div style=\"padding-left: 40px\"><em style=\"font-size: 1rem\">mesteroktat\u00f3<\/em><\/div>\n<\/div>\n<div>\u00a0<\/div>\n<div>\n<p><a href=\"https:\/\/semmelweis.hu\/etk\/files\/2025\/03\/Harisi_Revekka_HU_CV.pdf\">Dr. Harisi Revekka<\/a><\/p>\n<\/div>\n<div style=\"padding-left: 40px\"><em>adjunktus<\/em><\/div>\n<div>\u00a0<\/div>\n<div>\n<p><a href=\"https:\/\/semmelweis.hu\/etk\/files\/2025\/03\/Lovasz_Barbara_HU_CV.pdf\">Dr. Sv\u00e9bisn\u00e9 Lov\u00e1sz Barbara Dorottya<\/a><\/p>\n<\/div>\n<div style=\"padding-left: 40px\"><em>adjunktus<\/em><\/div>\n<div>\u00a0<\/div>\n<div>\n<p><a href=\"https:\/\/semmelweis.hu\/etk\/files\/2025\/03\/Szabo_Agnes_HU_CV.pdf\">Dr. Szab\u00f3 \u00c1gnes\u00a0<\/a><\/p>\n<\/div>\n<div style=\"padding-left: 40px\"><em>tan\u00e1rseg\u00e9d<\/em><\/div>\n<div>\u00a0<\/div>\n<div>Dr. Wang Lifen<\/div>\n<div>\u00a0<\/div>\n<div style=\"padding-left: 40px\"><em>mesteroktat\u00f3<\/em><\/div>\n<div>\u00a0<\/div>\n<div style=\"padding-left: 40px\">\u00a0<\/div>\n\r\n<div id=\"telefonkonyv\">\r\n  <div class=\"tel-results col-12 px-0\">\r\n      <p class=\"desc mb-1\"><span>Ha hib\u00e1s, vagy hi\u00e1nyz\u00f3 adatot tal\u00e1l, k\u00e9rj\u00fck jelezze szervezeti egys\u00e9g\u00fcnk titk\u00e1rs\u00e1g\u00e1n.<\/span><\/p>\r\n      <p class=\"desc\"><em>A telefonk\u00f6nyvben tal\u00e1lhat\u00f3 adatok nem haszn\u00e1lhat\u00f3k fel az 1995. \u00e9vi CXIX. t\u00f6rv\u00e9ny szerinti kutat\u00e1s \u00e9s k\u00f6zvetlen \u00fczletszerz\u00e9s c\u00e9lj\u00e1ra.<\/em><\/p>\r\n                <div class=\"row mx-0 mt-3 mb-3 subunit-line text-uppercase font-weight-bold \r\n                    status-SZE\">\r\n                    <div class=\"col col-12 col-md-10 pl-2 pr-0\">\r\n                        <span>Eg\u00e9szs\u00e9gtudom\u00e1nyi Klinikai Tansz\u00e9k<\/span>\r\n                    <\/div>\r\n                <\/div> \r\n          <div class=\"row mx-0 py-2 result-line emp-leader\">\r\n            <div class=\"col col-12 px-0 \"><div class=\"row mx-0 pr-2 result-line-content align-items-center\">\r\n                        <div class=\"col-12 col-md-6 px-0 \">\r\n                            <a class=\"emp-name\" href=\"https:\/\/semmelweis.hu\/telefonkonyv?emp_id=9474\">Dr. Gad\u00f3 Kl\u00e1ra <\/a>\r\n                            <br \/><span class=\"emp-phone\">f\u0151iskolai tan\u00e1r, tansz\u00e9kvezet\u0151, \u00e1ltal\u00e1nos d\u00e9k\u00e1nhelyettes<\/span><\/div>\r\n                        <div class=\"col-12 col-md-6 px-0\"><span class=\"emp-phone\"><i class=\"fa fa-phone\" aria-hidden=\"true\"><\/i>48-65970, <\/span><span class=\"emp-email\"><i class=\"fa fa-envelope-o\" aria-hidden=\"true\"><\/i>gado.klara<i class=\"fa fa-at m-0 text-body\"><\/i>semmelweis.hu<\/span>\r\n                        <\/div>\r\n                    <\/div>\r\n                \r\n            <\/div>\r\n\r\n                <div class=\"col-12 col-md-6 px-0 d-none\"><span class=\"emp-phone\"><i class=\"fa fa-phone\" aria-hidden=\"true\"><\/i>48-65970, <\/span><span class=\"emp-email\"><i class=\"fa fa-envelope-o\" aria-hidden=\"true\"><\/i>gado.klara<i class=\"fa fa-at m-0 text-body\"><\/i>semmelweis.hu<\/span>\r\n                <\/div>\r\n\r\n\r\n        <\/div>\r\n          <div class=\"row mx-0 py-2 result-line \">\r\n            <div class=\"col col-12 px-0 \"><div class=\"row mx-0 pr-2 result-line-content align-items-center\">\r\n                        <div class=\"col-12 col-md-6 px-0 \">\r\n                            <a class=\"emp-name\" href=\"https:\/\/semmelweis.hu\/telefonkonyv?emp_id=9479\"> Bernhart Krisztina <\/a>\r\n                            <br \/><span class=\"emp-phone\">oktat\u00e1sszervez\u00e9si szak\u00e9rt\u0151<\/span><\/div>\r\n                        <div class=\"col-12 col-md-6 px-0\"><span class=\"emp-phone\"><i class=\"fa fa-phone\" aria-hidden=\"true\"><\/i>48-64850, <\/span><span class=\"emp-email\"><i class=\"fa fa-envelope-o\" aria-hidden=\"true\"><\/i>bernhart.krisztina<i class=\"fa fa-at m-0 text-body\"><\/i>semmelweis.hu<\/span>\r\n                        <\/div>\r\n                    <\/div>\r\n                \r\n            <\/div>\r\n\r\n                <div class=\"col-12 col-md-6 px-0 d-none\"><span class=\"emp-phone\"><i class=\"fa fa-phone\" aria-hidden=\"true\"><\/i>48-64850, <\/span><span class=\"emp-email\"><i class=\"fa fa-envelope-o\" aria-hidden=\"true\"><\/i>bernhart.krisztina<i class=\"fa fa-at m-0 text-body\"><\/i>semmelweis.hu<\/span>\r\n                <\/div>\r\n\r\n\r\n        <\/div>\r\n          <div class=\"row mx-0 py-2 result-line \">\r\n            <div class=\"col col-12 px-0 \"><div class=\"row mx-0 pr-2 result-line-content align-items-center\">\r\n                        <div class=\"col-12 col-md-6 px-0 \">\r\n                            <a class=\"emp-name\" href=\"https:\/\/semmelweis.hu\/telefonkonyv?emp_id=16376\">Dr. Domj\u00e1n Gyula <\/a>\r\n                            <br \/><span class=\"emp-phone\">egyetemi tan\u00e1r, professzor emeritus<\/span><\/div>\r\n                        <div class=\"col-12 col-md-6 px-0\"><span class=\"emp-phone\"><i class=\"fa fa-phone\" aria-hidden=\"true\"><\/i>48-64854, <\/span><span class=\"emp-email\"><i class=\"fa fa-envelope-o\" aria-hidden=\"true\"><\/i>domjan.gyula<i class=\"fa fa-at m-0 text-body\"><\/i>semmelweis.hu<\/span>\r\n                        <\/div>\r\n                    <\/div>\r\n                \r\n            <\/div>\r\n\r\n                <div class=\"col-12 col-md-6 px-0 d-none\"><span class=\"emp-phone\"><i class=\"fa fa-phone\" aria-hidden=\"true\"><\/i>48-64854, <\/span><span class=\"emp-email\"><i class=\"fa fa-envelope-o\" aria-hidden=\"true\"><\/i>domjan.gyula<i class=\"fa fa-at m-0 text-body\"><\/i>semmelweis.hu<\/span>\r\n                <\/div>\r\n\r\n\r\n        <\/div>\r\n          <div class=\"row mx-0 py-2 result-line \">\r\n            <div class=\"col col-12 px-0 \"><div class=\"row mx-0 pr-2 result-line-content align-items-center\">\r\n                        <div class=\"col-12 col-md-6 px-0 \">\r\n                            <a class=\"emp-name\" href=\"https:\/\/semmelweis.hu\/telefonkonyv?emp_id=21111\">Dr. Hagy\u00f3n\u00e9 Dr. Ag\u00f3cs-Sisenszky Katalin <\/a>\r\n                            <br \/><span class=\"emp-phone\">mesteroktat\u00f3<\/span><\/div>\r\n                        <div class=\"col-12 col-md-6 px-0\"><span class=\"emp-phone\"><i class=\"fa fa-phone\" aria-hidden=\"true\"><\/i>48-65978, <\/span><span class=\"emp-email\"><i class=\"fa fa-envelope-o\" aria-hidden=\"true\"><\/i>hagyone.agocs-sisenszky.kata<i class=\"fa fa-at m-0 text-body\"><\/i>semmelweis.hu<\/span>\r\n                        <\/div>\r\n                    <\/div>\r\n                \r\n            <\/div>\r\n\r\n                <div class=\"col-12 col-md-6 px-0 d-none\"><span class=\"emp-phone\"><i class=\"fa fa-phone\" aria-hidden=\"true\"><\/i>48-65978, <\/span><span class=\"emp-email\"><i class=\"fa fa-envelope-o\" aria-hidden=\"true\"><\/i>hagyone.agocs-sisenszky.kata<i class=\"fa fa-at m-0 text-body\"><\/i>semmelweis.hu<\/span>\r\n                <\/div>\r\n\r\n\r\n        <\/div>\r\n          <div class=\"row mx-0 py-2 result-line \">\r\n            <div class=\"col col-12 px-0 \"><div class=\"row mx-0 pr-2 result-line-content align-items-center\">\r\n                        <div class=\"col-12 col-md-6 px-0 \">\r\n                            <a class=\"emp-name\" href=\"https:\/\/semmelweis.hu\/telefonkonyv?emp_id=16377\">Dr. Harisi Revekka <\/a>\r\n                            <br \/><span class=\"emp-phone\">adjunktus<\/span><\/div>\r\n                        <div class=\"col-12 col-md-6 px-0\"><span class=\"emp-phone\"><i class=\"fa fa-phone\" aria-hidden=\"true\"><\/i>48-65978, <\/span><span class=\"emp-email\"><i class=\"fa fa-envelope-o\" aria-hidden=\"true\"><\/i>harisi.revekka<i class=\"fa fa-at m-0 text-body\"><\/i>semmelweis.hu<\/span>\r\n                        <\/div>\r\n                    <\/div>\r\n                \r\n            <\/div>\r\n\r\n                <div class=\"col-12 col-md-6 px-0 d-none\"><span class=\"emp-phone\"><i class=\"fa fa-phone\" aria-hidden=\"true\"><\/i>48-65978, <\/span><span class=\"emp-email\"><i class=\"fa fa-envelope-o\" aria-hidden=\"true\"><\/i>harisi.revekka<i class=\"fa fa-at m-0 text-body\"><\/i>semmelweis.hu<\/span>\r\n                <\/div>\r\n\r\n\r\n        <\/div>\r\n          <div class=\"row mx-0 py-2 result-line \">\r\n            <div class=\"col col-12 px-0 \"><div class=\"row mx-0 pr-2 result-line-content align-items-center\">\r\n                        <div class=\"col-12 col-md-6 px-0 \">\r\n                            <a class=\"emp-name\" href=\"https:\/\/semmelweis.hu\/telefonkonyv?emp_id=12444\"> Sv\u00e9bisn\u00e9 Lov\u00e1sz Barbara Dorottya <\/a>\r\n                            <br \/><span class=\"emp-phone\">adjunktus<\/span><span class=\"badge badge-info\">Tart\u00f3san t\u00e1vol<\/span><\/div>\r\n                        <div class=\"col-12 col-md-6 px-0\"><span class=\"emp-phone\"><i class=\"fa fa-phone\" aria-hidden=\"true\"><\/i>48-65978, <\/span><span class=\"emp-email\"><i class=\"fa fa-envelope-o\" aria-hidden=\"true\"><\/i>svebisne.lovasz.barbara<i class=\"fa fa-at m-0 text-body\"><\/i>semmelweis.hu<\/span>\r\n                        <\/div>\r\n                    <\/div>\r\n                \r\n            <\/div>\r\n\r\n                <div class=\"col-12 col-md-6 px-0 d-none\"><span class=\"emp-phone\"><i class=\"fa fa-phone\" aria-hidden=\"true\"><\/i>48-65978, <\/span><span class=\"emp-email\"><i class=\"fa fa-envelope-o\" aria-hidden=\"true\"><\/i>svebisne.lovasz.barbara<i class=\"fa fa-at m-0 text-body\"><\/i>semmelweis.hu<\/span>\r\n                <\/div>\r\n\r\n\r\n        <\/div>\r\n          <div class=\"row mx-0 py-2 result-line \">\r\n            <div class=\"col col-12 px-0 \"><div class=\"row mx-0 pr-2 result-line-content align-items-center\">\r\n                        <div class=\"col-12 col-md-6 px-0 \">\r\n                            <a class=\"emp-name\" href=\"https:\/\/semmelweis.hu\/telefonkonyv?emp_id=17833\">Dr. Szab\u00f3 \u00c1gnes <\/a>\r\n                            <br \/><span class=\"emp-phone\">tan\u00e1rseg\u00e9d<\/span><\/div>\r\n                        <div class=\"col-12 col-md-6 px-0\"><span class=\"emp-phone\"><i class=\"fa fa-phone\" aria-hidden=\"true\"><\/i>48-65978, <\/span><span class=\"emp-email\"><i class=\"fa fa-envelope-o\" aria-hidden=\"true\"><\/i>szabo.agnes1<i class=\"fa fa-at m-0 text-body\"><\/i>semmelweis.hu<\/span>\r\n                        <\/div>\r\n                    <\/div>\r\n                \r\n            <\/div>\r\n\r\n                <div class=\"col-12 col-md-6 px-0 d-none\"><span class=\"emp-phone\"><i class=\"fa fa-phone\" aria-hidden=\"true\"><\/i>48-65978, <\/span><span class=\"emp-email\"><i class=\"fa fa-envelope-o\" aria-hidden=\"true\"><\/i>szabo.agnes1<i class=\"fa fa-at m-0 text-body\"><\/i>semmelweis.hu<\/span>\r\n                <\/div>\r\n\r\n\r\n        <\/div><\/div><\/div>\n\n<\/div><h2 class=\"tabtitle\">Hirdet\u0151t\u00e1bla<\/h2>\n<div class=\"tabcontent\">\n\n<p style=\"text-align: center\"><strong>Oktat\u00f3k konzult\u00e1ci\u00f3s id\u0151pontjai<\/strong><br \/>\n<strong>2025\/2026. tan\u00e9v tavaszi f\u00e9l\u00e9v<br \/>\nszorgalmi id\u0151szak\u00e1ban<\/strong><\/p>\n<p><strong>Dr. Gad\u00f3 Kl\u00e1ra<\/strong><\/p>\n<p style=\"padding-left: 40px\">kedd 15.00-16.30, D\u00e9k\u00e1ni Hivatal<\/p>\n<p><strong>Dr. Hagyon\u00e9 Ag\u00f3cs-Sisenszky Katalin<\/strong><\/p>\n<p style=\"padding-left: 40px\">kedd 15.00-16.30., 238. terem<\/p>\n<p><strong>Dr. Szab\u00f3 \u00c1gnes<\/strong><\/p>\n<p style=\"padding-left: 40px\">p\u00e9ntek 17.00-18.30, 238. szoba<\/p>\n<p><strong>Dr. Harisi Revekka<\/strong><\/p>\n<p style=\"padding-left: 40px\">h\u00e9tf\u0151 18.30-20.00, 1.13. szoba<\/p>\n<p>&nbsp;<\/p>\n<p style=\"text-align: center\"><strong>Az &#8222;Onkol\u00f3gia a geri\u00e1tri\u00e1ban&#8221; szakmacsoportos akkredit\u00e1lt tov\u00e1bbk\u00e9pz\u00e9s el\u0151ad\u00e1sai<\/strong><\/p>\n<p style=\"text-align: justify\"><strong>Doh\u00e1n Orsolya MD PhD<\/strong> <a href=\"https:\/\/semmelweis.hu\/etk\/files\/2023\/06\/DohanOrsolya.pdf\">Gyakran el\u0151fordul\u00f3 id\u0151skori daganatokr\u00f3l: \u00e1ltal\u00e1nos megfontol\u00e1sok<\/a> <br \/>\n<strong>Dr. Gad\u00f3 Kl\u00e1ra<\/strong> <a href=\"https:\/\/semmelweis.hu\/etk\/files\/2023\/06\/Dr.-Gado-A-szupportiv.pdf\">A szupport\u00edv kezel\u00e9s jelent\u0151s\u00e9ge<\/a><br \/>\n<strong>Dr. Sz\u00e1nt\u00f3 Istv\u00e1n<\/strong> <a href=\"https:\/\/semmelweis.hu\/etk\/files\/2023\/06\/DrSzanto.pdf\">Ter\u00e1pi\u00e1s c\u00e9lkit\u0171z\u00e9s id\u0151skori rosszindulat\u00fa daganatok eset\u00e9n<\/a><br \/>\n<strong>Falus Andr\u00e1s<\/strong> <a href=\"https:\/\/semmelweis.hu\/etk\/files\/2023\/06\/Falus_tumor_aging.pdf\">A daganatok viselked\u00e9se \/keletkez\u00e9se \u00e9s fennmarad\u00e1sa\/ id\u0151skorban<\/a><br \/>\n<strong>Besenyei Attila<\/strong> <a href=\"https:\/\/semmelweis.hu\/etk\/files\/2023\/06\/BesenyeiAttila.pdf\">Komplex \u00e1llapotfelm\u00e9r\u00e9s id\u0151s betegekn\u00e9l<\/a><br \/>\n<strong>Dr. Fekete M\u00e1rta<\/strong> <a href=\"https:\/\/semmelweis.hu\/etk\/files\/2023\/06\/Dr.-Fekete-Marta.pdf\">T\u00e1pl\u00e1l\u00e1ster\u00e1pia szerepe az id\u0151s betegek onkol\u00f3giai kezel\u00e9s\u00e9ben<\/a><br \/>\n<strong>Vir\u00e1g Andrea<\/strong> <a href=\"https:\/\/semmelweis.hu\/etk\/files\/2023\/06\/ViragAndrea.pdf\">Az \u00e1pol\u00f3 szerepe az onkol\u00f3giai geri\u00e1tri\u00e1ban<\/a><\/p>\n<\/div><\/div>\n","protected":false},"excerpt":{"rendered":"<p>Eg\u00e9szs\u00e9gtudom\u00e1nyi Klinikai Tansz\u00e9k El\u00e9rhet\u0151s\u00e9gek: Tel.: +36 1 486 4850 Email: <a href=\"mailto:etk.egtud.klinikai@semmelweis.hu\">etk.egtud.klinikai@semmelweis.hu<\/a> Iroda: 239 Az Eg\u00e9szs\u00e9gtudom\u00e1nyi Klinikai Tansz\u00e9k feladata Az Eg\u00e9szs\u00e9gtudom\u00e1nyi Karon foly\u00f3 alapk\u00e9pz\u00e9sek (BSc \u2013 Bachelor of Sciences) \u00e9s mesterk\u00e9pz\u00e9sek (MSc \u2013 Master of Sciences) \u00e9s szakir\u00e1ny\u00fa tov\u00e1bbk\u00e9pz\u00e9sek keret\u00e9ben t\u00f6rt\u00e9n\u0151 klinikai \u00e9s prevenci\u00f3s ismeretek oktat\u00e1sa, tov\u00e1bb\u00e1 a Semmelweis Egyetem Eg\u00e9szs\u00e9gtudom\u00e1nyi Kar Doktori programj\u00e1ban (PhD &#8211; Doctor &hellip;<\/p>\n","protected":false},"author":101729,"featured_media":0,"parent":59,"menu_order":0,"comment_status":"closed","ping_status":"closed","template":"","meta":{"_acf_changed":false,"footnotes":""},"categories":[],"tags":[],"class_list":["post-76","page","type-page","status-publish","hentry"],"acf":[],"_links":{"self":[{"href":"https:\/\/semmelweis.hu\/etk\/wp-json\/wp\/v2\/pages\/76","targetHints":{"allow":["GET"]}}],"collection":[{"href":"https:\/\/semmelweis.hu\/etk\/wp-json\/wp\/v2\/pages"}],"about":[{"href":"https:\/\/semmelweis.hu\/etk\/wp-json\/wp\/v2\/types\/page"}],"author":[{"embeddable":true,"href":"https:\/\/semmelweis.hu\/etk\/wp-json\/wp\/v2\/users\/101729"}],"replies":[{"embeddable":true,"href":"https:\/\/semmelweis.hu\/etk\/wp-json\/wp\/v2\/comments?post=76"}],"version-history":[{"count":12,"href":"https:\/\/semmelweis.hu\/etk\/wp-json\/wp\/v2\/pages\/76\/revisions"}],"predecessor-version":[{"id":19519,"href":"https:\/\/semmelweis.hu\/etk\/wp-json\/wp\/v2\/pages\/76\/revisions\/19519"}],"up":[{"embeddable":true,"href":"https:\/\/semmelweis.hu\/etk\/wp-json\/wp\/v2\/pages\/59"}],"wp:attachment":[{"href":"https:\/\/semmelweis.hu\/etk\/wp-json\/wp\/v2\/media?parent=76"}],"wp:term":[{"taxonomy":"category","embeddable":true,"href":"https:\/\/semmelweis.hu\/etk\/wp-json\/wp\/v2\/categories?post=76"},{"taxonomy":"post_tag","embeddable":true,"href":"https:\/\/semmelweis.hu\/etk\/wp-json\/wp\/v2\/tags?post=76"}],"curies":[{"name":"wp","href":"https:\/\/api.w.org\/{rel}","templated":true}]}}