{"id":739,"date":"2020-04-21T14:10:14","date_gmt":"2020-04-21T12:10:14","guid":{"rendered":"http:\/\/semmelweis.hu\/etk\/?page_id=739"},"modified":"2026-02-23T09:03:45","modified_gmt":"2026-02-23T08:03:45","slug":"aktualis-tanev","status":"publish","type":"page","link":"https:\/\/semmelweis.hu\/etk\/hallgatoi-informaciok\/aktualis-tanev\/","title":{"rendered":"2025-2026-os tan\u00e9v"},"content":{"rendered":"<div class=\"responsive-tabs\">\n<h2 class=\"tabtitle\">\u00d3rarendek<\/h2>\n<div class=\"tabcontent\">\n\n<p style=\"text-align: center\"><strong>A 2025\/2026. tan\u00e9v tavaszi f\u00e9l\u00e9v \u00f3rarendjei<\/strong><strong><br \/>\n<\/strong><\/p>\n<p style=\"text-align: center\"><strong>Alapk\u00e9pz\u00e9s (teljes idej\u0171)<br \/>\n<\/strong><\/p>\n<p><strong><a href=\"https:\/\/semmelweis.hu\/etk\/files\/2023\/06\/szab.val_nappali_25_26_2-0223.pdf\">Szabadon v\u00e1laszthat\u00f3<\/a><\/strong>\u00a0t\u00e1rgyak (szakir\u00e1nyt\u00f3l f\u00fcggetlen\u00fcl)<br \/>\n<strong><a href=\"https:\/\/semmelweis.hu\/etk\/files\/2023\/06\/szakd-mod._nappali_25_26_2-0206.pdf\">Szakdolgozat-m\u00f3dszertan<\/a><\/strong> kurzusok<\/p>\n<p><strong>\u00c1pol\u00f3 szakir\u00e1ny<\/strong><strong><br \/>\n<\/strong><\/p>\n<p><a href=\"https:\/\/semmelweis.hu\/etk\/files\/2026\/01\/1_eba_ap.pdf\">1. \u00e9vfolyam<\/a>, <a href=\"https:\/\/semmelweis.hu\/etk\/files\/2023\/06\/2_eba_ap-0213.pdf\">2. \u00e9vfolyam<\/a>, <a href=\"https:\/\/semmelweis.hu\/etk\/files\/2023\/06\/3_eba_ap-0313.pdf\">3. \u00e9vfolyam<\/a>, <a href=\"https:\/\/semmelweis.hu\/etk\/files\/2023\/06\/4_eba_ap-0206.pdf\">4. \u00e9vfolyam<\/a><\/p>\n<p><strong>Dietetikus szakir\u00e1ny<\/strong><\/p>\n<p><a href=\"https:\/\/semmelweis.hu\/etk\/files\/2023\/06\/1_eba_di-0119.pdf\">1. \u00e9vfolyam<\/a>, <a href=\"https:\/\/semmelweis.hu\/etk\/files\/2026\/01\/2_eba_di.pdf\">2. \u00e9vfolyam<\/a>, <a href=\"https:\/\/semmelweis.hu\/etk\/files\/2026\/01\/3_eba_di.pdf\">3. \u00e9vfolyam<\/a><\/p>\n<p><strong>Gy\u00f3gytorn\u00e1sz szakir\u00e1ny<\/strong><\/p>\n<p><a href=\"https:\/\/semmelweis.hu\/etk\/files\/2023\/06\/1_eba_gy-0130.pdf\">1. \u00e9vfolyam<\/a>, <a href=\"https:\/\/semmelweis.hu\/etk\/files\/2023\/06\/2_eba_gy-0206.pdf\">2. \u00e9vfolyam<\/a>, <a href=\"https:\/\/semmelweis.hu\/etk\/files\/2023\/06\/3_eba_gy-0313.pdf\">3. \u00e9vfolyam<\/a>, <a href=\"https:\/\/semmelweis.hu\/etk\/files\/2026\/01\/4_eba_gy.pdf\">4. \u00e9vfolyam<\/a><\/p>\n<p><strong>Hang-, besz\u00e9d &#8211; \u00e9s nyel\u00e9sterapeuta szakir\u00e1ny<\/strong><\/p>\n<p><a href=\"https:\/\/semmelweis.hu\/etk\/files\/2026\/01\/1_eba_hb.pdf\">1. \u00e9vfolyam<\/a>, <a href=\"https:\/\/semmelweis.hu\/etk\/files\/2026\/01\/2_eba_hb.pdf\">2. \u00e9vfolyam<\/a>, <a href=\"https:\/\/semmelweis.hu\/etk\/files\/2026\/01\/3_eba_hb.pdf\">3. \u00e9vfolyam<\/a>, <a href=\"https:\/\/semmelweis.hu\/etk\/files\/2026\/01\/4_eba_hb.pdf\">4. \u00e9vfolyam<\/a><\/p>\n<p><strong>Ment\u0151tiszt szakir\u00e1ny<\/strong><\/p>\n<p><a href=\"https:\/\/semmelweis.hu\/etk\/files\/2026\/01\/1_eba_me.pdf\">1. \u00e9vfolyam<\/a>, <a href=\"https:\/\/semmelweis.hu\/etk\/files\/2023\/06\/2_eba_me-0313.pdf\">2. \u00e9vfolyam<\/a>, <a href=\"https:\/\/semmelweis.hu\/etk\/files\/2023\/06\/3_eba_me-0313.pdf\">3. \u00e9vfolyam<\/a>, <a href=\"https:\/\/semmelweis.hu\/etk\/files\/2026\/01\/4_eba_me.pdf\">4. \u00e9vfolyam<\/a><\/p>\n<p><strong>N\u00e9peg\u00e9szs\u00e9g\u00fcgyi ellen\u0151r szakir\u00e1ny<\/strong><\/p>\n<p><a href=\"https:\/\/semmelweis.hu\/etk\/files\/2026\/01\/1_eba_ne.pdf\">1. \u00e9vfolyam<\/a>, <a href=\"https:\/\/semmelweis.hu\/etk\/files\/2026\/01\/2_eba_ne.pdf\">2. \u00e9vfolyam<\/a>, <a href=\"https:\/\/semmelweis.hu\/etk\/files\/2023\/06\/3_eba_ne-0130.pdf\">3. \u00e9vfolyam<\/a>, <a href=\"https:\/\/semmelweis.hu\/etk\/files\/2026\/01\/4_eba_ne.pdf\">4. \u00e9vfolyam<\/a><\/p>\n<p><strong>Sz\u00fcl\u00e9szn\u0151 szakir\u00e1ny<br \/>\n<\/strong><\/p>\n<p><a href=\"https:\/\/semmelweis.hu\/etk\/files\/2026\/01\/1_eba_su.pdf\">1. \u00e9vfolyam<\/a>, <a href=\"https:\/\/semmelweis.hu\/etk\/files\/2023\/06\/2_eba_su-0213.pdf\">2. \u00e9vfolyam<\/a>, <a href=\"https:\/\/semmelweis.hu\/etk\/files\/2023\/06\/3_eba_su-0206.pdf\">3. \u00e9vfolyam<\/a>, <a href=\"https:\/\/semmelweis.hu\/etk\/files\/2026\/01\/4_eba_su.pdf\">4. \u00e9vfolyam<\/a><\/p>\n<p><strong>V\u00e9d\u0151n\u0151 szakir\u00e1ny<\/strong><\/p>\n<p><a href=\"https:\/\/semmelweis.hu\/etk\/files\/2023\/06\/1_eba_ve-0327.pdf\">1. \u00e9vfolyam<\/a>, <a href=\"https:\/\/semmelweis.hu\/etk\/files\/2023\/06\/2_eba_ve-0130.pdf\">2. \u00e9vfolyam<\/a>, <a href=\"https:\/\/semmelweis.hu\/etk\/files\/2023\/06\/3_eba_ve-0313.pdf\">3. \u00e9vfolyam<\/a><\/p>\n<p style=\"text-align: center\"><strong>Alapk\u00e9pz\u00e9s (r\u00e9szid\u0151s)<\/strong><\/p>\n<p><strong><a href=\"https:\/\/semmelweis.hu\/etk\/files\/2023\/06\/szabval-lev_25_26_2-0130.pdf\">Szabadon v\u00e1laszthat\u00f3<\/a> t\u00e1rgyak\u00a0<\/strong>(szakir\u00e1nyt\u00f3l f\u00fcggetlen\u00fcl)\u00a0<br \/>\n<strong><a href=\"https:\/\/semmelweis.hu\/etk\/files\/2023\/06\/szakd-modsz_levelezo_2025-26-2-0206.pdf\">Szakdolgozat-m\u00f3dszertan<\/a><\/strong>\u00a0kurzusok<\/p>\n<p><strong>\u00c1pol\u00f3 szakir\u00e1ny\u00a0<\/strong><\/p>\n<p><a href=\"https:\/\/semmelweis.hu\/etk\/files\/2026\/01\/1_lev_ap.pdf\">1. \u00e9vfolyam<\/a>, <a href=\"https:\/\/semmelweis.hu\/etk\/files\/2023\/06\/2_lev_ap-0130.pdf\">2. \u00e9vfolyam<\/a>, <a href=\"https:\/\/semmelweis.hu\/etk\/files\/2023\/06\/3_lev_ap-0126.pdf\">3. \u00e9vfolyam<\/a>, <a href=\"https:\/\/semmelweis.hu\/etk\/files\/2023\/06\/4_lev_ap-0206.pdf\">4. \u00e9vfolyam<\/a><\/p>\n<p><strong>Dietetikus szakir\u00e1ny<\/strong><\/p>\n<p><a href=\"https:\/\/semmelweis.hu\/etk\/files\/2026\/01\/1_lev_di.pdf\">1. \u00e9vfolyam<\/a>, <a href=\"https:\/\/semmelweis.hu\/etk\/files\/2026\/01\/2_lev_di.pdf\">2. \u00e9vfolyam<\/a>, <a href=\"https:\/\/semmelweis.hu\/etk\/files\/2026\/01\/3_lev_di.pdf\">3. \u00e9vfolyam<\/a><\/p>\n<p><strong>Ment\u0151tiszt szakir\u00e1ny<\/strong><\/p>\n<p><a href=\"https:\/\/semmelweis.hu\/etk\/files\/2026\/01\/1_lev_me.pdf\">1. \u00e9vfolyam<\/a>, <a href=\"https:\/\/semmelweis.hu\/etk\/files\/2026\/01\/2_lev_me.pdf\">2. \u00e9vfolyam<\/a>, <a href=\"https:\/\/semmelweis.hu\/etk\/files\/2023\/06\/3_lev_me-0313.pdf\">3. \u00e9vfolyam<\/a>, <a href=\"https:\/\/semmelweis.hu\/etk\/files\/2026\/01\/4_lev_me.pdf\">4. \u00e9vfolyam<\/a><\/p>\n<p><strong>Sz\u00fcl\u00e9szn\u0151 szakir\u00e1ny\u00a0<\/strong><\/p>\n<p><a href=\"https:\/\/semmelweis.hu\/etk\/files\/2026\/01\/1_lev_su.pdf\">1. \u00e9vfolyam<\/a>, <a href=\"https:\/\/semmelweis.hu\/etk\/files\/2026\/01\/2_lev_su.pdf\">2. \u00e9vfolyam<\/a>, <a href=\"https:\/\/semmelweis.hu\/etk\/files\/2023\/06\/3_lev_su-0206.pdf\">3. \u00e9vfolyam<\/a>, <a href=\"https:\/\/semmelweis.hu\/etk\/files\/2026\/01\/4_lev_su.pdf\">4. \u00e9vfolyam<\/a><\/p>\n<p><strong>N\u00e9peg\u00e9szs\u00e9g\u00fcgyi ellen\u0151r szakir\u00e1ny<\/strong><\/p>\n<p><a href=\"https:\/\/semmelweis.hu\/etk\/files\/2026\/01\/4_lev_ne.pdf\">4. \u00e9vfolyam<\/a><\/p>\n<p><strong>Orvosi diagnosztikai analitikus, radiogr\u00e1fia<\/strong><\/p>\n<p><a href=\"https:\/\/semmelweis.hu\/etk\/files\/2026\/01\/1_lev_ra.pdf\">1. \u00e9vfolyam<\/a>, <a href=\"https:\/\/semmelweis.hu\/etk\/files\/2026\/01\/2_lev_ra.pdf\">2. \u00e9vfolyam<\/a>, <a href=\"https:\/\/semmelweis.hu\/etk\/files\/2026\/01\/3_lev_ra.pdf\">3. \u00e9vfolyam<\/a>, <a href=\"https:\/\/semmelweis.hu\/etk\/files\/2026\/01\/4_lev_ra.pdf\">4. \u00e9vfolyam<\/a><\/p>\n<p><strong>Orvosi diagnosztikai analitikus, optometria<\/strong><\/p>\n<p><a href=\"https:\/\/semmelweis.hu\/etk\/files\/2026\/01\/1_lev_op.pdf\">1. \u00e9vfolyam<\/a>, <a href=\"https:\/\/semmelweis.hu\/etk\/files\/2026\/01\/2_lev_op.pdf\">2. \u00e9vfolyam<\/a>, <a href=\"https:\/\/semmelweis.hu\/etk\/files\/2026\/01\/3_lev_op.pdf\">3. \u00e9vfolyam<\/a>, <a href=\"https:\/\/semmelweis.hu\/etk\/files\/2026\/01\/4_lev_op.pdf\">4. \u00e9vfolyam<\/a><\/p>\n<p style=\"text-align: center\"><strong>Mesterk\u00e9pz\u00e9s<\/strong><\/p>\n<p><strong>Kiterjesztett hat\u00e1sk\u00f6r\u0171 \u00e1pol\u00f3 mesterk\u00e9pz\u00e9si szak\u00a0<\/strong><\/p>\n<p><strong>k\u00f6z\u00f6ss\u00e9gi szak\u00e1pol\u00f3:<\/strong> <a href=\"https:\/\/semmelweis.hu\/etk\/files\/2026\/01\/1_lev_khapol_K.pdf\">1. \u00e9vfolyam<\/a>, <a href=\"https:\/\/semmelweis.hu\/etk\/files\/2023\/06\/2_lev_khapol_K-0130.pdf\">2. \u00e9vfolyam<\/a><br \/>\n<strong>s\u00fcrg\u0151ss\u00e9gi szak\u00e1pol\u00f3:<\/strong> <a href=\"https:\/\/semmelweis.hu\/etk\/files\/2026\/01\/1_lev_khapol_S.pdf\">1. \u00e9vfolyam<\/a>, <a href=\"https:\/\/semmelweis.hu\/etk\/files\/2026\/01\/2_lev_khapol_S.pdf\">2. \u00e9vfolyam<\/a><br \/>\n<strong>intenz\u00edv szak\u00e1pol\u00f3:<\/strong> <a href=\"https:\/\/semmelweis.hu\/etk\/files\/2026\/01\/1_lev_khapol_I.pdf\">1. \u00e9vfolyam<\/a>, <a href=\"https:\/\/semmelweis.hu\/etk\/files\/2026\/01\/2_lev_khapol_I.pdf\">2. \u00e9vfolyam<\/a><\/p>\n<p><strong>Fizioter\u00e1pia mesterk\u00e9pz\u00e9si szak<\/strong><\/p>\n<p><a href=\"https:\/\/semmelweis.hu\/etk\/files\/2023\/06\/1_lev_fizio-0120.pdf\">1. \u00e9vfolyam<\/a><\/p>\n<p><strong>T\u00e1pl\u00e1lkoz\u00e1studom\u00e1nyi mesterk\u00e9pz\u00e9si szak<\/strong><\/p>\n<p><a href=\"https:\/\/semmelweis.hu\/etk\/files\/2026\/01\/1_lev_tapltud.pdf\">1. \u00e9vfolyam<\/a>, <a href=\"https:\/\/semmelweis.hu\/etk\/files\/2026\/01\/2_lev_tapltud.pdf\">2. \u00e9vfolyam<\/a><\/p>\n<p><strong>Eg\u00e9szs\u00e9g\u00fcgyi tan\u00e1r mesterk\u00e9pz\u00e9si szak<\/strong><\/p>\n<p><a href=\"https:\/\/semmelweis.hu\/etk\/files\/2026\/01\/1_lev_tanar.pdf\">1. \u00e9vfolyam<\/a>, <a href=\"https:\/\/semmelweis.hu\/etk\/files\/2026\/01\/2_lev_tanar.pdf\">2. \u00e9vfolyam<\/a><\/p>\n<p><strong>N\u00e9peg\u00e9szs\u00e9g\u00fcgyi mesterk\u00e9pz\u00e9si szak<\/strong><\/p>\n<ul>\n<li>K\u00f6rnyezet- \u00e9s foglalkoz\u00e1s-eg\u00e9szs\u00e9g\u00fcgyi specializ\u00e1ci\u00f3<\/li>\n<\/ul>\n<p style=\"padding-left: 40px\"><a href=\"https:\/\/semmelweis.hu\/etk\/files\/2023\/06\/1_lev_nepeg-msc-EPKO-0130.pdf\">1. \u00e9vfolyam<\/a>, <a href=\"https:\/\/semmelweis.hu\/etk\/files\/2023\/06\/2_lev_nepeg-msc-KO-0130.pdf\">2. \u00e9vfolyam<\/a><\/p>\n<ul>\n<li>Epidemiol\u00f3gia specializ\u00e1ci\u00f3<\/li>\n<\/ul>\n<p style=\"padding-left: 40px\"><a href=\"https:\/\/semmelweis.hu\/etk\/files\/2023\/06\/1_lev_nepeg-msc-EPKO-0130.pdf\">1. \u00e9vfolyam<\/a>, <a href=\"https:\/\/semmelweis.hu\/etk\/files\/2026\/01\/2_lev_nepeg-msc-EP.pdf\">2. \u00e9vfolyam<\/a><\/p>\n<p><strong>Sz\u00fcl\u00e9szn\u0151 mesterk\u00e9pz\u00e9si szak<\/strong><\/p>\n<p><a href=\"https:\/\/semmelweis.hu\/etk\/files\/2023\/06\/1_lev_szno-msc-0130.pdf\">1. \u00e9vfolyam<\/a><\/p>\n<p style=\"text-align: center\"><strong>Szakir\u00e1ny\u00fa tov\u00e1bbk\u00e9pz\u00e9sek<\/strong><\/p>\n<p><strong>Addiktol\u00f3gia konzult\u00e1ns<\/strong><\/p>\n<p><a href=\"https:\/\/semmelweis.hu\/etk\/files\/2023\/06\/1_lev_addikt-0313.pdf\">1. \u00e9vfolyam<\/a><\/p>\n<p><strong>Podi\u00e1ter<\/strong><\/p>\n<p><a href=\"https:\/\/semmelweis.hu\/etk\/files\/2026\/01\/Podiater-25_26-tavasz.pdf\">1. \u00e9vfolyam<\/a><\/p>\n\n<\/div><h2 class=\"tabtitle\">A tan\u00e9v rendje<\/h2>\n<div class=\"tabcontent\">\n\n<ul style=\"list-style-type: square\">\n<li><a href=\"https:\/\/semmelweis.hu\/etk\/files\/2025\/07\/tanevnaptar-hetek-20252026.pdf\">Tan\u00e9vnapt\u00e1r 2025-26<\/a>\u00a0(pdf)\u00a0<\/li>\n<li><a href=\"https:\/\/semmelweis.hu\/etk\/files\/2025\/07\/oktatasi-hetek-20252026.pdf\">Oktat\u00e1si hetek 2025-26<\/a> (pdf)<\/li>\n<li><a href=\"https:\/\/semmelweis.hu\/etk\/files\/2026\/02\/tanulmanyi-hetek-25_26_2.pdf\">Tanulm\u00e1nyi (konzult\u00e1ci\u00f3s) hetek<\/a>\u00a02025-26\/2 (pdf) &#8211; <strong>r\u00e9szid\u0151s BSc<\/strong> <strong>k\u00e9pz\u00e9sek,<\/strong>\u00a0<strong>MSc szakok \u00e9s szakir\u00e1ny\u00fa tov\u00e1bbk\u00e9pz\u00e9sek<\/strong><\/li>\n<\/ul>\n<p>&nbsp;<\/p>\n<p style=\"text-align: center\"><strong>T\u00e1rgyfelv\u00e9tel megnyit\u00e1s\u00e1nak id\u0151pontjai a 2025\/2026. tan\u00e9v tavaszi f\u00e9l\u00e9v\u00e9ben ETK<\/strong><\/p>\n<p><strong>2026.02.09. h\u00e9tf\u0151<\/strong><\/p>\n<p style=\"padding-left: 40px\"><strong>6:00 \u00f3ra:<\/strong> OMHV ETK<\/p>\n<p><strong>2026.02.10. kedd<\/strong><\/p>\n<p style=\"padding-left: 40px\"><strong>6:00 \u00f3ra:<\/strong> eg\u00e9szs\u00e9g\u00fcgyi szervez\u0151 szak (levelez\u0151), orvosi diagnosztikai analitikus szak, n\u00e9peg\u00e9szs\u00e9g\u00fcgyi ellen\u0151r (levelez\u0151) szakir\u00e1ny<\/p>\n<p style=\"padding-left: 40px\"><strong>8:00 \u00f3ra:<\/strong> gy\u00f3gytorn\u00e1sz szakir\u00e1ny<\/p>\n<p style=\"padding-left: 40px\"><strong>18:00 \u00f3ra:<\/strong> sz\u00fcl\u00e9szn\u0151 (nappali) szakir\u00e1ny, v\u00e9d\u0151n\u0151 szakir\u00e1ny<\/p>\n<p style=\"padding-left: 40px\"><strong>22:00 \u00f3ra:<\/strong> \u00e1pol\u00f3 (levelez\u0151) szakir\u00e1ny, sz\u00fcl\u00e9szn\u0151 (levelez\u0151) szakir\u00e1ny<\/p>\n<p><strong>2026.02.11. szerda<\/strong><\/p>\n<p style=\"padding-left: 40px\"><strong>6:00 \u00f3ra:<\/strong> dietetikus (levelez\u0151) szakir\u00e1ny, ment\u0151tiszt (levelez\u0151) szakir\u00e1ny<\/p>\n<p style=\"padding-left: 40px\"><strong>18:00 \u00f3ra:<\/strong> \u00e1pol\u00f3 (nappali) szakir\u00e1ny, n\u00e9peg\u00e9szs\u00e9g\u00fcgyi ellen\u0151r (nappali) szakir\u00e1ny, hang-,besz\u00e9d-\u00e9s nyel\u00e9sterapeuta szakir\u00e1ny<\/p>\n<p style=\"padding-left: 40px\"><strong>20:00 \u00f3ra:<\/strong> dietetikus (nappali) szakir\u00e1ny, ment\u0151tiszt (nappali) szakir\u00e1ny<\/p>\n<p><strong>2026.02.12. cs\u00fct\u00f6rt\u00f6k<\/strong><\/p>\n<p style=\"padding-left: 40px\"><strong>10:00 \u00f3ra:<\/strong> angol nyelv\u0171 k\u00e9pz\u00e9sek, mesterk\u00e9pz\u00e9sek, szakir\u00e1ny\u00fa tov\u00e1bbk\u00e9pz\u00e9ssek<\/p>\n<p><strong>2026.02.13. p\u00e9ntek<\/strong><\/p>\n<p style=\"padding-left: 40px\"><strong>13:00 \u00f3ra:<\/strong> v\u00e1laszthat\u00f3 t\u00e1rgyak<\/p>\n<p>&nbsp;<\/p>\n<p><span style=\"font-size: 1rem\">\n<\/div><h2 class=\"tabtitle\">Teljes\u00edtm\u00e9ny-\u00e9rt\u00e9kel\u00e9s<\/h2>\n<div class=\"tabcontent\">\n<\/span><\/p>\n<p style=\"text-align: center\"><span style=\"color: #000000\"><strong>2025-2026. tan\u00e9v tavaszi f\u00e9l\u00e9v<\/strong><\/span><\/p>\n<ul style=\"list-style-type: square\">\n<li><a href=\"https:\/\/semmelweis.hu\/etk\/files\/2026\/02\/addiktologia.xlsx\">Addiktol\u00f3gia konzult\u00e1ns szakir\u00e1ny\u00fa tov\u00e1bbk\u00e9pz\u00e9s<\/a><\/li>\n<li><a href=\"https:\/\/semmelweis.hu\/etk\/files\/2026\/02\/apolo_BSc.xlsx\">\u00c1pol\u00f3\u00a0BSc<\/a><\/li>\n<li><a href=\"https:\/\/semmelweis.hu\/etk\/files\/2026\/02\/dietetikus_BSc.xlsx\">Dietetikus\u00a0BSc<\/a>\u00a0<\/li>\n<li><a href=\"https:\/\/semmelweis.hu\/etk\/files\/2026\/02\/egturizmus_BSc.xlsx\">Eg\u00e9szs\u00e9gturizmus-szervez\u0151 BSc<\/a>\u00a0<\/li>\n<li><a href=\"https:\/\/semmelweis.hu\/etk\/files\/2026\/02\/gyogytornasz_BSc1.xlsx\">Gy\u00f3gytorn\u00e1sz BSc<\/a>\u00a0<\/li>\n<li><a href=\"https:\/\/semmelweis.hu\/etk\/files\/2026\/02\/hbnyt_BSc.xlsx\">Hang-, besz\u00e9d-, \u00e9s nyel\u00e9sterapeuta BSc<\/a>\u00a0<\/li>\n<li><a href=\"https:\/\/semmelweis.hu\/etk\/files\/2026\/02\/mentotiszt_BSc.xlsx\">Ment\u0151tiszt\u00a0BSc<\/a>\u00a0<\/li>\n<li><a href=\"https:\/\/semmelweis.hu\/etk\/files\/2026\/02\/nepeg_BSc.xlsx\">N\u00e9peg\u00e9szs\u00e9g\u00fcgyi ellen\u0151r BSc<\/a><\/li>\n<li><a href=\"https:\/\/semmelweis.hu\/etk\/files\/2026\/02\/opto_BSc.xlsx\">Optometria specializ\u00e1ci\u00f3<\/a><\/li>\n<li><a href=\"https:\/\/semmelweis.hu\/etk\/files\/2026\/02\/podiater.xlsx\">Podi\u00e1ter szakir\u00e1ny\u00fa tov\u00e1bbk\u00e9pz\u00e9s\u00a0<\/a>\u00a0<\/li>\n<li><a href=\"https:\/\/semmelweis.hu\/etk\/files\/2026\/02\/radiologia_BSc.xlsx\">Radiogr\u00e1fia specializ\u00e1ci\u00f3<\/a>\u00a0<\/li>\n<li><a href=\"https:\/\/semmelweis.hu\/etk\/files\/2026\/02\/szuleszno_BSc.xlsx\">Sz\u00fcl\u00e9szn\u0151 BSc<\/a><\/li>\n<li><a href=\"https:\/\/semmelweis.hu\/etk\/files\/2026\/02\/vedono_BSc.xlsx\">V\u00e9d\u0151n\u0151 BSc<\/a>\u00a0<\/li>\n<li>Kiterjesztett hat\u00e1sk\u00f6r\u0171 \u00e1pol\u00f3 MSc &#8211; <a href=\"https:\/\/semmelweis.hu\/etk\/files\/2026\/02\/apolas_MSc_GAP.xlsx\">Geri\u00e1triai szak\u00e1pol\u00f3<\/a><\/li>\n<li>Kiterjesztett hat\u00e1sk\u00f6r\u0171 \u00e1pol\u00f3 MSc &#8211; <a href=\"https:\/\/semmelweis.hu\/etk\/files\/2026\/02\/apolas_MSc_KAP.xlsx\">K\u00f6z\u00f6ss\u00e9gi szak\u00e1pol\u00f3<\/a>\u00a0<\/li>\n<li>Kiterjesztett hat\u00e1sk\u00f6r\u0171 \u00e1pol\u00f3 MSc &#8211; <a href=\"https:\/\/semmelweis.hu\/etk\/files\/2026\/02\/apolas_MSc_INT.xlsx\">Intenz\u00edv szak\u00e1pol\u00f3<\/a>\u00a0<\/li>\n<li>Kiterjesztett hat\u00e1sk\u00f6r\u0171 \u00e1pol\u00f3 MSc &#8211; <a href=\"https:\/\/semmelweis.hu\/etk\/files\/2026\/02\/apolas_MSc_SAP.xlsx\">S\u00fcrg\u0151ss\u00e9gi szak\u00e1pol\u00f3<\/a> \u00a0<\/li>\n<li><a href=\"https:\/\/semmelweis.hu\/etk\/files\/2026\/02\/tanar_MSc.xlsx\">Eg\u00e9szs\u00e9g\u00fcgyi tan\u00e1r MSc<\/a>\u00a0<\/li>\n<li><a href=\"https:\/\/semmelweis.hu\/etk\/files\/2026\/02\/fizio_MSc1.xlsx\">Fizioter\u00e1pia MSc<\/a>\u00a0<\/li>\n<li><a href=\"https:\/\/semmelweis.hu\/etk\/files\/2026\/02\/taplalkozas_MSc.xlsx\">T\u00e1pl\u00e1lkoz\u00e1studom\u00e1nyi MSc<\/a><\/li>\n<\/ul>\n<\/div><\/div>\n","protected":false},"excerpt":{"rendered":"<p>A 2025\/2026. tan\u00e9v tavaszi f\u00e9l\u00e9v \u00f3rarendjei Alapk\u00e9pz\u00e9s (teljes idej\u0171) <a href=\"https:\/\/semmelweis.hu\/etk\/files\/2023\/06\/szab.val_nappali_25_26_2-0223.pdf\">Szabadon v\u00e1laszthat\u00f3<\/a> \u00a0t\u00e1rgyak (szakir\u00e1nyt\u00f3l f\u00fcggetlen\u00fcl) <a href=\"https:\/\/semmelweis.hu\/etk\/files\/2023\/06\/szakd-mod._nappali_25_26_2-0206.pdf\">Szakdolgozat-m\u00f3dszertan<\/a> kurzusok \u00c1pol\u00f3 szakir\u00e1ny <a href=\"https:\/\/semmelweis.hu\/etk\/files\/2026\/01\/1_eba_ap.pdf\">1. \u00e9vfolyam<\/a> , <a href=\"https:\/\/semmelweis.hu\/etk\/files\/2023\/06\/2_eba_ap-0213.pdf\">2. \u00e9vfolyam<\/a> , <a href=\"https:\/\/semmelweis.hu\/etk\/files\/2023\/06\/3_eba_ap-0313.pdf\">3. \u00e9vfolyam<\/a> , <a href=\"https:\/\/semmelweis.hu\/etk\/files\/2023\/06\/4_eba_ap-0206.pdf\">4. \u00e9vfolyam<\/a> Dietetikus szakir\u00e1ny <a href=\"https:\/\/semmelweis.hu\/etk\/files\/2023\/06\/1_eba_di-0119.pdf\">1. \u00e9vfolyam<\/a> , <a href=\"https:\/\/semmelweis.hu\/etk\/files\/2026\/01\/2_eba_di.pdf\">2. \u00e9vfolyam<\/a> , <a href=\"https:\/\/semmelweis.hu\/etk\/files\/2026\/01\/3_eba_di.pdf\">3. \u00e9vfolyam<\/a> Gy\u00f3gytorn\u00e1sz szakir\u00e1ny <a href=\"https:\/\/semmelweis.hu\/etk\/files\/2023\/06\/1_eba_gy-0130.pdf\">1. \u00e9vfolyam<\/a> , <a href=\"https:\/\/semmelweis.hu\/etk\/files\/2023\/06\/2_eba_gy-0206.pdf\">2. \u00e9vfolyam<\/a> , <a href=\"https:\/\/semmelweis.hu\/etk\/files\/2023\/06\/3_eba_gy-0313.pdf\">3. \u00e9vfolyam<\/a> , <a href=\"https:\/\/semmelweis.hu\/etk\/files\/2026\/01\/4_eba_gy.pdf\">4. \u00e9vfolyam<\/a> Hang-, besz\u00e9d &#8211; \u00e9s nyel\u00e9sterapeuta szakir\u00e1ny <a href=\"https:\/\/semmelweis.hu\/etk\/files\/2026\/01\/1_eba_hb.pdf\">1. \u00e9vfolyam<\/a> , <a href=\"https:\/\/semmelweis.hu\/etk\/files\/2026\/01\/2_eba_hb.pdf\">2. \u00e9vfolyam<\/a> , <a href=\"https:\/\/semmelweis.hu\/etk\/files\/2026\/01\/3_eba_hb.pdf\">3. \u00e9vfolyam<\/a> , <a href=\"https:\/\/semmelweis.hu\/etk\/files\/2026\/01\/4_eba_hb.pdf\">4. \u00e9vfolyam<\/a> Ment\u0151tiszt szakir\u00e1ny <a href=\"https:\/\/semmelweis.hu\/etk\/files\/2026\/01\/1_eba_me.pdf\">1. \u00e9vfolyam<\/a> , <a href=\"https:\/\/semmelweis.hu\/etk\/files\/2023\/06\/2_eba_me-0313.pdf\">2. \u00e9vfolyam<\/a> , <a href=\"https:\/\/semmelweis.hu\/etk\/files\/2023\/06\/3_eba_me-0313.pdf\">3. \u00e9vfolyam<\/a> , <a href=\"https:\/\/semmelweis.hu\/etk\/files\/2026\/01\/4_eba_me.pdf\">4. \u00e9vfolyam<\/a> N\u00e9peg\u00e9szs\u00e9g\u00fcgyi ellen\u0151r szakir\u00e1ny <a href=\"https:\/\/semmelweis.hu\/etk\/files\/2026\/01\/1_eba_ne.pdf\">1. \u00e9vfolyam<\/a> , <a href=\"https:\/\/semmelweis.hu\/etk\/files\/2026\/01\/2_eba_ne.pdf\">2. \u00e9vfolyam<\/a> , <a href=\"https:\/\/semmelweis.hu\/etk\/files\/2023\/06\/3_eba_ne-0130.pdf\">3. \u00e9vfolyam<\/a> , <a href=\"https:\/\/semmelweis.hu\/etk\/files\/2026\/01\/4_eba_ne.pdf\">4. \u00e9vfolyam<\/a> Sz\u00fcl\u00e9szn\u0151 szakir\u00e1ny <a href=\"https:\/\/semmelweis.hu\/etk\/files\/2026\/01\/1_eba_su.pdf\">1. \u00e9vfolyam<\/a> , <a href=\"https:\/\/semmelweis.hu\/etk\/files\/2023\/06\/2_eba_su-0213.pdf\">2. \u00e9vfolyam<\/a> , <a href=\"https:\/\/semmelweis.hu\/etk\/files\/2023\/06\/3_eba_su-0206.pdf\">3. \u00e9vfolyam<\/a> , <a href=\"https:\/\/semmelweis.hu\/etk\/files\/2026\/01\/4_eba_su.pdf\">4. \u00e9vfolyam<\/a> V\u00e9d\u0151n\u0151 szakir\u00e1ny <a href=\"https:\/\/semmelweis.hu\/etk\/files\/2023\/06\/1_eba_ve-0327.pdf\">1. \u00e9vfolyam<\/a> , &hellip;<\/p>\n","protected":false},"author":101729,"featured_media":0,"parent":32,"menu_order":1,"comment_status":"closed","ping_status":"closed","template":"","meta":{"_acf_changed":false,"footnotes":""},"categories":[],"tags":[],"class_list":["post-739","page","type-page","status-publish","hentry"],"acf":[],"_links":{"self":[{"href":"https:\/\/semmelweis.hu\/etk\/wp-json\/wp\/v2\/pages\/739","targetHints":{"allow":["GET"]}}],"collection":[{"href":"https:\/\/semmelweis.hu\/etk\/wp-json\/wp\/v2\/pages"}],"about":[{"href":"https:\/\/semmelweis.hu\/etk\/wp-json\/wp\/v2\/types\/page"}],"author":[{"embeddable":true,"href":"https:\/\/semmelweis.hu\/etk\/wp-json\/wp\/v2\/users\/101729"}],"replies":[{"embeddable":true,"href":"https:\/\/semmelweis.hu\/etk\/wp-json\/wp\/v2\/comments?post=739"}],"version-history":[{"count":13,"href":"https:\/\/semmelweis.hu\/etk\/wp-json\/wp\/v2\/pages\/739\/revisions"}],"predecessor-version":[{"id":19572,"href":"https:\/\/semmelweis.hu\/etk\/wp-json\/wp\/v2\/pages\/739\/revisions\/19572"}],"up":[{"embeddable":true,"href":"https:\/\/semmelweis.hu\/etk\/wp-json\/wp\/v2\/pages\/32"}],"wp:attachment":[{"href":"https:\/\/semmelweis.hu\/etk\/wp-json\/wp\/v2\/media?parent=739"}],"wp:term":[{"taxonomy":"category","embeddable":true,"href":"https:\/\/semmelweis.hu\/etk\/wp-json\/wp\/v2\/categories?post=739"},{"taxonomy":"post_tag","embeddable":true,"href":"https:\/\/semmelweis.hu\/etk\/wp-json\/wp\/v2\/tags?post=739"}],"curies":[{"name":"wp","href":"https:\/\/api.w.org\/{rel}","templated":true}]}}