{"id":66,"date":"2020-03-23T12:19:12","date_gmt":"2020-03-23T11:19:12","guid":{"rendered":"http:\/\/semmelweis.hu\/etk\/?page_id=66"},"modified":"2026-03-30T10:40:51","modified_gmt":"2026-03-30T08:40:51","slug":"addiktologiai-tanszek","status":"publish","type":"page","link":"https:\/\/semmelweis.hu\/etk\/tanszekek\/addiktologiai-tanszek\/","title":{"rendered":"Addiktol\u00f3giai Tansz\u00e9k"},"content":{"rendered":"<div class=\"responsive-tabs\">\n<h2 class=\"tabtitle\">Bemutat\u00e1s<\/h2>\n<div class=\"tabcontent\">\n\n<h2>Addiktol\u00f3giai Tansz\u00e9k<\/h2>\n<p style=\"text-align: center\"><a class=\"btn btn-secondary\" href=\"https:\/\/semmelweis.hu\/addiktologia\" target=\"_blank\" rel=\"noopener\">Tov\u00e1bb az Addiktol\u00f3giai Tansz\u00e9k oldal\u00e1ra\u2192<\/a><\/p>\n<div class=\"keretes\">\n<p><strong>El\u00e9rhet\u0151s\u00e9gek:<\/strong><br \/>\nTel.: +36 1 48-65990<br \/>\nEmail: <a href=\"mailto:etk.addiktologia@semmelweis.hu\">etk.addiktologia@semmelweis.hu<\/a><br \/>\nIroda: 230B<\/p>\n<\/div>\n<h6><strong>Az Addiktol\u00f3giai<\/strong> <strong>Tansz\u00e9k feladata<\/strong><\/h6>\n<ul>\n<li style=\"text-align: justify\">az addiktol\u00f3gia, illetve az ehhez kapcsol\u00f3d\u00f3 tant\u00e1rgyak oktat\u00e1sa a Kar valamennyi szakir\u00e1ny\u00e1n,<\/li>\n<li style=\"text-align: justify\">prevenci\u00f3s, addiktol\u00f3giai konzult\u00e1ci\u00f3val foglalkoz\u00f3, gyakorlati ismereteket ny\u00fajt\u00f3 kurzusok szervez\u00e9se (pl. addiktol\u00f3giai csal\u00e1di konzult\u00e1ci\u00f3 vagy a drogprevenci\u00f3 modelljei, eszk\u00f6zei), illetve<\/li>\n<li style=\"text-align: justify\">az <a href=\"https:\/\/semmelweis.hu\/etk\/oktatas\/szakiranyu-tovabbkepzesek\/addiktologiai-konzultans\/\">addiktol\u00f3giai konzult\u00e1ns k\u00e9pz\u00e9s<\/a> koordin\u00e1l\u00e1sa, szakmai vezet\u00e9se.<\/li>\n<\/ul>\n<h6><strong>Oktat\u00e1si \u00e9s szakmai profilok<br \/>\n<\/strong><\/h6>\n<p style=\"text-align: justify\">A konzult\u00e1ns-k\u00e9pz\u00e9sben az \u00f6n\u00e1ll\u00f3 munkav\u00e9gz\u00e9sre val\u00f3 felk\u00e9sz\u00edt\u00e9s \u00e9s a menedzserszeml\u00e9let fontos hangs\u00falyt kap. A szenved\u00e9lybetegs\u00e9gek kutat\u00e1s\u00e1val kapcsolatos tudom\u00e1nyos tev\u00e9kenys\u00e9get szint\u00e9n a Tansz\u00e9k szervezi, egyr\u00e9szt hallgat\u00f3ink tudom\u00e1nyos tev\u00e9kenys\u00e9g\u00e9nek koordin\u00e1l\u00e1sa (TDK), m\u00e1sr\u00e9szt oktat\u00f3inak nemzetk\u00f6zi \u00e9s hat\u00e1rainkon bel\u00fcli kutat\u00e1sokban val\u00f3 r\u00e9szv\u00e9tele \u00fatj\u00e1n.<\/p>\n<p style=\"text-align: justify\">A Tansz\u00e9k fontosnak tekinti a Kar addiktol\u00f3giai vonatkoz\u00e1s\u00fa k\u00e9pz\u00e9seinek folyamatos jav\u00edt\u00e1s\u00e1t; \u00fajonnan bevezetett t\u00e9mak\u00f6rei k\u00f6z\u00e9 tartozik a j\u00e1t\u00e9k- vagy munkaf\u00fcgg\u0151s\u00e9g, illetve az internetf\u00fcgg\u0151s\u00e9g aktu\u00e1lis k\u00e9rd\u00e9sk\u00f6reinek felt\u00e1r\u00e1sa.<\/p>\n<p style=\"text-align: justify\">A Tansz\u00e9k napi kapcsolatot tart addiktol\u00f3giai m\u0171helyekkel (pl. K\u00e9k Pont Alap\u00edtv\u00e1ny), valamint addiktol\u00f3giai ell\u00e1t\u00f3helyekkel (pl. Ny\u00edr\u0151 Gyula K\u00f3rh\u00e1z-Orsz\u00e1gos Pszichi\u00e1triai \u00e9s Addiktol\u00f3giai Int\u00e9zet).<\/p>\n\n<\/div><h2 class=\"tabtitle\">Munkat\u00e1rsak<\/h2>\n<div class=\"tabcontent\">\n\n<p><a href=\"https:\/\/semmelweis.hu\/etk\/files\/2025\/03\/Racz_Jozsef_HU_CV.pdf\">Dr. R\u00e1cz J\u00f3zsef<\/a><\/p>\n<p style=\"padding-left: 40px\"><em>egyetemi tan\u00e1r, tansz\u00e9kvezet\u0151<\/em><\/p>\n<p><a href=\"https:\/\/semmelweis.hu\/etk\/files\/2024\/11\/Arnold-Petra_HU.pdf\">Dr. Arnold Petra<\/a><\/p>\n<p style=\"padding-left: 40px\"><em>tudom\u00e1nyos munkat\u00e1rs<\/em><\/p>\n<p><a href=\"https:\/\/semmelweis.hu\/etk\/files\/2025\/03\/Kapitany_Foveny_Mate_HU_CV.pdf\">Dr. Kapit\u00e1ny-F\u00f6v\u00e9ny M\u00e1t\u00e9 Gergely<\/a><\/p>\n<p style=\"padding-left: 40px\"><em>adjunktus<\/em><\/p>\n<p><a href=\"https:\/\/semmelweis.hu\/etk\/files\/2024\/12\/Dr.-Marjai-Kamilla-Diana.pdf\">Dr. Marjai Kamilla Di\u00e1na<\/a><\/p>\n<p style=\"padding-left: 40px\"><em>adjunktus<\/em><\/p>\n<p style=\"padding-left: 40px\">\u00a0<\/p>\n\r\n<div id=\"telefonkonyv\">\r\n  <div class=\"tel-results col-12 px-0\">\r\n      <p class=\"desc mb-1\"><span>Ha hib\u00e1s, vagy hi\u00e1nyz\u00f3 adatot tal\u00e1l, k\u00e9rj\u00fck jelezze szervezeti egys\u00e9g\u00fcnk titk\u00e1rs\u00e1g\u00e1n.<\/span><\/p>\r\n      <p class=\"desc\"><em>A telefonk\u00f6nyvben tal\u00e1lhat\u00f3 adatok nem haszn\u00e1lhat\u00f3k fel az 1995. \u00e9vi CXIX. t\u00f6rv\u00e9ny szerinti kutat\u00e1s \u00e9s k\u00f6zvetlen \u00fczletszerz\u00e9s c\u00e9lj\u00e1ra.<\/em><\/p>\r\n                <div class=\"row mx-0 mt-3 mb-3 subunit-line text-uppercase font-weight-bold \r\n                    status-SZE\">\r\n                    <div class=\"col col-12 col-md-10 pl-2 pr-0\">\r\n                        <span>Addiktol\u00f3giai Tansz\u00e9k<\/span>\r\n                    <\/div>\r\n                <\/div> \r\n          <div class=\"row mx-0 py-2 result-line emp-leader\">\r\n            <div class=\"col col-12 px-0 \"><div class=\"row mx-0 pr-2 result-line-content align-items-center\">\r\n                        <div class=\"col-12 col-md-6 px-0 \">\r\n                            <a class=\"emp-name\" href=\"https:\/\/semmelweis.hu\/telefonkonyv?emp_id=9411\">Dr. R\u00e1cz J\u00f3zsef <\/a>\r\n                            <br \/><span class=\"emp-phone\">egyetemi tan\u00e1r, tansz\u00e9kvezet\u0151<\/span><\/div>\r\n                        <div class=\"col-12 col-md-6 px-0\"><span class=\"emp-phone\"><i class=\"fa fa-phone\" aria-hidden=\"true\"><\/i>48-65990, <\/span><span class=\"emp-email\"><i class=\"fa fa-envelope-o\" aria-hidden=\"true\"><\/i>racz.jozsef<i class=\"fa fa-at m-0 text-body\"><\/i>semmelweis.hu<\/span>\r\n                        <\/div>\r\n                    <\/div>\r\n                \r\n            <\/div>\r\n\r\n                <div class=\"col-12 col-md-6 px-0 d-none\"><span class=\"emp-phone\"><i class=\"fa fa-phone\" aria-hidden=\"true\"><\/i>48-65990, <\/span><span class=\"emp-email\"><i class=\"fa fa-envelope-o\" aria-hidden=\"true\"><\/i>racz.jozsef<i class=\"fa fa-at m-0 text-body\"><\/i>semmelweis.hu<\/span>\r\n                <\/div>\r\n\r\n\r\n        <\/div>\r\n          <div class=\"row mx-0 py-2 result-line \">\r\n            <div class=\"col col-12 px-0 \"><div class=\"row mx-0 pr-2 result-line-content align-items-center\">\r\n                        <div class=\"col-12 col-md-6 px-0 \">\r\n                            <a class=\"emp-name\" href=\"https:\/\/semmelweis.hu\/telefonkonyv?emp_id=24027\">Dr. Arnold Petra <\/a>\r\n                            <br \/><span class=\"emp-phone\">tudom\u00e1nyos munkat\u00e1rs<\/span><\/div>\r\n                        <div class=\"col-12 col-md-6 px-0\"><span class=\"emp-phone\"><i class=\"fa fa-phone\" aria-hidden=\"true\"><\/i>48-65990, <\/span><span class=\"emp-email\"><i class=\"fa fa-envelope-o\" aria-hidden=\"true\"><\/i>arnold.petra<i class=\"fa fa-at m-0 text-body\"><\/i>semmelweis.hu<\/span>\r\n                        <\/div>\r\n                    <\/div>\r\n                \r\n            <\/div>\r\n\r\n                <div class=\"col-12 col-md-6 px-0 d-none\"><span class=\"emp-phone\"><i class=\"fa fa-phone\" aria-hidden=\"true\"><\/i>48-65990, <\/span><span class=\"emp-email\"><i class=\"fa fa-envelope-o\" aria-hidden=\"true\"><\/i>arnold.petra<i class=\"fa fa-at m-0 text-body\"><\/i>semmelweis.hu<\/span>\r\n                <\/div>\r\n\r\n\r\n        <\/div>\r\n          <div class=\"row mx-0 py-2 result-line \">\r\n            <div class=\"col col-12 px-0 \"><div class=\"row mx-0 pr-2 result-line-content align-items-center\">\r\n                        <div class=\"col-12 col-md-6 px-0 \">\r\n                            <a class=\"emp-name\" href=\"https:\/\/semmelweis.hu\/telefonkonyv?emp_id=24507\">Dr. Horv\u00e1th D\u00f3ra <\/a>\r\n                            <br \/><span class=\"emp-phone\">oktat\u00e1sszervez\u00e9si szak\u00e9rt\u0151<\/span><\/div>\r\n                        <div class=\"col-12 col-md-6 px-0\"><span class=\"emp-phone\"><i class=\"fa fa-phone\" aria-hidden=\"true\"><\/i>48-65990, <\/span><span class=\"emp-email\"><i class=\"fa fa-envelope-o\" aria-hidden=\"true\"><\/i>horvath.dora<i class=\"fa fa-at m-0 text-body\"><\/i>semmelweis.hu<\/span>\r\n                        <\/div>\r\n                    <\/div>\r\n                \r\n            <\/div>\r\n\r\n                <div class=\"col-12 col-md-6 px-0 d-none\"><span class=\"emp-phone\"><i class=\"fa fa-phone\" aria-hidden=\"true\"><\/i>48-65990, <\/span><span class=\"emp-email\"><i class=\"fa fa-envelope-o\" aria-hidden=\"true\"><\/i>horvath.dora<i class=\"fa fa-at m-0 text-body\"><\/i>semmelweis.hu<\/span>\r\n                <\/div>\r\n\r\n\r\n        <\/div>\r\n          <div class=\"row mx-0 py-2 result-line \">\r\n            <div class=\"col col-12 px-0 \"><div class=\"row mx-0 pr-2 result-line-content align-items-center\">\r\n                        <div class=\"col-12 col-md-6 px-0 \">\r\n                            <a class=\"emp-name\" href=\"https:\/\/semmelweis.hu\/telefonkonyv?emp_id=10353\">Dr. Kapit\u00e1ny-F\u00f6v\u00e9ny M\u00e1t\u00e9 Gergely <\/a>\r\n                            <br \/><span class=\"emp-phone\">adjunktus<\/span><\/div>\r\n                        <div class=\"col-12 col-md-6 px-0\"><span class=\"emp-phone\"><i class=\"fa fa-phone\" aria-hidden=\"true\"><\/i>48-65990, <\/span><span class=\"emp-email\"><i class=\"fa fa-envelope-o\" aria-hidden=\"true\"><\/i>kapitany-foveny.mate<i class=\"fa fa-at m-0 text-body\"><\/i>semmelweis.hu<\/span>\r\n                        <\/div>\r\n                    <\/div>\r\n                \r\n            <\/div>\r\n\r\n                <div class=\"col-12 col-md-6 px-0 d-none\"><span class=\"emp-phone\"><i class=\"fa fa-phone\" aria-hidden=\"true\"><\/i>48-65990, <\/span><span class=\"emp-email\"><i class=\"fa fa-envelope-o\" aria-hidden=\"true\"><\/i>kapitany-foveny.mate<i class=\"fa fa-at m-0 text-body\"><\/i>semmelweis.hu<\/span>\r\n                <\/div>\r\n\r\n\r\n        <\/div>\r\n          <div class=\"row mx-0 py-2 result-line \">\r\n            <div class=\"col col-12 px-0 \"><div class=\"row mx-0 pr-2 result-line-content align-items-center\">\r\n                        <div class=\"col-12 col-md-6 px-0 \">\r\n                            <a class=\"emp-name\" href=\"https:\/\/semmelweis.hu\/telefonkonyv?emp_id=21057\">Dr. Marjai Kamilla Di\u00e1na <\/a>\r\n                            <br \/><span class=\"emp-phone\">adjunktus<\/span><\/div>\r\n                        <div class=\"col-12 col-md-6 px-0\"><span class=\"emp-phone\"><i class=\"fa fa-phone\" aria-hidden=\"true\"><\/i>48-65990, <\/span><span class=\"emp-email\"><i class=\"fa fa-envelope-o\" aria-hidden=\"true\"><\/i>marjai.kamilla.diana<i class=\"fa fa-at m-0 text-body\"><\/i>semmelweis.hu<\/span>\r\n                        <\/div>\r\n                    <\/div>\r\n                \r\n            <\/div>\r\n\r\n                <div class=\"col-12 col-md-6 px-0 d-none\"><span class=\"emp-phone\"><i class=\"fa fa-phone\" aria-hidden=\"true\"><\/i>48-65990, <\/span><span class=\"emp-email\"><i class=\"fa fa-envelope-o\" aria-hidden=\"true\"><\/i>marjai.kamilla.diana<i class=\"fa fa-at m-0 text-body\"><\/i>semmelweis.hu<\/span>\r\n                <\/div>\r\n\r\n\r\n        <\/div><\/div><\/div>\n\n<\/div><h2 class=\"tabtitle\">Hirdet\u0151t\u00e1bla<\/h2>\n<div class=\"tabcontent\">\n\n<div class=\"row mx-0 py-2 result-line \">\n<div class=\"col-12 px-0 \">\n<div class=\"row mx-0\">\n<div class=\"col-12 col-md-6 px-0 \">\u00a0<\/div>\n<\/div>\n<\/div>\n<\/div>\n<p style=\"text-align: center\"><strong>Oktat\u00f3k konzult\u00e1ci\u00f3s id\u0151pontjai<\/strong><br \/>\n<strong>2025\/2026. tan\u00e9v tavaszi f\u00e9l\u00e9v<br \/>\nszorgalmi id\u0151szak\u00e1ban<\/strong><\/p>\n<p>&nbsp;<\/p>\n<p><strong>Dr. R\u00e1cz J\u00f3zsef<\/strong><\/p>\n<p style=\"padding-left: 40px\">h\u00e9tf\u0151 10.00-12.00 (e-mailes egyeztet\u00e9st k\u00f6vet\u0151en)<\/p>\n<p><strong>Dr. Kapit\u00e1ny-F\u00f6v\u00e9ny M\u00e1t\u00e9 Gergely<\/strong><\/p>\n<p style=\"padding-left: 40px\">szerda 15.00-17.00 (e-mailes egyeztet\u00e9st k\u00f6vet\u0151en)<\/p>\n<p><strong>Dr. Marjai Kamilla Di\u00e1na<\/strong><\/p>\n<p style=\"padding-left: 40px\">szerda 10.00-12.00 (e-mailes egyeztet\u00e9st k\u00f6vet\u0151en)<\/p>\n<p><strong>Dr. Arnold Petra<\/strong><\/p>\n<p style=\"padding-left: 40px\">cs\u00fct\u00f6rt\u00f6k 10.00-12.00 (e-mailes egyeztet\u00e9st k\u00f6vet\u0151en)<\/p>\n<p>&nbsp;<\/p>\n<\/div><\/div>\n","protected":false},"excerpt":{"rendered":"<p>Addiktol\u00f3giai Tansz\u00e9k <a class=\"btn btn-secondary\" href=\"https:\/\/semmelweis.hu\/addiktologia\" target=\"_blank\" rel=\"noopener\">Tov\u00e1bb az Addiktol\u00f3giai Tansz\u00e9k oldal\u00e1ra\u2192<\/a> El\u00e9rhet\u0151s\u00e9gek: Tel.: +36 1 48-65990 Email: <a href=\"mailto:etk.addiktologia@semmelweis.hu\">etk.addiktologia@semmelweis.hu<\/a> Iroda: 230B Az Addiktol\u00f3giai Tansz\u00e9k feladata az addiktol\u00f3gia, illetve az ehhez kapcsol\u00f3d\u00f3 tant\u00e1rgyak oktat\u00e1sa a Kar valamennyi szakir\u00e1ny\u00e1n, prevenci\u00f3s, addiktol\u00f3giai konzult\u00e1ci\u00f3val foglalkoz\u00f3, gyakorlati ismereteket ny\u00fajt\u00f3 kurzusok szervez\u00e9se (pl. addiktol\u00f3giai csal\u00e1di konzult\u00e1ci\u00f3 vagy a drogprevenci\u00f3 modelljei, eszk\u00f6zei), illetve az <a href=\"https:\/\/semmelweis.hu\/etk\/oktatas\/szakiranyu-tovabbkepzesek\/addiktologiai-konzultans\/\">addiktol\u00f3giai konzult\u00e1ns k\u00e9pz\u00e9s<\/a> koordin\u00e1l\u00e1sa, szakmai vezet\u00e9se. Oktat\u00e1si \u00e9s szakmai profilok A konzult\u00e1ns-k\u00e9pz\u00e9sben &hellip;<\/p>\n","protected":false},"author":101729,"featured_media":0,"parent":59,"menu_order":0,"comment_status":"closed","ping_status":"closed","template":"","meta":{"_acf_changed":false,"footnotes":""},"categories":[],"tags":[],"class_list":["post-66","page","type-page","status-publish","hentry"],"acf":[],"_links":{"self":[{"href":"https:\/\/semmelweis.hu\/etk\/wp-json\/wp\/v2\/pages\/66","targetHints":{"allow":["GET"]}}],"collection":[{"href":"https:\/\/semmelweis.hu\/etk\/wp-json\/wp\/v2\/pages"}],"about":[{"href":"https:\/\/semmelweis.hu\/etk\/wp-json\/wp\/v2\/types\/page"}],"author":[{"embeddable":true,"href":"https:\/\/semmelweis.hu\/etk\/wp-json\/wp\/v2\/users\/101729"}],"replies":[{"embeddable":true,"href":"https:\/\/semmelweis.hu\/etk\/wp-json\/wp\/v2\/comments?post=66"}],"version-history":[{"count":11,"href":"https:\/\/semmelweis.hu\/etk\/wp-json\/wp\/v2\/pages\/66\/revisions"}],"predecessor-version":[{"id":19739,"href":"https:\/\/semmelweis.hu\/etk\/wp-json\/wp\/v2\/pages\/66\/revisions\/19739"}],"up":[{"embeddable":true,"href":"https:\/\/semmelweis.hu\/etk\/wp-json\/wp\/v2\/pages\/59"}],"wp:attachment":[{"href":"https:\/\/semmelweis.hu\/etk\/wp-json\/wp\/v2\/media?parent=66"}],"wp:term":[{"taxonomy":"category","embeddable":true,"href":"https:\/\/semmelweis.hu\/etk\/wp-json\/wp\/v2\/categories?post=66"},{"taxonomy":"post_tag","embeddable":true,"href":"https:\/\/semmelweis.hu\/etk\/wp-json\/wp\/v2\/tags?post=66"}],"curies":[{"name":"wp","href":"https:\/\/api.w.org\/{rel}","templated":true}]}}