{"id":6455,"date":"2021-05-21T11:23:20","date_gmt":"2021-05-21T09:23:20","guid":{"rendered":"https:\/\/semmelweis.hu\/etk\/?page_id=6455"},"modified":"2026-04-23T13:47:19","modified_gmt":"2026-04-23T11:47:19","slug":"avatas","status":"publish","type":"page","link":"https:\/\/semmelweis.hu\/etk\/avatas\/","title":{"rendered":"Oklev\u00e9l\u00e1tad\u00f3 \u00fcnneps\u00e9g"},"content":{"rendered":"<div style=\"text-align: center\">Tisztelt Hallgat\u00f3! A 2026. \u00e9vi oklevelek \u00e1tv\u00e9tel\u00e9re 2 \u00fcnneps\u00e9g keret\u00e9n bel\u00fcl ny\u00edlik lehet\u0151s\u00e9g. A hallgat\u00f3kat <span style=\"color: #ff0000\"><strong>szak\/szakir\u00e1nyos beoszt\u00e1s szerint vagy a 10 \u00f3rakor vagy a 15 \u00f3rakor kezd\u0151d\u0151 \u00fcnneps\u00e9gre v\u00e1rjuk<\/strong><\/span>. <strong>A beoszt\u00e1st\u00f3l elt\u00e9rni nem lehet.<\/strong><\/div>\n<div>\u00a0<\/div>\n<div><span style=\"color: #ff0000\"><strong>Az \u00fcnneps\u00e9geken a k\u00f6vetkez\u0151 feloszt\u00e1s szerint vehetnek r\u00e9szt a v\u00e9gzett hallgat\u00f3k:<\/strong><\/span><\/div>\n<div>\u00a0<\/div>\n<div><span style=\"color: #ff0000\"><strong>10 \u00f3rakor kezd\u0151d\u0151 \u00fcnneps\u00e9g:<\/strong><\/span><\/div>\n<ul>\n<li>\u00e1pol\u00f3 szakir\u00e1ny nappali tagozat<\/li>\n<li>dietetikus szakir\u00e1ny nappali tagozat<\/li>\n<li>gy\u00f3gytorn\u00e1sz szakir\u00e1ny nappali tagozat<\/li>\n<li>eg\u00e9szs\u00e9gturizmus-szervez\u0151 szak levelez\u0151 tagozat<\/li>\n<li>n\u00e9peg\u00e9szs\u00e9g\u00fcgyi ellen\u0151r szakir\u00e1ny nappali tagozat<\/li>\n<li>sz\u00fcl\u00e9szn\u0151 szakir\u00e1ny nappali tagozat<\/li>\n<li>sz\u00fcl\u00e9szn\u0151 szakir\u00e1ny levelez\u0151 tagozat<\/li>\n<\/ul>\n<div><span style=\"color: #ff0000\"><strong>15 \u00f3rakor kezd\u0151d\u0151 \u00fcnneps\u00e9g:<\/strong><\/span><\/div>\n<ul>\n<li>addiktol\u00f3giai konzult\u00e1ns szakir\u00e1ny\u00fa tov\u00e1bbk\u00e9pz\u00e9s levelez\u0151 tagozat<\/li>\n<li>\u00e1pol\u00f3 szakir\u00e1ny levelez\u0151 tagozat<\/li>\n<li>dietetikus szakir\u00e1ny levelez\u0151 tagozat<\/li>\n<li>hang-, besz\u00e9d \u00e9s nyel\u00e9ster\u00e1pia szakir\u00e1ny nappali tagozat<\/li>\n<li>ment\u0151tiszt szakir\u00e1ny nappali tagozat<\/li>\n<li>ment\u0151tiszt szakir\u00e1ny levelez\u0151 tagozat<\/li>\n<li>n\u00e9peg\u00e9szs\u00e9g\u00fcgyi ellen\u0151r szakir\u00e1ny levelez\u0151 tagozat<\/li>\n<li>optometria specializ\u00e1ci\u00f3 levelez\u0151 tagozat<\/li>\n<li>podi\u00e1ter szakir\u00e1ny\u00fa tov\u00e1bbk\u00e9pz\u00e9s levelez\u0151 tagozat<\/li>\n<li>radiogr\u00e1fia specializ\u00e1ci\u00f3 levelez\u0151 tagozat<\/li>\n<li>v\u00e9d\u0151n\u0151 szakir\u00e1ny nappali tagozat<\/li>\n<li>kiterjesztett hat\u00e1sk\u00f6r\u0171 \u00e1pol\u00f3 MSc nappali tagozat<\/li>\n<li>fizioter\u00e1pia MSc levelez\u0151 tagozat<\/li>\n<li>t\u00e1pl\u00e1lkoz\u00e1studom\u00e1nyi MSc levelez\u0151 tagozat<\/li>\n<li>eg\u00e9szs\u00e9g\u00fcgyi tan\u00e1r MSc levelez\u0151 tagozat<\/li>\n<li>n\u00e9peg\u00e9szs\u00e9g\u00fcgyi MSc levelez\u0151 tagozat<\/li>\n<\/ul>\n<div style=\"text-align: justify\">K\u00e9rj\u00fck, hogy mindezek figyelembe v\u00e9tel\u00e9vel <strong>\u00fcgyeljen a lent ismertetett id\u0151pontokra \u00e9s hat\u00e1rid\u0151kre<\/strong>. A tal\u00e1rfelv\u00e9telre rendelkez\u00e9sre \u00e1ll\u00f3 hat\u00e1rid\u0151 lej\u00e1rt\u00e1t k\u00f6vet\u0151en az \u00fcnneps\u00e9gekre nem lehet m\u00e1r jelentkezni!\u00a0<\/div>\n<div>\u00a0<\/div>\n<div class=\"exp-col-content-holder\">\n<p><a class=\"expand-cnt-link\" href=\"#\">Az \u00fcnneps\u00e9g id\u0151pontja, helysz\u00edne<\/a><\/p>\n<div class=\"hidden-content\">\n<p class=\"hiddenContentp\" style=\"text-align: justify\"><strong>Id\u0151pont:<\/strong> 2026. j\u00falius 11., <strong>10 \u00f3ra \u00e9s 15 \u00f3ra<\/strong><\/p>\n<p style=\"text-align: justify\"><strong>Helysz\u00edn:<\/strong> Budapest Kongresszusi K\u00f6zpont, 1123 Budapest, Jagell\u00f3 \u00fat 1-3.<\/p>\n<p style=\"text-align: justify\"><strong>Parkol\u00e1s: <\/strong>A Kongresszusi K\u00f6zpont el\u0151tt \u2013 nagyon korl\u00e1tozott sz\u00e1mban \u2013 fizet\u0151s parkol\u00f3hely \u00e1ll rendelkez\u00e9sre. Ezen k\u00edv\u00fcl a k\u00f6rny\u00e9ken is nagyon kev\u00e9s a parkol\u00f3hely, javasoljuk a t\u00f6megk\u00f6zleked\u00e9s ig\u00e9nybev\u00e9tel\u00e9t.<span style=\"color: #ff00ff\"><br \/>\n<\/span><\/p>\n<\/div>\n<\/div>\n<div class=\"exp-col-content-holder\">\n<p><a class=\"expand-cnt-link\" href=\"#\">Az \u00fcnneps\u00e9g el\u0151tti teend\u0151k<\/a><\/p>\n<div class=\"hidden-content\">\n<p style=\"text-align: justify\"><strong>Avat\u00e1si \u00f6lt\u00f6z\u00e9k (tal\u00e1r, kalap):\u00a0 <\/strong>A hallgat\u00f3k az \u00fcnneps\u00e9gen a Kar \u00e1ltal biztos\u00edtott tal\u00e1rt \u00e9s kalapot viselnek, melyeknek \u00e1tv\u00e9tele <span style=\"color: #000000\"><strong><span style=\"color: #000000\">20.000<\/span> Ft let\u00e9ti d\u00edj<\/strong><\/span> ellen\u00e9ben t\u00f6rt\u00e9nik. A tal\u00e1r \u00e9s a kalap \u00e1tv\u00e9tel\u00e9nek menete:<\/p>\n<ul style=\"text-align: justify\">\n<li>A ruhadarabok let\u00e9ti d\u00edj\u00e1nak befizet\u00e9se \u00e9s a ruhadarabok \u00e1tv\u00e9tele <strong>2026. j\u00fanius 1-12. k\u00f6z\u00f6tt (H-Cs: 9:00-16:00, P: 9:00-13:00)<\/strong> a Vas utcai \u00e9p\u00fclet Ruhat\u00e1r\u00e1ban t\u00f6rt\u00e9nik (felh\u00edvjuk a figyelm\u00e9t, hogy a tal\u00e1rfelv\u00e9tel csak azut\u00e1n t\u00f6rt\u00e9nhet, hogy a z\u00e1r\u00f3vizsg\u00e1t k\u00f6vet\u0151en a szaktansz\u00e9k t\u00e1j\u00e9koztatta a D\u00e9k\u00e1ni Hivatalt a sikeres z\u00e1r\u00f3vizsg\u00e1z\u00f3k n\u00e9vsor\u00e1r\u00f3l). A befizetett \u00f6sszegr\u0151l a helysz\u00ednen \u00e1tv\u00e9teli elismerv\u00e9nyt \u00e1ll\u00edtanak ki. A fizet\u00e9si bizonylatot \u0151rizz\u00e9k meg, mert a <strong>let\u00e9ti d\u00edj csak ennek bemutat\u00e1s\u00e1val kaphat\u00f3 vissza<\/strong>!<\/li>\n<li><span style=\"color: #ff0000\"><span style=\"color: #000000\">Saj\u00e1t avat\u00e1si \u00f6lt\u00f6z\u00e9kben nincs lehet\u0151s\u00e9g r\u00e9szt venni az \u00fcnneps\u00e9gen.<\/span> A hallgat\u00f3k az avat\u00e1si \u00f6lt\u00f6z\u00e9k\u00fck \u00e1tv\u00e9tel\u00e9vel jelzik r\u00e9szv\u00e9teli sz\u00e1nd\u00e9kukat az \u00fcnneps\u00e9gen. <strong>Az a hallgat\u00f3, aki nem veszi \u00e1t avat\u00e1si \u00f6lt\u00f6z\u00e9k\u00e9t, az \u00fcl\u00e9srendbe nem ker\u00fcl bele, az oklevele az \u00fcnneps\u00e9gre nem ker\u00fcl kisz\u00e1ll\u00edt\u00e1sra.<\/strong> A tal\u00e1rfelv\u00e9telre rendelkez\u00e9sre \u00e1ll\u00f3 hat\u00e1rid\u0151 lej\u00e1rt\u00e1t k\u00f6vet\u0151en az \u00fcnneps\u00e9gekre nem lehet m\u00e1r jelentkezni!\u00a0<span style=\"color: #000000\">A hallgat\u00f3k oklevel\u00fcket a sz\u00ednpadon veszik \u00e1t, \u00edgy k\u00e9rj\u00fck \u00fcgyeljen a tal\u00e1r alatti ruh\u00e1zatra. Ker\u00fclje a farmer, a szand\u00e1l, a papucs visel\u00e9s\u00e9t!<\/span><br \/>\n<\/span><\/li>\n<\/ul>\n<p style=\"text-align: justify\"><strong>Jegyek: <\/strong>Az \u00fcnneps\u00e9gen csak a Kar \u00e1ltal nyomtatott megh\u00edv\u00f3val lehet r\u00e9szt venni (hallgat\u00f3kra \u00e9s vend\u00e9geikre is vonatkozik)! A hallgat\u00f3k t\u00e9r\u00edt\u00e9smentesen a saj\u00e1t, illetve 2 vend\u00e9g\u00fck r\u00e9sz\u00e9re sz\u00f3l\u00f3 jegyet a tal\u00e1rral egyid\u0151ben vehetik \u00e1t <strong>2026. j\u00fanius 1-12. k\u00f6z\u00f6tt (H-Cs: 9:00-16:00, P: 9:00-13:00) a sikeres z\u00e1r\u00f3vizsg\u00e1jukat k\u00f6vet\u0151en<\/strong><strong> a <span style=\"color: #000000\">Jegyzetboltban<\/span><\/strong>. A jegyek \u00e1tv\u00e9tel\u00e9hez a tal\u00e1rfelv\u00e9telkor kapott \u00e1tv\u00e9teli elismerv\u00e9ny bemutat\u00e1s\u00e1ra van sz\u00fcks\u00e9g. Felh\u00edvjuk a figyelm\u00e9t, hogy <strong>a z\u00e1r\u00f3vizsgaid\u0151szak v\u00e9g\u00e9ig vend\u00e9gek sz\u00e1m\u00e1ra minden hallgat\u00f3 2 jegyet vehet \u00e1t, <\/strong>ha esetleg tov\u00e1bbi jegyek \u00e1tv\u00e9tel\u00e9re lesz lehet\u0151s\u00e9g, \u00fagy arr\u00f3l t\u00e1j\u00e9koztat\u00e1st fogunk k\u00fcldeni.\u00a0<br \/>\n<strong>A megh\u00edv\u00f3t hozza mag\u00e1val az \u00fcnneps\u00e9gre<\/strong>, an\u00e9lk\u00fcl nem vehet r\u00e9szt a rendezv\u00e9nyen, a diplom\u00e1j\u00e1t nem veheti \u00e1t!<strong> A megh\u00edv\u00f3 bemutat\u00e1sa a vend\u00e9gek r\u00e9sz\u00e9re is k\u00f6telez\u0151, e n\u00e9lk\u00fcl az \u00fcnneps\u00e9gen nem vehetnek r\u00e9szt, a Budapest Kongresszusi K\u00f6zpont \u2013 P\u00e1tria terembe nem l\u00e9phetnek be!<\/strong><\/p>\n<p style=\"text-align: justify\"><strong>Feh\u00e9r keszty\u0171:\u00a0<\/strong>Az oklev\u00e9l \u00e1tv\u00e9telekor <strong>feh\u00e9r keszty\u0171 viselete k\u00f6telez\u0151<\/strong>, ennek beszerz\u00e9s\u00e9r\u0151l egy\u00e9nileg kell gondoskodnia a hallgat\u00f3knak. Oklev\u00e9l\u00e1tad\u00e1skor k\u00e9zfog\u00e1s csak abban az esetben lehets\u00e9ges, ha a hallgat\u00f3n van keszty\u0171.<\/p>\n<p style=\"text-align: justify\"><strong>\u00dcl\u00e9srend: <\/strong>Az \u00fcnneps\u00e9gen a hallgat\u00f3k a Kar \u00e1ltal k\u00e9sz\u00edtett \u00fcltet\u00e9si rendnek megfelel\u0151en foglalnak helyet<span style=\"color: #000000\">. Az \u00fcltet\u00e9si rend ezen a fel\u00fcleten v\u00e1lik el\u00e9rhet\u0151v\u00e9 leghamarabb a j\u00fanius 29-ei h\u00e9ten. <strong><span style=\"color: #000000\">A megh\u00edv\u00f3t hozza mag\u00e1val az \u00fcnneps\u00e9gre,<\/span> mert csak annak bemutat\u00e1s\u00e1t k\u00f6vet\u0151en engedik be a P\u00e1tria terembe! \u00d6n az \u00fcltet\u00e9si rendnek megfelel\u0151en foglaljon helyet.\u00a0<\/strong><\/span><\/p>\n<p style=\"text-align: justify\"><strong>Esk\u00fc:<\/strong> Az \u00fcnneps\u00e9gen a v\u00e9gz\u0151s hallgat\u00f3k esk\u00fct tesznek. (Az esk\u00fc elej\u00e9n a saj\u00e1t nev\u00e9t mondja!)\u00a0<\/p>\n<\/div>\n<\/div>\n<div class=\"exp-col-content-holder\">\n<p><a class=\"expand-cnt-link\" href=\"#\">\u00dcnneps\u00e9g<\/a><\/p>\n<div class=\"hidden-content\">\n<p class=\"hiddenContentp\" style=\"text-align: justify\"><strong>Gy\u00fclekez\u0151: <\/strong>K\u00e9rj\u00fck, hogy az \u00fcnneps\u00e9g napj\u00e1n a <strong>10 \u00f3rakor kezd\u0151d\u0151 \u00fcnneps\u00e9gre 8:00-ig \u00e9rkezzen meg a helysz\u00ednre<\/strong>, a <strong>15 \u00f3rakor kezd\u0151d\u0151 \u00fcnneps\u00e9gre 13:00-ig \u00e9rkezzen meg a helysz\u00ednre,<\/strong> \u00e9s az avat\u00e1shoz sz\u00fcks\u00e9ges \u00f6lt\u00f6zetben keresse meg \u00e9vfolyamfelel\u0151s tan\u00e1r\u00e1t. <br \/>\nA csoportk\u00e9pek elk\u00e9sz\u00edt\u00e9s\u00e9re ekkor ker\u00fcl sor. A r\u00f6vid id\u0151re val\u00f3 tekintettel nagyon gyorsan kell a csoportoknak fel\u00e1llniuk a fot\u00f3z\u00e1shoz \u2013 m\u00e9g a hozz\u00e1tartoz\u00f3k beenged\u00e9se el\u0151tt.<br \/>\nK\u00e9rj\u00fck, tisztelje meg t\u00e1rsait \u00e9s ne k\u00e9ssen el, j\u00e1ruljon hozz\u00e1, hogy a k\u00e9pek min\u00e9l gyorsabban \u00e9s rendezettebb k\u00f6r\u00fclm\u00e9nyek k\u00f6z\u00f6tt k\u00e9sz\u00fclhessenek el. <br \/>\nA csoportk\u00e9p elk\u00e9sz\u00fclte ut\u00e1n foglaljon helyet az \u00d6n sz\u00e1m\u00e1ra az <strong>\u00fcl\u00e9srendben<\/strong> kijel\u00f6lt helyen a <span style=\"color: #000000\">P\u00e1tria teremben<\/span>.<br \/>\n<span style=\"color: #000000\"><strong>Amennyiben a 10 \u00f3rai \u00fcnneps\u00e9gre 9:00 \u00e9s 9:30 \u00f3ra k\u00f6z\u00f6tt \u00e9rkezik, a 15 \u00f3rai \u00fcnneps\u00e9gre 14:00 \u00e9s 14:30 \u00f3ra k\u00f6z\u00f6tt \u00e9rkezik, jelentkezzen az inform\u00e1ci\u00f3s pultn\u00e1l, majd az utols\u00f3 sorban foglaljon helyet. \u00d6n a szakir\u00e1ny\u00e1t\u00f3l k\u00fcl\u00f6n, az \u00fcnneps\u00e9g v\u00e9g\u00e9n veheti \u00e1t az oklevel\u00e9t.<\/strong> <\/span>Az \u00fcnneps\u00e9g kezdete el\u0151tt kevesebb, mint f\u00e9l \u00f3r\u00e1val <strong>(9:30 vagy 14:30 ut\u00e1n) \u00e9rkez\u0151 hallgat\u00f3k nem vehetik \u00e1t<\/strong> az oklevel\u00fcket az \u00fcnneps\u00e9gen!<\/p>\n<p style=\"text-align: justify\"><strong>\u00dcnneps\u00e9g: <\/strong>Az oklev\u00e9l\u00e1tad\u00e1s szakir\u00e1nyonk\u00e9nti bont\u00e1sban t\u00f6rt\u00e9nik. Az avat\u00e1s egyes\u00e9vel, n\u00e9v szerinti sz\u00f3l\u00edt\u00e1ssal a sz\u00ednpadon t\u00f6rt\u00e9nik.<span style=\"color: #000000\"> <strong>A k\u00e9s\u0151n (9:00 \u00e9s 9:30 k\u00f6z\u00f6tt, valamint 14:00 \u00e9s 14:30 k\u00f6z\u00f6tt) \u00e9rkez\u0151k \u2013 szakt\u00f3l, szakir\u00e1nyt\u00f3l k\u00fcl\u00f6n \u2013 utols\u00f3k\u00e9nt ker\u00fclnek sz\u00f3l\u00edt\u00e1sra.<\/strong> <\/span><span style=\"color: #ff0000\"><strong>A 9:30 \u00e9s 14:30 ut\u00e1n \u00e9rkez\u0151k 2026. j\u00falius 13-t\u00f3l j\u00falius 17-ig (H-Cs: 9:00-16:00; P: 9:00-13:00) vehetik \u00e1t oklevel\u00fcket a Tanulm\u00e1nyi Oszt\u00e1lyon.<\/strong><\/span><\/p>\n<p style=\"text-align: justify\">Felh\u00edvjuk sz\u00edves figyelm\u00e9t, hogy az \u00fcnneps\u00e9gek v\u00e1rhat\u00f3 id\u0151tartama kb. 1,5-2 \u00f3ra.<\/p>\n<p style=\"text-align: justify\"><strong>Fot\u00f3z\u00e1s:<\/strong> Az \u00fcnneps\u00e9g ideje alatt \u00e9s az oklev\u00e9l \u00e1tad\u00e1s\u00e1r\u00f3l hivat\u00e1sos f\u00e9nyk\u00e9p\u00e9sz felv\u00e9teleket k\u00e9sz\u00edt. Az \u00fcnneps\u00e9g zavartalan lefolytat\u00e1sa \u00e9rdek\u00e9ben csak a hivat\u00e1sos f\u00e9nyk\u00e9p\u00e9sz dolgozhat. A digit\u00e1lis fot\u00f3k (d\u00edjmentes) el\u00e9rhet\u0151s\u00e9g\u00e9r\u0151l az \u00fcnneps\u00e9g ut\u00e1n k\u00fcld\u00fcnk t\u00e1j\u00e9koztat\u00e1st.<\/p>\n<\/div>\n<\/div>\n<div class=\"exp-col-content-holder\">\n<p><a class=\"expand-cnt-link\" href=\"#\">Az \u00fcnneps\u00e9g ut\u00e1ni teend\u0151k<\/a><\/p>\n<div class=\"hidden-content\">\n<p style=\"text-align: justify\"><strong>Tal\u00e1r, kalap visszaad\u00e1sa: <\/strong>A let\u00e9ti d\u00edjat visszakapja, amennyiben a tal\u00e1rt \u00e9s a kalapot egyben, s\u00e9rtetlen, tiszta \u00e1llapotban, <span style=\"color: #000000\"><strong>j\u00falius 13-t\u00f3l j\u00falius 17-ig (H-Cs: 9:00-16:00; P: 9:00-13:00)<\/strong> a Vas utcai \u00e9p\u00fclet Ruhat\u00e1r\u00e1ban leadja. Felh\u00edvjuk a figyelm\u00e9t, hogy amennyiben <strong>a kalapot vagy a tal\u00e1rt ne<\/strong><\/span><strong>m hozza vissza, vagy s\u00e9r\u00fclt\/nem tiszta \u00e1llapotban adja \u00e1t valamelyiket, a let\u00e9ti d\u00edjat nem kapja vissza<\/strong>! A let\u00e9ti d\u00edj kiz\u00e1r\u00f3lag a <strong>fizet\u00e9si bizonylat felmutat\u00e1sa ut\u00e1n adhat\u00f3 vissza<\/strong>. K\u00e9rj\u00fck, \u0151rizze meg a tal\u00e1r <strong>\u00e1tv\u00e9telekor<\/strong> kapott befizet\u00e9si bizonylatot! Amennyiben szem\u00e9lyesen nem tudja visszahozni, \u00fagy meghatalmaz\u00e1ssal \u00e9s a fizet\u00e9si bizonylattal megb\u00edzottja is visszahozhatja.<\/p>\n<p style=\"text-align: justify\"><strong>Egy\u00e9b okm\u00e1nyok:<\/strong> A Tanulm\u00e1nyi Oszt\u00e1lyon j\u00falius 13-t\u00f3l j\u00falius 17-ig (H-Cs: 9:00-16:00, P: 9:00-13:00) veheti \u00e1t az egy\u00e9b dokumentumait:<\/p>\n<ul>\n<li style=\"text-align: justify\">oklev\u00e9lmell\u00e9klet<\/li>\n<li style=\"text-align: justify\">t\u00f6rzslapkivonat<\/li>\n<li>d\u00edszoklev\u00e9l<\/li>\n<\/ul>\n<\/div>\n<\/div>\n<div class=\"exp-col-content-holder\">\n<p><a class=\"expand-cnt-link\" href=\"#\">Hat\u00e1rid\u0151k<\/a><\/p>\n<div class=\"hidden-content\">\n<table style=\"border-collapse: collapse;width: 100%;height: 229px\">\n<tbody>\n<tr style=\"height: 53px\">\n<td style=\"width: 50%;height: 40px\">\n<p>2026. j\u00fanius 1-12. k\u00f6z\u00f6tt<\/p>\n<p>(H-Cs: 9:00-16:00, P: 9:00-13:00)<\/p>\n<\/td>\n<td style=\"width: 50%;height: 40px\">\n<p>Avat\u00e1si \u00f6lt\u00f6z\u00e9k \u00e1tv\u00e9tele a let\u00e9ti d\u00edj ellen\u00e9ben (Ruhat\u00e1r)<\/p>\n<p>A saj\u00e1t \u00e9s 2 db vend\u00e9gnek sz\u00f3l\u00f3 jegy \u00e1tv\u00e9tele a tal\u00e1rfelv\u00e9telkor kapott \u00e1tv\u00e9teli elismerv\u00e9ny bemutat\u00e1sa ut\u00e1n (Jegyzetbolt)<\/p>\n<\/td>\n<\/tr>\n<tr style=\"height: 53px\">\n<td style=\"width: 50%;height: 53px\">2026. j\u00fanius 29. ut\u00e1n<\/td>\n<td style=\"width: 50%;height: 53px\">\n<p>Oklev\u00e9l\u00e1tad\u00f3 \u00fcnneps\u00e9g \u00fcl\u00e9srendj\u00e9nek nyilv\u00e1noss\u00e1gra hozatala.<\/p>\n<\/td>\n<\/tr>\n<tr style=\"height: 53px\">\n<td style=\"width: 50%;height: 53px\">\n<p>2026. j\u00falius 11., 8:00 <em>(10 \u00f3rakor kezd\u0151d\u0151 \u00fcnneps\u00e9gre beosztott hallgat\u00f3k)<\/em><\/p>\n<p>2026. j\u00falius 11., 13:00 <em>(15 \u00f3rakor kezd\u0151d\u0151 \u00fcnneps\u00e9gre beosztott hallgat\u00f3k)<\/em><\/p>\n<\/td>\n<td style=\"width: 50%;height: 53px\">\n<p>Oklev\u00e9l\u00e1tad\u00f3 \u00fcnneps\u00e9gre gy\u00fclekez\u00e9s (Budapest Kongresszusi K\u00f6zpont)<\/p>\n<\/td>\n<\/tr>\n<tr style=\"height: 53px\">\n<td style=\"width: 50%;height: 53px\">2026. j\u00falius 11., 10:00 \u00e9s 15:00<\/td>\n<td style=\"width: 50%;height: 53px\">\n<p>Oklev\u00e9l\u00e1tad\u00f3 \u00fcnneps\u00e9g (kb. 1,5-2 \u00f3ra id\u0151tartam)<\/p>\n<\/td>\n<\/tr>\n<tr style=\"height: 53px\">\n<td style=\"width: 50%;height: 53px\">\n<p>2026. j\u00falius 13. \u00e9s 17. k\u00f6z\u00f6tt<\/p>\n<p>(H-Cs: 9:00-16:00; P: 9:00-13:00)<\/p>\n<\/td>\n<td style=\"width: 50%;height: 53px\">\n<p>Avat\u00e1si \u00f6lt\u00f6z\u00e9k lead\u00e1sa, let\u00e9ti d\u00edj visszav\u00e9tele (Ruhat\u00e1r)<\/p>\n<p>Oklev\u00e9lmell\u00e9klet, leckek\u00f6nyv \u00e1tv\u00e9tele (Tanulm\u00e1nyi Oszt\u00e1ly)<\/p>\n<\/td>\n<\/tr>\n<\/tbody>\n<\/table>\n<\/div>\n<\/div>\n<p>&nbsp;<\/p>\n<p style=\"text-align: justify\"><span style=\"color: #000000\">Felh\u00edvjuk a figyelm\u00e9t, hogy az Oklev\u00e9l\u00e1tad\u00f3 \u00dcnneps\u00e9gen r\u00e9sztvev\u0151k (v\u00e9gzett hallgat\u00f3k \u00e9s vend\u00e9geik, hozz\u00e1tartoz\u00f3ik) k\u00f6telesek az al\u00e1bbiakat betartani: <\/span><\/p>\n<p style=\"text-align: justify\"><span style=\"color: #000000\">\u2022 L\u00e1zzal, betegs\u00e9ggel k\u00fczd\u0151 r\u00e9sztvev\u0151 maradjon otthon.<br \/>\n<\/span><\/p>\n<p style=\"text-align: justify\"><span style=\"color: #000000\">\u2022 A Budapest Kongresszusi K\u00f6zpont P\u00e1tria term\u00e9be val\u00f3 bel\u00e9p\u00e9s felt\u00e9tele a megh\u00edv\u00f3 bemutat\u00e1sa.<\/span><\/p>\n","protected":false},"excerpt":{"rendered":"<p>Tisztelt Hallgat\u00f3! A 2026. \u00e9vi oklevelek \u00e1tv\u00e9tel\u00e9re 2 \u00fcnneps\u00e9g keret\u00e9n bel\u00fcl ny\u00edlik lehet\u0151s\u00e9g. A hallgat\u00f3kat szak\/szakir\u00e1nyos beoszt\u00e1s szerint vagy a 10 \u00f3rakor vagy a 15 \u00f3rakor kezd\u0151d\u0151 \u00fcnneps\u00e9gre v\u00e1rjuk. A beoszt\u00e1st\u00f3l elt\u00e9rni nem lehet. \u00a0 Az \u00fcnneps\u00e9geken a k\u00f6vetkez\u0151 feloszt\u00e1s szerint vehetnek r\u00e9szt a v\u00e9gzett hallgat\u00f3k: \u00a0 10 \u00f3rakor kezd\u0151d\u0151 \u00fcnneps\u00e9g: \u00e1pol\u00f3 szakir\u00e1ny nappali tagozat &hellip;<\/p>\n","protected":false},"author":101796,"featured_media":0,"parent":0,"menu_order":0,"comment_status":"closed","ping_status":"closed","template":"","meta":{"_acf_changed":false,"footnotes":""},"categories":[],"tags":[],"class_list":["post-6455","page","type-page","status-publish","hentry"],"acf":[],"_links":{"self":[{"href":"https:\/\/semmelweis.hu\/etk\/wp-json\/wp\/v2\/pages\/6455","targetHints":{"allow":["GET"]}}],"collection":[{"href":"https:\/\/semmelweis.hu\/etk\/wp-json\/wp\/v2\/pages"}],"about":[{"href":"https:\/\/semmelweis.hu\/etk\/wp-json\/wp\/v2\/types\/page"}],"author":[{"embeddable":true,"href":"https:\/\/semmelweis.hu\/etk\/wp-json\/wp\/v2\/users\/101796"}],"replies":[{"embeddable":true,"href":"https:\/\/semmelweis.hu\/etk\/wp-json\/wp\/v2\/comments?post=6455"}],"version-history":[{"count":10,"href":"https:\/\/semmelweis.hu\/etk\/wp-json\/wp\/v2\/pages\/6455\/revisions"}],"predecessor-version":[{"id":19843,"href":"https:\/\/semmelweis.hu\/etk\/wp-json\/wp\/v2\/pages\/6455\/revisions\/19843"}],"wp:attachment":[{"href":"https:\/\/semmelweis.hu\/etk\/wp-json\/wp\/v2\/media?parent=6455"}],"wp:term":[{"taxonomy":"category","embeddable":true,"href":"https:\/\/semmelweis.hu\/etk\/wp-json\/wp\/v2\/categories?post=6455"},{"taxonomy":"post_tag","embeddable":true,"href":"https:\/\/semmelweis.hu\/etk\/wp-json\/wp\/v2\/tags?post=6455"}],"curies":[{"name":"wp","href":"https:\/\/api.w.org\/{rel}","templated":true}]}}