{"id":586,"date":"2020-04-09T11:04:45","date_gmt":"2020-04-09T09:04:45","guid":{"rendered":"http:\/\/semmelweis.hu\/etk\/?page_id=586"},"modified":"2023-12-08T15:31:38","modified_gmt":"2023-12-08T14:31:38","slug":"tovabbkepzesek-szakdolgozok-szamara","status":"publish","type":"page","link":"https:\/\/semmelweis.hu\/etk\/oktatas\/tovabbkepzesek-szakdolgozok-szamara\/","title":{"rendered":"Tov\u00e1bbk\u00e9pz\u00e9sek szakdolgoz\u00f3k sz\u00e1m\u00e1ra"},"content":{"rendered":"<h2>K\u00f6telez\u0151 szakmacsoportos tov\u00e1bbk\u00e9pz\u00e9sek<\/h2>\n<p><a href=\"https:\/\/semmelweis.hu\/etk\/files\/2020\/07\/AEEK_szakdolg_tajekoztato_uj3.pdf\">AEEK \u00e1ltal\u00e1nos t\u00e1j\u00e9koztat\u00f3<\/a> a k\u00e9pz\u00e9sekr\u0151l \u00e9s\u00a0<a href=\"https:\/\/semmelweis.hu\/etk\/files\/2020\/07\/Szaftex_tajekoztato_reg.pdf\">T\u00e1j\u00e9koztat\u00f3 Szaftex regisztr\u00e1ci\u00f3r\u00f3l<\/a><\/p>\n<h4><strong>Szakmacsoportok:<\/strong><\/h4>\n<p style=\"padding-left: 40px;\">Feln\u0151tt \u00e1pol\u00e1s \u00e9s gondoz\u00e1s<br \/>\nGyermek \u00e1pol\u00e1s \u00e9s gondoz\u00e1s <br \/>\nS\u00fcrg\u0151ss\u00e9gi ell\u00e1t\u00e1s <br \/>\nLaborat\u00f3riumi diagnosztika <br \/>\nFog\u00e1szati ell\u00e1t\u00e1s <br \/>\nM\u0171t\u00e9ti ell\u00e1t\u00e1s <br \/>\nRehabilit\u00e1ci\u00f3s \u00e9s \u00e9letvezet\u00e9st t\u00e1mogat\u00f3 <br \/>\nDietetika <br \/>\nMozg\u00e1ster\u00e1pia \u00e9s fizioter\u00e1pia <br \/>\nK\u00e9pi diagnosztika <br \/>\nV\u00e9d\u0151n\u0151i ell\u00e1t\u00e1s <br \/>\nSz\u00fcl\u00e9szeti ell\u00e1t\u00e1s <br \/>\nEg\u00e9szs\u00e9g\u00fcgyi menedzsment <br \/>\n\u00c1ltal\u00e1nos \u00e9s elektrofiziol\u00f3giai asszisztencia <br \/>\nGy\u00f3gyszert\u00e1ri ell\u00e1t\u00e1s <br \/>\nK\u00f6zeg\u00e9szs\u00e9g\u00fcgyi \u00e9s n\u00e9peg\u00e9szs\u00e9g\u00fcgyi <br \/>\nTerm\u00e9szetgy\u00f3gy\u00e1szat<\/p>\n","protected":false},"excerpt":{"rendered":"<p>K\u00f6telez\u0151 szakmacsoportos tov\u00e1bbk\u00e9pz\u00e9sek<br \/>\n<a href=\"https:\/\/semmelweis.hu\/etk\/files\/2020\/07\/AEEK_szakdolg_tajekoztato_uj3.pdf\">AEEK \u00e1ltal\u00e1nos t\u00e1j\u00e9koztat\u00f3<\/a> a k\u00e9pz\u00e9sekr\u0151l \u00e9s\u00a0<a href=\"https:\/\/semmelweis.hu\/etk\/files\/2020\/07\/Szaftex_tajekoztato_reg.pdf\">T\u00e1j\u00e9koztat\u00f3 Szaftex regisztr\u00e1ci\u00f3r\u00f3l<\/a><br \/>\nSzakmacsoportok:<br \/>\nFeln\u0151tt \u00e1pol\u00e1s \u00e9s gondoz\u00e1s<br \/>\nGyermek \u00e1pol\u00e1s \u00e9s gondoz\u00e1s<br \/>\nS\u00fcrg\u0151ss\u00e9gi ell\u00e1t\u00e1s<br \/>\nLaborat\u00f3riumi diagnosztika<br \/>\nFog\u00e1szati ell\u00e1t\u00e1s<br \/>\nM\u0171t\u00e9ti ell\u00e1t\u00e1s<br \/>\nRehabilit\u00e1ci\u00f3s \u00e9s \u00e9letvezet\u00e9st t\u00e1mogat\u00f3<br \/>\nDietetika<br \/>\nMozg\u00e1ster\u00e1pia \u00e9s fizioter\u00e1pia<br \/>\nK\u00e9pi diagnosztika<br \/>\nV\u00e9d\u0151n\u0151i ell\u00e1t\u00e1s<br \/>\nSz\u00fcl\u00e9szeti ell\u00e1t\u00e1s<br \/>\nEg\u00e9szs\u00e9g\u00fcgyi menedzsment<br \/>\n\u00c1ltal\u00e1nos \u00e9s elektrofiziol\u00f3giai asszisztencia<br \/>\nGy\u00f3gyszert\u00e1ri ell\u00e1t\u00e1s<br \/>\nK\u00f6zeg\u00e9szs\u00e9g\u00fcgyi \u00e9s n\u00e9peg\u00e9szs\u00e9g\u00fcgyi<br \/>\nTerm\u00e9szetgy\u00f3gy\u00e1szat<\/p>\n","protected":false},"author":101729,"featured_media":0,"parent":10,"menu_order":7,"comment_status":"closed","ping_status":"closed","template":"","meta":{"_acf_changed":false,"footnotes":""},"categories":[],"tags":[],"class_list":["post-586","page","type-page","status-publish","hentry"],"acf":[],"_links":{"self":[{"href":"https:\/\/semmelweis.hu\/etk\/wp-json\/wp\/v2\/pages\/586","targetHints":{"allow":["GET"]}}],"collection":[{"href":"https:\/\/semmelweis.hu\/etk\/wp-json\/wp\/v2\/pages"}],"about":[{"href":"https:\/\/semmelweis.hu\/etk\/wp-json\/wp\/v2\/types\/page"}],"author":[{"embeddable":true,"href":"https:\/\/semmelweis.hu\/etk\/wp-json\/wp\/v2\/users\/101729"}],"replies":[{"embeddable":true,"href":"https:\/\/semmelweis.hu\/etk\/wp-json\/wp\/v2\/comments?post=586"}],"version-history":[{"count":10,"href":"https:\/\/semmelweis.hu\/etk\/wp-json\/wp\/v2\/pages\/586\/revisions"}],"predecessor-version":[{"id":14476,"href":"https:\/\/semmelweis.hu\/etk\/wp-json\/wp\/v2\/pages\/586\/revisions\/14476"}],"up":[{"embeddable":true,"href":"https:\/\/semmelweis.hu\/etk\/wp-json\/wp\/v2\/pages\/10"}],"wp:attachment":[{"href":"https:\/\/semmelweis.hu\/etk\/wp-json\/wp\/v2\/media?parent=586"}],"wp:term":[{"taxonomy":"category","embeddable":true,"href":"https:\/\/semmelweis.hu\/etk\/wp-json\/wp\/v2\/categories?post=586"},{"taxonomy":"post_tag","embeddable":true,"href":"https:\/\/semmelweis.hu\/etk\/wp-json\/wp\/v2\/tags?post=586"}],"curies":[{"name":"wp","href":"https:\/\/api.w.org\/{rel}","templated":true}]}}