{"id":506,"date":"2023-08-01T00:29:02","date_gmt":"2023-07-31T22:29:02","guid":{"rendered":"http:\/\/semmelweis.hu\/etk\/?page_id=506"},"modified":"2025-07-16T10:55:29","modified_gmt":"2025-07-16T08:55:29","slug":"podiater","status":"publish","type":"page","link":"https:\/\/semmelweis.hu\/etk\/oktatas\/szakiranyu-tovabbkepzesek\/podiater\/","title":{"rendered":"Podi\u00e1ter"},"content":{"rendered":"<h1>Podi\u00e1ter szakIR\u00c1NY\u00da TOV\u00c1BBK\u00c9PZ\u00c9S<\/h1>\n<div class=\"keretes w-100\">\n<h6><strong>Munkarend:<\/strong> levelez\u0151<\/h6>\n<h6><strong>K\u00e9pz\u00e9si id\u0151:\u00a0<\/strong>2 f\u00e9l\u00e9v, 60 kredit<\/h6>\n<\/div>\n<h4><strong>A k\u00e9pz\u00e9s c\u00e9lja<\/strong><\/h4>\n<p style=\"text-align: justify\">A haz\u00e1nkban n\u00e9pbetegs\u00e9gnek sz\u00e1m\u00edt\u00f3 diabetes mellitus egyik sz\u00f6v\u0151dm\u00e9nye a diab\u00e9teszes l\u00e1b, melynek gondoz\u00e1sa magas szinten k\u00e9pzett szakembereket ig\u00e9nyel. A cukorbetegs\u00e9gben szenved\u0151k magas amput\u00e1ci\u00f3s r\u00e1t\u00e1j\u00e1nak 85%-a megel\u0151zhet\u0151 lenne megfelel\u0151 podi\u00e1triai gondoz\u00e1s mellett. A probl\u00e9ma megold\u00e1s\u00e1ra \u00f6n\u00e1ll\u00f3 kompetenci\u00e1val rendelkez\u0151 \u00e1pol\u00e1si szakemberekre van sz\u00fcks\u00e9g. A k\u00e9pz\u00e9s c\u00e9lja olyan multidiszciplin\u00e1ris szeml\u00e9let\u0171 podi\u00e1ter szakemberek k\u00e9pz\u00e9se, akik k\u00e9pesek megfelel\u0151en kezelni a diabeteses l\u00e1bat, miel\u0151tt az irreverzibilis sz\u00f6v\u0151dm\u00e9nyek kialakuln\u00e1nak.<\/p>\n<h4 style=\"text-align: justify\"><strong>A k\u00e9pz\u00e9sben val\u00f3 r\u00e9szv\u00e9tel felt\u00e9tele<\/strong><\/h4>\n<p style=\"text-align: justify\">Orvos- \u00e9s eg\u00e9szs\u00e9gtudom\u00e1ny k\u00e9pz\u00e9si ter\u00fcleten legal\u00e1bb alapk\u00e9pz\u00e9sben szerzett oklev\u00e9l.<\/p>\n<h4 style=\"text-align: justify\"><strong>F\u0151bb ismeretk\u00f6r\u00f6k<\/strong><\/h4>\n<p style=\"text-align: justify\">Az als\u00f3 v\u00e9gtag statikus \u00e9s funkcion\u00e1lis anat\u00f3mi\u00e1ja, B\u0151rgy\u00f3gy\u00e1szati alapismeretek, Angiol\u00f3giai ismeretek, Diabetol\u00f3giai ismeretek, Neuropatia, Ortop\u00e9dia, Az als\u00f3 v\u00e9gtag deformit\u00e1ssal j\u00e1r\u00f3 betegs\u00e9gei, B\u0151rsebek, Infektol\u00f3gia, Infekci\u00f3kontroll, Orvosi jog, Bioetika, Rehabilit\u00e1ci\u00f3, Seg\u00e9deszk\u00f6z-ell\u00e1t\u00e1s, Sebell\u00e1t\u00e1s, Fizik\u00e1lis \u00e9s m\u0171szeres vizsg\u00e1latok, L\u00e1b- \u00e9s k\u00f6r\u00f6m\u00e1pol\u00e1s, Kommunik\u00e1ci\u00f3, Beteg-eduk\u00e1ci\u00f3, Dokument\u00e1ci\u00f3vezet\u00e9s.<\/p>\n<h4 style=\"text-align: justify\"><strong>A szakma sz\u00e9ps\u00e9gei<\/strong><\/h4>\n<p style=\"text-align: justify\">A podi\u00e1ter szakir\u00e1ny\u00fa tov\u00e1bbk\u00e9pz\u00e9s tananyag\u00e1t a t\u00e9m\u00e1ban speci\u00e1lis j\u00e1rtass\u00e1ggal rendelkez\u0151 szakemberek \u00ad\u2013 belgy\u00f3gy\u00e1sz\/diabetol\u00f3gus, angiol\u00f3gus, b\u0151rgy\u00f3gy\u00e1sz, ortop\u00e9d, traumatol\u00f3gus, infektol\u00f3gus, gy\u00f3gy\u00e1szati seg\u00e9deszk\u00f6z gy\u00e1rt\u00f3 \u00e9s forgalmaz\u00f3 \u2013 seg\u00edts\u00e9g\u00e9vel dolgoztuk ki a nemzetk\u00f6zi ir\u00e1nyelveket figyelembe v\u00e9ve. A podi\u00e1terek az Eur\u00f3pai Uni\u00f3ban m\u00e1r \u00e9vtizedek \u00f3ta a diab\u00e9teszes betegek gondoz\u00e1s\u00e1ban \u00e9s a lak\u00f3k\u00f6z\u00f6ss\u00e9gi \u00e1pol\u00e1s\u00e1ban elismert team tagok, akik munk\u00e1jukkal m\u00e9lt\u00e1n v\u00edvt\u00e1k ki a t\u00e1rsadalom \u00e9s a szakma megbecs\u00fcl\u00e9s\u00e9t is. Prevenci\u00f3s tev\u00e9kenys\u00e9g\u00fckkel szervesen hozz\u00e1j\u00e1rulnak a gondoz\u00e1s alatt \u00e1ll\u00f3 betegek \u00e9letmin\u0151s\u00e9g\u00e9nek jav\u00edt\u00e1s\u00e1hoz, el\u00e9gedetts\u00e9g\u00fck n\u00f6vel\u00e9s\u00e9hez, valamint az eg\u00e9szs\u00e9g\u00fcgyi \u00e1gazatban \u00e9s \u00f6sszt\u00e1rsadalmi szinten keletkez\u0151 k\u00f6lts\u00e9gek cs\u00f6kkent\u00e9s\u00e9hez. \u00a0<\/p>\n<h4 style=\"text-align: justify\"><strong>Elhelyezked\u00e9si es\u00e9lyek \u00e9s lehet\u0151s\u00e9gek<\/strong><\/h4>\n<p style=\"text-align: justify\">A k\u00e9pz\u00e9st jelent\u0151s orvos szakmai t\u00e1mogatotts\u00e1g \u00f6vezi, sz\u00e1mos elismert professzor \u00e9s orvos szakmai tudom\u00e1nyos t\u00e1rsas\u00e1g \u00e1llt a szakir\u00e1ny\u00fa tov\u00e1bbk\u00e9pz\u00e9s elind\u00edt\u00e1sa mell\u00e9. A v\u00e9gz\u00e9s ut\u00e1n a podi\u00e1terek jelent\u0151s szerephez juthatnak a diab\u00e9teszben szenved\u0151 betegek gondoz\u00e1s\u00e1ban, mind szakrendel\u0151i (pl. diabetol\u00f3giai szakambulancia), mind pedig lak\u00f3k\u00f6z\u00f6ss\u00e9gi (pl. h\u00e1ziorvosi praxis, otthoni szak\u00e1pol\u00e1s) szinten.<\/p>\n<h4><strong>A jelentkez\u00e9s felt\u00e9tele<\/strong><\/h4>\n<p>A k\u00e9pz\u00e9sben val\u00f3 r\u00e9szv\u00e9tel felt\u00e9tele orvos- \u00e9s eg\u00e9szs\u00e9gtudom\u00e1ny k\u00e9pz\u00e9si ter\u00fcleten legal\u00e1bb alapk\u00e9pz\u00e9sben szerzett oklev\u00e9l.<\/p>\n            <div class=\"qae-faqs-container qae-faqs-toggle-container\">\n\t\t\t\t\t\t\t<ul class=\"qe-faqs-filters-container\">\n\t\t\t\t<li class=\"active\"><a class=\"qe-faqs-filter all-faqs\" href=\"#\" data-filter=\"*\">All<\/a><\/li>\n\t\t\t\t<li><a class=\"qe-faqs-filter\" href=\"#jelentkezes-szakiranyu-tovabbkepzesek\" data-filter=\".jelentkezes-szakiranyu-tovabbkepzesek\">Jelentkez\u00e9s - Szakir\u00e1ny\u00fa tov\u00e1bbk\u00e9pz\u00e9sek<\/a><\/li>\t\t\t<\/ul>\n\t\t\t\t\t<div id=\"qaef-14486\" class=\"qe-faq-toggle jelentkezes-szakiranyu-tovabbkepzesek\">\n\t\t\t<div class=\"qe-toggle-title\">\n\t\t\t\t<h4>\n\t\t\t\t\t<i class=\"fa fa-minus-circle\"><\/i> Jelentkez\u00e9s szakir\u00e1ny\u00fa tov\u00e1bbk\u00e9pz\u00e9sre\t\t\t\t<\/h4>\n\t\t\t<\/div>\n\t\t\t<div class=\"qe-toggle-content\">\n\t\t\t\t<h4><strong>A jelentkez\u00e9s felt\u00e9tele:<\/strong><\/h4>\n<p>meghat\u00e1rozott k\u00e9pz\u00e9si ter\u00fcleten szerzett oklev\u00e9l.<\/p>\n<h4><strong>Jelentkez\u00e9si hat\u00e1rid\u0151:<\/strong><\/h4>\n<p>2026. m\u00e1jus 15.<\/p>\n<h4><strong>Jelentkez\u00e9s:<\/strong><\/h4>\n<p><a href=\"https:\/\/semmelweis.hu\/etk\/dokumentumok\/nyomtatvanyok\/\">Let\u00f6lthet\u0151 jelentkez\u00e9si lapon \u2192<\/a><\/p>\n<h4><strong>Jelentkez\u00e9si d\u00edj:<\/strong><\/h4>\n<p>6.000 Ft<\/p>\n<h4><strong>Finansz\u00edroz\u00e1si forma: <\/strong><\/h4>\n<ul>\n<li>\u00f6nk\u00f6lts\u00e9ges (300.000 Ft\/f\u00e9l\u00e9v)<\/li>\n<\/ul>\n\t\t\t<\/div>\n\t\t<\/div>\n\t\t            <\/div>\n\t\t\n","protected":false},"excerpt":{"rendered":"<p>A jelentkez\u00e9s felt\u00e9tele:<br \/>\nmeghat\u00e1rozott k\u00e9pz\u00e9si ter\u00fcleten szerzett oklev\u00e9l.<br \/>\nJelentkez\u00e9si hat\u00e1rid\u0151:<br \/>\n2026. m\u00e1jus 15.<br \/>\nJelentkez\u00e9s:<br \/>\n<a href=\"https:\/\/semmelweis.hu\/etk\/dokumentumok\/nyomtatvanyok\/\">Let\u00f6lthet\u0151 jelentkez\u00e9si lapon \u2192<\/a><br \/>\nJelentkez\u00e9si d\u00edj:<br \/>\n6.000 Ft<br \/>\nFinansz\u00edroz\u00e1si forma: <\/p>\n<p>\u00f6nk\u00f6lts\u00e9ges (300.000 Ft\/f\u00e9l\u00e9v)<\/p>\n","protected":false},"author":101729,"featured_media":14499,"parent":584,"menu_order":4,"comment_status":"closed","ping_status":"closed","template":"","meta":{"_acf_changed":false,"footnotes":""},"categories":[57,55],"tags":[],"class_list":["post-506","page","type-page","status-publish","has-post-thumbnail","hentry","category-kepzesek","category-szakto"],"acf":[],"_links":{"self":[{"href":"https:\/\/semmelweis.hu\/etk\/wp-json\/wp\/v2\/pages\/506","targetHints":{"allow":["GET"]}}],"collection":[{"href":"https:\/\/semmelweis.hu\/etk\/wp-json\/wp\/v2\/pages"}],"about":[{"href":"https:\/\/semmelweis.hu\/etk\/wp-json\/wp\/v2\/types\/page"}],"author":[{"embeddable":true,"href":"https:\/\/semmelweis.hu\/etk\/wp-json\/wp\/v2\/users\/101729"}],"replies":[{"embeddable":true,"href":"https:\/\/semmelweis.hu\/etk\/wp-json\/wp\/v2\/comments?post=506"}],"version-history":[{"count":13,"href":"https:\/\/semmelweis.hu\/etk\/wp-json\/wp\/v2\/pages\/506\/revisions"}],"predecessor-version":[{"id":18295,"href":"https:\/\/semmelweis.hu\/etk\/wp-json\/wp\/v2\/pages\/506\/revisions\/18295"}],"up":[{"embeddable":true,"href":"https:\/\/semmelweis.hu\/etk\/wp-json\/wp\/v2\/pages\/584"}],"wp:featuredmedia":[{"embeddable":true,"href":"https:\/\/semmelweis.hu\/etk\/wp-json\/wp\/v2\/media\/14499"}],"wp:attachment":[{"href":"https:\/\/semmelweis.hu\/etk\/wp-json\/wp\/v2\/media?parent=506"}],"wp:term":[{"taxonomy":"category","embeddable":true,"href":"https:\/\/semmelweis.hu\/etk\/wp-json\/wp\/v2\/categories?post=506"},{"taxonomy":"post_tag","embeddable":true,"href":"https:\/\/semmelweis.hu\/etk\/wp-json\/wp\/v2\/tags?post=506"}],"curies":[{"name":"wp","href":"https:\/\/api.w.org\/{rel}","templated":true}]}}