{"id":498,"date":"2023-07-01T00:29:01","date_gmt":"2023-06-30T22:29:01","guid":{"rendered":"http:\/\/semmelweis.hu\/etk\/?page_id=498"},"modified":"2025-02-06T15:54:03","modified_gmt":"2025-02-06T14:54:03","slug":"egeszsegugyi-tanar-mesterkepzesi-szak","status":"publish","type":"page","link":"https:\/\/semmelweis.hu\/etk\/oktatas\/mesterkepzesek-msc\/egeszsegugyi-tanar-mesterkepzesi-szak\/","title":{"rendered":"Eg\u00e9szs\u00e9g\u00fcgyi tan\u00e1r mesterk\u00e9pz\u00e9s"},"content":{"rendered":"<h1>Eg\u00e9szs\u00e9g\u00fcgyi tan\u00e1r mesterk\u00e9pz\u00e9si szak<\/h1>\n<div class=\"keretes w-100\">\n<h6><strong>Munkarend:<\/strong> levelez\u0151<\/h6>\n<h6><strong>K\u00e9pz\u00e9si id\u0151:<\/strong> 3 f\u00e9l\u00e9v, 90 kredit<\/h6>\n<\/div>\n<p><a href=\"#jelentkezes\">Tov\u00e1bb a felv\u00e9teli elj\u00e1r\u00e1ssal kapcsolatos inform\u00e1ci\u00f3khoz&#8230;<\/a><\/p>\n<h4><strong>Mi a k\u00e9pz\u00e9s c\u00e9lja?<\/strong><\/h4>\n<p style=\"text-align: justify\">Az eg\u00e9szs\u00e9g\u00fcgyi szakter\u00fcleten, az iskolai nevel\u00e9s-oktat\u00e1s szakk\u00e9pes\u00edt\u00e9s megszerz\u00e9s\u00e9re felk\u00e9sz\u00edt\u0151 szakaszainak \u00e9vfolyamain, az iskolai rendszer\u0171, valamint az iskolarendszeren k\u00edv\u00fcli szakiskolai, szakk\u00f6z\u00e9piskolai oktat\u00e1sban, tov\u00e1bb\u00e1 az Orsz\u00e1gos K\u00e9pz\u00e9si Jegyz\u00e9kben meghat\u00e1rozott szakk\u00e9pz\u00e9sekben az elm\u00e9leti \u00e9s elm\u00e9letig\u00e9nyes szakmai tant\u00e1rgyak tan\u00edt\u00e1s\u00e1ra, az iskola pedag\u00f3giai feladatainak v\u00e9gz\u00e9s\u00e9re, az eg\u00e9szs\u00e9g\u00fcgyi szakoktat\u00e1s pedag\u00f3giai kutat\u00e1si, tervez\u00e9si, fejleszt\u00e9si feladatok ell\u00e1t\u00e1s\u00e1ra, valamint a feln\u0151ttk\u00e9pz\u00e9sben az eg\u00e9szs\u00e9g\u00fcgyi ir\u00e1nyults\u00e1g\u00fa nevel\u00e9si \u00e9s oktat\u00e1si feladatai ell\u00e1t\u00e1s\u00e1ra k\u00e9pes tan\u00e1rok k\u00e9pz\u00e9se, tov\u00e1bb\u00e1 a tanulm\u00e1nyaik doktori k\u00e9pz\u00e9sben val\u00f3 folytat\u00e1s\u00e1ra t\u00f6rt\u00e9n\u0151 felk\u00e9sz\u00edt\u00e9s.<\/p>\n<h4><strong>Az eg\u00e9szs\u00e9g\u00fcgyi tan\u00e1r alkalmas:<\/strong><\/h4>\n<ul style=\"list-style-type: disc\">\n<li style=\"text-align: justify\">az eg\u00e9szs\u00e9gtudom\u00e1ny, illetve a nevel\u00e9studom\u00e1ny ter\u00fclet\u00e9n szerzett ismeretek \u00f6sszekapcsol\u00e1s\u00e1val \u00e9s tov\u00e1bbfejleszt\u00e9s\u00e9vel az eg\u00e9szs\u00e9ges \u00e9letm\u00f3dra nevelni;<\/li>\n<li style=\"text-align: justify\">felismerni az eg\u00e9szs\u00e9gk\u00e1ros\u00edt\u00f3 k\u00f6rnyezeti, valamint az \u00e9letm\u00f3db\u00f3l fakad\u00f3 vagy a rossz szoci\u00e1lis helyzetb\u0151l sz\u00e1rmaz\u00f3 negat\u00edv hat\u00e1sokat;<\/li>\n<li style=\"text-align: justify\">az eg\u00e9szs\u00e9gmeg\u0151rz\u00e9s \u00e9s -vissza\u00e1ll\u00edt\u00e1s egy\u00e9ni \u00e9s t\u00e1rsadalmi norm\u00e1inak, gyakorlat\u00e1nak megismer\u00e9s\u00e9re, prevenci\u00f3s programok tervez\u00e9s\u00e9re, kidolgoz\u00e1s\u00e1ra, fejleszt\u00e9s\u00e9re \u00e9s alkalmaz\u00e1s\u00e1ra a szakk\u00e9pz\u00e9sben;<\/li>\n<li style=\"text-align: justify\">az \u00e9letmin\u0151s\u00e9g jav\u00edt\u00e1sa \u00e9rdek\u00e9ben probl\u00e9mamegold\u00f3, korszer\u0171 \u00e9let-modelleket, a megv\u00e1ltozott eg\u00e9szs\u00e9gi \u00e1llapotnak megfelel\u0151 \u00e9letvitelt aj\u00e1nlani, s erre oktatni;<\/li>\n<li style=\"text-align: justify\">a p\u00e1lyaorient\u00e1ci\u00f3, a p\u00e1lyav\u00e1laszt\u00e1si tan\u00e1csad\u00e1s, a p\u00e1lyak\u00f6vet\u00e9s feladatainak ell\u00e1t\u00e1s\u00e1ra, \u00e9letp\u00e1lya modell kialak\u00edt\u00e1s\u00e1ra, karriertervez\u00e9sre;<\/li>\n<li style=\"text-align: justify\">az eg\u00e9szs\u00e9g\u00fcgyi k\u00e9pz\u00e9s speci\u00e1lis, region\u00e1lis ig\u00e9nyeknek megfelel\u0151 szakmai fejleszt\u00e9s\u00e9re;<\/li>\n<li style=\"text-align: justify\">felismerni a k\u00e9pz\u00e9si hely (k\u00e9pz\u0151 int\u00e9zm\u00e9ny), valamint a gazdas\u00e1gi, munkaer\u0151piaci \u00e9s t\u00e1rsadalmi k\u00f6rnyezet k\u00f6z\u00f6tti kapcsolatot \u00e9s ennek fejleszt\u00e9si lehet\u0151s\u00e9geit.<\/li>\n<\/ul>\n<h4><strong>A k\u00e9pz\u00e9sben val\u00f3 r\u00e9szv\u00e9tel felt\u00e9telei<\/strong><\/h4>\n<p style=\"text-align: justify\">Teljes kredit\u00e9rt\u00e9k besz\u00e1m\u00edt\u00e1s\u00e1val vehet\u0151 figyelembe az \u00e1pol\u00e1s \u00e9s betegell\u00e1t\u00e1s, eg\u00e9szs\u00e9g\u00fcgyi gondoz\u00e1s \u00e9s prevenci\u00f3, orvosi laborat\u00f3riumi \u00e9s k\u00e9palkot\u00f3 diagnosztikai analitikus \u00e9s az orvosi diagnosztikai analitikus alapszakok.<\/p>\n<h4><strong>Elhelyezked\u00e9si lehet\u0151s\u00e9gek<\/strong><\/h4>\n<p style=\"text-align: justify\">Eg\u00e9szs\u00e9g\u00fcgyi szakk\u00e9pz\u00e9st folytat\u00f3, iskolarendszer\u0171 vagy iskolarendszeren k\u00edv\u00fcli int\u00e9zm\u00e9nyekben:<\/p>\n<ul style=\"list-style-type: disc\">\n<li>eg\u00e9szs\u00e9g\u00fcgyi szakk\u00e9pz\u0151 iskol\u00e1kban,<\/li>\n<li>szakgimn\u00e1ziumokban,<\/li>\n<li>az Orsz\u00e1gos K\u00e9pz\u00e9si Jegyz\u00e9kben meghat\u00e1rozott szakk\u00e9pz\u00e9sekben,<\/li>\n<li>feln\u0151ttk\u00e9pz\u00e9si int\u00e9zm\u00e9nyekben.<a id=\"jelentkezes\"><\/a><\/li>\n<\/ul>\n            <div class=\"qae-faqs-container qae-faqs-toggle-container\">\n\t\t\t\t\t\t\t<ul class=\"qe-faqs-filters-container\">\n\t\t\t\t<li class=\"active\"><a class=\"qe-faqs-filter all-faqs\" href=\"#\" data-filter=\"*\">All<\/a><\/li>\n\t\t\t\t<li><a class=\"qe-faqs-filter\" href=\"#jelentkezes-mesterkepzesek\" data-filter=\".jelentkezes-mesterkepzesek\">Jelentkez\u00e9s - Mesterk\u00e9pz\u00e9sek<\/a><\/li>\t\t\t<\/ul>\n\t\t\t\t\t<div id=\"qaef-14491\" class=\"qe-faq-toggle jelentkezes-mesterkepzesek\">\n\t\t\t<div class=\"qe-toggle-title\">\n\t\t\t\t<h4>\n\t\t\t\t\t<i class=\"fa fa-minus-circle\"><\/i> Jelentkez\u00e9s mesterk\u00e9pz\u00e9sre\t\t\t\t<\/h4>\n\t\t\t<\/div>\n\t\t\t<div class=\"qe-toggle-content\">\n\t\t\t\t<p><a href=\"https:\/\/www.felvi.hu\/felveteli\/jelentkezes\/mikor_es_mire\/Mikor_lehet_jelentkezni\"><strong>Hivatalos felv\u00e9teli menetrend (felvi.hu) \u2192<\/strong><\/a><\/p>\n<h4><strong>A jelentkez\u00e9s felt\u00e9tele: <\/strong><\/h4>\n<p>A bemeneti k\u00f6vetelm\u00e9nyeknek megfelel\u0151 v\u00e9gzetts\u00e9get tan\u00fas\u00edt\u00f3 fels\u0151fok\u00fa oklev\u00e9l.<\/p>\n<h4><strong>Finansz\u00edroz\u00e1si forma: <\/strong><\/h4>\n<ul>\n<li>\u00e1llami \u00f6szt\u00f6nd\u00edjjal t\u00e1mogatott<\/li>\n<li>\u00f6nk\u00f6lts\u00e9ges (400.000 Ft\/f\u00e9l\u00e9v)<\/li>\n<\/ul>\n<h4><strong>Jelentkez\u00e9si hat\u00e1rid\u0151: <\/strong><\/h4>\n<ul>\n<li>2026. febru\u00e1r 15.<\/li>\n<\/ul>\n<h4><strong>Jelentkez\u00e9s m\u00f3dja: <\/strong><strong>\u00a0<\/strong><\/h4>\n<p>Kiz\u00e1r\u00f3lag elektronikusan jelentkezhetsz a <a href=\"http:\/\/www.felvi.hu\">www.felvi.hu<\/a> honlapon az E-felv\u00e9teli szolg\u00e1ltat\u00e1son kereszt\u00fcl regisztr\u00e1ci\u00f3 ut\u00e1n.<\/p>\n<h4><strong>Megjel\u00f6lt helyek sz\u00e1ma:<\/strong><\/h4>\n<p>Legfeljebb hat helyet jel\u00f6lhetsz meg. Egy jelentkez\u00e9si helynek sz\u00e1m\u00edt, ha a jelentkez\u00e9si hely csak a finansz\u00edroz\u00e1si (\u00e1llami \u00f6szt\u00f6nd\u00edjas, \u00f6nk\u00f6lts\u00e9ges) form\u00e1ban t\u00e9r el.<\/p>\n<h4><strong>D\u00edjak: <\/strong><\/h4>\n<p>H\u00e1rom k\u00e9pz\u00e9s megjel\u00f6l\u00e9se d\u00edjmentes, minden tov\u00e1bbi\u00e9rt 2.000-2.000 Ft kieg\u00e9sz\u00edt\u0151 d\u00edjat kell fizetni.<\/p>\n<h4><strong>Dokumentumok felt\u00f6lt\u00e9se: <\/strong><\/h4>\n<p>Fel kell t\u00f6lteni azokat a dokumentumokat, melyek a jelentkez\u00e9skor m\u00e1r rendelkez\u00e9sedre \u00e1llnak, a k\u00e9s\u0151bb megkapottakat pedig 2026. j\u00falius 07-ig. Az eredeti dokumentumokat a fels\u0151oktat\u00e1si int\u00e9zm\u00e9nyben a beiratkoz\u00e1s alkalm\u00e1val kell bemutatnod, amely a hallgat\u00f3i jogviszony l\u00e9tes\u00edt\u00e9s\u00e9nek is a felt\u00e9tele.<\/p>\n<h4><strong>\u00c9rv\u00e9nyes a jelentkez\u00e9s:<\/strong><\/h4>\n<p>Ha az E-felv\u00e9teliben ny\u00fajtod be \u00e9s a jelentkez\u00e9si \u0171rlapot hiteles\u00edted 2026. febru\u00e1r 15-ig \u00fcgyf\u00e9lkapun kereszt\u00fcl (szeptemberi kezd\u00e9ssel hirdetett k\u00e9pz\u00e9s eset\u00e9n).<\/p>\n<h4><strong>Fontos! <\/strong><\/h4>\n<p>Az eg\u00e9sz felv\u00e9teli elj\u00e1r\u00e1s sor\u00e1n rendszeresen figyeld a megadott e-mail fi\u00f3kodat \u00e9s az E-felv\u00e9teli fel\u00fcletet.<\/p>\n\t\t\t<\/div>\n\t\t<\/div>\n\t\t\t\t<div id=\"qaef-14490\" class=\"qe-faq-toggle jelentkezes-mesterkepzesek\">\n\t\t\t<div class=\"qe-toggle-title\">\n\t\t\t\t<h4>\n\t\t\t\t\t<i class=\"fa fa-minus-circle\"><\/i> Felv\u00e9teli vizsga \u00e9s \u00e1ltal\u00e1nos pontsz\u00e1m\u00edt\u00e1si m\u00f3dszerek (MSc)\t\t\t\t<\/h4>\n\t\t\t<\/div>\n\t\t\t<div class=\"qe-toggle-content\">\n\t\t\t\t<h4><strong>Felv\u00e9teli vizsga id\u0151pontja <br \/>\n<\/strong><\/h4>\n<p>2026. j\u00fanius 08-12.<\/p>\n<h4><strong>A felv\u00e9teli vizsga d\u00edja<\/strong><\/h4>\n<p>Egys\u00e9gesen 4.000 Ft <em>(befizet\u00e9s m\u00f3dja al\u00e1bb r\u00e9szletezve)<\/em><\/p>\n<h4><strong>Felv\u00e9teli vizsga m\u00f3dja<\/strong><\/h4>\n<p><strong>Fizioter\u00e1pia, kiterjesztett hat\u00e1sk\u00f6r\u0171 \u00e1pol\u00f3 \u00e9s t\u00e1pl\u00e1lkoz\u00e1studom\u00e1nyi, n\u00e9peg\u00e9szs\u00e9g\u00fcgyi, sz\u00fcl\u00e9szn\u0151 mesterk\u00e9pz\u00e9seken<br \/>\n<\/strong><\/p>\n<p style=\"padding-left: 40px\">Felv\u00e9teli elbesz\u00e9lget\u00e9s<br \/>\nPontsz\u00e1ma: 80 pont<\/p>\n<p><strong>Eg\u00e9szs\u00e9g\u00fcgyi tan\u00e1r mesterk\u00e9pz\u00e9sen<\/strong><\/p>\n<p style=\"padding-left: 40px\">\u00cdr\u00e1sbeli vizsga<br \/>\nPontsz\u00e1ma: 80 pont<\/p>\n<h4><strong>T\u00d6BBLETPONTOK<br \/>\n<\/strong><\/h4>\n<p>legfeljebb <strong>20<\/strong> pont lehet<\/p>\n<ul>\n<li><strong>fogyat\u00e9koss\u00e1g: <\/strong><strong>3<\/strong> pont<\/li>\n<li><strong>gyermekgondoz\u00e1s: <\/strong><strong>3<\/strong> pont<\/li>\n<li><strong>h\u00e1tr\u00e1nyos helyzet: <\/strong><strong>2<\/strong> pont<\/li>\n<li><strong>C1 komplex nyelvvizsga: <\/strong><strong>5<\/strong> pont<\/li>\n<li><strong>int\u00e9zm\u00e9nyi vagy orsz\u00e1gos TDK 1-3. helyez\u00e9s: <\/strong><strong>5<\/strong> pont<\/li>\n<\/ul>\n<h4><strong>Vizsgad\u00edj befizet\u00e9se:<\/strong><\/h4>\n<p style=\"text-align: justify\">A 4000 Ft-os vizsgad\u00edj befizet\u00e9se &#8211; kiz\u00e1r\u00f3lag &#8211; \u00e1tutal\u00e1ssal t\u00f6rt\u00e9nhet. Az ehhez sz\u00fcks\u00e9ges sz\u00e1ml\u00e1t postai \u00faton vagy e-mail c\u00edmedre kapod meg a felv\u00e9teli rendszerben r\u00f6gz\u00edtett adataidnak megfelel\u0151en. <strong>A befizet\u00e9si hat\u00e1rid\u0151<\/strong><strong>\u00a0szeptemberben indul\u00f3 k\u00e9pz\u00e9s eset\u00e9n: 2026. j\u00fanius 05.<\/strong> Csak akkor kezdheted meg a felv\u00e9teli vizsg\u00e1t, ha a d\u00edja a megadott hat\u00e1rid\u0151re az egyetem sz\u00e1ml\u00e1j\u00e1ra be\u00e9rkezik.<\/p>\n<div class=\"keretes w-100\">\n<p style=\"text-align: justify\"><strong>\u00d6sszpontsz\u00e1modat <\/strong>100 pontos pontsz\u00e1m\u00edt\u00e1si rendszerben sz\u00e1molj\u00e1k, a felv\u00e9teli elbesz\u00e9lget\u00e9sen vagy az \u00edr\u00e1sbeli vizsg\u00e1n el\u00e9rt eredm\u00e9nyedet \u00e9s a t\u00f6bbletpontokat \u00f6sszeadj\u00e1k.<\/p>\n<p style=\"text-align: justify\"><strong>Ponthat\u00e1r-meg\u00e1llap\u00edt\u00e1s:<\/strong> v\u00e1rhat\u00f3an 2026. j\u00falius 23.<\/p>\n<\/div>\n<h4 style=\"text-align: justify\"><strong>A felv\u00e9tel felt\u00e9tele:<\/strong><\/h4>\n<ul style=\"text-align: justify\">\n<li>rendelkezned kell a szak k\u00e9pz\u00e9si \u00e9s kimeneti k\u00f6vetelm\u00e9ny\u00e9ben meghat\u00e1rozott, a bel\u00e9p\u00e9shez sz\u00fcks\u00e9ges \u2013 legal\u00e1bb \u2013 alapk\u00e9pz\u00e9sben szerzett v\u00e9gzetts\u00e9ggel (2006 el\u0151tti k\u00e9pz\u00e9si rendszer szerinti \u2013 legal\u00e1bb &#8211; f\u0151iskolai szint\u0171 v\u00e9gzetts\u00e9ggel)<\/li>\n<li>a felv\u00e9teli elj\u00e1r\u00e1s sor\u00e1n el kell \u00e9rned legal\u00e1bb 50 pontot (jogszab\u00e1lyi minimumpont)<\/li>\n<li>el kell \u00e9rned a szak felv\u00e9teli ponthat\u00e1r\u00e1t.<\/li>\n<\/ul>\n\t\t\t<\/div>\n\t\t<\/div>\n\t\t            <\/div>\n\t\t\n<h4 style=\"margin-top: 20px !important\"><strong>Let\u00f6lthet\u0151 dokumentumok<\/strong><\/h4>\n<ul>\n<li><a href=\"https:\/\/semmelweis.hu\/etk\/files\/2020\/08\/felv-temak-tanar.pdf\">Okleveles Eg\u00e9szs\u00e9g\u00fcgyi Tan\u00e1r MSc k\u00e9pz\u00e9s \u00edr\u00e1sbeli vizsg\u00e1j\u00e1nak t\u00e9mak\u00f6rei<\/a><\/li>\n<\/ul>\n","protected":false},"excerpt":{"rendered":"<p>Felv\u00e9teli vizsga id\u0151pontja 2026. j\u00fanius 08-12. A felv\u00e9teli vizsga d\u00edja Egys\u00e9gesen 4.000 Ft (befizet\u00e9s m\u00f3dja al\u00e1bb r\u00e9szletezve) Felv\u00e9teli vizsga m\u00f3dja Fizioter\u00e1pia, kiterjesztett hat\u00e1sk\u00f6r\u0171 \u00e1pol\u00f3 \u00e9s t\u00e1pl\u00e1lkoz\u00e1studom\u00e1nyi, n\u00e9peg\u00e9szs\u00e9g\u00fcgyi, sz\u00fcl\u00e9szn\u0151 mesterk\u00e9pz\u00e9seken Felv\u00e9teli elbesz\u00e9lget\u00e9s Pontsz\u00e1ma: 80 pont Eg\u00e9szs\u00e9g\u00fcgyi tan\u00e1r mesterk\u00e9pz\u00e9sen \u00cdr\u00e1sbeli vizsga Pontsz\u00e1ma: 80 pont T\u00d6BBLETPONTOK legfeljebb 20 pont lehet fogyat\u00e9koss\u00e1g: 3 pont gyermekgondoz\u00e1s: 3 pont h\u00e1tr\u00e1nyos helyzet: &hellip;<\/p>\n","protected":false},"author":101729,"featured_media":13809,"parent":9,"menu_order":5,"comment_status":"closed","ping_status":"closed","template":"","meta":{"_acf_changed":false,"footnotes":""},"categories":[57,53],"tags":[],"class_list":["post-498","page","type-page","status-publish","has-post-thumbnail","hentry","category-kepzesek","category-mester"],"acf":[],"_links":{"self":[{"href":"https:\/\/semmelweis.hu\/etk\/wp-json\/wp\/v2\/pages\/498","targetHints":{"allow":["GET"]}}],"collection":[{"href":"https:\/\/semmelweis.hu\/etk\/wp-json\/wp\/v2\/pages"}],"about":[{"href":"https:\/\/semmelweis.hu\/etk\/wp-json\/wp\/v2\/types\/page"}],"author":[{"embeddable":true,"href":"https:\/\/semmelweis.hu\/etk\/wp-json\/wp\/v2\/users\/101729"}],"replies":[{"embeddable":true,"href":"https:\/\/semmelweis.hu\/etk\/wp-json\/wp\/v2\/comments?post=498"}],"version-history":[{"count":11,"href":"https:\/\/semmelweis.hu\/etk\/wp-json\/wp\/v2\/pages\/498\/revisions"}],"predecessor-version":[{"id":17139,"href":"https:\/\/semmelweis.hu\/etk\/wp-json\/wp\/v2\/pages\/498\/revisions\/17139"}],"up":[{"embeddable":true,"href":"https:\/\/semmelweis.hu\/etk\/wp-json\/wp\/v2\/pages\/9"}],"wp:featuredmedia":[{"embeddable":true,"href":"https:\/\/semmelweis.hu\/etk\/wp-json\/wp\/v2\/media\/13809"}],"wp:attachment":[{"href":"https:\/\/semmelweis.hu\/etk\/wp-json\/wp\/v2\/media?parent=498"}],"wp:term":[{"taxonomy":"category","embeddable":true,"href":"https:\/\/semmelweis.hu\/etk\/wp-json\/wp\/v2\/categories?post=498"},{"taxonomy":"post_tag","embeddable":true,"href":"https:\/\/semmelweis.hu\/etk\/wp-json\/wp\/v2\/tags?post=498"}],"curies":[{"name":"wp","href":"https:\/\/api.w.org\/{rel}","templated":true}]}}