{"id":493,"date":"2023-07-01T00:30:05","date_gmt":"2023-06-30T22:30:05","guid":{"rendered":"http:\/\/semmelweis.hu\/etk\/?page_id=493"},"modified":"2026-01-20T13:32:22","modified_gmt":"2026-01-20T12:32:22","slug":"apolas-mesterkepzesi-szak","status":"publish","type":"page","link":"https:\/\/semmelweis.hu\/etk\/oktatas\/mesterkepzesek-msc\/apolas-mesterkepzesi-szak\/","title":{"rendered":"Kiterjesztett hat\u00e1sk\u00f6r\u0171 \u00e1pol\u00f3 mesterk\u00e9pz\u00e9s"},"content":{"rendered":"<h1>Kiterjesztett hat\u00e1sk\u00f6r\u0171 \u00e1pol\u00f3 mesterk\u00e9pz\u00e9si szak<\/h1>\n<div class=\"keretes w-100\">\n<h6><strong>Munkarend:<\/strong> nappali<\/h6>\n<h6><strong>K\u00e9pz\u00e9si id\u0151:<\/strong> 4 f\u00e9l\u00e9v, 120 kredit<\/h6>\n<\/div>\n<p><a href=\"#jelentkezes\">Tov\u00e1bb a felv\u00e9teli elj\u00e1r\u00e1ssal kapcsolatos inform\u00e1ci\u00f3khoz&#8230;<\/a><\/p>\n<h4><strong>Mi a k\u00e9pz\u00e9s c\u00e9lja?<\/strong><\/h4>\n<p style=\"text-align: justify\">A k\u00e9pz\u00e9s c\u00e9lja olyan eg\u00e9szs\u00e9gtudom\u00e1nyi szakem\u00adberek k\u00e9pz\u00e9se, akik rendelkeznek azokkal az ismeretekkel, melyek birtok\u00e1ban k\u00e9pesek a beteg\u00adell\u00e1t\u00e1sban komplex, kiterjesztett hat\u00e1sk\u00f6rrel j\u00e1r\u00f3 \u00f6n\u00e1ll\u00f3 munkav\u00e9gz\u00e9sre, specializ\u00e1ci\u00f3j\u00e1nak meg\u00adfelel\u0151en a kritikus gondolkod\u00e1sra, a megszerzett tud\u00e1s gyakorlati alkalmaz\u00e1s\u00e1ra. Menedzsmentis\u00admereteik \u00e1ltal k\u00e9pess\u00e9 v\u00e1lnak szakdolgoz\u00f3k \u00e9s szervezeti egys\u00e9gek vezet\u00e9s\u00e9re, valamint kuta\u00adt\u00e1sm\u00f3dszertani \u00e9s biostatisztikai ismereteiknek k\u00f6sz\u00f6nhet\u0151en klinikai kutat\u00e1sok megtervez\u00e9s\u00e9re \u00e9s lebonyol\u00edt\u00e1s\u00e1ra.<\/p>\n<h4><strong>A k\u00e9pz\u00e9sben val\u00f3 r\u00e9szv\u00e9tel felt\u00e9telei<\/strong><\/h4>\n<p style=\"text-align: justify\">Teljes kredit\u00e9rt\u00e9k besz\u00e1m\u00edt\u00e1s\u00e1val vehet\u0151 figye\u00adlembe az \u00e1pol\u00e1s \u00e9s betegell\u00e1t\u00e1s alapk\u00e9pz\u00e9si szak\u00e1pol\u00f3 szakir\u00e1nya, valamint a fels\u0151oktat\u00e1sr\u00f3l sz\u00f3l\u00f3 1993. \u00e9vi LXXX. t\u00f6rv\u00e9ny szerinti \u00e1pol\u00f3 szak. S\u00fcrg\u0151ss\u00e9gi szak\u00e1pol\u00f3 specializ\u00e1ci\u00f3 v\u00e1laszt\u00e1sa ese\u00adt\u00e9n, az \u00e1pol\u00e1s \u00e9s betegell\u00e1t\u00e1s alapk\u00e9pz\u00e9si szak ment\u0151tiszt szak ir\u00e1\u00adnya, valamint a fels\u0151oktat\u00e1sr\u00f3l sz\u00f3l\u00f3 1993. \u00e9vi LXXX. t\u00f6rv\u00e9ny szerinti ment\u0151tiszt szak, amennyiben korszer\u0171 \u00e1pol\u00e1studom\u00e1nyi ismeretekb\u0151l kor\u00e1bbi tanulm\u00e1nyaib\u00f3l legal\u00e1bb 20 kredit elismerhet\u0151.<\/p>\n<h4><strong>A szak specializ\u00e1ci\u00f3i<\/strong><\/h4>\n<ul style=\"list-style-type: disc\">\n<li>S\u00fcrg\u0151ss\u00e9gi szak\u00e1pol\u00e1s specializ\u00e1ci\u00f3<\/li>\n<li>Geri\u00e1triai szak\u00e1pol\u00e1s specializ\u00e1ci\u00f3<\/li>\n<li>K\u00f6z\u00f6ss\u00e9gi szak\u00e1pol\u00e1s specializ\u00e1ci\u00f3<\/li>\n<li>Intenz\u00edv szak\u00e1pol\u00e1s specializ\u00e1ci\u00f3<\/li>\n<li>Kardiotechnikai \u00e9s mechanikus kering\u00e9st\u00e1mogat\u00e1si szak\u00e1pol\u00f3 specializ\u00e1ci\u00f3<\/li>\n<li>Perioperat\u00edv szak\u00e1pol\u00e1s specializ\u00e1ci\u00f3 <em>(jelenleg nem indul)<\/em><a id=\"jelentkezes\"><\/a><\/li>\n<\/ul>\n            <div class=\"qae-faqs-container qae-faqs-toggle-container\">\n\t\t\t\t\t\t\t<ul class=\"qe-faqs-filters-container\">\n\t\t\t\t<li class=\"active\"><a class=\"qe-faqs-filter all-faqs\" href=\"#\" data-filter=\"*\">All<\/a><\/li>\n\t\t\t\t<li><a class=\"qe-faqs-filter\" href=\"#jelentkezes-mesterkepzesek\" data-filter=\".jelentkezes-mesterkepzesek\">Jelentkez\u00e9s - Mesterk\u00e9pz\u00e9sek<\/a><\/li>\t\t\t<\/ul>\n\t\t\t\t\t<div id=\"qaef-14491\" class=\"qe-faq-toggle jelentkezes-mesterkepzesek\">\n\t\t\t<div class=\"qe-toggle-title\">\n\t\t\t\t<h4>\n\t\t\t\t\t<i class=\"fa fa-minus-circle\"><\/i> Jelentkez\u00e9s mesterk\u00e9pz\u00e9sre\t\t\t\t<\/h4>\n\t\t\t<\/div>\n\t\t\t<div class=\"qe-toggle-content\">\n\t\t\t\t<p><a href=\"https:\/\/www.felvi.hu\/felveteli\/jelentkezes\/mikor_es_mire\/Mikor_lehet_jelentkezni\"><strong>Hivatalos felv\u00e9teli menetrend (felvi.hu) \u2192<\/strong><\/a><\/p>\n<h4><strong>A jelentkez\u00e9s felt\u00e9tele: <\/strong><\/h4>\n<p>A bemeneti k\u00f6vetelm\u00e9nyeknek megfelel\u0151 v\u00e9gzetts\u00e9get tan\u00fas\u00edt\u00f3 fels\u0151fok\u00fa oklev\u00e9l.<\/p>\n<h4><strong>Finansz\u00edroz\u00e1si forma: <\/strong><\/h4>\n<ul>\n<li>\u00e1llami \u00f6szt\u00f6nd\u00edjjal t\u00e1mogatott<\/li>\n<li>\u00f6nk\u00f6lts\u00e9ges (400.000 Ft\/f\u00e9l\u00e9v)<\/li>\n<\/ul>\n<h4><strong>Jelentkez\u00e9si hat\u00e1rid\u0151: <\/strong><\/h4>\n<ul>\n<li>2026. febru\u00e1r 15.<\/li>\n<\/ul>\n<h4><strong>Jelentkez\u00e9s m\u00f3dja: <\/strong><strong>\u00a0<\/strong><\/h4>\n<p>Kiz\u00e1r\u00f3lag elektronikusan jelentkezhetsz a <a href=\"http:\/\/www.felvi.hu\">www.felvi.hu<\/a> honlapon az E-felv\u00e9teli szolg\u00e1ltat\u00e1son kereszt\u00fcl regisztr\u00e1ci\u00f3 ut\u00e1n.<\/p>\n<h4><strong>Megjel\u00f6lt helyek sz\u00e1ma:<\/strong><\/h4>\n<p>Legfeljebb hat helyet jel\u00f6lhetsz meg. Egy jelentkez\u00e9si helynek sz\u00e1m\u00edt, ha a jelentkez\u00e9si hely csak a finansz\u00edroz\u00e1si (\u00e1llami \u00f6szt\u00f6nd\u00edjas, \u00f6nk\u00f6lts\u00e9ges) form\u00e1ban t\u00e9r el.<\/p>\n<h4><strong>D\u00edjak: <\/strong><\/h4>\n<p>H\u00e1rom k\u00e9pz\u00e9s megjel\u00f6l\u00e9se d\u00edjmentes, minden tov\u00e1bbi\u00e9rt 2.000-2.000 Ft kieg\u00e9sz\u00edt\u0151 d\u00edjat kell fizetni.<\/p>\n<h4><strong>Dokumentumok felt\u00f6lt\u00e9se: <\/strong><\/h4>\n<p>Fel kell t\u00f6lteni azokat a dokumentumokat, melyek a jelentkez\u00e9skor m\u00e1r rendelkez\u00e9sedre \u00e1llnak, a k\u00e9s\u0151bb megkapottakat pedig 2026. j\u00falius 07-ig. Az eredeti dokumentumokat a fels\u0151oktat\u00e1si int\u00e9zm\u00e9nyben a beiratkoz\u00e1s alkalm\u00e1val kell bemutatnod, amely a hallgat\u00f3i jogviszony l\u00e9tes\u00edt\u00e9s\u00e9nek is a felt\u00e9tele.<\/p>\n<h4><strong>\u00c9rv\u00e9nyes a jelentkez\u00e9s:<\/strong><\/h4>\n<p>Ha az E-felv\u00e9teliben ny\u00fajtod be \u00e9s a jelentkez\u00e9si \u0171rlapot hiteles\u00edted 2026. febru\u00e1r 15-ig \u00fcgyf\u00e9lkapun kereszt\u00fcl (szeptemberi kezd\u00e9ssel hirdetett k\u00e9pz\u00e9s eset\u00e9n).<\/p>\n<h4><strong>Fontos! <\/strong><\/h4>\n<p>Az eg\u00e9sz felv\u00e9teli elj\u00e1r\u00e1s sor\u00e1n rendszeresen figyeld a megadott e-mail fi\u00f3kodat \u00e9s az E-felv\u00e9teli fel\u00fcletet.<\/p>\n\t\t\t<\/div>\n\t\t<\/div>\n\t\t\t\t<div id=\"qaef-14490\" class=\"qe-faq-toggle jelentkezes-mesterkepzesek\">\n\t\t\t<div class=\"qe-toggle-title\">\n\t\t\t\t<h4>\n\t\t\t\t\t<i class=\"fa fa-minus-circle\"><\/i> Felv\u00e9teli vizsga \u00e9s \u00e1ltal\u00e1nos pontsz\u00e1m\u00edt\u00e1si m\u00f3dszerek (MSc)\t\t\t\t<\/h4>\n\t\t\t<\/div>\n\t\t\t<div class=\"qe-toggle-content\">\n\t\t\t\t<h4><strong>Felv\u00e9teli vizsga id\u0151pontja <br \/>\n<\/strong><\/h4>\n<p>2026. j\u00fanius 08-12.<\/p>\n<h4><strong>A felv\u00e9teli vizsga d\u00edja<\/strong><\/h4>\n<p>Egys\u00e9gesen 4.000 Ft <em>(befizet\u00e9s m\u00f3dja al\u00e1bb r\u00e9szletezve)<\/em><\/p>\n<h4><strong>Felv\u00e9teli vizsga m\u00f3dja<\/strong><\/h4>\n<p><strong>Fizioter\u00e1pia, kiterjesztett hat\u00e1sk\u00f6r\u0171 \u00e1pol\u00f3 \u00e9s t\u00e1pl\u00e1lkoz\u00e1studom\u00e1nyi, n\u00e9peg\u00e9szs\u00e9g\u00fcgyi, sz\u00fcl\u00e9szn\u0151 mesterk\u00e9pz\u00e9seken<br \/>\n<\/strong><\/p>\n<p style=\"padding-left: 40px\">Felv\u00e9teli elbesz\u00e9lget\u00e9s<br \/>\nPontsz\u00e1ma: 80 pont<\/p>\n<p><strong>Eg\u00e9szs\u00e9g\u00fcgyi tan\u00e1r mesterk\u00e9pz\u00e9sen<\/strong><\/p>\n<p style=\"padding-left: 40px\">\u00cdr\u00e1sbeli vizsga<br \/>\nPontsz\u00e1ma: 80 pont<\/p>\n<h4><strong>T\u00d6BBLETPONTOK<br \/>\n<\/strong><\/h4>\n<p>legfeljebb <strong>20<\/strong> pont lehet<\/p>\n<ul>\n<li><strong>fogyat\u00e9koss\u00e1g: <\/strong><strong>3<\/strong> pont<\/li>\n<li><strong>gyermekgondoz\u00e1s: <\/strong><strong>3<\/strong> pont<\/li>\n<li><strong>h\u00e1tr\u00e1nyos helyzet: <\/strong><strong>2<\/strong> pont<\/li>\n<li><strong>C1 komplex nyelvvizsga: <\/strong><strong>5<\/strong> pont<\/li>\n<li><strong>int\u00e9zm\u00e9nyi vagy orsz\u00e1gos TDK 1-3. helyez\u00e9s: <\/strong><strong>5<\/strong> pont<\/li>\n<\/ul>\n<h4><strong>Vizsgad\u00edj befizet\u00e9se:<\/strong><\/h4>\n<p style=\"text-align: justify\">A 4000 Ft-os vizsgad\u00edj befizet\u00e9se &#8211; kiz\u00e1r\u00f3lag &#8211; \u00e1tutal\u00e1ssal t\u00f6rt\u00e9nhet. Az ehhez sz\u00fcks\u00e9ges sz\u00e1ml\u00e1t postai \u00faton vagy e-mail c\u00edmedre kapod meg a felv\u00e9teli rendszerben r\u00f6gz\u00edtett adataidnak megfelel\u0151en. <strong>A befizet\u00e9si hat\u00e1rid\u0151<\/strong><strong>\u00a0szeptemberben indul\u00f3 k\u00e9pz\u00e9s eset\u00e9n: 2026. j\u00fanius 05.<\/strong> Csak akkor kezdheted meg a felv\u00e9teli vizsg\u00e1t, ha a d\u00edja a megadott hat\u00e1rid\u0151re az egyetem sz\u00e1ml\u00e1j\u00e1ra be\u00e9rkezik.<\/p>\n<div class=\"keretes w-100\">\n<p style=\"text-align: justify\"><strong>\u00d6sszpontsz\u00e1modat <\/strong>100 pontos pontsz\u00e1m\u00edt\u00e1si rendszerben sz\u00e1molj\u00e1k, a felv\u00e9teli elbesz\u00e9lget\u00e9sen vagy az \u00edr\u00e1sbeli vizsg\u00e1n el\u00e9rt eredm\u00e9nyedet \u00e9s a t\u00f6bbletpontokat \u00f6sszeadj\u00e1k.<\/p>\n<p style=\"text-align: justify\"><strong>Ponthat\u00e1r-meg\u00e1llap\u00edt\u00e1s:<\/strong> v\u00e1rhat\u00f3an 2026. j\u00falius 23.<\/p>\n<\/div>\n<h4 style=\"text-align: justify\"><strong>A felv\u00e9tel felt\u00e9tele:<\/strong><\/h4>\n<ul style=\"text-align: justify\">\n<li>rendelkezned kell a szak k\u00e9pz\u00e9si \u00e9s kimeneti k\u00f6vetelm\u00e9ny\u00e9ben meghat\u00e1rozott, a bel\u00e9p\u00e9shez sz\u00fcks\u00e9ges \u2013 legal\u00e1bb \u2013 alapk\u00e9pz\u00e9sben szerzett v\u00e9gzetts\u00e9ggel (2006 el\u0151tti k\u00e9pz\u00e9si rendszer szerinti \u2013 legal\u00e1bb &#8211; f\u0151iskolai szint\u0171 v\u00e9gzetts\u00e9ggel)<\/li>\n<li>a felv\u00e9teli elj\u00e1r\u00e1s sor\u00e1n el kell \u00e9rned legal\u00e1bb 50 pontot (jogszab\u00e1lyi minimumpont)<\/li>\n<li>el kell \u00e9rned a szak felv\u00e9teli ponthat\u00e1r\u00e1t.<\/li>\n<\/ul>\n\t\t\t<\/div>\n\t\t<\/div>\n\t\t            <\/div>\n\t\t\n<h4 style=\"margin-top: 20px !important\"><strong>Let\u00f6lthet\u0151 dokumentumok<\/strong><\/h4>\n<ul>\n<li>\n<p>Kiterjesztett hat\u00e1sk\u00f6r\u0171 \u00e1pol\u00f3 MSc felv\u00e9teli elbesz\u00e9lget\u00e9s t\u00e9mak\u00f6rei <em>(friss\u00edt\u00e9s alatt)<\/em><\/p>\n<\/li>\n<li>\n<p><a href=\"https:\/\/semmelweis.hu\/etk\/files\/2022\/02\/kreditelismeres-kha.pdf\">Kiterjesztett hat\u00e1sk\u00f6r\u0171 \u00e1pol\u00f3 MSc el\u0151zetes kreditelismer\u00e9si k\u00e9relme<\/a><\/p>\n<\/li>\n<\/ul>\n<p>&nbsp;<\/p>\n\r\n        [slb_exclude]\r\n        <div class=\"row galeria-wrapper mx-0 h-auto\">\r\n            <div class=\"col-9 pl-0 pr-2\">\r\n            <span class=\"gallery-item frame\">\r\n\t\t\t\t<div class=\"galeria-left-img\"><a href=\"https:\/\/semmelweis.hu\/etk\/files\/2023\/08\/RS108717_C19A4458-scr-1.jpg\"><img src=https:\/\/semmelweis.hu\/etk\/files\/2023\/08\/RS108717_C19A4458-scr-1.jpg  \r\n                            alt=\"\" \r\n                            class=\"attachment-sote-gallery-big size-sote-gallery-big\" \r\n                            srcset=\"https:\/\/semmelweis.hu\/etk\/files\/2023\/08\/RS108717_C19A4458-scr-1-400x267.jpg 400w, https:\/\/semmelweis.hu\/etk\/files\/2023\/08\/RS108717_C19A4458-scr-1-1024x683.jpg 1024w, https:\/\/semmelweis.hu\/etk\/files\/2023\/08\/RS108717_C19A4458-scr-1-768x512.jpg 768w, https:\/\/semmelweis.hu\/etk\/files\/2023\/08\/RS108717_C19A4458-scr-1-753x502.jpg 753w, https:\/\/semmelweis.hu\/etk\/files\/2023\/08\/RS108717_C19A4458-scr-1-203x135.jpg 203w, https:\/\/semmelweis.hu\/etk\/files\/2023\/08\/RS108717_C19A4458-scr-1.jpg 1200w\" ><\/a><\/div>\r\n            <\/span>\r\n\r\n            <\/div>\r\n\r\n\t\t\t<div class=\"col-3 pl-0 pr-0\">\r\n\t\t\t\t<div class=\"galeria-right-img d-flex justify-content-between flex-column h-100 w-100 px-0 mx-0 \">\r\n                <div class=\"galeria-box\">\r\n\t\t\t\t\t<h3 class=\"galeria-title\">Gal\u00e9ria<\/h3>\r\n\t\t\t\t\t<div class=\"galeria-subtitle\">\r\n\r\n\t\t\t\t\t\t<div class=\"galeria-page-counter\"><span>9<\/span>k\u00e9p<\/div>\r\n                    <\/div> <\/div>\r\n                    <span class=\"gallery-item frame d-none d-md-flex\">\r\n\t\t\t\t\t<div class=\"galeria-small-img mt-0\"><a href=\"https:\/\/semmelweis.hu\/etk\/files\/2023\/08\/RS26065_KA-20141212-IMG_1506-tudotranszplant-sajtotajekoztato-scr.jpg\"><img src=https:\/\/semmelweis.hu\/etk\/files\/2023\/08\/RS26065_KA-20141212-IMG_1506-tudotranszplant-sajtotajekoztato-scr.jpg \r\n                                alt=\"\"  \r\n                                class=\"attachment-sote-gallery-small size-sote-gallery-small\" \r\n                                srcset=\"https:\/\/semmelweis.hu\/etk\/files\/2023\/08\/RS26065_KA-20141212-IMG_1506-tudotranszplant-sajtotajekoztato-scr-400x267.jpg 400w, https:\/\/semmelweis.hu\/etk\/files\/2023\/08\/RS26065_KA-20141212-IMG_1506-tudotranszplant-sajtotajekoztato-scr-768x512.jpg 768w, https:\/\/semmelweis.hu\/etk\/files\/2023\/08\/RS26065_KA-20141212-IMG_1506-tudotranszplant-sajtotajekoztato-scr-753x502.jpg 753w, https:\/\/semmelweis.hu\/etk\/files\/2023\/08\/RS26065_KA-20141212-IMG_1506-tudotranszplant-sajtotajekoztato-scr-203x135.jpg 203w, https:\/\/semmelweis.hu\/etk\/files\/2023\/08\/RS26065_KA-20141212-IMG_1506-tudotranszplant-sajtotajekoztato-scr.jpg 950w\" ><\/a><\/div>\r\n                    <\/span>\r\n                    <span class=\"gallery-item frame d-none d-md-flex\">\r\n\t\t\t\t\t<div class=\"galeria-small-img mt-0\"><a href=\"https:\/\/semmelweis.hu\/etk\/files\/2023\/08\/RS4384_IMG_9934-scr.jpg\"><img src=https:\/\/semmelweis.hu\/etk\/files\/2023\/08\/RS4384_IMG_9934-scr.jpg \r\n                                alt=\"\" \r\n                                class=\"attachment-sote-gallery-small size-sote-gallery-small\" \r\n                                srcset=\"https:\/\/semmelweis.hu\/etk\/files\/2023\/08\/RS4384_IMG_9934-scr-400x267.jpg 400w, https:\/\/semmelweis.hu\/etk\/files\/2023\/08\/RS4384_IMG_9934-scr-768x512.jpg 768w, https:\/\/semmelweis.hu\/etk\/files\/2023\/08\/RS4384_IMG_9934-scr-753x502.jpg 753w, https:\/\/semmelweis.hu\/etk\/files\/2023\/08\/RS4384_IMG_9934-scr-203x135.jpg 203w, https:\/\/semmelweis.hu\/etk\/files\/2023\/08\/RS4384_IMG_9934-scr.jpg 950w\" ><\/a><\/div>\r\n                    <\/span>\r\n\r\n                <\/div>\r\n\r\n            <\/div>\r\n\r\n            <span class=\"gallery-item\"><div class=\"hidden\"><a href=\"https:\/\/semmelweis.hu\/etk\/files\/2023\/08\/RS98785_IMG_9377-scr.jpg\">\r\n        <img src=https:\/\/semmelweis.hu\/etk\/files\/2023\/08\/RS98785_IMG_9377-scr.jpg alt=\"\" class=\"attachment-sote-gallery-big size-sote-gallery-big\" srcset=\"https:\/\/semmelweis.hu\/etk\/files\/2023\/08\/RS98785_IMG_9377-scr-400x267.jpg 400w, https:\/\/semmelweis.hu\/etk\/files\/2023\/08\/RS98785_IMG_9377-scr-768x512.jpg 768w, https:\/\/semmelweis.hu\/etk\/files\/2023\/08\/RS98785_IMG_9377-scr-753x502.jpg 753w, https:\/\/semmelweis.hu\/etk\/files\/2023\/08\/RS98785_IMG_9377-scr-203x135.jpg 203w, https:\/\/semmelweis.hu\/etk\/files\/2023\/08\/RS98785_IMG_9377-scr.jpg 950w\" >\r\n        <\/a><\/div><\/span><span class=\"gallery-item\"><div class=\"hidden\"><a href=\"https:\/\/semmelweis.hu\/etk\/files\/2023\/08\/RS4363_IMG_0010-scr.jpg\">\r\n        <img src=https:\/\/semmelweis.hu\/etk\/files\/2023\/08\/RS4363_IMG_0010-scr.jpg alt=\"\" class=\"attachment-sote-gallery-big size-sote-gallery-big\" srcset=\"https:\/\/semmelweis.hu\/etk\/files\/2023\/08\/RS4363_IMG_0010-scr-400x267.jpg 400w, https:\/\/semmelweis.hu\/etk\/files\/2023\/08\/RS4363_IMG_0010-scr-768x512.jpg 768w, https:\/\/semmelweis.hu\/etk\/files\/2023\/08\/RS4363_IMG_0010-scr-753x502.jpg 753w, https:\/\/semmelweis.hu\/etk\/files\/2023\/08\/RS4363_IMG_0010-scr-203x135.jpg 203w, https:\/\/semmelweis.hu\/etk\/files\/2023\/08\/RS4363_IMG_0010-scr.jpg 950w\" >\r\n        <\/a><\/div><\/span><span class=\"gallery-item\"><div class=\"hidden\"><a href=\"https:\/\/semmelweis.hu\/etk\/files\/2023\/08\/RS4382_IMG_0023-scaled-1.jpg\">\r\n        <img src=https:\/\/semmelweis.hu\/etk\/files\/2023\/08\/RS4382_IMG_0023-scaled-1.jpg alt=\"\" class=\"attachment-sote-gallery-big size-sote-gallery-big\" srcset=\"https:\/\/semmelweis.hu\/etk\/files\/2023\/08\/RS4382_IMG_0023-scaled-1-400x267.jpg 400w, https:\/\/semmelweis.hu\/etk\/files\/2023\/08\/RS4382_IMG_0023-scaled-1-1024x683.jpg 1024w, https:\/\/semmelweis.hu\/etk\/files\/2023\/08\/RS4382_IMG_0023-scaled-1-768x512.jpg 768w, https:\/\/semmelweis.hu\/etk\/files\/2023\/08\/RS4382_IMG_0023-scaled-1-1536x1024.jpg 1536w, https:\/\/semmelweis.hu\/etk\/files\/2023\/08\/RS4382_IMG_0023-scaled-1-2048x1366.jpg 2048w, https:\/\/semmelweis.hu\/etk\/files\/2023\/08\/RS4382_IMG_0023-scaled-1-753x502.jpg 753w, https:\/\/semmelweis.hu\/etk\/files\/2023\/08\/RS4382_IMG_0023-scaled-1-203x135.jpg 203w\" >\r\n        <\/a><\/div><\/span><span class=\"gallery-item\"><div class=\"hidden\"><a href=\"https:\/\/semmelweis.hu\/etk\/files\/2023\/08\/RS26791_20120329-IMG_2568-scr.jpg\">\r\n        <img src=https:\/\/semmelweis.hu\/etk\/files\/2023\/08\/RS26791_20120329-IMG_2568-scr.jpg alt=\"\" class=\"attachment-sote-gallery-big size-sote-gallery-big\" srcset=\"https:\/\/semmelweis.hu\/etk\/files\/2023\/08\/RS26791_20120329-IMG_2568-scr-400x269.jpg 400w, https:\/\/semmelweis.hu\/etk\/files\/2023\/08\/RS26791_20120329-IMG_2568-scr-768x517.jpg 768w, https:\/\/semmelweis.hu\/etk\/files\/2023\/08\/RS26791_20120329-IMG_2568-scr-753x506.jpg 753w, https:\/\/semmelweis.hu\/etk\/files\/2023\/08\/RS26791_20120329-IMG_2568-scr.jpg 950w\" >\r\n        <\/a><\/div><\/span><span class=\"gallery-item\"><div class=\"hidden\"><a href=\"https:\/\/semmelweis.hu\/etk\/files\/2023\/08\/RS62901_ka-20170602-IMG_4832-scr.jpg\">\r\n        <img src=https:\/\/semmelweis.hu\/etk\/files\/2023\/08\/RS62901_ka-20170602-IMG_4832-scr.jpg alt=\"\" class=\"attachment-sote-gallery-big size-sote-gallery-big\" srcset=\"https:\/\/semmelweis.hu\/etk\/files\/2023\/08\/RS62901_ka-20170602-IMG_4832-scr-400x267.jpg 400w, https:\/\/semmelweis.hu\/etk\/files\/2023\/08\/RS62901_ka-20170602-IMG_4832-scr-768x512.jpg 768w, https:\/\/semmelweis.hu\/etk\/files\/2023\/08\/RS62901_ka-20170602-IMG_4832-scr-753x502.jpg 753w, https:\/\/semmelweis.hu\/etk\/files\/2023\/08\/RS62901_ka-20170602-IMG_4832-scr-203x135.jpg 203w, https:\/\/semmelweis.hu\/etk\/files\/2023\/08\/RS62901_ka-20170602-IMG_4832-scr.jpg 950w\" >\r\n        <\/a><\/div><\/span><span class=\"gallery-item\"><div class=\"hidden\"><a href=\"https:\/\/semmelweis.hu\/etk\/files\/2023\/08\/RS109691_C19A9329-scr-2.jpg\">\r\n        <img src=https:\/\/semmelweis.hu\/etk\/files\/2023\/08\/RS109691_C19A9329-scr-2.jpg alt=\"\" class=\"attachment-sote-gallery-big size-sote-gallery-big\" srcset=\"https:\/\/semmelweis.hu\/etk\/files\/2023\/08\/RS109691_C19A9329-scr-2-400x258.jpg 400w, https:\/\/semmelweis.hu\/etk\/files\/2023\/08\/RS109691_C19A9329-scr-2-1024x660.jpg 1024w, https:\/\/semmelweis.hu\/etk\/files\/2023\/08\/RS109691_C19A9329-scr-2-768x495.jpg 768w, https:\/\/semmelweis.hu\/etk\/files\/2023\/08\/RS109691_C19A9329-scr-2-753x486.jpg 753w, https:\/\/semmelweis.hu\/etk\/files\/2023\/08\/RS109691_C19A9329-scr-2.jpg 1200w\" >\r\n        <\/a><\/div><\/span>\r\n            <\/div>\r\n\r\n            [\/slb_exclude]\r\n\t\n","protected":false},"excerpt":{"rendered":"<p>Felv\u00e9teli vizsga id\u0151pontja 2026. j\u00fanius 08-12. A felv\u00e9teli vizsga d\u00edja Egys\u00e9gesen 4.000 Ft (befizet\u00e9s m\u00f3dja al\u00e1bb r\u00e9szletezve) Felv\u00e9teli vizsga m\u00f3dja Fizioter\u00e1pia, kiterjesztett hat\u00e1sk\u00f6r\u0171 \u00e1pol\u00f3 \u00e9s t\u00e1pl\u00e1lkoz\u00e1studom\u00e1nyi, n\u00e9peg\u00e9szs\u00e9g\u00fcgyi, sz\u00fcl\u00e9szn\u0151 mesterk\u00e9pz\u00e9seken Felv\u00e9teli elbesz\u00e9lget\u00e9s Pontsz\u00e1ma: 80 pont Eg\u00e9szs\u00e9g\u00fcgyi tan\u00e1r mesterk\u00e9pz\u00e9sen \u00cdr\u00e1sbeli vizsga Pontsz\u00e1ma: 80 pont T\u00d6BBLETPONTOK legfeljebb 20 pont lehet fogyat\u00e9koss\u00e1g: 3 pont gyermekgondoz\u00e1s: 3 pont h\u00e1tr\u00e1nyos helyzet: &hellip;<\/p>\n","protected":false},"author":101729,"featured_media":13487,"parent":9,"menu_order":3,"comment_status":"closed","ping_status":"closed","template":"","meta":{"_acf_changed":false,"footnotes":""},"categories":[57,53],"tags":[],"class_list":["post-493","page","type-page","status-publish","has-post-thumbnail","hentry","category-kepzesek","category-mester"],"acf":[],"_links":{"self":[{"href":"https:\/\/semmelweis.hu\/etk\/wp-json\/wp\/v2\/pages\/493","targetHints":{"allow":["GET"]}}],"collection":[{"href":"https:\/\/semmelweis.hu\/etk\/wp-json\/wp\/v2\/pages"}],"about":[{"href":"https:\/\/semmelweis.hu\/etk\/wp-json\/wp\/v2\/types\/page"}],"author":[{"embeddable":true,"href":"https:\/\/semmelweis.hu\/etk\/wp-json\/wp\/v2\/users\/101729"}],"replies":[{"embeddable":true,"href":"https:\/\/semmelweis.hu\/etk\/wp-json\/wp\/v2\/comments?post=493"}],"version-history":[{"count":12,"href":"https:\/\/semmelweis.hu\/etk\/wp-json\/wp\/v2\/pages\/493\/revisions"}],"predecessor-version":[{"id":19382,"href":"https:\/\/semmelweis.hu\/etk\/wp-json\/wp\/v2\/pages\/493\/revisions\/19382"}],"up":[{"embeddable":true,"href":"https:\/\/semmelweis.hu\/etk\/wp-json\/wp\/v2\/pages\/9"}],"wp:featuredmedia":[{"embeddable":true,"href":"https:\/\/semmelweis.hu\/etk\/wp-json\/wp\/v2\/media\/13487"}],"wp:attachment":[{"href":"https:\/\/semmelweis.hu\/etk\/wp-json\/wp\/v2\/media?parent=493"}],"wp:term":[{"taxonomy":"category","embeddable":true,"href":"https:\/\/semmelweis.hu\/etk\/wp-json\/wp\/v2\/categories?post=493"},{"taxonomy":"post_tag","embeddable":true,"href":"https:\/\/semmelweis.hu\/etk\/wp-json\/wp\/v2\/tags?post=493"}],"curies":[{"name":"wp","href":"https:\/\/api.w.org\/{rel}","templated":true}]}}