{"id":487,"date":"2023-08-01T00:30:17","date_gmt":"2023-07-31T22:30:17","guid":{"rendered":"http:\/\/semmelweis.hu\/etk\/?page_id=487"},"modified":"2026-03-30T14:17:58","modified_gmt":"2026-03-30T12:17:58","slug":"addiktologiai-konzultans","status":"publish","type":"page","link":"https:\/\/semmelweis.hu\/etk\/oktatas\/szakiranyu-tovabbkepzesek\/addiktologiai-konzultans\/","title":{"rendered":"Addiktol\u00f3giai konzult\u00e1ns"},"content":{"rendered":"<h1>Addiktol\u00f3gia konzult\u00e1ns szakIR\u00c1NY\u00da TOV\u00c1BBK\u00c9PZ\u00c9S<\/h1>\n<div class=\"keretes w-100\">\n<h6><strong>Munkarend:<\/strong>\u00a0levelez\u0151<\/h6>\n<h6><strong>K\u00e9pz\u00e9si id\u0151:\u00a0<\/strong>3 f\u00e9l\u00e9v, 90 kredit<\/h6>\n<\/div>\n<h4><strong>K\u00e9pz\u00e9s c\u00e9lja<\/strong><\/h4>\n<p style=\"text-align: justify\">Olyan szakemberek felk\u00e9sz\u00edt\u00e9se, akik k\u00e9pesek a szenved\u00e9ly\u00e1llapotokkal \u00e9s -betegs\u00e9gekkel foglalkoz\u00f3 egy\u00e9ni, p\u00e1r- \u00e9s csoportos konzult\u00e1ci\u00f3ra, amelyet a k\u00e9pz\u00e9sben uralkod\u00f3 multidimenzion\u00e1lis megk\u00f6zel\u00edt\u00e9s biztos\u00edt.<\/p>\n<h4 style=\"text-align: justify\"><strong>A k\u00e9pz\u00e9sben val\u00f3 r\u00e9szv\u00e9tel felt\u00e9tele<\/strong><\/h4>\n<p style=\"text-align: justify\">Alapk\u00e9pz\u00e9sben, a k\u00f6vetkez\u0151 k\u00e9pz\u00e9si ter\u00fcleteken szerzett diploma: orvos- \u00e9s eg\u00e9szs\u00e9gtudom\u00e1ny, b\u00f6lcs\u00e9szettudom\u00e1ny, t\u00e1rsadalomtudom\u00e1ny, jogi \u00e9s igazgat\u00e1si, m\u0171v\u00e9szet, pedag\u00f3gusk\u00e9pz\u00e9s, sporttudom\u00e1ny, nemzetv\u00e9delmi \u00e9s katonai, hit\u00e9leti.<\/p>\n<h4><strong>F\u0151bb ismeretk\u00f6r\u00f6k<\/strong><\/h4>\n<p style=\"text-align: justify\">K\u00f6telez\u0151 t\u00e1rgyak: Biopolitika \u00e9s prevenci\u00f3, Jogi ismeretek, Rendszerelm\u00e9let, Csal\u00e1di konzult\u00e1ci\u00f3, Addiktol\u00f3giai pszichol\u00f3gia I, II, Addiktol\u00f3gia I, II, III, Pszichopatol\u00f3gia, Ter\u00e1pia \u00e9s rehabilit\u00e1ci\u00f3, Konzult\u00e1ci\u00f3 elm\u00e9lete \u00e9s gyakorlata I, II, \u00d6nismeret I, II, III, Kutat\u00e1sm\u00f3dszertan, Szakmai gyakorlat I, II, III, Angol szaknyelv, Hivat\u00e1setika alapjai<\/p>\n<p style=\"text-align: justify\">V\u00e1laszthat\u00f3 t\u00e1rgyak: Csal\u00e1di diszfunkci\u00f3k \u00e9s k\u00e9miai szerhaszn\u00e1lat, Munkaalkoholizmus \/munkaf\u00fcgg\u0151s\u00e9g, Kodependencia, Kvalitat\u00edv drogkutat\u00e1sok, Addiktol\u00f3giai konzult\u00e1ns az ell\u00e1t\u00f3rendszerben, \u00d6nseg\u00edt\u0151 k\u00f6z\u00f6ss\u00e9gek 12 l\u00e9p\u00e9ses programok \u00e9s ter\u00e1pi\u00e1s rezsimek, Saj\u00e1t\u00e9lm\u00e9ny\u0171 addiktol\u00f3giai konzult\u00e1ci\u00f3<\/p>\n<h4 style=\"text-align: justify\"><strong>A szakma sz\u00e9ps\u00e9gei<\/strong><\/h4>\n<p style=\"text-align: justify\">A j\u00f3l felk\u00e9sz\u00edtett \u00e9s megfelel\u0151 k\u00e9szs\u00e9gekkel rendelkez\u0151 addiktol\u00f3giai konzult\u00e1ns \u2013 multiprofesszion\u00e1lis team vagy esetkezel\u0151 csoport tagjak\u00e9nt \u2013 seg\u00edts\u00e9get tud ny\u00fajtani a klienseknek a szenved\u00e9ly\u00e1llapottal \u00e9s \u2013 betegs\u00e9ggel \u00f6sszef\u00fcgg\u0151 d\u00f6nt\u00e9sek meghozatal\u00e1ban (pl. kezel\u00e9s v\u00e1llal\u00e1sa). A kliens \u00e1llapot\u00e1nak felm\u00e9r\u00e9s\u00e9t k\u00f6vet\u0151en k\u00e9pes ter\u00e1pi\u00e1ba ir\u00e1ny\u00edtani, vagy orvosi, pszichol\u00f3gusi beavatkoz\u00e1st nem ig\u00e9nyl\u0151 esetekben kr\u00edziseket, vesztes\u00e9g- \u00e9s gy\u00e1szreakci\u00f3kat ell\u00e1tni. Mindezt egy elk\u00e9sz\u00edtett kezel\u00e9si terv alapj\u00e1n teszi. Tud\u00e1s\u00e1nak \u00e9s tapasztalat\u00e1nak \u00e1tad\u00e1s\u00e1val, \u00e9rt\u00e9kek k\u00f6zvet\u00edt\u00e9s\u00e9vel seg\u00edteni tudja a hozz\u00e1 fordul\u00f3t \u00e9s alkalmas a kliens probl\u00e9m\u00e1j\u00e1val kapcsolatos legsz\u00e9lesebb k\u00f6r\u0171 inform\u00e1ci\u00f3 ny\u00fajt\u00e1s\u00e1ra.<\/p>\n<h4 style=\"text-align: justify\"><strong>Elhelyezked\u00e9si lehet\u0151s\u00e9gek<\/strong><\/h4>\n<ul style=\"text-align: justify\">\n<li>addiktol\u00f3giai, alkohol\u00f3giai \u00e9s pszichi\u00e1triai oszt\u00e1lyokon,<\/li>\n<li>pszichi\u00e1triai \u00e9s alkohol\u00f3giai, illetve T\u00c1MASZ szakambulanci\u00e1kon, belgy\u00f3gy\u00e1szati oszt\u00e1lyokon,<\/li>\n<li>h\u00e1ziorvos munkat\u00e1rsak\u00e9nt az alapell\u00e1t\u00e1sban,<\/li>\n<li>a szoci\u00e1lis szf\u00e9r\u00e1ban: csal\u00e1dseg\u00edt\u0151kben, nevel\u00e9si tan\u00e1csad\u00f3kban, hajl\u00e9ktalan \u00e9s munkan\u00e9lk\u00fcli ell\u00e1t\u00e1sban,<\/li>\n<li>igazs\u00e1g\u00fcggyel \u00f6sszef\u00fcgg\u0151 szolg\u00e1latokn\u00e1l (pl. ittas vezet\u00e9s vagy k\u00e1b\u00edt\u00f3szer-b\u0171ncselekm\u00e9nyek eset\u00e9ben),<\/li>\n<li>az els\u0151dleges prevenci\u00f3 ter\u00fclet\u00e9n: iskol\u00e1kban, tisztiorvosi szolg\u00e1latban, az \u00f6nkorm\u00e1nyzatok munkat\u00e1rsak\u00e9nt,<\/li>\n<li>a relapszus prevenci\u00f3ban: speci\u00e1lis bentfekv\u00e9ses vagy ambul\u00e1ns programokban, rehabilit\u00e1ci\u00f3s otthonokban.<\/li>\n<\/ul>\n<h4><strong>A jelentkez\u00e9s felt\u00e9tele<\/strong><\/h4>\n<p style=\"text-align: justify\">A k\u00e9pz\u00e9sben val\u00f3 r\u00e9szv\u00e9tel felt\u00e9tele orvos- \u00e9s eg\u00e9szs\u00e9gtudom\u00e1nyi, b\u00f6lcs\u00e9szettudom\u00e1nyi, t\u00e1rsadalomtudom\u00e1nyi, jogi \u00e9s igazgat\u00e1si, m\u0171v\u00e9szeti, pedag\u00f3gusk\u00e9pz\u00e9s, sporttudom\u00e1nyi, nemzetv\u00e9delmi \u00e9s katonai, hit\u00e9leti alapk\u00e9pz\u00e9sben szerzett diploma.<\/p>\n<h4><strong>A felv\u00e9teli besz\u00e9lget\u00e9s t\u00e9m\u00e1i<\/strong><\/h4>\n<ul>\n<li>\u00d6nismeret (egy\u00e9ni \u00e9s csoportos saj\u00e1t \u00e9lm\u00e9ny)<\/li>\n<li>Addiktol\u00f3giai ter\u00fcleten szerzett munkatapasztalat<\/li>\n<li>Motiv\u00e1ci\u00f3<\/li>\n<\/ul>\n<h4><strong>K\u00e9pz\u00e9si kapacit\u00e1s<\/strong><\/h4>\n<p>A maxim\u00e1lis l\u00e9tsz\u00e1m 24 f\u0151.<\/p>\n            <div class=\"qae-faqs-container qae-faqs-toggle-container\">\n\t\t\t\t\t\t\t<ul class=\"qe-faqs-filters-container\">\n\t\t\t\t<li class=\"active\"><a class=\"qe-faqs-filter all-faqs\" href=\"#\" data-filter=\"*\">All<\/a><\/li>\n\t\t\t\t<li><a class=\"qe-faqs-filter\" href=\"#jelentkezes-szakiranyu-tovabbkepzesek\" data-filter=\".jelentkezes-szakiranyu-tovabbkepzesek\">Jelentkez\u00e9s - Szakir\u00e1ny\u00fa tov\u00e1bbk\u00e9pz\u00e9sek<\/a><\/li>\t\t\t<\/ul>\n\t\t\t\t\t<div id=\"qaef-14486\" class=\"qe-faq-toggle jelentkezes-szakiranyu-tovabbkepzesek\">\n\t\t\t<div class=\"qe-toggle-title\">\n\t\t\t\t<h4>\n\t\t\t\t\t<i class=\"fa fa-minus-circle\"><\/i> Jelentkez\u00e9s szakir\u00e1ny\u00fa tov\u00e1bbk\u00e9pz\u00e9sre\t\t\t\t<\/h4>\n\t\t\t<\/div>\n\t\t\t<div class=\"qe-toggle-content\">\n\t\t\t\t<h4><strong>A jelentkez\u00e9s felt\u00e9tele:<\/strong><\/h4>\n<p>meghat\u00e1rozott k\u00e9pz\u00e9si ter\u00fcleten szerzett oklev\u00e9l.<\/p>\n<h4><strong>Jelentkez\u00e9si hat\u00e1rid\u0151:<\/strong><\/h4>\n<p>2026. m\u00e1jus 15.<\/p>\n<h4><strong>Jelentkez\u00e9s:<\/strong><\/h4>\n<p><a href=\"https:\/\/semmelweis.hu\/etk\/dokumentumok\/nyomtatvanyok\/\">Let\u00f6lthet\u0151 jelentkez\u00e9si lapon \u2192<\/a><\/p>\n<h4><strong>Jelentkez\u00e9si d\u00edj:<\/strong><\/h4>\n<p>6.000 Ft<\/p>\n<h4><strong>Finansz\u00edroz\u00e1si forma: <\/strong><\/h4>\n<ul>\n<li>\u00f6nk\u00f6lts\u00e9ges (300.000 Ft\/f\u00e9l\u00e9v)<\/li>\n<\/ul>\n\t\t\t<\/div>\n\t\t<\/div>\n\t\t            <\/div>\n\t\t\n","protected":false},"excerpt":{"rendered":"<p>A jelentkez\u00e9s felt\u00e9tele:<br \/>\nmeghat\u00e1rozott k\u00e9pz\u00e9si ter\u00fcleten szerzett oklev\u00e9l.<br \/>\nJelentkez\u00e9si hat\u00e1rid\u0151:<br \/>\n2026. m\u00e1jus 15.<br \/>\nJelentkez\u00e9s:<br \/>\n<a href=\"https:\/\/semmelweis.hu\/etk\/dokumentumok\/nyomtatvanyok\/\">Let\u00f6lthet\u0151 jelentkez\u00e9si lapon \u2192<\/a><br \/>\nJelentkez\u00e9si d\u00edj:<br \/>\n6.000 Ft<br \/>\nFinansz\u00edroz\u00e1si forma: <\/p>\n<p>\u00f6nk\u00f6lts\u00e9ges (300.000 Ft\/f\u00e9l\u00e9v)<\/p>\n","protected":false},"author":101729,"featured_media":14519,"parent":584,"menu_order":1,"comment_status":"closed","ping_status":"closed","template":"","meta":{"_acf_changed":false,"footnotes":""},"categories":[57,55],"tags":[],"class_list":["post-487","page","type-page","status-publish","has-post-thumbnail","hentry","category-kepzesek","category-szakto"],"acf":[],"_links":{"self":[{"href":"https:\/\/semmelweis.hu\/etk\/wp-json\/wp\/v2\/pages\/487","targetHints":{"allow":["GET"]}}],"collection":[{"href":"https:\/\/semmelweis.hu\/etk\/wp-json\/wp\/v2\/pages"}],"about":[{"href":"https:\/\/semmelweis.hu\/etk\/wp-json\/wp\/v2\/types\/page"}],"author":[{"embeddable":true,"href":"https:\/\/semmelweis.hu\/etk\/wp-json\/wp\/v2\/users\/101729"}],"replies":[{"embeddable":true,"href":"https:\/\/semmelweis.hu\/etk\/wp-json\/wp\/v2\/comments?post=487"}],"version-history":[{"count":13,"href":"https:\/\/semmelweis.hu\/etk\/wp-json\/wp\/v2\/pages\/487\/revisions"}],"predecessor-version":[{"id":19741,"href":"https:\/\/semmelweis.hu\/etk\/wp-json\/wp\/v2\/pages\/487\/revisions\/19741"}],"up":[{"embeddable":true,"href":"https:\/\/semmelweis.hu\/etk\/wp-json\/wp\/v2\/pages\/584"}],"wp:featuredmedia":[{"embeddable":true,"href":"https:\/\/semmelweis.hu\/etk\/wp-json\/wp\/v2\/media\/14519"}],"wp:attachment":[{"href":"https:\/\/semmelweis.hu\/etk\/wp-json\/wp\/v2\/media?parent=487"}],"wp:term":[{"taxonomy":"category","embeddable":true,"href":"https:\/\/semmelweis.hu\/etk\/wp-json\/wp\/v2\/categories?post=487"},{"taxonomy":"post_tag","embeddable":true,"href":"https:\/\/semmelweis.hu\/etk\/wp-json\/wp\/v2\/tags?post=487"}],"curies":[{"name":"wp","href":"https:\/\/api.w.org\/{rel}","templated":true}]}}