{"id":4753,"date":"2020-12-18T07:19:03","date_gmt":"2020-12-18T06:19:03","guid":{"rendered":"https:\/\/semmelweis.hu\/etk\/?page_id=4753"},"modified":"2026-02-26T11:07:38","modified_gmt":"2026-02-26T10:07:38","slug":"online-nyilt-nap","status":"publish","type":"page","link":"https:\/\/semmelweis.hu\/etk\/leendo-hallgatoknak\/online-nyilt-nap\/","title":{"rendered":"Online ny\u00edlt nap"},"content":{"rendered":"<h4 style=\"text-align: center\"><strong>eg\u00e9szs\u00e9gtudom\u00e1nyi Kar <\/strong><strong>online ny\u00edlt nap<\/strong><\/h4>\n<p>&nbsp;<\/p>\n<div class=\"keretes w-100\">\n<p><strong>Az Eg\u00e9szs\u00e9gtudom\u00e1nyi Kar 2026. \u00e9vi online ny\u00edlt napja <a href=\"https:\/\/www.youtube.com\/watch?v=DfwNWpebhcM\">IDE KATTINTVA<\/a> olvashat\u00f3.<\/strong><\/p>\n<\/div>\n<p>&nbsp;<\/p>\n<p style=\"text-align: justify\">Szeretettel v\u00e1runk a janu\u00e1ri <strong>Online Ny\u00edlt Napunkra<\/strong>, ahol \u00e1tfog\u00f3 k\u00e9pet kaphatsz az Eg\u00e9szs\u00e9gtudom\u00e1nyi Kar k\u00e9pz\u00e9seir\u0151l \u00e9s a n\u00e1lunk rejl\u0151 lehet\u0151s\u00e9gekr\u0151l! Ak\u00e1r \u00e1pol\u00f3i, dietetikusi, gy\u00f3gytorn\u00e1sz vagy m\u00e1s izgalmas eg\u00e9szs\u00e9g\u00fcgyi p\u00e1ly\u00e1n k\u00e9pzeled el a j\u00f6v\u0151d, itt mindent megtudhatsz, ami sz\u00fcks\u00e9ges az els\u0151 l\u00e9p\u00e9shez!<\/p>\n<h4 style=\"text-align: justify\"><strong>Program:<\/strong><\/h4>\n<p style=\"text-align: justify\"><strong>09:00-09:30<\/strong> Dr. Merkely B\u00e9la rektor \u00e9s Dr. D\u00f6rnyei Gabriella d\u00e9k\u00e1n k\u00f6sz\u00f6nti az \u00e9rdekl\u0151d\u0151ket, majd Dr. Vingender Istv\u00e1n oktat\u00e1si d\u00e9k\u00e1nhelyettes bemutatja a felv\u00e9teli \u00e9s tanulm\u00e1nyi lehet\u0151s\u00e9geket.<br \/>\n<strong>09:30<\/strong> <a href=\"https:\/\/semmelweis.hu\/etk\/oktatas\/alapkepzesek-bsc\/apolas-es-betegellatas-szak\/apolo-szakirany\/\">\u00c1pol\u00f3 szakir\u00e1ny<\/a>: Tanulj modern technol\u00f3gi\u00e1kkal \u00e9s dolgozz csapatban!<br \/>\n<strong>09:50<\/strong> <a href=\"https:\/\/semmelweis.hu\/etk\/oktatas\/alapkepzesek-bsc\/apolas-es-betegellatas-szak\/dietetikus-szakirany\/\">Dietetikus szakir\u00e1ny<\/a>: L\u00e9gy dietetikus, \u00e9lelmez\u00e9svezet\u0151 vagy prevenci\u00f3s szakember!<br \/>\n<strong>10:10<\/strong> <a href=\"https:\/\/semmelweis.hu\/etk\/oktatas\/alapkepzesek-bsc\/orvosi-diagnosztikai-analitikus-szak\/radiografia-specializacio\/\">Radiogr\u00e1fia specializ\u00e1ci\u00f3<\/a>: Magasan k\u00e9pzett radiogr\u00e1fusk\u00e9nt r\u00e1d v\u00e1rnak a k\u00f3rh\u00e1zak!<br \/>\n<strong>10:30<\/strong> <a href=\"https:\/\/semmelweis.hu\/etk\/oktatas\/alapkepzesek-bsc\/orvosi-diagnosztikai-analitikus-szak\/optometria-specializacio\/\">Optometria specializ\u00e1ci\u00f3<\/a>: Biztos karrier optikai \u00fczletekben vagy szem\u00e9szeti int\u00e9zm\u00e9nyekben.<br \/>\n<strong>10:50<\/strong> <a href=\"https:\/\/semmelweis.hu\/etk\/oktatas\/alapkepzesek-bsc\/egeszsegugyi-gondozas-es-prevencio-szak\/nepegeszsegugyi-ellenor-szakirany\/\">N\u00e9peg\u00e9szs\u00e9g\u00fcgyi ellen\u0151r szakir\u00e1ny<\/a>: Ismerd meg a j\u00e1rv\u00e1ny\u00fcgy, munkabiztons\u00e1g \u00e9s \u00e9lelmiszerbiztons\u00e1g kih\u00edv\u00e1sait!<br \/>\n<strong>11:10<\/strong> <a href=\"https:\/\/semmelweis.hu\/etk\/oktatas\/alapkepzesek-bsc\/apolas-es-betegellatas-szak\/szuleszno-szakirany\/\">Sz\u00fcl\u00e9szn\u0151 szakir\u00e1ny<\/a>: Seg\u00edtsd a kismam\u00e1kat a sz\u00fcl\u00e9s el\u0151k\u00e9sz\u00edt\u00e9s\u00e9ben \u00e9s k\u00eds\u00e9r\u00e9s\u00e9ben!<br \/>\n<strong>11:30<\/strong> <a href=\"https:\/\/semmelweis.hu\/etk\/oktatas\/alapkepzesek-bsc\/apolas-es-betegellatas-szak\/gyogytornasz-szakirany\/\">Gy\u00f3gytorn\u00e1sz szakir\u00e1ny<\/a>: \u00c9rt\u00e9kes szakmai lehet\u0151s\u00e9gek k\u00f3rh\u00e1zakban, sportban vagy rehabilit\u00e1ci\u00f3ban.<br \/>\n<strong>11:50<\/strong> <a href=\"https:\/\/semmelweis.hu\/etk\/oktatas\/alapkepzesek-bsc\/egeszsegugyi-gondozas-es-prevencio-szak\/vedono-szakirany\/\">V\u00e9d\u0151n\u0151 szakir\u00e1ny<\/a>: T\u00e1mogasd a gyermekv\u00e1llal\u00e1st \u00e9s eg\u00e9szs\u00e9gmeg\u0151rz\u00e9st!<br \/>\n<strong>12:10<\/strong> <a href=\"https:\/\/semmelweis.hu\/etk\/oktatas\/alapkepzesek-bsc\/apolas-es-betegellatas-szak\/mentotiszt-szakirany\/\">Ment\u0151tiszt szakir\u00e1ny<\/a>: K\u00e9sz\u00fclj fel izgalmas \u00e9s kih\u00edv\u00e1sokkal teli mindennapokra!<br \/>\n<strong>12:30<\/strong> <a href=\"https:\/\/semmelweis.hu\/etk\/oktatas\/alapkepzesek-bsc\/egeszsegugyi-szervezo-szak\/\">Eg\u00e9szs\u00e9gturizmus-szervez\u0151 specializ\u00e1ci\u00f3<\/a>: L\u00e9gy h\u00edd az eg\u00e9szs\u00e9g\u00fcgy \u00e9s a turizmus k\u00f6z\u00f6tt!<br \/>\n<strong>12:50<\/strong> <a href=\"https:\/\/semmelweis.hu\/etk\/oktatas\/alapkepzesek-bsc\/apolas-es-betegellatas-szak\/hang-beszed-es-nyelesterapeuta-szakirany\/\">Hang-, besz\u00e9d- \u00e9s nyel\u00e9sterapeuta szakir\u00e1ny<\/a>: Tanulj hi\u00e1nyszakm\u00e1t, amely kiv\u00e1l\u00f3 elhelyezked\u00e9st biztos\u00edt!<br \/>\n<strong>13:10<\/strong> <a href=\"https:\/\/semmelweis.hu\/hok\/\">Hallgat\u00f3i F\u00f3rum: <\/a>Tedd fel k\u00e9rd\u00e9seidet az ETK H\u00d6K kari k\u00e9pvisel\u0151inek!<br \/>\n<strong>13:40<\/strong> <a href=\"https:\/\/semmelweis.hu\/etk\/oktatas\/mesterkepzesek-msc\/apolas-mesterkepzesi-szak\/\">Kiterjesztett hat\u00e1sk\u00f6r\u0171 \u00e1pol\u00f3 mesterk\u00e9pz\u00e9s<\/a>: Modern technol\u00f3gi\u00e1k \u00e9s csapatmunka a szakma cs\u00facs\u00e1n!<br \/>\n<strong>14:00<\/strong> <a href=\"https:\/\/semmelweis.hu\/etk\/oktatas\/mesterkepzesek-msc\/taplalkozastudomanyi-mesterkepzesi-szak\/\">T\u00e1pl\u00e1lkoz\u00e1studom\u00e1nyi mesterk\u00e9pz\u00e9s<\/a>: Fejleszd tov\u00e1bb dietetikusi ismereteidet!<br \/>\n<strong>14:20<\/strong> <a href=\"https:\/\/semmelweis.hu\/etk\/oktatas\/mesterkepzesek-msc\/fizioterapia-mesterkepzesi-szak\/\">Fizioter\u00e1pia mesterk\u00e9pz\u00e9s<\/a>: Folytasd tanulm\u00e1nyaidat a gy\u00f3gytorn\u00e1sz diploma ut\u00e1n!<br \/>\n<strong>14:40<\/strong> <a href=\"https:\/\/semmelweis.hu\/etk\/oktatas\/mesterkepzesek-msc\/egeszsegugyi-tanar-mesterkepzesi-szak\/\">Eg\u00e9szs\u00e9g\u00fcgyi tan\u00e1r mesterk\u00e9pz\u00e9s<\/a>: Add \u00e1t tud\u00e1sod a j\u00f6v\u0151 gener\u00e1ci\u00f3inak!<br \/>\n<strong>15:00 <\/strong><a href=\"https:\/\/semmelweis.hu\/etk\/oktatas\/mesterkepzesek-msc\/nepegeszsegugyi\/\">N\u00e9peg\u00e9szs\u00e9g\u00fcgyi mesterk\u00e9pz\u00e9s<\/a>: L\u00e9gy a prevenci\u00f3 \u00e9s eg\u00e9szs\u00e9gv\u00e9delem szak\u00e9rt\u0151je!<br \/>\n<strong>15:20<\/strong> <a href=\"https:\/\/semmelweis.hu\/etk\/oktatas\/mesterkepzesek-msc\/szuleszno-mesterkepzes\/\">Sz\u00fcl\u00e9szn\u0151 mesterk\u00e9pz\u00e9s:<\/a> L\u00e9gy hivat\u00e1sod \u00f6n\u00e1ll\u00f3 klinikai d\u00f6nt\u00e9shozatalra \u00e9s szakmai vezet\u00e9sre felk\u00e9sz\u00fclt szak\u00e9rt\u0151je.<\/p>\n<p style=\"text-align: justify\">Az Eg\u00e9szs\u00e9gtudom\u00e1nyi Kar k\u00e9pz\u00e9sei egyar\u00e1nt \u00f6tv\u00f6zik az elm\u00e9leti alapokat \u00e9s a gyakorlati tapasztalatokat, a legmodernebb eszk\u00f6zparkkal \u00e9s szakmai t\u00e1mogat\u00e1ssal. Legy\u00e9l te is az eg\u00e9szs\u00e9g\u00fcgy elhivatott szakembere \u2013 tarts vel\u00fcnk, \u00e9s tal\u00e1ljuk meg k\u00f6z\u00f6sen az utad!<\/p>\n<p>&nbsp;<\/p>\n<div class=\"keretes w-100\">\n<p style=\"text-align: justify\">Ha az online ny\u00edlt nap mellett szem\u00e9lyesen is szeretn\u00e9d felfedezni a kar hallgat\u00f3i tereit, bepillantani egy izgalmas gyakorlatba, vagy megtekinten\u00e9d a koll\u00e9giumot, szeretettel v\u00e1runk a <strong>2026. febru\u00e1r 10\u201311-\u00e9n<\/strong> megrendez\u00e9sre ker\u00fcl\u0151 <em><strong>Campus Tour napok<\/strong> <\/em>valamelyik\u00e9n \u2013 mindk\u00e9t napon ugyanaz a program v\u00e1r, \u00edgy b\u00e1tran v\u00e1lassz neked megfelel\u0151 id\u0151pontot! Az esem\u00e9ny sor\u00e1n jelenlegi hallgat\u00f3k vezetik k\u00f6rbe az \u00e9rdekl\u0151d\u0151ket, \u00e9s sz\u00edvesen v\u00e1laszolnak minden felmer\u00fcl\u0151 k\u00e9rd\u00e9sre.<\/p>\n<\/div>\n<p>Szeretettel v\u00e1runk!<\/p>\n","protected":false},"excerpt":{"rendered":"<p>eg\u00e9szs\u00e9gtudom\u00e1nyi Kar online ny\u00edlt nap &nbsp; Az Eg\u00e9szs\u00e9gtudom\u00e1nyi Kar 2026. \u00e9vi online ny\u00edlt napja <a href=\"https:\/\/www.youtube.com\/watch?v=DfwNWpebhcM\">IDE KATTINTVA<\/a> olvashat\u00f3. &nbsp; Szeretettel v\u00e1runk a janu\u00e1ri Online Ny\u00edlt Napunkra, ahol \u00e1tfog\u00f3 k\u00e9pet kaphatsz az Eg\u00e9szs\u00e9gtudom\u00e1nyi Kar k\u00e9pz\u00e9seir\u0151l \u00e9s a n\u00e1lunk rejl\u0151 lehet\u0151s\u00e9gekr\u0151l! Ak\u00e1r \u00e1pol\u00f3i, dietetikusi, gy\u00f3gytorn\u00e1sz vagy m\u00e1s izgalmas eg\u00e9szs\u00e9g\u00fcgyi p\u00e1ly\u00e1n k\u00e9pzeled el a j\u00f6v\u0151d, itt mindent megtudhatsz, ami sz\u00fcks\u00e9ges az &hellip;<\/p>\n","protected":false},"author":12,"featured_media":0,"parent":30,"menu_order":3,"comment_status":"closed","ping_status":"closed","template":"","meta":{"_acf_changed":false,"footnotes":""},"categories":[],"tags":[],"class_list":["post-4753","page","type-page","status-publish","hentry"],"acf":[],"_links":{"self":[{"href":"https:\/\/semmelweis.hu\/etk\/wp-json\/wp\/v2\/pages\/4753","targetHints":{"allow":["GET"]}}],"collection":[{"href":"https:\/\/semmelweis.hu\/etk\/wp-json\/wp\/v2\/pages"}],"about":[{"href":"https:\/\/semmelweis.hu\/etk\/wp-json\/wp\/v2\/types\/page"}],"author":[{"embeddable":true,"href":"https:\/\/semmelweis.hu\/etk\/wp-json\/wp\/v2\/users\/12"}],"replies":[{"embeddable":true,"href":"https:\/\/semmelweis.hu\/etk\/wp-json\/wp\/v2\/comments?post=4753"}],"version-history":[{"count":11,"href":"https:\/\/semmelweis.hu\/etk\/wp-json\/wp\/v2\/pages\/4753\/revisions"}],"predecessor-version":[{"id":19595,"href":"https:\/\/semmelweis.hu\/etk\/wp-json\/wp\/v2\/pages\/4753\/revisions\/19595"}],"up":[{"embeddable":true,"href":"https:\/\/semmelweis.hu\/etk\/wp-json\/wp\/v2\/pages\/30"}],"wp:attachment":[{"href":"https:\/\/semmelweis.hu\/etk\/wp-json\/wp\/v2\/media?parent=4753"}],"wp:term":[{"taxonomy":"category","embeddable":true,"href":"https:\/\/semmelweis.hu\/etk\/wp-json\/wp\/v2\/categories?post=4753"},{"taxonomy":"post_tag","embeddable":true,"href":"https:\/\/semmelweis.hu\/etk\/wp-json\/wp\/v2\/tags?post=4753"}],"curies":[{"name":"wp","href":"https:\/\/api.w.org\/{rel}","templated":true}]}}