{"id":446,"date":"2020-04-01T15:45:21","date_gmt":"2020-04-01T13:45:21","guid":{"rendered":"http:\/\/semmelweis.hu\/etk\/?page_id=446"},"modified":"2025-01-21T16:12:53","modified_gmt":"2025-01-21T15:12:53","slug":"idegen-nyelvu-kepzesek","status":"publish","type":"page","link":"https:\/\/semmelweis.hu\/etk\/oktatas\/idegen-nyelvu-kepzesek\/","title":{"rendered":"Idegen nyelv\u0171 k\u00e9pz\u00e9sek"},"content":{"rendered":"<h2>Idegennyelv\u0171 k\u00e9pz\u00e9sek<\/h2>\n<p style=\"text-align: justify\">Az Eg\u00e9szs\u00e9gtudom\u00e1nyi Karon a 2004\/2005-\u00f6s tan\u00e9vben indult meg az els\u0151 idegen nyelv\u0171 k\u00e9pz\u00e9s gy\u00f3gytorn\u00e1sz szakir\u00e1nyon. K\u00e9pz\u00e9si k\u00edn\u00e1latunk folyamatosan sz\u00e9lesedik, ennek k\u00f6vetkezt\u00e9ben m\u00e1r h\u00e9t alapk\u00e9pz\u00e9si (BSc), valamint k\u00e9t mesterk\u00e9pz\u00e9si (MSc) szakon \u00e9rhet\u0151k el programjaink angol nyelven.<\/p>\n<p style=\"text-align: justify\">Idegen nyelv\u0171 k\u00e9pz\u00e9seinkben r\u00e9sztvev\u0151 k\u00fclf\u00f6ldi (k\u00ednai, ciprusi, g\u00f6r\u00f6g, norv\u00e9g, \u00edr, sv\u00e9d, ir\u00e1ni, orosz, izraeli, nig\u00e9riai, amerikai, sv\u00e1jci, vietn\u00e1mi, francia) hallgat\u00f3ink sz\u00e1ma \u00e9vr\u0151l \u00e9vre n\u00f6vekszik. Sz\u00e1mukra nagy el\u0151nyt jelent a v\u00e9gz\u00e9st k\u00f6vet\u0151en, hogy az Eur\u00f3pai Uni\u00f3 tag\u00e1llamai minden tov\u00e1bbi felt\u00e9tel n\u00e9lk\u00fcl elfogadj\u00e1k a Kar \u00e1ltal kibocs\u00e1tott diplom\u00e1t.<\/p>\n<h2 style=\"text-align: justify\">Angol nyelv\u0171 alapk\u00e9pz\u00e9seink:<\/h2>\n<h4 style=\"text-align: justify;padding-left: 40px\"><strong>\u00c1pol\u00e1s \u00e9s betegell\u00e1t\u00e1s szak (BSc) <\/strong><\/h4>\n<ul>\n<li style=\"list-style-type: none\">\n<ul style=\"text-align: justify;list-style-type: square\">\n<li><a href=\"https:\/\/semmelweis.hu\/admission\/programs\/physiotherapy\/\" target=\"_blank\" rel=\"noopener\">gy\u00f3gytorn\u00e1sz szakir\u00e1ny<\/a><\/li>\n<li><a href=\"https:\/\/semmelweis.hu\/admission\/programs\/midwifery\/\" target=\"_blank\" rel=\"noopener\">sz\u00fcl\u00e9szn\u0151 szakir\u00e1ny<\/a><\/li>\n<li><a href=\"https:\/\/semmelweis.hu\/admission\/programs\/nursing\/\" target=\"_blank\" rel=\"noopener\">\u00e1pol\u00f3 szakir\u00e1ny<\/a><\/li>\n<li><a href=\"https:\/\/semmelweis.hu\/admission\/programs\/dietetics\/\" target=\"_blank\" rel=\"noopener\">dietetikus szakir\u00e1ny<\/a><\/li>\n<\/ul>\n<\/li>\n<\/ul>\n<h4 style=\"padding-left: 40px\"><strong>Eg\u00e9szs\u00e9g\u00fcgyi gondoz\u00e1s \u00e9s prevenci\u00f3 szak (BSc) <\/strong><\/h4>\n<ul>\n<li style=\"list-style-type: none\">\n<ul style=\"list-style-type: square\">\n<li><a href=\"https:\/\/semmelweis.hu\/admission\/programs\/public-health-supervisor\/\" target=\"_blank\" rel=\"noopener\">n\u00e9peg\u00e9szs\u00e9g\u00fcgyi ellen\u0151r szakir\u00e1ny\u00a0<\/a><\/li>\n<\/ul>\n<\/li>\n<\/ul>\n<h4 style=\"text-align: justify;padding-left: 40px\"><strong>Orvosi laborat\u00f3riumi \u00e9s k\u00e9palkot\u00f3 diagnosztikai analitikus szak (BSC)<\/strong><\/h4>\n<ul>\n<li style=\"list-style-type: none\">\n<ul style=\"list-style-type: square\">\n<li style=\"text-align: justify\"><a href=\"https:\/\/semmelweis.hu\/admission\/programs\/optometry\/\" target=\"_blank\" rel=\"noopener\">optometria specializ\u00e1ci\u00f3<\/a><\/li>\n<\/ul>\n<\/li>\n<\/ul>\n<h4 style=\"padding-left: 40px\"><strong>Eg\u00e9szs\u00e9g\u00fcgyi szervez\u0151 szak (BSc)<\/strong><\/h4>\n<ul>\n<li style=\"list-style-type: none\">\n<ul style=\"list-style-type: square\">\n<li><a href=\"https:\/\/semmelweis.hu\/admission\/programs\/health-tourism-management\/\" target=\"_blank\" rel=\"noopener\">eg\u00e9szs\u00e9gturizmus-szervez\u0151 specializ\u00e1ci\u00f3<\/a><\/li>\n<\/ul>\n<\/li>\n<\/ul>\n<h2 style=\"text-align: justify\">Angol nyelv\u0171 mesterk\u00e9pz\u00e9seink:<\/h2>\n<ul>\n<li style=\"list-style-type: none\">\n<ul style=\"list-style-type: square\">\n<li><a href=\"https:\/\/semmelweis.hu\/admission\/programs\/nursing-msc\/\" target=\"_blank\" rel=\"noopener\">kiterjesztett hat\u00e1sk\u00f6r\u0171 \u00e1pol\u00f3 mesterk\u00e9pz\u00e9si szak (MSc)<\/a><\/li>\n<li><a href=\"https:\/\/semmelweis.hu\/admission\/programs\/physiotherapy-msc\/\" target=\"_blank\" rel=\"noopener\">fizioter\u00e1pia mesterk\u00e9pz\u00e9si szak (MSc)<\/a><\/li>\n<\/ul>\n<\/li>\n<\/ul>\n","protected":false},"excerpt":{"rendered":"<p>Idegennyelv\u0171 k\u00e9pz\u00e9sek Az Eg\u00e9szs\u00e9gtudom\u00e1nyi Karon a 2004\/2005-\u00f6s tan\u00e9vben indult meg az els\u0151 idegen nyelv\u0171 k\u00e9pz\u00e9s gy\u00f3gytorn\u00e1sz szakir\u00e1nyon. K\u00e9pz\u00e9si k\u00edn\u00e1latunk folyamatosan sz\u00e9lesedik, ennek k\u00f6vetkezt\u00e9ben m\u00e1r h\u00e9t alapk\u00e9pz\u00e9si (BSc), valamint k\u00e9t mesterk\u00e9pz\u00e9si (MSc) szakon \u00e9rhet\u0151k el programjaink angol nyelven. Idegen nyelv\u0171 k\u00e9pz\u00e9seinkben r\u00e9sztvev\u0151 k\u00fclf\u00f6ldi (k\u00ednai, ciprusi, g\u00f6r\u00f6g, norv\u00e9g, \u00edr, sv\u00e9d, ir\u00e1ni, orosz, izraeli, nig\u00e9riai, amerikai, sv\u00e1jci, vietn\u00e1mi, &hellip;<\/p>\n","protected":false},"author":101729,"featured_media":0,"parent":10,"menu_order":5,"comment_status":"closed","ping_status":"closed","template":"","meta":{"_acf_changed":false,"footnotes":""},"categories":[],"tags":[],"class_list":["post-446","page","type-page","status-publish","hentry"],"acf":[],"_links":{"self":[{"href":"https:\/\/semmelweis.hu\/etk\/wp-json\/wp\/v2\/pages\/446","targetHints":{"allow":["GET"]}}],"collection":[{"href":"https:\/\/semmelweis.hu\/etk\/wp-json\/wp\/v2\/pages"}],"about":[{"href":"https:\/\/semmelweis.hu\/etk\/wp-json\/wp\/v2\/types\/page"}],"author":[{"embeddable":true,"href":"https:\/\/semmelweis.hu\/etk\/wp-json\/wp\/v2\/users\/101729"}],"replies":[{"embeddable":true,"href":"https:\/\/semmelweis.hu\/etk\/wp-json\/wp\/v2\/comments?post=446"}],"version-history":[{"count":10,"href":"https:\/\/semmelweis.hu\/etk\/wp-json\/wp\/v2\/pages\/446\/revisions"}],"predecessor-version":[{"id":17048,"href":"https:\/\/semmelweis.hu\/etk\/wp-json\/wp\/v2\/pages\/446\/revisions\/17048"}],"up":[{"embeddable":true,"href":"https:\/\/semmelweis.hu\/etk\/wp-json\/wp\/v2\/pages\/10"}],"wp:attachment":[{"href":"https:\/\/semmelweis.hu\/etk\/wp-json\/wp\/v2\/media?parent=446"}],"wp:term":[{"taxonomy":"category","embeddable":true,"href":"https:\/\/semmelweis.hu\/etk\/wp-json\/wp\/v2\/categories?post=446"},{"taxonomy":"post_tag","embeddable":true,"href":"https:\/\/semmelweis.hu\/etk\/wp-json\/wp\/v2\/tags?post=446"}],"curies":[{"name":"wp","href":"https:\/\/api.w.org\/{rel}","templated":true}]}}