{"id":366,"date":"2020-03-31T09:41:32","date_gmt":"2020-03-31T07:41:32","guid":{"rendered":"http:\/\/semmelweis.hu\/etk\/?page_id=366"},"modified":"2023-08-10T11:02:42","modified_gmt":"2023-08-10T09:02:42","slug":"sports","status":"publish","type":"page","link":"https:\/\/semmelweis.hu\/etk\/en\/students\/sports\/","title":{"rendered":"Sports"},"content":{"rendered":"<p><img loading=\"lazy\" decoding=\"async\" class=\" wp-image-1644 alignright\" src=\"https:\/\/semmelweis.hu\/etk\/files\/2020\/07\/ETK_sport.jpg\" alt=\"\" width=\"387\" height=\"258\" srcset=\"https:\/\/semmelweis.hu\/etk\/files\/2020\/07\/ETK_sport.jpg 300w, https:\/\/semmelweis.hu\/etk\/files\/2020\/07\/ETK_sport-203x135.jpg 203w\" sizes=\"auto, (max-width: 387px) 100vw, 387px\" \/>Semmelweis University Faculty of Health Sciences offers a wide range of sporting opportunities for students.<\/p>\n<p style=\"text-align: justify\"><span style=\"font-size: 18pt\"><strong>Physical education classes<\/strong><\/span> are compulsory during the first four semesters. In classes and during trainings, wearing sport clothing is compulsory and no outdoor shoes are allowed. Students arriving late are not allowed to join the class due to accident risks. Exemption from attending the PE classes can be granted. More information on the exemption: <strong><a href=\"https:\/\/semmelweis.hu\/etk\/files\/2022\/09\/STEFI_hallgatoi-utmutato_20220902_ENG_final.pdf\">Guide<\/a><\/strong><\/p>\n<p style=\"text-align: justify\"><span style=\"font-size: 18pt\"><strong>Free time sport activities<\/strong><\/span> can be pursued at the following locations:<\/p>\n<p style=\"text-align: justify\">Facility at Vas street: 2 gyms, venues of<\/p>\n<ul>\n<li>weightlifting;<\/li>\n<li>aerobic;<\/li>\n<li>table tennis.<\/li>\n<\/ul>\n<p>Cs\u00e1sz\u00e1r-Komj\u00e1di Swimming Pool, venue of<\/p>\n<ul>\n<li>swimming;<\/li>\n<li>therapeutic swimming.<\/li>\n<\/ul>\n<p>Dormitory at Hajdu street, venue of<\/p>\n<ul>\n<li>body building, table tennis, aerobic;<\/li>\n<li>basketball, volleyball.<\/li>\n<\/ul>\n<p>Courts and sport fields rented in the vicinity of the Vas street building:<\/p>\n<ul>\n<li>basketball;<\/li>\n<li>volleyball;<\/li>\n<li>handball;<\/li>\n<li>floorball;<\/li>\n<li>football.<\/li>\n<\/ul>\n<p style=\"text-align: justify\"><strong><span style=\"font-size: 18pt\">Club and Team Sports<\/span><br \/>\n<\/strong><\/p>\n<p style=\"text-align: justify\">Besides the obligatory sport courses the University offers sporting opportunities on a more advanced level. The University has its own\u00a0 <a href=\"https:\/\/www.facebook.com\/semmelweisroplabda\/\" target=\"_blank\" rel=\"noopener noreferrer\">volleyball<\/a>,<a href=\"https:\/\/www.facebook.com\/Semmelweisbasketball\/\" target=\"_blank\" rel=\"noopener noreferrer\"> basketball<\/a>, <a href=\"https:\/\/www.facebook.com\/sotehandball\/\" target=\"_blank\" rel=\"noopener noreferrer\">handball<\/a>, <a href=\"https:\/\/www.facebook.com\/semmelweisfutsal\/\" target=\"_blank\" rel=\"noopener noreferrer\">football<\/a>, <a href=\"https:\/\/www.facebook.com\/secheerleaders\/\" target=\"_blank\" rel=\"noopener noreferrer\">cheerleader-<\/a> and <a href=\"https:\/\/www.facebook.com\/SemmelweisVizilabda\/\" target=\"_blank\" rel=\"noopener noreferrer\">water polo<\/a> teams. Preparation for competitions usually involves 2-3 practice sessions a week.<\/p>\n<p>The Division of Physical Education provides regular trainings and participation in university championships in volleyball, basketball, handball, soccer and floorball. Running trainings are organized every week; these serve as a good preparation opportunity for competing in the big running galas of Budapest.<\/p>\n<p class=\"entry-title \" style=\"text-align: justify\"><span style=\"font-size: 18pt\"><strong>Recreational Facilities<\/strong><\/span><\/p>\n<div class=\"entry-content\">\n<p style=\"text-align: justify\">Apart from the sporting opportunities provided by the University there are other independent sporting facilities that the students of Semmelweis University can use for discounted prices.\u00a0\u00a0The list of discounted cultural and sporting facilities can be found<strong> <a href=\"https:\/\/semmelweis.hu\/english\/students\/discounts-for-students-and-staff\/\" target=\"_blank\" rel=\"noopener noreferrer\">here<\/a><\/strong>.<\/p>\n<p style=\"text-align: justify\"><b><span style=\"font-size: 18pt\">Students&#8217; Sport Association (Di\u00e1ksport Egyes\u00fclet)<\/span> <\/b><\/p>\n<p style=\"text-align: justify\">Founded in 1985 and declared to be an organisation of public utility in 2002, Students&#8217; Sport Association aims at satisfying the sports needs of students of the Faculty and members of the association, managing sport trainings, and providing the conditions for competitions and free-time programmes.<\/p>\n<p><b>Tel.: <\/b>061-486-5850 <br \/>\n<b>Tel.\/Fax: <\/b>061-486-5851 <br \/>\n<b>E-mail: <\/b><a href=\"mailto:etk.testneveles@semmelweis.hu\">etk.testneveles@semmelweis.hu<\/a><br \/>\n<b>Room: <\/b>424 <br \/>\n<b>Head: <\/b>Mr. G\u00e1bor So\u00f3s, head PE teacher<\/p>\n<p>&nbsp;<\/p>\n<\/div>\n","protected":false},"excerpt":{"rendered":"<p>Semmelweis University Faculty of Health Sciences offers a wide range of sporting opportunities for students. Physical education classes are compulsory during the first four semesters. In classes and during trainings, wearing sport clothing is compulsory and no outdoor shoes are allowed. Students arriving late are not allowed to join the class due to accident risks. &hellip;<\/p>\n","protected":false},"author":101733,"featured_media":0,"parent":289,"menu_order":5,"comment_status":"closed","ping_status":"closed","template":"","meta":{"_acf_changed":false,"footnotes":""},"categories":[],"tags":[],"class_list":["post-366","page","type-page","status-publish","hentry"],"acf":[],"_links":{"self":[{"href":"https:\/\/semmelweis.hu\/etk\/wp-json\/wp\/v2\/pages\/366","targetHints":{"allow":["GET"]}}],"collection":[{"href":"https:\/\/semmelweis.hu\/etk\/wp-json\/wp\/v2\/pages"}],"about":[{"href":"https:\/\/semmelweis.hu\/etk\/wp-json\/wp\/v2\/types\/page"}],"author":[{"embeddable":true,"href":"https:\/\/semmelweis.hu\/etk\/wp-json\/wp\/v2\/users\/101733"}],"replies":[{"embeddable":true,"href":"https:\/\/semmelweis.hu\/etk\/wp-json\/wp\/v2\/comments?post=366"}],"version-history":[{"count":10,"href":"https:\/\/semmelweis.hu\/etk\/wp-json\/wp\/v2\/pages\/366\/revisions"}],"predecessor-version":[{"id":13197,"href":"https:\/\/semmelweis.hu\/etk\/wp-json\/wp\/v2\/pages\/366\/revisions\/13197"}],"up":[{"embeddable":true,"href":"https:\/\/semmelweis.hu\/etk\/wp-json\/wp\/v2\/pages\/289"}],"wp:attachment":[{"href":"https:\/\/semmelweis.hu\/etk\/wp-json\/wp\/v2\/media?parent=366"}],"wp:term":[{"taxonomy":"category","embeddable":true,"href":"https:\/\/semmelweis.hu\/etk\/wp-json\/wp\/v2\/categories?post=366"},{"taxonomy":"post_tag","embeddable":true,"href":"https:\/\/semmelweis.hu\/etk\/wp-json\/wp\/v2\/tags?post=366"}],"curies":[{"name":"wp","href":"https:\/\/api.w.org\/{rel}","templated":true}]}}