{"id":356,"date":"2020-03-31T09:39:17","date_gmt":"2020-03-31T07:39:17","guid":{"rendered":"http:\/\/semmelweis.hu\/etk\/?page_id=356"},"modified":"2025-11-12T13:11:11","modified_gmt":"2025-11-12T12:11:11","slug":"after-admission","status":"publish","type":"page","link":"https:\/\/semmelweis.hu\/etk\/en\/admissions\/after-admission\/","title":{"rendered":"After Admission &#8211; Enrolment"},"content":{"rendered":"<h3 style=\"text-align: justify\"><em><strong><img loading=\"lazy\" decoding=\"async\" class=\"wp-image-1614 alignnone\" src=\"https:\/\/semmelweis.hu\/etk\/files\/2020\/07\/IMG_9088-400x225.jpg\" alt=\"\" width=\"685\" height=\"385\" srcset=\"https:\/\/semmelweis.hu\/etk\/files\/2020\/07\/IMG_9088-400x225.jpg 400w, https:\/\/semmelweis.hu\/etk\/files\/2020\/07\/IMG_9088-1024x575.jpg 1024w, https:\/\/semmelweis.hu\/etk\/files\/2020\/07\/IMG_9088-768x431.jpg 768w, https:\/\/semmelweis.hu\/etk\/files\/2020\/07\/IMG_9088-1536x862.jpg 1536w, https:\/\/semmelweis.hu\/etk\/files\/2020\/07\/IMG_9088-2048x1150.jpg 2048w, https:\/\/semmelweis.hu\/etk\/files\/2020\/07\/IMG_9088-753x423.jpg 753w\" sizes=\"auto, (max-width: 685px) 100vw, 685px\" \/><\/strong><\/em><\/h3>\n<hr \/>\n<h3>1. Enrolment (student registration)<\/h3>\n<p><strong>Date: <\/strong><strong>late August <\/strong><em>(tbc)<\/em><strong><br \/>\n<\/strong><\/p>\n<p><span style=\"color: #ff0000\"><em>Please note that registration is possible only if the registration and tution fees are paid.<\/em><\/span><\/p>\n<p><strong>Documents to be presented at registration:<\/strong><\/p>\n<ul>\n<li>passport\/identity card,<\/li>\n<li>original High School Diploma \/Secondary School Leaving Certificate and a copy of it or the validated English translation if applicable,<\/li>\n<li>in case of registering for an Master&#8217;s program, your Bachelor degree certificate.<\/li>\n<\/ul>\n<p><strong>Documents to be handed in at registration<\/strong>:<\/p>\n<ul>\n<li>A copy of High School Diploma \/ Secondary School Leaving Certificate or of its English translation,<\/li>\n<li>Personal Details Form filled and signed (you are going to receive it on site),<\/li>\n<li>Declaration signed (you are going to receive it on site),<\/li>\n<li>Text of the Freshmen\u2019s Oath signed (if you have it)<\/li>\n<li>In case of registering for an Master&#8217;s program, a copy of your Bachelor degree certificate,<\/li>\n<li>Transcript of studies,<\/li>\n<li>Copy of ID\/passport,<\/li>\n<li>Medical documents.<\/li>\n<\/ul>\n<p>After the registration, the administration of the following will take place:<\/p>\n<div class=\"exp-col-content-holder\"><a class=\"expand-cnt-link\" href=\"#\">Health Insurance<\/a><\/p>\n<div class=\"hidden-content\">\n<p class=\"hiddenContentp\" style=\"text-align: justify\">A special insurance is provided for our students, and its fee is included in the tuition fee. The service includes an English speaking call center, GP-service and treatment at the Polyclinics and Clinics of Semmelweis University. As long as you pay your tuition fee each semester and you are a registered active student, this insurance is automatically renewed until the end of your studies. The Hungarian health insurance provided by the University is only valid from the date of enrolling at the University. The health insurance is automatically suspended if the student registers for a passive semester.<\/p>\n<\/div>\n<\/div>\n<p>and<\/p>\n<div class=\"exp-col-content-holder\"><a class=\"expand-cnt-link\" href=\"#\">Student Card (&#8222;Di\u00e1kigazolv\u00e1ny&#8221;)<\/a><\/p>\n<div class=\"hidden-content\">\n<p>Application procedure for student card:<\/p>\n<ul>\n<li style=\"text-align: justify\">Students need to activate their current semesters in Neptun. Without the semester activation, the student card application cannot be started.<\/li>\n<li style=\"text-align: justify\">After the activation, students need to go to the Office of Government that Issues Documents (short term: <em>Registration Office<\/em>; in Hungarian: <em>Okm\u00e1nyiroda<\/em>) and apply for a \u2019NEK\u2019 document for student card. Passport is required. They will take a photo of you and have your main data registered.<\/li>\n<li style=\"text-align: justify\">Please return the \u2019NEK\u2019 document to the Foreign Students Secretariat and the Office will finish the application.<\/li>\n<li style=\"text-align: justify\">The Secretariat will inform the students if the plastic student card has arrived.<\/li>\n<li style=\"text-align: justify\">Students can have a temporary student card.<br \/>\nA temporary Student Card (an A4-format certificate valid for two months) will be given by the Foreign Students&#8217; Secretariat in mid-September the earliest. You can use the temporary card until the issuance of a permanent one. Please bear in mind that student discounts (e.g. at public transport) can be only claimed in the possession of a temporary or permanent card, so you will need to use regular fare tickets in the first month. With the temporary student card students are entitled to buy students\u2019 monthly tickets for the public transport (metro, bus, tram, trolley, H\u00c9V). Ask for a DI\u00c1KB\u00c9RLET, buy railways or long-distance bus tickets at a reduced price, access a number of services and discounts (e.g. library services, sport facilities, various travel, cultural and commercial discounts, etc.).<\/li>\n<\/ul>\n<\/div>\n<\/div>\n<h3>2. Opening Ceremony and the Freshmen\u2019s Oath<\/h3>\n<p style=\"text-align: justify\">The Opening Ceremony and the Freshmen\u2019s Oath will take place at the beginning of September. Freshmen are obliged to participate. Invitation cards will be distributed at the enrolment.<\/p>\n<hr \/>\n<h3>3. Introduction to Higher Education course<em><br \/>\n<\/em><\/h3>\n<p>early September <em>(tbc)<\/em><\/p>\n<hr \/>\n<h3>4. Subject registration<\/h3>\n<p>late August &#8211; early September <em>(tbc)<\/em><\/p>\n<p style=\"text-align: center\"><strong>WE WISH YOU ALL SUCCESSFUL YEARS IN YOUR STUDIES!<\/strong><\/p>\n","protected":false},"excerpt":{"rendered":"<p>1. Enrolment (student registration) Date: late August (tbc) Please note that registration is possible only if the registration and tution fees are paid. Documents to be presented at registration: passport\/identity card, original High School Diploma \/Secondary School Leaving Certificate and a copy of it or the validated English translation if applicable, in case of registering &hellip;<\/p>\n","protected":false},"author":101733,"featured_media":0,"parent":287,"menu_order":4,"comment_status":"closed","ping_status":"closed","template":"","meta":{"_acf_changed":false,"footnotes":""},"categories":[],"tags":[],"class_list":["post-356","page","type-page","status-publish","hentry"],"acf":[],"_links":{"self":[{"href":"https:\/\/semmelweis.hu\/etk\/wp-json\/wp\/v2\/pages\/356","targetHints":{"allow":["GET"]}}],"collection":[{"href":"https:\/\/semmelweis.hu\/etk\/wp-json\/wp\/v2\/pages"}],"about":[{"href":"https:\/\/semmelweis.hu\/etk\/wp-json\/wp\/v2\/types\/page"}],"author":[{"embeddable":true,"href":"https:\/\/semmelweis.hu\/etk\/wp-json\/wp\/v2\/users\/101733"}],"replies":[{"embeddable":true,"href":"https:\/\/semmelweis.hu\/etk\/wp-json\/wp\/v2\/comments?post=356"}],"version-history":[{"count":13,"href":"https:\/\/semmelweis.hu\/etk\/wp-json\/wp\/v2\/pages\/356\/revisions"}],"predecessor-version":[{"id":18942,"href":"https:\/\/semmelweis.hu\/etk\/wp-json\/wp\/v2\/pages\/356\/revisions\/18942"}],"up":[{"embeddable":true,"href":"https:\/\/semmelweis.hu\/etk\/wp-json\/wp\/v2\/pages\/287"}],"wp:attachment":[{"href":"https:\/\/semmelweis.hu\/etk\/wp-json\/wp\/v2\/media?parent=356"}],"wp:term":[{"taxonomy":"category","embeddable":true,"href":"https:\/\/semmelweis.hu\/etk\/wp-json\/wp\/v2\/categories?post=356"},{"taxonomy":"post_tag","embeddable":true,"href":"https:\/\/semmelweis.hu\/etk\/wp-json\/wp\/v2\/tags?post=356"}],"curies":[{"name":"wp","href":"https:\/\/api.w.org\/{rel}","templated":true}]}}