{"id":331,"date":"2020-03-30T22:07:16","date_gmt":"2020-03-30T20:07:16","guid":{"rendered":"http:\/\/semmelweis.hu\/etk\/?page_id=331"},"modified":"2026-01-19T11:01:07","modified_gmt":"2026-01-19T10:01:07","slug":"department-of-morphology-and-physiology","status":"publish","type":"page","link":"https:\/\/semmelweis.hu\/etk\/en\/departments\/department-of-morphology-and-physiology\/","title":{"rendered":"Department of Morphology and Physiology"},"content":{"rendered":"<div class=\"responsive-tabs\">\n<h2 class=\"tabtitle\">Introduction<\/h2>\n<div class=\"tabcontent\">\n\n<div class=\"keretes\">\n<p><strong>Phone <\/strong>+36 1 486 4940 <br \/>\n<strong>Email<\/strong> <a href=\"mailto:etk.morfologia@semmelweis.hu\">etk.morfologia@semmelweis.hu<\/a><br \/>\n<strong>Head of the Department<\/strong> College Professor Gabriella D\u00f6rnyei, Ph.D.<\/p>\n<\/div>\n<p style=\"text-align: justify\"><strong>Background <\/strong>The Department of Morphology and Physiology as a unit of the Institute of Basic Health Sciences has been operating at Semmelweis University Faculty of Health Sciences since its foundation in 1975. The Department participates in the education of the full time English language physiotherapy B.Sc. programme since 2005. The full time English language training of nurses and midwives was introduced in the 2011\/2012 academic year, and by 2023\/2024 public health supervisor, dietetics, optometry and health tourism management has also become available.<\/p>\n<p style=\"text-align: justify\"><strong>Education<\/strong><\/p>\n<p>The Department\u2019s educational tasks include the teaching of core and optional elective subjects to students participating in the full- and part time trainings of the Faculty, as well as to students taking part in the Master\u2019s level programmes, in the doctorate courses and in vocational trainings. Members of the Department\u2019s staff contribute to different medical and health care research projects, too as well.<\/p>\n<p>The Morphology Working Group teaches Anatomy and Applied Biology, whilst the Physiology Working Group teaches Physiology-Pathophysiology, Chemistry and Biochemistry in the first, second and third semesters. The following optional elective subjects are offered in English language:<\/p>\n<p>\u2013\u00a0 Biology of stem cells;\u00a0\u00a0\u00a0\u00a0\u00a0\u00a0<\/p>\n<p>\u2013\u00a0 From classical genetics to epigenetics;<\/p>\n<p>\u2013\u00a0 Chapters of venous circulation and hemodynamics;<\/p>\n<p>\u2013\u00a0 The genetic basis of muscle disorders;<\/p>\n<p>\u2013\u00a0 Functions of hormone receptors: scientific research and clinical practice, health and disease,<\/p>\n<p>\u2013\u00a0 Applied sport physiology and sport health sciences;<\/p>\n<p>\u2013 Evidence Based Approach of Low Back Pain Treatment in Physiotherapy;<\/p>\n<p>\u2013 Science News on Health and Lifestyle;<\/p>\n<p>\u2013 Introduction to Research into Health Sciences;<\/p>\n<p>\u2013 Extremely hazardous substances.<\/p>\n<p style=\"text-align: justify\"><strong>\u00a0Research<\/strong><\/p>\n<p style=\"text-align: justify\">The main research areas of the teaching staff are as follows:<\/p>\n<ul style=\"text-align: justify\">\n<li>The potential therapy of motion disorders by whole body vibration at early developmental stage;<\/li>\n<li>Effects of endocannabinoid signaling in vascular functions and remodeling;<\/li>\n<li>Effects of metabolic and hormonal disturbances on vascular adaptation and remodeling;<\/li>\n<li>Maintaining functional abilities and prevention of falls among older adults;<\/li>\n<li>A model of the veinous varicosity disease in rats;<\/li>\n<li>Role of physical activity (sport) in preventing vasomotor and cognitive dysfunction during aging;<\/li>\n<li>Application and analysis of mechanical and electromagnetic treatment methods for childhood cerebral palsy (CP);<\/li>\n<li>The genetic, epigenetic as well as functional changes that characterise ageing and the progression of gammopathies;<\/li>\n<li>Treatment of de Quervain&#8217;s tendinopathy with eccentric training;<\/li>\n<li>Research of the gastrointestinal tract.<\/li>\n<\/ul>\n<p style=\"text-align: justify\">\n<\/div><h2 class=\"tabtitle\">Teaching staff<\/h2>\n<div class=\"tabcontent\">\n<\/p>\n<p><a href=\"https:\/\/semmelweis.hu\/etk\/files\/2025\/03\/Bednarikne_Dornyei_EN_CV.pdf\">BEDN\u00c1RKN\u00c9 Dr. D\u00d6RNYEI Gabriella<\/a><\/p>\n<p style=\"padding-left: 40px\"><em>College professor, Head of department, Dean<\/em><\/p>\n<p>Dr. F\u00d6LDV\u00c1RI-NAGY L\u00e1szl\u00f3<\/p>\n<p style=\"padding-left: 40px\"><em>College professor<\/em><\/p>\n<p>Dr. F\u00d6LDV\u00c1RI-NAGY L\u00c1SZL\u00d3N\u00c9 Dr. LENTI Katalin<\/p>\n<p style=\"padding-left: 40px\"><em>College professor<\/em><\/p>\n<p>GEDEON G\u00e1bor<\/p>\n<p style=\"padding-left: 40px\"><em><span class=\"emp-phone\">\u00a0Assistant lecturer<\/span><\/em><\/p>\n<p><a href=\"https:\/\/semmelweis.hu\/etk\/files\/2025\/04\/Gyombolai_Zsigmond_EN_CV.pdf\">GYOMBOLAI Zsigmond<\/a><\/p>\n<p><em><span class=\"emp-phone\">\u00a0\u00a0\u00a0\u00a0\u00a0\u00a0 Assistant lecturer<br \/>\n<\/span><\/em><\/p>\n<p><a href=\"https:\/\/semmelweis.hu\/etk\/files\/2025\/04\/Hrutka_Anett_EN_HU.pdf\">Dr. HRUSKA Anett<\/a><\/p>\n<p style=\"padding-left: 40px\"><em>College associate professor<\/em><\/p>\n<p><a href=\"https:\/\/semmelweis.hu\/etk\/files\/2025\/04\/Kiss_Judit_EN_CV.pdf\">Dr. KISS Judit<\/a><\/p>\n<p style=\"padding-left: 40px\"><em>College associate professor<\/em><\/p>\n<p><a href=\"https:\/\/semmelweis.hu\/etk\/files\/2025\/03\/Kocsis_Laszlo_Lajos_EN_CV.pdf\">Dr. KOCSIS L\u00e1szl\u00f3 Lajos<\/a><\/p>\n<p style=\"padding-left: 40px\"><em>College associate professor<\/em><\/p>\n<p>Dr. KOLLER \u00c1kos<\/p>\n<p style=\"padding-left: 40px\"><em>University professor<\/em><\/p>\n<p><a href=\"https:\/\/semmelweis.hu\/etk\/files\/2025\/03\/Kovacs_Eva_EN_CV.pdf\">Dr. KOV\u00c1CS \u00c9va<\/a><\/p>\n<p style=\"padding-left: 40px\"><em>Habil. college professor<\/em><\/p>\n<p>Dr. L\u00c9VAY Gy\u00f6rgy<\/p>\n<p style=\"padding-left: 40px\"><em>University professor<\/em><\/p>\n<p><a href=\"https:\/\/semmelweis.hu\/etk\/files\/2025\/03\/Poloskeine_Szenasi_Annamaria_EN_CV.pdf\">Dr. P\u00d6L\u00d6SKEIN\u00c9 SZ\u00c9N\u00c1SI Annam\u00e1ria<\/a><\/p>\n<p style=\"padding-left: 40px\"><em>Assistant lecturer<\/em><\/p>\n<p><a href=\"https:\/\/semmelweis.hu\/etk\/files\/2025\/03\/Urban_Veronika_EN_CV.pdf\">SUHAJD\u00c1N\u00c9 Dr. URB\u00c1N Veronika<\/a><\/p>\n<p style=\"padding-left: 40px\"><em>College professor<\/em><\/p>\n<p>Dr. SZAB\u00d3 Szilvia<\/p>\n<p><em>\u00a0\u00a0\u00a0\u00a0\u00a0\u00a0 College associate professor<\/em><\/p>\n<p><a href=\"https:\/\/semmelweis.hu\/etk\/files\/2025\/03\/Szekeres_Maria_EN_CV.pdf\">Dr. SZEKERES M\u00e1ria<\/a><\/p>\n<p style=\"padding-left: 40px\"><em>College professor<\/em><\/p>\n<p><a href=\"https:\/\/semmelweis.hu\/etk\/files\/2025\/03\/Valasek_Tamas_EN_CV.pdf\">Dr. VALASEK Tam\u00e1s<\/a><\/p>\n<p style=\"padding-left: 40px\"><em>College associate professor<\/em><\/p>\n<p><a href=\"https:\/\/semmelweis.hu\/etk\/files\/2025\/03\/Vass_Zsolt_EN_CV.pdf\">Dr. VASS Zsolt<\/a><\/p>\n<p><em>\u00a0\u00a0\u00a0\u00a0\u00a0\u00a0 Assistant lecturer<\/em><\/p>\n<\/div><\/div>\n","protected":false},"excerpt":{"rendered":"<p>Phone +36 1 486 4940 Email <a href=\"mailto:etk.morfologia@semmelweis.hu\">etk.morfologia@semmelweis.hu<\/a> Head of the Department College Professor Gabriella D\u00f6rnyei, Ph.D. Background The Department of Morphology and Physiology as a unit of the Institute of Basic Health Sciences has been operating at Semmelweis University Faculty of Health Sciences since its foundation in 1975. The Department participates in the education of the &hellip;<\/p>\n","protected":false},"author":101733,"featured_media":0,"parent":348,"menu_order":10,"comment_status":"closed","ping_status":"closed","template":"","meta":{"_acf_changed":false,"footnotes":""},"categories":[],"tags":[],"class_list":["post-331","page","type-page","status-publish","hentry"],"acf":[],"_links":{"self":[{"href":"https:\/\/semmelweis.hu\/etk\/wp-json\/wp\/v2\/pages\/331","targetHints":{"allow":["GET"]}}],"collection":[{"href":"https:\/\/semmelweis.hu\/etk\/wp-json\/wp\/v2\/pages"}],"about":[{"href":"https:\/\/semmelweis.hu\/etk\/wp-json\/wp\/v2\/types\/page"}],"author":[{"embeddable":true,"href":"https:\/\/semmelweis.hu\/etk\/wp-json\/wp\/v2\/users\/101733"}],"replies":[{"embeddable":true,"href":"https:\/\/semmelweis.hu\/etk\/wp-json\/wp\/v2\/comments?post=331"}],"version-history":[{"count":10,"href":"https:\/\/semmelweis.hu\/etk\/wp-json\/wp\/v2\/pages\/331\/revisions"}],"predecessor-version":[{"id":19369,"href":"https:\/\/semmelweis.hu\/etk\/wp-json\/wp\/v2\/pages\/331\/revisions\/19369"}],"up":[{"embeddable":true,"href":"https:\/\/semmelweis.hu\/etk\/wp-json\/wp\/v2\/pages\/348"}],"wp:attachment":[{"href":"https:\/\/semmelweis.hu\/etk\/wp-json\/wp\/v2\/media?parent=331"}],"wp:term":[{"taxonomy":"category","embeddable":true,"href":"https:\/\/semmelweis.hu\/etk\/wp-json\/wp\/v2\/categories?post=331"},{"taxonomy":"post_tag","embeddable":true,"href":"https:\/\/semmelweis.hu\/etk\/wp-json\/wp\/v2\/tags?post=331"}],"curies":[{"name":"wp","href":"https:\/\/api.w.org\/{rel}","templated":true}]}}