{"id":326,"date":"2020-03-30T22:03:26","date_gmt":"2020-03-30T20:03:26","guid":{"rendered":"http:\/\/semmelweis.hu\/etk\/?page_id=326"},"modified":"2025-09-05T08:09:52","modified_gmt":"2025-09-05T06:09:52","slug":"department-of-family-care-methodology","status":"publish","type":"page","link":"https:\/\/semmelweis.hu\/etk\/en\/departments\/department-of-family-care-methodology\/","title":{"rendered":"Department of Family Care Methodology"},"content":{"rendered":"<div class=\"responsive-tabs\">\n<h2 class=\"tabtitle\">Introduction<\/h2>\n<div class=\"tabcontent\">\n\n<div class=\"keretes\">\n<p><strong>Phone <\/strong>+36 1 486 4840<br \/>\n<strong>Email<\/strong> <a href=\"mailto:etk.csaladgondozas@semmelweis.hu\">etk.csaladgondozas@semmelweis.hu<\/a><br \/>\n<strong>Head of the department <\/strong>Professor Lajos Attila R\u00e9thy M.D., Ph.D.<\/p>\n<\/div>\n<p style=\"text-align: justify\"><strong>Background<\/strong> The academic-level training of health visitors (similar to district or family nurses) in Hungary started in 1975.<\/p>\n<p style=\"text-align: justify\"><strong>Education<\/strong> The aim of this eight-semester-long programme is to train health visitors who can provide assistance to children and pregnant women in social care, and in the prevention of illnesses. Practical training takes place under clinical and real-life circumstances (e.g. in hospitals and district consulting rooms).<\/p>\n<p style=\"text-align: justify\">The basic subjects (e.g. Anatomy, Physiology, Pathology, Biology) are followed by specialised studies in paediatrics, nursing, obstetrics, sanitation and nursing methodology. Pedagogy, psychology, health education, social sciences and information sciences are also integrated into the curriculum. After submitting a thesis, students are tested in theoretical, practical and professional skills before attaining their diploma.<\/p>\n<p style=\"text-align: justify\">Upon successful completion of the programme, health visitors are entitled to work in municipal primary health care facilities, and in the area of primary preventive medical services. They can perform their duties either independently or in cooperation with doctors and other medical experts.<\/p>\n<p style=\"text-align: justify\"><strong>Research<\/strong> The Department\u2019s research topics include:<\/p>\n<ul style=\"text-align: justify\">\n<li>Preventive\/visiting nurse system in Europe;<\/li>\n<li>The characteristics of childhood onset depression according to depressive symptoms, co-morbidities and quality of life;<\/li>\n<li>Influence of smoking during pregnancy on preterm-birth and low birth-weight;<\/li>\n<li>Connection between childhood obesity, IDDM and physical activity.<\/li>\n<\/ul>\n\n<\/div><h2 class=\"tabtitle\">Teaching staff<\/h2>\n<div class=\"tabcontent\">\n\n<p><a href=\"https:\/\/semmelweis.hu\/etk\/files\/2025\/03\/Rethy_Lajos_EN_CV.pdf\">Dr. R\u00c9THY Lajos Attila<\/a><\/p>\n<p style=\"padding-left: 40px\"><em>College Professor, Head of Department<\/em><\/p>\n<p>Dr. FOGARASI-GRENCZER Andrea<\/p>\n<p style=\"padding-left: 40px\"><em>College Associate Professor<\/em><\/p>\n<p>G\u00c1CSI Erika<\/p>\n<p style=\"padding-left: 40px\"><em>College Associate Professor<\/em><\/p>\n<p>KAHLICHN\u00c9 Dr. SIMON M\u00e1rta<\/p>\n<p><em>\u00a0\u00a0\u00a0\u00a0\u00a0\u00a0\u00a0 Professor emerita<\/em><\/p>\n<p>Dr. KORMOS-TASI Judit<\/p>\n<p style=\"padding-left: 40px\"><em>College associate professor<br \/>\n<\/em><\/p>\n<p><a href=\"https:\/\/semmelweis.hu\/etk\/files\/2025\/04\/Kovacs_Andrea_EN_CV.pdf\">KOV\u00c1CS Andrea Ildik\u00f3<\/a><\/p>\n<p><em>\u00a0\u00a0\u00a0\u00a0\u00a0\u00a0\u00a0 Assistant lecturer<\/em><\/p>\n<p>Dr. M\u00dcLLER Katalin Eszter<\/p>\n<p><em>\u00a0 \u00a0 \u00a0 \u00a0 College Associate Professor<\/em><\/p>\n<p>Dr. SZAB\u00d3 L\u00e1szl\u00f3<\/p>\n<p style=\"padding-left: 40px\"><em>Professor emeritus<br \/>\n<\/em><\/p>\n<p>Dr. SZ\u00d6LL\u0150SI Katalin<\/p>\n<p style=\"padding-left: 40px\"><em>Senior lecturer<br \/>\n<\/em><\/p>\n<p>Dr. TOMA Andrea<\/p>\n<p><em>\u00a0\u00a0\u00a0\u00a0\u00a0\u00a0\u00a0\u00a0 Assistant lecturer<br \/>\n<\/em><\/p>\n<\/div><\/div>\n","protected":false},"excerpt":{"rendered":"<p>Phone +36 1 486 4840 Email <a href=\"mailto:etk.csaladgondozas@semmelweis.hu\">etk.csaladgondozas@semmelweis.hu<\/a> Head of the department Professor Lajos Attila R\u00e9thy M.D., Ph.D. Background The academic-level training of health visitors (similar to district or family nurses) in Hungary started in 1975. Education The aim of this eight-semester-long programme is to train health visitors who can provide assistance to children and pregnant women &hellip;<\/p>\n","protected":false},"author":101733,"featured_media":0,"parent":348,"menu_order":8,"comment_status":"closed","ping_status":"closed","template":"","meta":{"_acf_changed":false,"footnotes":""},"categories":[],"tags":[],"class_list":["post-326","page","type-page","status-publish","hentry"],"acf":[],"_links":{"self":[{"href":"https:\/\/semmelweis.hu\/etk\/wp-json\/wp\/v2\/pages\/326","targetHints":{"allow":["GET"]}}],"collection":[{"href":"https:\/\/semmelweis.hu\/etk\/wp-json\/wp\/v2\/pages"}],"about":[{"href":"https:\/\/semmelweis.hu\/etk\/wp-json\/wp\/v2\/types\/page"}],"author":[{"embeddable":true,"href":"https:\/\/semmelweis.hu\/etk\/wp-json\/wp\/v2\/users\/101733"}],"replies":[{"embeddable":true,"href":"https:\/\/semmelweis.hu\/etk\/wp-json\/wp\/v2\/comments?post=326"}],"version-history":[{"count":10,"href":"https:\/\/semmelweis.hu\/etk\/wp-json\/wp\/v2\/pages\/326\/revisions"}],"predecessor-version":[{"id":18579,"href":"https:\/\/semmelweis.hu\/etk\/wp-json\/wp\/v2\/pages\/326\/revisions\/18579"}],"up":[{"embeddable":true,"href":"https:\/\/semmelweis.hu\/etk\/wp-json\/wp\/v2\/pages\/348"}],"wp:attachment":[{"href":"https:\/\/semmelweis.hu\/etk\/wp-json\/wp\/v2\/media?parent=326"}],"wp:term":[{"taxonomy":"category","embeddable":true,"href":"https:\/\/semmelweis.hu\/etk\/wp-json\/wp\/v2\/categories?post=326"},{"taxonomy":"post_tag","embeddable":true,"href":"https:\/\/semmelweis.hu\/etk\/wp-json\/wp\/v2\/tags?post=326"}],"curies":[{"name":"wp","href":"https:\/\/api.w.org\/{rel}","templated":true}]}}