{"id":322,"date":"2020-03-30T21:58:11","date_gmt":"2020-03-30T19:58:11","guid":{"rendered":"http:\/\/semmelweis.hu\/etk\/?page_id=322"},"modified":"2026-01-07T11:20:34","modified_gmt":"2026-01-07T10:20:34","slug":"department-of-dietetics-and-nutritional-sciences","status":"publish","type":"page","link":"https:\/\/semmelweis.hu\/etk\/en\/departments\/department-of-dietetics-and-nutritional-sciences\/","title":{"rendered":"Department of Dietetics and Nutritional Science"},"content":{"rendered":"<div class=\"responsive-tabs\">\n<h2 class=\"tabtitle\">Introduction<\/h2>\n<div class=\"tabcontent\">\n\n<div class=\"keretes\">\n<p><strong>Phone<\/strong> +36 1 486 4820 <br \/>\n<strong>Email<\/strong> <a href=\"mailto:etk.dietetika@semmelweis.hu\">etk.dietetika@semmelweis.hu<\/a><br \/>\n<strong>Head of the Department<\/strong> College Professor Dr. \u00c9va Csobod Csajb\u00f3kn\u00e9<\/p>\n<\/div>\n<p style=\"text-align: justify\"><strong>Background <\/strong>Education of dietetics in Hungary dates back to the 1920s and was initiated by Alad\u00e1r So\u00f3s. The Department of Dietetics was founded in 1975 as part of the newly established College of Health Care (now Semmelweis University Faculty of Health Sciences). The main task of the Department is the undergraduate and graduate training of dieticians while providing courses on nutritional sciences and dietotherapy for other health professionals educated at the Faculty. The Department of Dietetics and Nutrition Sciences is responsible also for the training of Masters of nutrition and food sciences. The programme is carried out in collaboration with the Hungarian University of Agricultural and Life Sciences.<\/p>\n<p style=\"text-align: justify\"><strong>Education<\/strong> Over the last 40\u00a0years, as many as 2000 dieticians have completed their studies at the Department. The undergraduate training programme is eight semesters long, with a total number of 240 ECTs, of which 40 percent is devoted to theoretical training and 60 percent to practice. Dieticians may be employed as therapeutical dieticians or catering managers.<\/p>\n<p style=\"text-align: justify\">During the education students are taught the whole scope of dietetic practice such as clinical, administrative and public health\/community dietitians. Graduate students can be employed in different areas of public health nutrition and nutritional research fields. Postgraduate training programmes are also available for dietitians.<\/p>\n<p style=\"text-align: justify\">The Master of Nutrition and Food Sciences was launched in the 2009\/2010 academic year. Students are taught by experienced teachers who are recognized as experts in the field of nutrition and food technology as well as in research methodology. The duration of the training is 4 semesters with a total number of 120 ECTS. Graduating as Masters of nutrition and food sciences allows students to continue their studies at Ph.D. level at Semmelweis University Doctoral School in the Health Sciences Researches programme. The Department of Dietetics and Nutrition Sciences has collaborative partnership with the European Federation of the Associations of Dietitians (EFAD).<\/p>\n<p style=\"text-align: justify\">The Department\u2019s staff is also actively involved in the editorial boards of several professional periodicals, such as Metabolism, New Medicine, Developments in Health Sciences and New Diet (managed by the Association of Hungarian Dieticians).<\/p>\n<p style=\"text-align: justify\"><strong>Research\u00a0<\/strong><\/p>\n<ul>\n<li>Food production by fermentation for patients with food allergy and intolerance;<\/li>\n<li>Nutrition Science Analysis and Diethoterapic Interventions;<\/li>\n<li>Innovation in public catering;<\/li>\n<li>Disease Specific Nutrition Therapy and Communication Method;<\/li>\n<li>Examination of the nutrition and nutritional status of the elderly.<\/li>\n<\/ul>\n<p><strong>Fields of scientific interest are<\/strong><\/p>\n<ul style=\"text-align: justify\">\n<li>Monitoring nutrition status and nutrient value at all ages to identify factors of diet-related diseases and health preservation;<\/li>\n<li>Healthy future \u2013 sustainability in public food;<\/li>\n<li>Role of different dietary fibres in women with polycystic ovary syndrome;<\/li>\n<li>Investigation of biologically active components in food;<\/li>\n<li>Development of functional food products;<\/li>\n<li>Assessment of the nutritional attitudes of and the prevalence of taking prenatal vitamin products by pregnant women in the light of their mental health;<\/li>\n<li>The role of public catering as a form of nutrition education in the development of nutritional attitudes;<\/li>\n<li>Dietotherapy in treatment of woman infertility;<\/li>\n<li>Study of the effects of spelt and low fodmap diets in patients with irritable bowel syndrome and inflammatory bowel disease in remission.<\/li>\n<\/ul>\n<p style=\"text-align: justify\">Members of the Department\u2019s staff are actively involved in the boards of different professional organizations in the field of nutrition, such as the Hungarian Society of Nutrition, the Association of Hungarian Dieticians, the College of Health Dietetics and Human Nutrition Council, the National Association of<\/p>\n<p style=\"text-align: justify\">\n<\/div><h2 class=\"tabtitle\">Teaching staff<\/h2>\n<div class=\"tabcontent\">\n<\/p>\n<p><a href=\"https:\/\/semmelweis.hu\/etk\/files\/2025\/02\/Csajbokne_Csobod_Eva_CV_EN.pdf\">CSAJB\u00d3KN\u00c9 Dr. CSOBOD \u00c9va<\/a><\/p>\n<p><em>\u00a0\u00a0\u00a0\u00a0\u00a0 College professor, Head of Department<\/em><\/p>\n<p style=\"text-align: left\"><a href=\"https:\/\/semmelweis.hu\/etk\/files\/2025\/03\/Abel_Tatjana_EN_CV.pdf\">Dr. \u00c1BEL Tatj\u00e1na Katalin<\/a><\/p>\n<p style=\"padding-left: 40px\"><em>College associate professor<br \/>\n<\/em><\/p>\n<p><a href=\"https:\/\/semmelweis.hu\/etk\/files\/2025\/04\/Bartos_Krisztina_EN_CV.pdf\">BARTOS Krisztina<\/a><\/p>\n<p><em>\u00a0\u00a0\u00a0\u00a0\u00a0\u00a0 Assistant lecturer<br \/>\n<\/em><\/p>\n<p><a href=\"https:\/\/semmelweis.hu\/etk\/files\/2025\/03\/Benedek_Csilla_EN_CV.pdf\">Dr. BENEDEK Csilla<\/a><\/p>\n<p style=\"padding-left: 40px\"><em>College professor<\/em><\/p>\n<p><a href=\"https:\/\/semmelweis.hu\/etk\/files\/2024\/11\/Biro_Lajos_EN.pdf\">Dr. BIR\u00d3 Lajos<\/a><\/p>\n<p><em>\u00a0\u00a0\u00a0\u00a0\u00a0\u00a0 College associate professor<\/em><\/p>\n<p>Dr. BODOR Zsanett<\/p>\n<p><em>\u00a0\u00a0\u00a0\u00a0\u00a0\u00a0 Senior lecturer<br \/>\n<\/em><\/p>\n<p><a href=\"https:\/\/semmelweis.hu\/etk\/files\/2025\/03\/Hajas_Livia_EN_CV.pdf\">HAJAS L\u00edvia<\/a><\/p>\n<p style=\"padding-left: 40px\"><em>Assistant lecturer<\/em><\/p>\n<p><a href=\"https:\/\/semmelweis.hu\/etk\/files\/2025\/03\/Hermanne_Juhasz_EN_CV.pdf\">HERM\u00c1NN\u00c9 Dr. JUH\u00c1SZ R\u00e9ka<\/a><\/p>\n<p style=\"padding-left: 40px\"><em>University associate professor<\/em><\/p>\n<p><a href=\"https:\/\/semmelweis.hu\/etk\/files\/2025\/03\/Horvath_Zoltanne_EN_CV.pdf\">Dr. HORV\u00c1TH Zolt\u00e1nn\u00e9<\/a><\/p>\n<p style=\"padding-left: 40px\"><em>College professor<\/em><\/p>\n<p><a href=\"https:\/\/semmelweis.hu\/etk\/files\/2025\/03\/Juhasz_Anna_Evelin_EN_CV.pdf\">Dr. JUH\u00c1SZ Anna Evelin<\/a><\/p>\n<p><em>\u00a0\u00a0\u00a0\u00a0\u00a0\u00a0 Assistant lecturer<\/em><\/p>\n<p><a href=\"https:\/\/semmelweis.hu\/etk\/files\/2024\/11\/KORMOSNE-BUGYI-Zsuzsanna_EN.pdf\">Dr. KORMOSN\u00c9 BUGYI Zsuzsanna<\/a><\/p>\n<p><em>\u00a0\u00a0\u00a0\u00a0 \u00a0 University associate professor<br \/>\n<\/em><\/p>\n<p>Dr. LICHTHAMMER Adrienn<\/p>\n<p style=\"padding-left: 40px\"><em>College associate professor<\/em><\/p>\n<p><a href=\"https:\/\/semmelweis.hu\/etk\/files\/2024\/11\/Makai-Budai-Bettina_EN.pdf\">Dr. MAKAI-BUDAI Bettina<\/a><\/p>\n<p style=\"padding-left: 40px\"><em>Assistant lecturer<\/em><\/p>\n<p><a href=\"https:\/\/semmelweis.hu\/etk\/files\/2025\/04\/Mak_Erzsebet_EN_CV.pdf\">Dr. M\u00c1K Erzs\u00e9bet<\/a><\/p>\n<p style=\"padding-left: 40px\"><em>College professor<\/em><\/p>\n<p><a href=\"https:\/\/semmelweis.hu\/etk\/files\/2025\/04\/Molnar_Szilvia_EN_CV.pdf\">Dr. MOLN\u00c1R Szilvia<\/a><\/p>\n<p style=\"padding-left: 40px\"><em>Assistant lecturer<\/em><\/p>\n<p><span class=\"emp-phone\"><a href=\"https:\/\/semmelweis.hu\/etk\/files\/2024\/12\/PalfiErzsebet_EN.pdf\">Dr. P\u00c1LFI Erzs\u00e9bet<\/a><\/span><\/p>\n<p><em><span class=\"emp-phone\">\u00a0\u00a0\u00a0\u00a0\u00a0\u00a0 College associate professor<\/span><\/em><\/p>\n<p>PILLING R\u00f3bert<\/p>\n<p style=\"padding-left: 40px\"><em>Mester teacher<\/em><\/p>\n<p><a href=\"https:\/\/semmelweis.hu\/etk\/files\/2025\/03\/Tatrai_Nemeth_Katalin_EN_CV.pdf\">Dr. T\u00c1TRAI-N\u00c9METH Katalin<\/a><\/p>\n<p style=\"padding-left: 40px\"><em>College professor, professor emerita<br \/>\n<\/em><\/p>\n<\/div><\/div>\n","protected":false},"excerpt":{"rendered":"<p>Phone +36 1 486 4820 Email <a href=\"mailto:etk.dietetika@semmelweis.hu\">etk.dietetika@semmelweis.hu<\/a> Head of the Department College Professor Dr. \u00c9va Csobod Csajb\u00f3kn\u00e9 Background Education of dietetics in Hungary dates back to the 1920s and was initiated by Alad\u00e1r So\u00f3s. The Department of Dietetics was founded in 1975 as part of the newly established College of Health Care (now Semmelweis University Faculty &hellip;<\/p>\n","protected":false},"author":101733,"featured_media":0,"parent":348,"menu_order":6,"comment_status":"closed","ping_status":"closed","template":"","meta":{"_acf_changed":false,"footnotes":""},"categories":[],"tags":[],"class_list":["post-322","page","type-page","status-publish","hentry"],"acf":[],"_links":{"self":[{"href":"https:\/\/semmelweis.hu\/etk\/wp-json\/wp\/v2\/pages\/322","targetHints":{"allow":["GET"]}}],"collection":[{"href":"https:\/\/semmelweis.hu\/etk\/wp-json\/wp\/v2\/pages"}],"about":[{"href":"https:\/\/semmelweis.hu\/etk\/wp-json\/wp\/v2\/types\/page"}],"author":[{"embeddable":true,"href":"https:\/\/semmelweis.hu\/etk\/wp-json\/wp\/v2\/users\/101733"}],"replies":[{"embeddable":true,"href":"https:\/\/semmelweis.hu\/etk\/wp-json\/wp\/v2\/comments?post=322"}],"version-history":[{"count":11,"href":"https:\/\/semmelweis.hu\/etk\/wp-json\/wp\/v2\/pages\/322\/revisions"}],"predecessor-version":[{"id":19180,"href":"https:\/\/semmelweis.hu\/etk\/wp-json\/wp\/v2\/pages\/322\/revisions\/19180"}],"up":[{"embeddable":true,"href":"https:\/\/semmelweis.hu\/etk\/wp-json\/wp\/v2\/pages\/348"}],"wp:attachment":[{"href":"https:\/\/semmelweis.hu\/etk\/wp-json\/wp\/v2\/media?parent=322"}],"wp:term":[{"taxonomy":"category","embeddable":true,"href":"https:\/\/semmelweis.hu\/etk\/wp-json\/wp\/v2\/categories?post=322"},{"taxonomy":"post_tag","embeddable":true,"href":"https:\/\/semmelweis.hu\/etk\/wp-json\/wp\/v2\/tags?post=322"}],"curies":[{"name":"wp","href":"https:\/\/api.w.org\/{rel}","templated":true}]}}