{"id":30,"date":"2020-03-19T16:12:11","date_gmt":"2020-03-19T15:12:11","guid":{"rendered":"http:\/\/semmelweis.hu\/etk\/?page_id=30"},"modified":"2026-01-19T11:47:53","modified_gmt":"2026-01-19T10:47:53","slug":"leendo-hallgatoknak","status":"publish","type":"page","link":"https:\/\/semmelweis.hu\/etk\/leendo-hallgatoknak\/","title":{"rendered":"Leend\u0151 hallgat\u00f3knak"},"content":{"rendered":"<div class=\"keretes w-100\">\n<h6 style=\"text-align: center\">K\u00e9pz\u00e9seink <strong>nappali \u00e9s\/vagy levelez\u0151 munkarend<\/strong>ben indulnak.<\/h6>\n<\/div>\n<style>\n           #page-grid .card-body > .line-clamp-box.excerpt{\n        width: inherit;\n        max-width: inherit;\n        display:flex;\n        min-height: 2.4em;\n        flex-direction: column;\n        justify-content: space-around;\n        background-color: #D6E4EA;\n        min-height: 3.4rem;\n        font-family: \"Montserrat\", sans-serif;\n    }\n\n    #page-grid a:hover .card-body > .line-clamp-box.excerpt {\n        background-color: #fff;\n        color: #313B40;\n    }\n\n    #page-grid .card-body .line-clamp-box.excerpt section{\n        max-width: inherit;\n        display: -webkit-box;\n        -webkit-line-clamp: 2;\n        -webkit-box-orient: vertical;\n        overflow: hidden;\n        text-overflow: ellipsis;\n        hyphens: auto;\n        margin: auto;\n        \n    }\n    .line-clamp-box.excerpt section, .line-clamp-box.excerpt section p{\n        font-size:0.8em;\n    }\n    \n<\/style>\n    <section id=\"page-grid\">\n        \n        <div class=\"row row-cols-1 row-cols-md-2 row-cols-lg-3 no-gutters mx-0 \">    <div class =\"col  mb-2 card-wrapper\">\n        <a class=\"d-flex flex-fill card-link-warapper m-md-1\" href=\"https:\/\/semmelweis.hu\/etk\/leendo-hallgatoknak\/alapkepzesek-felveteli-informacioi\/\">\n            <div class=\"card border border-secondary se-border flex-fill\">\n                <div class=\"row no-gutters mx-0 d-flex flex-nowrap flex-md-wrap align-items-center\">\n                    <div class =\"  col-5 col-md-12  d-none  d-md-none d-md-none  bg-image  card-image justify-content-center\">\n                        <img class='wp-post-image img-fluid landscape' src='https:\/\/semmelweis.hu\/etk\/wp-content\/themes\/se18\/dist\/images\/svg\/bg-image.svg' \/>\n                    <\/div>\n                    <div class=\"card-body  col flex-column  col-md-12 p-0\">\n                        <div class=\"line-clamp-box p-3\">\n                            <h5 class=\"ml-0 ml-sm-1 mt-2 align-items-center\"  >Alapk\u00e9pz\u00e9sek jelentkez\u00e9si inform\u00e1ci\u00f3i<\/h5>\n                        <\/div>\n                        \n                    <\/div>\n                <\/div>\n\n            <\/div>\n        <\/a>\n    <\/div>    <div class =\"col  mb-2 card-wrapper\">\n        <a class=\"d-flex flex-fill card-link-warapper m-md-1\" href=\"https:\/\/semmelweis.hu\/etk\/leendo-hallgatoknak\/mesterkepzesek-felveteli-informacioi\/\">\n            <div class=\"card border border-secondary se-border flex-fill\">\n                <div class=\"row no-gutters mx-0 d-flex flex-nowrap flex-md-wrap align-items-center\">\n                    <div class =\"  col-5 col-md-12  d-none  d-md-none d-md-none  bg-image  card-image justify-content-center\">\n                        <img class='wp-post-image img-fluid landscape' src='https:\/\/semmelweis.hu\/etk\/wp-content\/themes\/se18\/dist\/images\/svg\/bg-image.svg' \/>\n                    <\/div>\n                    <div class=\"card-body  col flex-column  col-md-12 p-0\">\n                        <div class=\"line-clamp-box p-3\">\n                            <h5 class=\"ml-0 ml-sm-1 mt-2 align-items-center\"  >Mesterk\u00e9pz\u00e9sek jelentkez\u00e9si inform\u00e1ci\u00f3i<\/h5>\n                        <\/div>\n                        \n                    <\/div>\n                <\/div>\n\n            <\/div>\n        <\/a>\n    <\/div>    <div class =\"col  mb-2 card-wrapper\">\n        <a class=\"d-flex flex-fill card-link-warapper m-md-1\" href=\"https:\/\/semmelweis.hu\/etk\/leendo-hallgatoknak\/szakiranyu-tovabbkepzesek-jelentkezesi-informacioi\/\">\n            <div class=\"card border border-secondary se-border flex-fill\">\n                <div class=\"row no-gutters mx-0 d-flex flex-nowrap flex-md-wrap align-items-center\">\n                    <div class =\"  col-5 col-md-12  d-none  d-md-none d-md-none  bg-image  card-image justify-content-center\">\n                        <img class='wp-post-image img-fluid landscape' src='https:\/\/semmelweis.hu\/etk\/wp-content\/themes\/se18\/dist\/images\/svg\/bg-image.svg' \/>\n                    <\/div>\n                    <div class=\"card-body  col flex-column  col-md-12 p-0\">\n                        <div class=\"line-clamp-box p-3\">\n                            <h5 class=\"ml-0 ml-sm-1 mt-2 align-items-center\"  >Szakir\u00e1ny\u00fa tov\u00e1bbk\u00e9pz\u00e9sek jelentkez\u00e9si inform\u00e1ci\u00f3i<\/h5>\n                        <\/div>\n                        \n                    <\/div>\n                <\/div>\n\n            <\/div>\n        <\/a>\n    <\/div>        <\/div>\n    <\/section>\n<h6 style=\"text-align: center\"><em>K\u00e9rd\u00e9se van, de nem tal\u00e1lja a v\u00e1laszt? \u00cdrjon a <strong><a href=\"mailto:felveteli.iroda@semmelweis.hu\">felveteli.iroda@semmelweis.hu<\/a> <\/strong>c\u00edmre!<\/em><\/h6>\n<h6 style=\"text-align: center\"><a href=\"https:\/\/semmelweis.hu\/etk\/leendo-hallgatoknak\/online-nyilt-nap\/\">Ismerkedjen meg vel\u00fcnk a <strong>ny\u00edlt napunk<\/strong> keret\u00e9ben is! \u2192<\/a><\/h6>\n<h6 style=\"text-align: center\"><strong>Mit kell tudni a Semmelweis Egyetemen a 2026-os felv\u00e9teli elj\u00e1r\u00e1sr\u00f3l \u00e9s pontsz\u00e1m\u00edt\u00e1sr\u00f3l?<\/strong><\/h6>\n<p style=\"text-align: center\"><a class=\"btn btn-secondary\" href=\"https:\/\/semmelweis.hu\/felvetelizoknek\/felveteli-2024\/\">FELV\u00c9TELI 2026 \u2192<\/a><\/p>\n<p><a href=\"https:\/\/semmelweis.hu\/etk\/files\/2023\/12\/183631_transform.jpg\"><img loading=\"lazy\" decoding=\"async\" class=\"aligncenter wp-image-13447 size-full\" src=\"https:\/\/semmelweis.hu\/etk\/files\/2023\/12\/183631_transform.jpg\" alt=\"\" width=\"1280\" height=\"420\" \/><\/a><\/p>\n","protected":false},"excerpt":{"rendered":"<p>K\u00e9pz\u00e9seink nappali \u00e9s\/vagy levelez\u0151 munkarendben indulnak.<\/p>\n<p>K\u00e9rd\u00e9se van, de nem tal\u00e1lja a v\u00e1laszt? \u00cdrjon a <a href=\"mailto:felveteli.iroda@semmelweis.hu\">felveteli.iroda@semmelweis.hu<\/a> c\u00edmre!<br \/>\n<a href=\"https:\/\/semmelweis.hu\/etk\/leendo-hallgatoknak\/online-nyilt-nap\/\">Ismerkedjen meg vel\u00fcnk a ny\u00edlt napunk keret\u00e9ben is! \u2192<\/a><br \/>\nMit kell tudni a Semmelweis Egyetemen a 2026-os felv\u00e9teli elj\u00e1r\u00e1sr\u00f3l \u00e9s pontsz\u00e1m\u00edt\u00e1sr\u00f3l?<br \/>\n<a class=\"btn btn-secondary\" href=\"https:\/\/semmelweis.hu\/felvetelizoknek\/felveteli-2024\/\">FELV\u00c9TELI 2026 \u2192<\/a><br \/>\n<a href=\"https:\/\/semmelweis.hu\/etk\/files\/2023\/12\/183631_transform.jpg\"><\/a><\/p>\n","protected":false},"author":12,"featured_media":0,"parent":0,"menu_order":0,"comment_status":"closed","ping_status":"closed","template":"template-fullwidth.php","meta":{"_acf_changed":false,"footnotes":""},"categories":[],"tags":[29,27,31,33],"class_list":["post-30","page","type-page","status-publish","hentry","tag-alapkepzesek","tag-felveteli","tag-mesterkepzesek","tag-szakiranyu-tovabbkepzesek"],"acf":[],"_links":{"self":[{"href":"https:\/\/semmelweis.hu\/etk\/wp-json\/wp\/v2\/pages\/30","targetHints":{"allow":["GET"]}}],"collection":[{"href":"https:\/\/semmelweis.hu\/etk\/wp-json\/wp\/v2\/pages"}],"about":[{"href":"https:\/\/semmelweis.hu\/etk\/wp-json\/wp\/v2\/types\/page"}],"author":[{"embeddable":true,"href":"https:\/\/semmelweis.hu\/etk\/wp-json\/wp\/v2\/users\/12"}],"replies":[{"embeddable":true,"href":"https:\/\/semmelweis.hu\/etk\/wp-json\/wp\/v2\/comments?post=30"}],"version-history":[{"count":13,"href":"https:\/\/semmelweis.hu\/etk\/wp-json\/wp\/v2\/pages\/30\/revisions"}],"predecessor-version":[{"id":19370,"href":"https:\/\/semmelweis.hu\/etk\/wp-json\/wp\/v2\/pages\/30\/revisions\/19370"}],"wp:attachment":[{"href":"https:\/\/semmelweis.hu\/etk\/wp-json\/wp\/v2\/media?parent=30"}],"wp:term":[{"taxonomy":"category","embeddable":true,"href":"https:\/\/semmelweis.hu\/etk\/wp-json\/wp\/v2\/categories?post=30"},{"taxonomy":"post_tag","embeddable":true,"href":"https:\/\/semmelweis.hu\/etk\/wp-json\/wp\/v2\/tags?post=30"}],"curies":[{"name":"wp","href":"https:\/\/api.w.org\/{rel}","templated":true}]}}