{"id":28,"date":"2020-03-19T16:11:47","date_gmt":"2020-03-19T15:11:47","guid":{"rendered":"http:\/\/semmelweis.hu\/etk\/?page_id=28"},"modified":"2025-05-15T12:13:05","modified_gmt":"2025-05-15T10:13:05","slug":"elerhetosegek","status":"publish","type":"page","link":"https:\/\/semmelweis.hu\/etk\/elerhetosegek\/","title":{"rendered":"El\u00e9rhet\u0151s\u00e9gek"},"content":{"rendered":"<h2>Semmelweis Egyetem Eg\u00e9szs\u00e9gtudom\u00e1nyi Kar<\/h2>\n<p>H &#8211; 1088 Budapest, Vas u. 17.<br \/>\n+36 1 486 4800<br \/>\n<a href=\"etk.info@semmelweis.hu\">etk.info@semmelweis.hu<\/a><br \/>\nLevelez\u00e9si c\u00edm: 1085 Budapest, \u00dcll\u0151i \u00fat 26.<br \/>\n1428 Budapest, Pf.2.<br \/>\nSE int\u00e9zm\u00e9nyi azonos\u00edt\u00f3: FI 62576<\/p>\n<p>&nbsp;<\/p>\n<h6><strong>Vas utcai \u00e9s Szentkir\u00e1lyi utcai porta<\/strong><\/h6>\n<p style=\"padding-left: 40px\">+36 1 486 5801<br \/>\n<a href=\"mailto:etk.portaszolgalat@semmelweis.hu\">etk.portaszolgalat@semmelweis.hu<\/a><\/p>\n<h6><strong>Erkel utcai porta (koll\u00e9gium)<\/strong><\/h6>\n<p style=\"padding-left: 40px\">+36 1 272 1390<\/p>\n<h6><strong>D\u00e9k\u00e1ni Hivatal<\/strong><\/h6>\n<p style=\"padding-left: 40px\">+36 1 486 5910, +36 1 486 5911<br \/>\n<a href=\"mailto:etk.dekanihivatal@semmelweis.hu\">etk.dekanihivatal@semmelweis.hu<\/a> <br \/>\nV\/103<\/p>\n<h6><strong>Tanulm\u00e1nyi Oszt\u00e1ly<\/strong><\/h6>\n<p style=\"padding-left: 40px\">+36 1 486 5940<br \/>\n<a href=\"mailto:etk.to@semmelweis.hu\">etk.to@semmelweis.hu<\/a> <br \/>\nV\/5<\/p>\n<h6><strong>K\u00fclf\u00f6ldi Hallgat\u00f3k Titk\u00e1rs\u00e1ga<\/strong><\/h6>\n<p style=\"padding-left: 40px\">+36 1 486 4970<br \/>\n<a href=\"mailto:etk.student@semmelweis.hu\">etk.student@semmelweis.hu<\/a><br \/>\nV\/129<\/p>\n<h6><strong>D\u00e9k\u00e1ni Hivatal &#8211; Nemzetk\u00f6zi \u00dcgyek<\/strong><\/h6>\n<p style=\"padding-left: 40px\">+36 1 486 5917<br \/>\n<a href=\"mailto:etk.international@semmelweis.hu\">etk.international@semmelweis.hu<\/a><br \/>\nV\/103<\/p>\n<h6><strong>Szakmacsoportos tov\u00e1bbk\u00e9pz\u00e9sek<\/strong><\/h6>\n<p style=\"padding-left: 40px\">+36 1 486 5902<br \/>\n<a href=\"mailto:etk.szakkepzes@semmelweis.hu\">etk.szakkepzes@semmelweis.hu<\/a><br \/>\nV\/116<\/p>\n<h6><strong>Erasmus<\/strong><\/h6>\n<p style=\"padding-left: 40px\">+36 1 486 5845<br \/>\n<a href=\"mailto:etk.erasmus@semmelweis.hu\">etk.erasmus@semmelweis.hu<\/a><br \/>\nV\/103<\/p>\n<h6><strong>K\u00f6nyvt\u00e1r \u2013 K\u00f6lcs\u00f6nz\u00e9s<\/strong><\/h6>\n<p style=\"padding-left: 40px\">+36 1 486 5959<br \/>\n<a href=\"mailto:etk.konyvtar@semmelweis.hu\">etk.konyvtar@semmelweis.hu<\/a><br \/>\nV\/021<\/p>\n<h6><strong>Hallgat\u00f3i \u00d6nkorm\u00e1nyzat<\/strong><\/h6>\n<p style=\"padding-left: 40px\">+36 1 486 5888<br \/>\n<a href=\"mailto:hok.health@semmelweis.hu\">hok.health@semmelweis.hu<\/a><br \/>\nV\/H\u00d6K iroda<\/p>\n<h6><strong>Orvosi rendel\u0151<\/strong><\/h6>\n<p style=\"padding-left: 40px\">+36 1 486 5975<br \/>\n<a href=\"mailto:etk.rendelo@semmelweis.hu\">etk.rendelo@semmelweis.hu<\/a><br \/>\nV\/F1<\/p>\n<h6><strong>Jegyzetbolt<\/strong><\/h6>\n<p style=\"padding-left: 40px\">+36 1 486 5860<br \/>\n<a href=\"mailto:etk.jegyzetbolt@semmelweis.hu\">etk.jegyzetbolt@semmelweis.hu<\/a><br \/>\nV\/042<\/p>\n<p><strong>\u00a0<\/strong><\/p>\n\n<!-- iframe plugin v.4.9 wordpress.org\/plugins\/iframe\/ -->\n<iframe loading=\"lazy\" src=\"https:\/\/www.google.com\/maps\/embed?pb=!1m18!1m12!1m3!1d2695.813703592659!2d19.064420415626657!3d47.49354247917736!2m3!1f0!2f0!3f0!3m2!1i1024!2i768!4f13.1!3m3!1m2!1s0x4741dc5c56b736a9%3A0x31c761e66557bcb7!2sBudapest%2C%20Vas%20u.%2017%2C%201088!5e0!3m2!1shu!2shu!4v1597830892398!5m2!1shu!2shu\" width=\"100%\" height=\"450\" scrolling=\"yes\" class=\"iframe-class\" frameborder=\"0\"><\/iframe>\n\n","protected":false},"excerpt":{"rendered":"<p>Semmelweis Egyetem Eg\u00e9szs\u00e9gtudom\u00e1nyi Kar H &#8211; 1088 Budapest, Vas u. 17. +36 1 486 4800 <a href=\"etk.info@semmelweis.hu\">etk.info@semmelweis.hu<\/a> Levelez\u00e9si c\u00edm: 1085 Budapest, \u00dcll\u0151i \u00fat 26. 1428 Budapest, Pf.2. SE int\u00e9zm\u00e9nyi azonos\u00edt\u00f3: FI 62576 &nbsp; Vas utcai \u00e9s Szentkir\u00e1lyi utcai porta +36 1 486 5801 <a href=\"mailto:etk.portaszolgalat@semmelweis.hu\">etk.portaszolgalat@semmelweis.hu<\/a> Erkel utcai porta (koll\u00e9gium) +36 1 272 1390 D\u00e9k\u00e1ni Hivatal +36 1 486 5910, &hellip;<\/p>\n","protected":false},"author":12,"featured_media":0,"parent":0,"menu_order":8,"comment_status":"closed","ping_status":"closed","template":"","meta":{"_acf_changed":false,"footnotes":""},"categories":[],"tags":[],"class_list":["post-28","page","type-page","status-publish","hentry"],"acf":[],"_links":{"self":[{"href":"https:\/\/semmelweis.hu\/etk\/wp-json\/wp\/v2\/pages\/28","targetHints":{"allow":["GET"]}}],"collection":[{"href":"https:\/\/semmelweis.hu\/etk\/wp-json\/wp\/v2\/pages"}],"about":[{"href":"https:\/\/semmelweis.hu\/etk\/wp-json\/wp\/v2\/types\/page"}],"author":[{"embeddable":true,"href":"https:\/\/semmelweis.hu\/etk\/wp-json\/wp\/v2\/users\/12"}],"replies":[{"embeddable":true,"href":"https:\/\/semmelweis.hu\/etk\/wp-json\/wp\/v2\/comments?post=28"}],"version-history":[{"count":12,"href":"https:\/\/semmelweis.hu\/etk\/wp-json\/wp\/v2\/pages\/28\/revisions"}],"predecessor-version":[{"id":18086,"href":"https:\/\/semmelweis.hu\/etk\/wp-json\/wp\/v2\/pages\/28\/revisions\/18086"}],"wp:attachment":[{"href":"https:\/\/semmelweis.hu\/etk\/wp-json\/wp\/v2\/media?parent=28"}],"wp:term":[{"taxonomy":"category","embeddable":true,"href":"https:\/\/semmelweis.hu\/etk\/wp-json\/wp\/v2\/categories?post=28"},{"taxonomy":"post_tag","embeddable":true,"href":"https:\/\/semmelweis.hu\/etk\/wp-json\/wp\/v2\/tags?post=28"}],"curies":[{"name":"wp","href":"https:\/\/api.w.org\/{rel}","templated":true}]}}